{"id":12293,"date":"2022-06-23T10:59:05","date_gmt":"2022-06-23T08:59:05","guid":{"rendered":"https:\/\/visitvalsesiavercelli.it\/?page_id=12293"},"modified":"2025-12-27T14:47:21","modified_gmt":"2025-12-27T13:47:21","slug":"programme-des-evenements","status":"publish","type":"page","link":"https:\/\/visitvalsesiavercelli.it\/fr\/programme-des-evenements\/","title":{"rendered":"Programme des \u00e9v\u00e9nements"},"content":{"rendered":"\n<h2 class=\"wp-block-heading has-text-align-center is-print has-text-color\" style=\"color:#2d3429;text-transform:uppercase\">Scopri gli eventi in programma <br>in&nbsp;Valsesia e nel Vercellese<\/h2>\n\n\n\n<div class=\"wp-block-cover alignfull has-custom-content-position is-position-center-left hero\" style=\"min-height:650px;aspect-ratio:unset;\"><span aria-hidden=\"true\" class=\"wp-block-cover__background has-background-dim\"><\/span><img loading=\"lazy\" decoding=\"async\" width=\"2560\" height=\"1707\" class=\"wp-block-cover__image-background wp-image-5410\" alt=\"\" src=\"https:\/\/visitvalsesiavercelli.it\/wp-content\/uploads\/2022\/11\/Borgosesia-Mercu-scurot-scaled.jpg\" style=\"object-position:50% 60%\" data-object-fit=\"cover\" data-object-position=\"50% 60%\" srcset=\"https:\/\/visitvalsesiavercelli.it\/wp-content\/uploads\/2022\/11\/Borgosesia-Mercu-scurot-scaled.jpg 2560w, https:\/\/visitvalsesiavercelli.it\/wp-content\/uploads\/2022\/11\/Borgosesia-Mercu-scurot-1000x667.jpg 1000w, https:\/\/visitvalsesiavercelli.it\/wp-content\/uploads\/2022\/11\/Borgosesia-Mercu-scurot-1500x1000.jpg 1500w\" sizes=\"auto, (max-width: 2560px) 100vw, 2560px\" \/><div class=\"wp-block-cover__inner-container is-layout-flow wp-block-cover-is-layout-flow\">\n<div class=\"wp-block-group is-layout-flow wp-block-group-is-layout-flow\">\n<h1 class=\"wp-block-heading has-bianco-color has-text-color\" style=\"text-transform:uppercase\"><strong>PROGRAMME DES \u00c9V\u00c9NEMENTS<\/strong><\/h1>\n<\/div>\n<\/div><\/div>\n\n\n\n<div class=\"wp-block-group alignfull breadcrumbs is-layout-flow wp-block-group-is-layout-flow\">\n<div class=\"wp-block-group d-flex is-layout-flow wp-block-group-is-layout-flow\">\n<p><a href=\"https:\/\/atl.local\/\" data-type=\"page\" data-id=\"2\">Home<\/a><\/p>\n\n\n\n<p>Partecipa<\/p>\n\n\n\n<p>Eventi e News<\/p>\n\n\n<h6 class=\"wp-block-post-title has-text-color has-orange-color\">Programme des \u00e9v\u00e9nements<\/h6><\/div>\n<\/div>\n\n\n\n<div class=\"wp-block-group alignfull is-layout-flow wp-block-group-is-layout-flow\">\n<div class=\"wp-block-group intro-esperienze is-layout-constrained wp-container-core-group-is-layout-02dd29b2 wp-block-group-is-layout-constrained\" style=\"padding-top:70px;padding-bottom:70px\">\n<h2 class=\"wp-block-heading has-text-align-center has-text-color\" style=\"color:#2d3429;text-transform:uppercase\">TOUS LES \u00c9V\u00c9NEMENTS \u00c0 <br><mark style=\"background-color:rgba(0, 0, 0, 0)\" class=\"has-inline-color has-giallo-color\">NOTER DANS VOTRE AGENDA<\/mark><\/h2>\n\n\n\n<p class=\"has-text-align-center has-text-color has-size-22-font-size\" style=\"color:#36442e;font-style:normal;font-weight:600\">Foires, expositions, concerts, manifestations internationales&#8230;D\u00e9couvrez tous les \u00e9v\u00e9nements de Valsesia et du territoire de Vercelli.<\/p>\n<\/div>\n<\/div>\n\n\n\n<p class=\"has-text-align-center\">Pour voir tous les \u00e9v\u00e9nements, rendez-vous dans la section italienne du site.<\/p>\n\n\n\n<div class=\"wp-block-columns is-layout-flex wp-container-core-columns-is-layout-28f84493 wp-block-columns-is-layout-flex\">\n<div class=\"wp-block-column is-layout-flow wp-block-column-is-layout-flow\">\n<div style=\"height:100px\" aria-hidden=\"true\" class=\"wp-block-spacer\"><\/div>\n<\/div>\n<\/div>\n","protected":false},"excerpt":{"rendered":"<p>Scopri gli eventi in programma in&nbsp;Valsesia e nel Vercellese Home Partecipa Eventi e News TOUS LES \u00c9V\u00c9NEMENTS \u00c0 NOTER DANS VOTRE AGENDA Foires, expositions, concerts, manifestations internationales&#8230;D\u00e9couvrez tous les \u00e9v\u00e9nements de Valsesia et du territoire de Vercelli. Pour voir tous les \u00e9v\u00e9nements, rendez-vous dans la section italienne du site.<\/p>\n","protected":false},"author":12,"featured_media":0,"parent":0,"menu_order":0,"comment_status":"closed","ping_status":"closed","template":"","meta":{"_acf_changed":false,"footnotes":""},"class_list":["post-12293","page","type-page","status-publish","hentry"],"acf":[],"_links":{"self":[{"href":"https:\/\/visitvalsesiavercelli.it\/fr\/wp-json\/wp\/v2\/pages\/12293","targetHints":{"allow":["GET"]}}],"collection":[{"href":"https:\/\/visitvalsesiavercelli.it\/fr\/wp-json\/wp\/v2\/pages"}],"about":[{"href":"https:\/\/visitvalsesiavercelli.it\/fr\/wp-json\/wp\/v2\/types\/page"}],"author":[{"embeddable":true,"href":"https:\/\/visitvalsesiavercelli.it\/fr\/wp-json\/wp\/v2\/users\/12"}],"replies":[{"embeddable":true,"href":"https:\/\/visitvalsesiavercelli.it\/fr\/wp-json\/wp\/v2\/comments?post=12293"}],"version-history":[{"count":0,"href":"https:\/\/visitvalsesiavercelli.it\/fr\/wp-json\/wp\/v2\/pages\/12293\/revisions"}],"wp:attachment":[{"href":"https:\/\/visitvalsesiavercelli.it\/fr\/wp-json\/wp\/v2\/media?parent=12293"}],"curies":[{"name":"wp","href":"https:\/\/api.w.org\/{rel}","templated":true}]}}