{"id":12352,"date":"2022-06-23T10:57:16","date_gmt":"2022-06-23T08:57:16","guid":{"rendered":"https:\/\/visitvalsesiavercelli.it\/?page_id=12352"},"modified":"2026-04-06T09:57:48","modified_gmt":"2026-04-06T07:57:48","slug":"guide-turistiche-e-accompagnatori","status":"publish","type":"page","link":"https:\/\/visitvalsesiavercelli.it\/fr\/guide-turistiche-e-accompagnatori\/","title":{"rendered":"Guides et accompagnateurs touristiques"},"content":{"rendered":"\n<div class=\"wp-block-cover alignfull is-light has-custom-content-position is-position-center-left hero\" style=\"min-height:650px;aspect-ratio:unset;\"><img loading=\"lazy\" decoding=\"async\" width=\"2560\" height=\"1707\" class=\"wp-block-cover__image-background wp-image-4638\" alt=\"\" src=\"https:\/\/visitvalsesiavercelli.it\/wp-content\/uploads\/2022\/10\/Guide-turistiche-scaled.jpg\" style=\"object-position:50% 46%\" data-object-fit=\"cover\" data-object-position=\"50% 46%\" srcset=\"https:\/\/visitvalsesiavercelli.it\/wp-content\/uploads\/2022\/10\/Guide-turistiche-scaled.jpg 2560w, https:\/\/visitvalsesiavercelli.it\/wp-content\/uploads\/2022\/10\/Guide-turistiche-1000x667.jpg 1000w, https:\/\/visitvalsesiavercelli.it\/wp-content\/uploads\/2022\/10\/Guide-turistiche-1500x1000.jpg 1500w\" sizes=\"auto, (max-width: 2560px) 100vw, 2560px\" \/><span aria-hidden=\"true\" class=\"wp-block-cover__background has-background-dim\"><\/span><div class=\"wp-block-cover__inner-container is-layout-flow wp-block-cover-is-layout-flow\">\n<div class=\"wp-block-group is-layout-flow wp-block-group-is-layout-flow\">\n<h1 class=\"wp-block-heading has-bianco-color has-text-color\" style=\"text-transform:uppercase\">GUIDES ET ACCOMPAGNATEURS TOURISTIQUES<\/h1>\n<\/div>\n<\/div><\/div>\n\n\n\n<div class=\"wp-block-group alignfull breadcrumbs is-layout-flow wp-block-group-is-layout-flow\">\n<div class=\"wp-block-group d-flex is-layout-flow wp-block-group-is-layout-flow\">\n<p><a href=\"https:\/\/visitvalsesiavercelli.it\/fr\/\" data-type=\"page\" data-id=\"2\">Home<\/a><\/p>\n\n\n\n<p>Organizza<\/p>\n\n\n\n<p>Servizi Turistici<\/p>\n\n\n<h6 class=\"wp-block-post-title has-text-color has-orange-color\">Guides et accompagnateurs touristiques<\/h6><\/div>\n<\/div>\n\n\n\n<div class=\"wp-block-group alignfull is-layout-flow wp-block-group-is-layout-flow\">\n<div class=\"wp-block-group intro-esperienze is-layout-constrained wp-container-core-group-is-layout-02dd29b2 wp-block-group-is-layout-constrained\" style=\"padding-top:70px;padding-bottom:70px\">\n<h2 class=\"wp-block-heading has-text-align-center has-grigio-color has-text-color\" style=\"text-transform:uppercase\">CONTACTEZ NOS <br><mark style=\"background-color:rgba(0, 0, 0, 0)\" class=\"has-inline-color has-giallo-color\">GuiDES TOURISTIQUES <\/mark><\/h2>\n\n\n\n<p class=\"has-text-align-center has-text-color has-size-22-font-size\" style=\"color:#36442e;font-style:normal;font-weight:600\"><strong>D\u00e9couvrez le territoire de la Valsesia et de Vercelli par les mots et les r\u00e9cits passionn\u00e9s de nos professionnels.<\/strong><\/p>\n\n\n\n<div class=\"wp-block-buttons is-content-justification-center is-layout-flex wp-container-core-buttons-is-layout-a89b3969 wp-block-buttons-is-layout-flex\">\n<div class=\"wp-block-button\"><a class=\"wp-block-button__link wp-element-button\" href=\"https:\/\/visitvalsesiavercelli.it\/wp-content\/uploads\/2025\/09\/elenco_guide_tur_12_09_20242.pdf\">T\u00e9l\u00e9charger la liste des guides touristiques<\/a><\/div>\n<\/div>\n\n\n\n<div class=\"wp-block-buttons is-content-justification-center is-layout-flex wp-container-core-buttons-is-layout-a89b3969 wp-block-buttons-is-layout-flex\">\n<div class=\"wp-block-button\"><a class=\"wp-block-button__link wp-element-button\" href=\"https:\/\/visitvalsesiavercelli.it\/wp-content\/uploads\/2025\/09\/elenco_acc_tur_web.pdf\">T\u00e9l\u00e9charger la liste des guides accompagnateurs environnement<\/a><\/div>\n<\/div>\n<\/div>\n<\/div>\n\n\n\n<div class=\"wp-block-group intro-2 empty is-layout-flow wp-container-core-group-is-layout-5f2b61aa wp-block-group-is-layout-flow\" style=\"padding-top:50px\">\n<div class=\"wp-block-columns gap-mobile is-layout-flex wp-container-core-columns-is-layout-dac11faa wp-block-columns-is-layout-flex\" style=\"padding-bottom:20px\">\n<div class=\"wp-block-column is-vertically-aligned-center is-layout-flow wp-block-column-is-layout-flow\">\n<h3 class=\"wp-block-heading has-verde-color has-text-color\" style=\"font-size:26px;text-transform:uppercase\">Mountain Planet<\/h3>\n\n\n\n<p class=\"has-icon pin\" style=\"font-size:20px\">13011 Borgosesia (VC) &#8211; Via XI Febbraio N. 60<\/p>\n\n\n\n<p class=\"has-icon tel\" style=\"font-size:20px\">+39 346 3185282 &#8211; +39 349 0895467<\/p>\n\n\n\n<p class=\"has-icon mail\" style=\"font-size:20px\"><a href=\"info@mountainplanet.net\">info@mountainplanet.net<\/a><\/p>\n\n\n\n<p class=\"has-icon www\" style=\"font-size:20px\"><a href=\"http:\/\/www.mountainplanet.net\">www.mountainplanet.net<\/a><\/p>\n<\/div>\n\n\n\n<div class=\"wp-block-column is-vertically-aligned-top is-layout-flow wp-block-column-is-layout-flow\">\n<h3 class=\"wp-block-heading has-verde-color has-text-color\" style=\"font-size:26px;text-transform:uppercase\">Discovery Alto Piemonte<\/h3>\n\n\n\n<p class=\"has-icon tel\" style=\"font-size:20px\">+39 377 4654982<\/p>\n\n\n\n<p class=\"has-icon mail\" style=\"font-size:20px\"><a href=\"info@discoveryaltopiemonte.it\">info@discoveryaltopiemonte.it<\/a><\/p>\n\n\n\n<p class=\"has-icon www\" style=\"font-size:20px\"><a href=\"http:\/\/www.discoveryaltopiemonte.it\">www.discoveryaltopiemonte.it<\/a><\/p>\n\n\n\n<h3 class=\"wp-block-heading has-verde-color has-text-color\" style=\"font-size:26px;text-transform:uppercase\"><\/h3>\n<\/div>\n<\/div>\n<\/div>\n\n\n\n<div style=\"height:100px\" aria-hidden=\"true\" class=\"wp-block-spacer\"><\/div>\n","protected":false},"excerpt":{"rendered":"<p>Home Organizza Servizi Turistici CONTACTEZ NOS GuiDES TOURISTIQUES D\u00e9couvrez le territoire de la Valsesia et de Vercelli par les mots et les r\u00e9cits passionn\u00e9s de nos professionnels. Mountain Planet 13011 Borgosesia (VC) &#8211; Via XI Febbraio N. 60 +39 346 3185282 &#8211; +39 349 0895467 info@mountainplanet.net www.mountainplanet.net Discovery Alto Piemonte +39 377 4654982 info@discoveryaltopiemonte.it www.discoveryaltopiemonte.it<\/p>\n","protected":false},"author":2,"featured_media":9847,"parent":0,"menu_order":0,"comment_status":"closed","ping_status":"closed","template":"","meta":{"_acf_changed":false,"footnotes":""},"class_list":["post-12352","page","type-page","status-publish","has-post-thumbnail","hentry"],"acf":[],"_links":{"self":[{"href":"https:\/\/visitvalsesiavercelli.it\/fr\/wp-json\/wp\/v2\/pages\/12352","targetHints":{"allow":["GET"]}}],"collection":[{"href":"https:\/\/visitvalsesiavercelli.it\/fr\/wp-json\/wp\/v2\/pages"}],"about":[{"href":"https:\/\/visitvalsesiavercelli.it\/fr\/wp-json\/wp\/v2\/types\/page"}],"author":[{"embeddable":true,"href":"https:\/\/visitvalsesiavercelli.it\/fr\/wp-json\/wp\/v2\/users\/2"}],"replies":[{"embeddable":true,"href":"https:\/\/visitvalsesiavercelli.it\/fr\/wp-json\/wp\/v2\/comments?post=12352"}],"version-history":[{"count":0,"href":"https:\/\/visitvalsesiavercelli.it\/fr\/wp-json\/wp\/v2\/pages\/12352\/revisions"}],"wp:featuredmedia":[{"embeddable":true,"href":"https:\/\/visitvalsesiavercelli.it\/fr\/wp-json\/wp\/v2\/media\/9847"}],"wp:attachment":[{"href":"https:\/\/visitvalsesiavercelli.it\/fr\/wp-json\/wp\/v2\/media?parent=12352"}],"curies":[{"name":"wp","href":"https:\/\/api.w.org\/{rel}","templated":true}]}}