{"id":12353,"date":"2022-06-23T10:57:28","date_gmt":"2022-06-23T08:57:28","guid":{"rendered":"https:\/\/visitvalsesiavercelli.it\/?page_id=12353"},"modified":"2023-02-19T13:42:38","modified_gmt":"2023-02-19T12:42:38","slug":"guide-alpine-e-naturalistiche","status":"publish","type":"page","link":"https:\/\/visitvalsesiavercelli.it\/fr\/guide-alpine-e-naturalistiche\/","title":{"rendered":"Guides de montagne"},"content":{"rendered":"\n<div class=\"wp-block-cover alignfull is-light has-custom-content-position is-position-center-left hero\" style=\"min-height:650px;aspect-ratio:unset;\"><span aria-hidden=\"true\" class=\"wp-block-cover__background has-background-dim\"><\/span><img loading=\"lazy\" decoding=\"async\" width=\"2048\" height=\"1365\" class=\"wp-block-cover__image-background wp-image-5055\" alt=\"\" src=\"https:\/\/visitvalsesiavercelli.it\/wp-content\/uploads\/2022\/11\/A9A08126.jpg\" style=\"object-position:60% 47%\" data-object-fit=\"cover\" data-object-position=\"60% 47%\" srcset=\"https:\/\/visitvalsesiavercelli.it\/wp-content\/uploads\/2022\/11\/A9A08126.jpg 2048w, https:\/\/visitvalsesiavercelli.it\/wp-content\/uploads\/2022\/11\/A9A08126-1000x667.jpg 1000w, https:\/\/visitvalsesiavercelli.it\/wp-content\/uploads\/2022\/11\/A9A08126-1500x1000.jpg 1500w\" sizes=\"auto, (max-width: 2048px) 100vw, 2048px\" \/><div class=\"wp-block-cover__inner-container is-layout-flow wp-block-cover-is-layout-flow\">\n<div class=\"wp-block-group is-layout-flow wp-block-group-is-layout-flow\">\n<h1 class=\"has-bianco-color has-text-color wp-block-heading\" style=\"text-transform:uppercase\">GUIDES DE MONTAGNE<\/h1>\n<\/div>\n<\/div><\/div>\n\n\n\n<div class=\"wp-block-group alignfull breadcrumbs is-layout-flow wp-block-group-is-layout-flow\">\n<div class=\"wp-block-group d-flex is-layout-flow wp-block-group-is-layout-flow\">\n<p><a href=\"https:\/\/visitvalsesiavercelli.it\/\" data-type=\"page\" data-id=\"2\">Home<\/a><\/p>\n\n\n\n<p>Organizza<\/p>\n\n\n\n<p>Servizi Turistici<\/p>\n\n\n<h6 class=\"wp-block-post-title has-text-color has-orange-color\">Guides de montagne<\/h6><\/div>\n<\/div>\n\n\n\n<div class=\"wp-block-group alignfull is-layout-flow wp-block-group-is-layout-flow\">\n<div class=\"wp-block-group intro-esperienze is-layout-constrained wp-container-core-group-is-layout-02dd29b2 wp-block-group-is-layout-constrained\" style=\"padding-top:70px;padding-bottom:70px\">\n<h2 class=\"has-text-align-center has-grigio-color has-text-color wp-block-heading\" style=\"font-size:60px;text-transform:uppercase\">CONTACTEZ NOS GUIDES DE MONTAGNE <mark style=\"background-color:rgba(0, 0, 0, 0)\" class=\"has-inline-color has-giallo-color\">et nos guides accompagnateurs environnement<\/mark><\/h2>\n\n\n\n<p class=\"has-text-align-center has-text-color has-size-22-font-size\" style=\"color:#36442e;font-style:normal;font-weight:600\">Faites confiance aux conseils avis\u00e9s de nos professionnels et d\u00e9couvrez en toute s\u00e9curit\u00e9 la Valsesia et ses incroyables panoramas. <\/p>\n<\/div>\n<\/div>\n\n\n\n<div class=\"wp-block-group alignfull mountains-bg mountains-bg-top has-nero-color has-grigio-chiaro-background-color has-text-color has-background is-layout-flow wp-block-group-is-layout-flow\">\n<div class=\"wp-block-buttons is-content-justification-center is-layout-flex wp-container-core-buttons-is-layout-a89b3969 wp-block-buttons-is-layout-flex\">\n<div class=\"wp-block-button\"><a class=\"wp-block-button__link wp-element-button\" href=\"https:\/\/visitvalsesiavercelli.it\/wp-content\/uploads\/2023\/01\/Accompagnatori-naturalistici.pdf\" target=\"_blank\" rel=\"noreferrer noopener\">T\u00e9l\u00e9charger la liste des guides accompagnateurs environnement<\/a><\/div>\n<\/div>\n\n\n\n<div class=\"wp-block-group intro-2 empty is-layout-flow wp-container-core-group-is-layout-7c146d32 wp-block-group-is-layout-flow\" style=\"padding-top:50px;padding-bottom:50px\">\n<div class=\"wp-block-columns gap-mobile is-layout-flex wp-container-core-columns-is-layout-28f84493 wp-block-columns-is-layout-flex\">\n<div class=\"wp-block-column is-vertically-aligned-center is-layout-flow wp-block-column-is-layout-flow\">\n<p><\/p>\n\n\n\n<h3 class=\"has-text-align-left has-blu-color has-text-color wp-block-heading\" style=\"font-size:26px;text-transform:uppercase\"><mark style=\"background-color:rgba(0, 0, 0, 0)\" class=\"has-inline-color has-verde-color\"><strong>Corpo Guide Alagna<\/strong><\/mark><\/h3>\n\n\n\n<p class=\"has-icon pin\" style=\"font-size:20px\">13021 Via dei Walser, 9 &#8211; Alagna Valsesia<\/p>\n\n\n\n<p class=\"has-icon tel\" style=\"font-size:20px\">+39 340 5835738<\/p>\n\n\n\n<p class=\"has-icon mail\" style=\"font-size:20px\"><a href=\"info.guidealagna@gmail.com\">info.guidealagna@gmail.com<\/a><\/p>\n\n\n\n<p class=\"has-icon www\" style=\"font-size:20px\"> <a href=\"http:\/\/www.guidealagna.com\">www.guidealagna.com<\/a> <\/p>\n<\/div>\n\n\n\n<div class=\"wp-block-column is-vertically-aligned-top is-layout-flow wp-block-column-is-layout-flow\">\n<p><\/p>\n\n\n\n<h3 class=\"has-text-align-left has-blu-color has-text-color wp-block-heading\" style=\"font-size:26px;text-transform:uppercase\"><mark style=\"background-color:rgba(0, 0, 0, 0)\" class=\"has-inline-color has-verde-color\"><strong>discovery alto piemonte<\/strong><\/mark><\/h3>\n\n\n\n<p class=\"has-icon tel\" style=\"font-size:20px\">+39 377 4654982<\/p>\n\n\n\n<p class=\"has-icon mail\" style=\"font-size:20px\"><a href=\"mailto:info@discoveryaltopiemonte.it\">info@discoveryaltopiemonte.it<\/a><\/p>\n\n\n\n<p class=\"has-icon www\" style=\"font-size:20px\"><a href=\"http:\/\/www.discoveryaltopiemonte.it\" target=\"_blank\" rel=\"noreferrer noopener\">www.discoveryaltopiemonte.it<\/a><\/p>\n<\/div>\n\n\n\n<div class=\"wp-block-column is-vertically-aligned-top is-layout-flow wp-block-column-is-layout-flow\">\n<p><\/p>\n\n\n\n<h3 class=\"has-text-align-left has-blu-color has-text-color wp-block-heading\" style=\"font-size:26px;text-transform:uppercase\"><mark style=\"background-color:rgba(0, 0, 0, 0)\" class=\"has-inline-color has-verde-color\"><strong>itinerantes<\/strong><\/mark><\/h3>\n\n\n\n<p class=\"has-icon tel\" style=\"font-size:20px\">+39 377 4654982<\/p>\n\n\n\n<p class=\"has-icon mail\" style=\"font-size:20px\"><a href=\"mailto:info@itinerantes.it\">info@itinerantes.it<\/a><\/p>\n\n\n\n<p class=\"has-icon www\" style=\"font-size:20px\"><a href=\"http:\/\/www.itinerantes.it\" target=\"_blank\" rel=\"noreferrer noopener\">www.itinerantes.it<\/a><\/p>\n<\/div>\n<\/div>\n\n\n\n<div class=\"wp-block-columns is-layout-flex wp-container-core-columns-is-layout-28f84493 wp-block-columns-is-layout-flex\">\n<div class=\"wp-block-column is-layout-flow wp-block-column-is-layout-flow\">\n<p><\/p>\n\n\n\n<h3 class=\"has-text-align-left has-blu-color has-text-color wp-block-heading\" style=\"font-size:26px;text-transform:uppercase\"><mark style=\"background-color:rgba(0, 0, 0, 0)\" class=\"has-inline-color has-verde-color\"><strong>Monterosa promotion<\/strong><\/mark><\/h3>\n\n\n\n<p class=\"has-icon pin\" style=\"font-size:20px\">13027 via della Chiesa 101, Scopa (VC)<\/p>\n\n\n\n<p class=\"has-icon tel\" style=\"font-size:20px\">+39 340 3733686 &#8211; +39 333 3696809<\/p>\n\n\n\n<p class=\"has-icon mail\" style=\"font-size:20px\"><a href=\"info@mountainplanet.net\"><\/a><a href=\"mailto:info@monterosapromotion.com\">info@monterosapromotion.com<\/a><\/p>\n\n\n\n<p class=\"has-icon www\" style=\"font-size:20px\"><a href=\"http:\/\/www.monterosapromotion.com\" target=\"_blank\" rel=\"noreferrer noopener\">www.monterosapromotion.com<\/a><\/p>\n<\/div>\n\n\n\n<div class=\"wp-block-column is-layout-flow wp-block-column-is-layout-flow\">\n<p><\/p>\n\n\n\n<h3 class=\"has-text-align-left has-blu-color has-text-color wp-block-heading\" style=\"font-size:26px;text-transform:uppercase\"><mark style=\"background-color:rgba(0, 0, 0, 0)\" class=\"has-inline-color has-verde-color\"><strong>WILD, natura &amp; cultura<\/strong><\/mark><\/h3>\n\n\n\n<p class=\"has-icon tel\" style=\"font-size:20px\">+39 351 7600599<\/p>\n\n\n\n<p class=\"has-icon mail\" style=\"font-size:20px\"><a href=\"info@mountainplanet.net\"><\/a><a href=\"mailto:associazionewild@gmail.com\">associazionewild@gmail.com<\/a><\/p>\n\n\n\n<p class=\"has-icon www\" style=\"font-size:20px\">pagina Facebook <br><a href=\"https:\/\/www.facebook.com\/wildnaturacultura\/\" target=\"_blank\" rel=\"noreferrer noopener\">Wild, natura e cultura<\/a><\/p>\n<\/div>\n\n\n\n<div class=\"wp-block-column is-layout-flow wp-block-column-is-layout-flow\">\n<p><\/p>\n\n\n\n<h3 class=\"has-text-align-left has-blu-color has-text-color wp-block-heading\" style=\"font-size:26px;text-transform:uppercase\"><mark style=\"background-color:rgba(0, 0, 0, 0)\" class=\"has-inline-color has-verde-color\"><strong>discovery valsesia<\/strong><\/mark><\/h3>\n\n\n\n<p class=\"has-icon pin\" style=\"font-size:20px\">13028 Scopello VC<\/p>\n\n\n\n<p class=\"has-icon tel\" style=\"font-size:20px\">+39 340 3733686<\/p>\n\n\n\n<p class=\"has-icon mail\" style=\"font-size:20px\"><a href=\"info@mountainplanet.net\"><\/a><a href=\"mailto:info@discoveryvalsesia.com\">info@discoveryvalsesia.com<\/a><\/p>\n\n\n\n<p class=\"has-icon www\" style=\"font-size:20px\"><a href=\"http:\/\/www.discoveryvalsesia.com\" target=\"_blank\" rel=\"noreferrer noopener\">www.discoveryvalsesia.com<\/a><\/p>\n<\/div>\n<\/div>\n\n\n\n<div class=\"wp-block-columns is-layout-flex wp-container-core-columns-is-layout-28f84493 wp-block-columns-is-layout-flex\">\n<div class=\"wp-block-column is-layout-flow wp-block-column-is-layout-flow\">\n<p><\/p>\n\n\n\n<h3 class=\"has-text-align-left has-blu-color has-text-color wp-block-heading\" style=\"font-size:26px;text-transform:uppercase\"><mark style=\"background-color:rgba(0, 0, 0, 0)\" class=\"has-inline-color has-verde-color\"><strong>Mountain Planet<\/strong><\/mark><\/h3>\n\n\n\n<p class=\"has-icon pin\" style=\"font-size:20px\">13028 Scopello (VC)<\/p>\n\n\n\n<p class=\"has-icon tel\" style=\"font-size:20px\">+39 346 3185282 &#8211; +39 349 0895467<\/p>\n\n\n\n<p class=\"has-icon mail\" style=\"font-size:20px\"><a href=\"info@mountainplanet.net\"><\/a><a href=\"mailto:info@mountainplanet.net\">info@mountainplanet.net<\/a> <\/p>\n\n\n\n<p class=\"has-icon www\" style=\"font-size:20px\"><a href=\"http:\/\/www.mountainplanet.net\">www.mountainplanet.net<\/a><\/p>\n<\/div>\n\n\n\n<div class=\"wp-block-column is-layout-flow wp-block-column-is-layout-flow\">\n<p><\/p>\n\n\n\n<h3 class=\"has-text-align-left has-blu-color has-text-color wp-block-heading\" style=\"font-size:26px;text-transform:uppercase\"><mark style=\"background-color:rgba(0, 0, 0, 0)\" class=\"has-inline-color has-verde-color\"><strong>sentieri natura<\/strong><\/mark><\/h3>\n\n\n\n<p class=\"has-icon tel\" style=\"font-size:20px\">+39 347 7546373<\/p>\n\n\n\n<p class=\"has-icon mail\" style=\"font-size:20px\"><a href=\"info@mountainplanet.net\"><\/a><a href=\"mailto:info@sentierinatura.com\">info@sentierinatura.com<\/a><\/p>\n\n\n\n<p class=\"has-icon www\" style=\"font-size:20px\"><a href=\"http:\/\/www.sentierinatura.com\" target=\"_blank\" rel=\"noreferrer noopener\">www.sentierinatura.com<\/a><\/p>\n<\/div>\n\n\n\n<div class=\"wp-block-column is-layout-flow wp-block-column-is-layout-flow\">\n<p><\/p>\n\n\n\n<h3 class=\"has-text-align-left has-blu-color has-text-color wp-block-heading\" style=\"font-size:26px;text-transform:uppercase\"><mark style=\"background-color:rgba(0, 0, 0, 0)\" class=\"has-inline-color has-verde-color\"><strong>geoexplora<\/strong><\/mark><\/h3>\n\n\n\n<p class=\"has-icon tel\" style=\"font-size:20px\">+39 347 2558645<\/p>\n\n\n\n<p class=\"has-icon mail\" style=\"font-size:20px\"><a href=\"info@mountainplanet.net\"><\/a><a href=\"mailto:info@geoexplora.net\">info@geoexplora.net<\/a><\/p>\n\n\n\n<p class=\"has-icon www\" style=\"font-size:20px\"><a href=\"http:\/\/www.geoexplora.net\/\" target=\"_blank\" rel=\"noreferrer noopener\">www.geoexplora.net<\/a><\/p>\n<\/div>\n<\/div>\n\n\n\n<div class=\"wp-block-columns are-vertically-aligned-top gap-mobile is-layout-flex wp-container-core-columns-is-layout-28f84493 wp-block-columns-is-layout-flex\">\n<div class=\"wp-block-column is-vertically-aligned-top is-layout-flow wp-block-column-is-layout-flow\" style=\"flex-basis:33.33%\">\n<p><\/p>\n\n\n\n<h3 class=\"has-text-align-left has-blu-color has-text-color wp-block-heading\" style=\"font-size:26px;text-transform:uppercase\"><mark style=\"background-color:rgba(0, 0, 0, 0)\" class=\"has-inline-color has-verde-color\"><strong>Lyskamm 4000<\/strong><\/mark><\/h3>\n\n\n\n<p class=\"has-icon pin\" style=\"font-size:20px\">13021 Via Nicolao Sottile, 22 <br>Loc. Riva Valdobbia &#8211; Alagna Valsesia<\/p>\n\n\n\n<p class=\"has-icon tel\" style=\"font-size:20px\">+39 346 8077337 &#8211; +39 347 2264381<\/p>\n\n\n\n<p class=\"has-text-align-left has-icon mail\" style=\"font-size:20px\"><a href=\"lyskamm4000@yahoo.it\">lyskamm4000@yahoo.it<\/a><\/p>\n<\/div>\n\n\n\n<div class=\"wp-block-column is-vertically-aligned-top is-layout-flow wp-block-column-is-layout-flow\" style=\"flex-basis:66.66%\">\n<p><\/p>\n\n\n\n<h3 class=\"has-text-align-left has-blu-color has-text-color wp-block-heading\" style=\"font-size:26px;text-transform:uppercase\"><mark style=\"background-color:rgba(0, 0, 0, 0)\" class=\"has-inline-color has-verde-color\"><strong>guide laghi<\/strong><\/mark><\/h3>\n\n\n\n<p class=\"has-icon tel\" style=\"font-size:20px\">+39 346 6463178<\/p>\n\n\n\n<p class=\"has-icon mail\" style=\"font-size:20px\"><a href=\"mailto:info@guidelaghi.it\" target=\"_blank\" rel=\"noreferrer noopener\">info@guidelaghi.it<\/a><\/p>\n\n\n\n<p class=\"has-icon www\" style=\"font-size:20px\"><a href=\"http:\/\/www.guidelaghi.it\" target=\"_blank\" rel=\"noreferrer noopener\">www.guidelaghi.it<\/a><\/p>\n<\/div>\n<\/div>\n<\/div>\n<\/div>\n","protected":false},"excerpt":{"rendered":"<p>Home Organizza Servizi Turistici CONTACTEZ NOS GUIDES DE MONTAGNE et nos guides accompagnateurs environnement Faites confiance aux conseils avis\u00e9s de nos professionnels et d\u00e9couvrez en toute s\u00e9curit\u00e9 la Valsesia et ses incroyables panoramas. Corpo Guide Alagna 13021 Via dei Walser, 9 &#8211; Alagna Valsesia +39 340 5835738 info.guidealagna@gmail.com www.guidealagna.com discovery alto piemonte +39 377 4654982&#8230;<\/p>\n","protected":false},"author":2,"featured_media":10313,"parent":0,"menu_order":0,"comment_status":"closed","ping_status":"closed","template":"","meta":{"_acf_changed":false,"footnotes":""},"class_list":["post-12353","page","type-page","status-publish","has-post-thumbnail","hentry"],"acf":[],"_links":{"self":[{"href":"https:\/\/visitvalsesiavercelli.it\/fr\/wp-json\/wp\/v2\/pages\/12353","targetHints":{"allow":["GET"]}}],"collection":[{"href":"https:\/\/visitvalsesiavercelli.it\/fr\/wp-json\/wp\/v2\/pages"}],"about":[{"href":"https:\/\/visitvalsesiavercelli.it\/fr\/wp-json\/wp\/v2\/types\/page"}],"author":[{"embeddable":true,"href":"https:\/\/visitvalsesiavercelli.it\/fr\/wp-json\/wp\/v2\/users\/2"}],"replies":[{"embeddable":true,"href":"https:\/\/visitvalsesiavercelli.it\/fr\/wp-json\/wp\/v2\/comments?post=12353"}],"version-history":[{"count":0,"href":"https:\/\/visitvalsesiavercelli.it\/fr\/wp-json\/wp\/v2\/pages\/12353\/revisions"}],"wp:featuredmedia":[{"embeddable":true,"href":"https:\/\/visitvalsesiavercelli.it\/fr\/wp-json\/wp\/v2\/media\/10313"}],"wp:attachment":[{"href":"https:\/\/visitvalsesiavercelli.it\/fr\/wp-json\/wp\/v2\/media?parent=12353"}],"curies":[{"name":"wp","href":"https:\/\/api.w.org\/{rel}","templated":true}]}}