{"id":12361,"date":"2022-10-24T13:44:36","date_gmt":"2022-10-24T11:44:36","guid":{"rendered":"https:\/\/visitvalsesiavercelli.it\/?page_id=12361"},"modified":"2026-04-05T15:05:59","modified_gmt":"2026-04-05T13:05:59","slug":"scuole-e-noleggi-attrezzatura","status":"publish","type":"page","link":"https:\/\/visitvalsesiavercelli.it\/fr\/scuole-e-noleggi-attrezzatura\/","title":{"rendered":"Location d&rsquo;\u00e9quipment"},"content":{"rendered":"\n<div class=\"wp-block-cover alignfull has-custom-content-position is-position-center-left hero\" style=\"min-height:650px;aspect-ratio:unset;\"><img loading=\"lazy\" decoding=\"async\" width=\"1676\" height=\"588\" class=\"wp-block-cover__image-background wp-image-5132\" alt=\"\" src=\"https:\/\/visitvalsesiavercelli.it\/wp-content\/uploads\/2022\/11\/Schermata-2022-11-08-alle-10.48.11.png\" style=\"object-position:33% 58%\" data-object-fit=\"cover\" data-object-position=\"33% 58%\" srcset=\"https:\/\/visitvalsesiavercelli.it\/wp-content\/uploads\/2022\/11\/Schermata-2022-11-08-alle-10.48.11.png 1676w, https:\/\/visitvalsesiavercelli.it\/wp-content\/uploads\/2022\/11\/Schermata-2022-11-08-alle-10.48.11-1000x351.png 1000w, https:\/\/visitvalsesiavercelli.it\/wp-content\/uploads\/2022\/11\/Schermata-2022-11-08-alle-10.48.11-1500x526.png 1500w\" sizes=\"auto, (max-width: 1676px) 100vw, 1676px\" \/><span aria-hidden=\"true\" class=\"wp-block-cover__background has-background-dim\"><\/span><div class=\"wp-block-cover__inner-container is-layout-flow wp-block-cover-is-layout-flow\">\n<div class=\"wp-block-group is-layout-flow wp-block-group-is-layout-flow\">\n<h1 class=\"wp-block-heading has-bianco-color has-text-color\" style=\"text-transform:uppercase\">location d&rsquo;\u00e9quipment<\/h1>\n<\/div>\n<\/div><\/div>\n\n\n\n<div class=\"wp-block-group alignfull breadcrumbs is-layout-flow wp-block-group-is-layout-flow\">\n<div class=\"wp-block-group d-flex is-layout-flow wp-block-group-is-layout-flow\">\n<p><a href=\"https:\/\/visitvalsesiavercelli.it\/fr\/\" data-type=\"page\" data-id=\"2\">Home<\/a><\/p>\n\n\n\n<p>Organizza<\/p>\n\n\n\n<p>Servizi Turistici<\/p>\n\n\n<h6 class=\"wp-block-post-title has-text-color has-orange-color\">Location d&rsquo;\u00e9quipment<\/h6><\/div>\n<\/div>\n\n\n\n<div class=\"wp-block-group alignfull is-layout-flow wp-block-group-is-layout-flow\">\n<div class=\"wp-block-group intro-esperienze is-layout-constrained wp-container-core-group-is-layout-02dd29b2 wp-block-group-is-layout-constrained\" style=\"padding-top:70px;padding-bottom:70px\">\n<h2 class=\"wp-block-heading has-text-align-center has-grigio-color has-text-color\" style=\"text-transform:uppercase\"><br>LOUEZ L\u2019\u00c9QUIPEMENT <mark style=\"background-color:rgba(0, 0, 0, 0)\" class=\"has-inline-color has-giallo-color\">ADAPT\u00c9 <\/mark><\/h2>\n\n\n\n<p class=\"has-text-align-center has-text-color has-size-22-font-size\" style=\"color:#36442e;font-style:normal;font-weight:600\"><strong>Choisissez votre activit\u00e9 sportive pr\u00e9f\u00e9r\u00e9e et louez l&rsquo;\u00e9quipement n\u00e9cessaire \u00e0 une exp\u00e9rience de plein air en toute confiance.<\/strong><\/p>\n<\/div>\n<\/div>\n\n\n\n<div class=\"wp-block-group alignfull esperienze-container has-bianco-color has-verde-scuro-background-color has-text-color has-background is-layout-flow wp-block-group-is-layout-flow\">\n<div class=\"wp-block-group intro-2 empty is-layout-flow wp-container-core-group-is-layout-b298a938 wp-block-group-is-layout-flow\" style=\"padding-top:110px;padding-bottom:70px\">\n<div class=\"wp-block-columns is-layout-flex wp-container-core-columns-is-layout-00723822 wp-block-columns-is-layout-flex\">\n<div class=\"wp-block-column is-layout-flow wp-block-column-is-layout-flow\" style=\"padding-left:80px\">\n<h2 class=\"wp-block-heading has-text-align-left has-giallo-color has-text-color\" style=\"font-style:normal;font-weight:100;text-transform:uppercase\"><mark style=\"background-color:rgba(0, 0, 0, 0)\" class=\"has-inline-color has-bianco-color\"><strong>VIVEZ VOTRE<\/strong> <\/mark>EXP\u00c9RIENCE DE PLEIN AIR<\/h2>\n\n\n\n<p class=\"has-text-align-left\" style=\"font-size:20px\">Pour profiter de votre exp\u00e9rience de plein air en toute s\u00e9curit\u00e9, il est fondamental d\u2019aborder chaque sport avec un \u00e9quipement adapt\u00e9. Faites confiance \u00e0 nos professionnels!<\/p>\n\n\n\n<div class=\"wp-block-buttons is-layout-flex wp-block-buttons-is-layout-flex\">\n<div class=\"wp-block-button\"><a class=\"wp-block-button__link wp-element-button\" href=\"https:\/\/visitvalsesiavercelli.it\/fr\/guide-alpine-e-naturalistiche\/\" target=\"_blank\" rel=\"noreferrer noopener\">Vous cherchez un guide de montagne?<br>Cliquez ici!<\/a><\/div>\n<\/div>\n\n\n\n<div class=\"wp-block-buttons is-layout-flex wp-block-buttons-is-layout-flex\">\n<div class=\"wp-block-button\"><a class=\"wp-block-button__link wp-element-button\" href=\"https:\/\/visitvalsesiavercelli.it\/fr\/guide-turistiche-e-accompagnatori\/\" target=\"_blank\" rel=\"noreferrer noopener\">Vous cherchez un guide touristique?<br>Cliquez ici!<\/a><\/div>\n<\/div>\n\n\n\n<div style=\"height:50px\" aria-hidden=\"true\" class=\"wp-block-spacer\"><\/div>\n<\/div>\n\n\n\n<div class=\"wp-block-column is-layout-flow wp-block-column-is-layout-flow\" style=\"padding-top:150px;flex-basis:320px\">    <div class=\"box\">\n        <a href=\"https:\/\/visitvalsesiavercelli.it\/fr\/noleggi-bike\/\" class=\"carosello-element\">\n            <div class=\"wp-block-image\">\n                <img loading=\"lazy\" decoding=\"async\" width=\"1000\" height=\"667\" src=\"https:\/\/visitvalsesiavercelli.it\/wp-content\/uploads\/2022\/10\/noleggio-bike-1000x667.jpg\" class=\"attachment-galleria size-galleria\" alt=\"\" srcset=\"https:\/\/visitvalsesiavercelli.it\/wp-content\/uploads\/2022\/10\/noleggio-bike-1000x667.jpg 1000w, https:\/\/visitvalsesiavercelli.it\/wp-content\/uploads\/2022\/10\/noleggio-bike-1500x1000.jpg 1500w\" sizes=\"auto, (max-width: 1000px) 100vw, 1000px\" \/>            <\/div>\n            <div class=\"content\">\n                                <h4 class=\"bigger\">location de v\u00e9los<\/h4>\n            <\/div>\n            <div class=\"wp-block-buttons\">\n                <div class=\"wp-block-button is-style-outline\">\n                    <span class=\"wp-block-button__link\">\n                        D\u00e9couvrez                    <\/span>\n                <\/div>\n            <\/div>\n        <\/a>\n    <\/div><\/div>\n\n\n\n<div class=\"wp-block-column is-layout-flow wp-block-column-is-layout-flow\" style=\"flex-basis:320px\">    <div class=\"box\">\n        <a href=\"https:\/\/visitvalsesiavercelli.it\/noleggio-e-scuole-sci\/\" class=\"carosello-element\">\n            <div class=\"wp-block-image\">\n                <img loading=\"lazy\" decoding=\"async\" width=\"1000\" height=\"750\" src=\"https:\/\/visitvalsesiavercelli.it\/wp-content\/uploads\/2022\/10\/Noleggio-1000x750.jpg\" class=\"attachment-galleria size-galleria\" alt=\"\" srcset=\"https:\/\/visitvalsesiavercelli.it\/wp-content\/uploads\/2022\/10\/Noleggio-1000x750.jpg 1000w, https:\/\/visitvalsesiavercelli.it\/wp-content\/uploads\/2022\/10\/Noleggio-1500x1125.jpg 1500w, https:\/\/visitvalsesiavercelli.it\/wp-content\/uploads\/2022\/10\/Noleggio.jpg 1920w\" sizes=\"auto, (max-width: 1000px) 100vw, 1000px\" \/>            <\/div>\n            <div class=\"content\">\n                                <h4 class=\"bigger\">Location d&rsquo;\u00e9quipement d&rsquo;hiver<\/h4>\n            <\/div>\n            <div class=\"wp-block-buttons\">\n                <div class=\"wp-block-button is-style-outline\">\n                    <span class=\"wp-block-button__link\">\n                        D\u00e9couvrez                    <\/span>\n                <\/div>\n            <\/div>\n        <\/a>\n    <\/div>\n\n    <div class=\"box\">\n        <a href=\"https:\/\/visitvalsesiavercelli.it\/organizza\/servizi-turistici\/scuole-noleggi-attrezzature\/scuole-fluviali\/\" class=\"carosello-element\">\n            <div class=\"wp-block-image\">\n                <img loading=\"lazy\" decoding=\"async\" width=\"1000\" height=\"687\" src=\"https:\/\/visitvalsesiavercelli.it\/wp-content\/uploads\/2022\/11\/canyon_1-1-1000x687.jpeg\" class=\"attachment-galleria size-galleria\" alt=\"\" srcset=\"https:\/\/visitvalsesiavercelli.it\/wp-content\/uploads\/2022\/11\/canyon_1-1-1000x687.jpeg 1000w, https:\/\/visitvalsesiavercelli.it\/wp-content\/uploads\/2022\/11\/canyon_1-1-1500x1031.jpeg 1500w\" sizes=\"auto, (max-width: 1000px) 100vw, 1000px\" \/>            <\/div>\n            <div class=\"content\">\n                                <h4 class=\"bigger\">\u00c9COLES FLUVIALES<\/h4>\n            <\/div>\n            <div class=\"wp-block-buttons\">\n                <div class=\"wp-block-button is-style-outline\">\n                    <span class=\"wp-block-button__link\">\n                        D\u00e9couvrez                    <\/span>\n                <\/div>\n            <\/div>\n        <\/a>\n    <\/div><\/div>\n<\/div>\n<\/div>\n<\/div>\n\n\n\n<div style=\"height:100px\" aria-hidden=\"true\" class=\"wp-block-spacer\"><\/div>\n","protected":false},"excerpt":{"rendered":"<p>Home Organizza Servizi Turistici LOUEZ L\u2019\u00c9QUIPEMENT ADAPT\u00c9 Choisissez votre activit\u00e9 sportive pr\u00e9f\u00e9r\u00e9e et louez l&rsquo;\u00e9quipement n\u00e9cessaire \u00e0 une exp\u00e9rience de plein air en toute confiance. VIVEZ VOTRE EXP\u00c9RIENCE DE PLEIN AIR Pour profiter de votre exp\u00e9rience de plein air en toute s\u00e9curit\u00e9, il est fondamental d\u2019aborder chaque sport avec un \u00e9quipement adapt\u00e9. Faites confiance \u00e0&#8230;<\/p>\n","protected":false},"author":2,"featured_media":10287,"parent":0,"menu_order":0,"comment_status":"closed","ping_status":"closed","template":"","meta":{"_acf_changed":true,"footnotes":""},"class_list":["post-12361","page","type-page","status-publish","has-post-thumbnail","hentry"],"acf":[],"_links":{"self":[{"href":"https:\/\/visitvalsesiavercelli.it\/fr\/wp-json\/wp\/v2\/pages\/12361","targetHints":{"allow":["GET"]}}],"collection":[{"href":"https:\/\/visitvalsesiavercelli.it\/fr\/wp-json\/wp\/v2\/pages"}],"about":[{"href":"https:\/\/visitvalsesiavercelli.it\/fr\/wp-json\/wp\/v2\/types\/page"}],"author":[{"embeddable":true,"href":"https:\/\/visitvalsesiavercelli.it\/fr\/wp-json\/wp\/v2\/users\/2"}],"replies":[{"embeddable":true,"href":"https:\/\/visitvalsesiavercelli.it\/fr\/wp-json\/wp\/v2\/comments?post=12361"}],"version-history":[{"count":0,"href":"https:\/\/visitvalsesiavercelli.it\/fr\/wp-json\/wp\/v2\/pages\/12361\/revisions"}],"wp:featuredmedia":[{"embeddable":true,"href":"https:\/\/visitvalsesiavercelli.it\/fr\/wp-json\/wp\/v2\/media\/10287"}],"wp:attachment":[{"href":"https:\/\/visitvalsesiavercelli.it\/fr\/wp-json\/wp\/v2\/media?parent=12361"}],"curies":[{"name":"wp","href":"https:\/\/api.w.org\/{rel}","templated":true}]}}