{"id":12660,"date":"2022-07-26T17:17:03","date_gmt":"2022-07-26T15:17:03","guid":{"rendered":"https:\/\/visitvalsesiavercelli.it\/?page_id=12660"},"modified":"2026-04-10T12:09:52","modified_gmt":"2026-04-10T10:09:52","slug":"lhiver-en-valsesia","status":"publish","type":"page","link":"https:\/\/visitvalsesiavercelli.it\/fr\/lhiver-en-valsesia\/","title":{"rendered":"L\u2019hiver en Valsesia"},"content":{"rendered":"\n<div class=\"wp-block-cover alignfull has-custom-content-position is-position-center-left hero\" style=\"min-height:650px;aspect-ratio:unset;\"><img loading=\"lazy\" decoding=\"async\" width=\"2560\" height=\"1707\" class=\"wp-block-cover__image-background wp-image-3516\" alt=\"\" src=\"https:\/\/visitvalsesiavercelli.it\/wp-content\/uploads\/2022\/10\/MG007287-scaled.jpg\" style=\"object-position:60% 100%\" data-object-fit=\"cover\" data-object-position=\"60% 100%\" srcset=\"https:\/\/visitvalsesiavercelli.it\/wp-content\/uploads\/2022\/10\/MG007287-scaled.jpg 2560w, https:\/\/visitvalsesiavercelli.it\/wp-content\/uploads\/2022\/10\/MG007287-1000x667.jpg 1000w, https:\/\/visitvalsesiavercelli.it\/wp-content\/uploads\/2022\/10\/MG007287-1500x1000.jpg 1500w\" sizes=\"auto, (max-width: 2560px) 100vw, 2560px\" \/><span aria-hidden=\"true\" class=\"wp-block-cover__background has-background-dim\"><\/span><div class=\"wp-block-cover__inner-container is-layout-flow wp-block-cover-is-layout-flow\">\n<div class=\"wp-block-group is-layout-flow wp-block-group-is-layout-flow\">\n<figure class=\"wp-block-image size-large\"><img loading=\"lazy\" decoding=\"async\" width=\"180\" height=\"211\" src=\"https:\/\/visitvalsesiavercelli.it\/wp-content\/uploads\/2022\/06\/emozioni-sulla-neve.svg\" alt=\"\" class=\"wp-image-348\"\/><\/figure>\n\n\n\n<h1 class=\"wp-block-heading has-bianco-color has-text-color\" style=\"text-transform:uppercase\">L\u2019hiver en valsesia<\/h1>\n<\/div>\n<\/div><\/div>\n\n\n\n<div class=\"wp-block-group alignfull breadcrumbs is-layout-flow wp-block-group-is-layout-flow\">\n<div class=\"wp-block-group d-flex is-layout-flow wp-block-group-is-layout-flow\">\n<p><a href=\"https:\/\/visitvalsesiavercelli.it\/fr\/\" data-type=\"page\" data-id=\"2\">Home<\/a><\/p>\n\n\n\n<p>Scopri<\/p>\n\n\n\n<p>Winter in Valsesia<\/p>\n\n\n<h6 class=\"wp-block-post-title has-text-color has-orange-color\">L\u2019hiver en Valsesia<\/h6><\/div>\n<\/div>\n\n\n\n<div class=\"wp-block-group alignfull is-layout-flow wp-block-group-is-layout-flow\">\n<div class=\"wp-block-group intro-esperienze is-layout-constrained wp-container-core-group-is-layout-02dd29b2 wp-block-group-is-layout-constrained\" style=\"padding-top:70px;padding-bottom:70px\">\n<h2 class=\"wp-block-heading has-text-align-center has-text-color\" style=\"color:#02316a;text-transform:uppercase\">neige, adr\u00e9naline, <mark style=\"background-color:rgba(0, 0, 0, 0)\" class=\"has-inline-color has-giallo-color\">d\u00e9tente et plaisire <\/mark><\/h2>\n\n\n\n<p class=\"has-text-align-center has-size-22-font-size\" style=\"font-style:normal;font-weight:600\"><mark style=\"background-color:rgba(0, 0, 0, 0)\" class=\"has-inline-color has-grigio-color\">En hiver, couverte d\u2019un manteau blanc de neige fra\u00eeche, la Valsesia devient un v\u00e9ritable paradis pour tous les amateurs de sports d&rsquo;hiver&nbsp;!<\/mark><\/p>\n\n\n\n<figure class=\"wp-block-embed is-type-video is-provider-youtube wp-block-embed-youtube wp-embed-aspect-16-9 wp-has-aspect-ratio\"><div class=\"wp-block-embed__wrapper\">\n<iframe loading=\"lazy\" title=\"Vivi l&#039;inverno in Valsesia!\" width=\"500\" height=\"281\" src=\"https:\/\/www.youtube.com\/embed\/DI7XbAVjWms?feature=oembed\" frameborder=\"0\" allow=\"accelerometer; autoplay; clipboard-write; encrypted-media; gyroscope; picture-in-picture; web-share\" referrerpolicy=\"strict-origin-when-cross-origin\" allowfullscreen><\/iframe>\n<\/div><\/figure>\n<\/div>\n<\/div>\n\n\n\n<div class=\"wp-block-group alignfull esperienze-container has-bianco-color has-blu-background-color has-text-color has-background is-layout-flow wp-block-group-is-layout-flow\">\n<div class=\"wp-block-group intro-2 empty is-layout-flow wp-container-core-group-is-layout-b298a938 wp-block-group-is-layout-flow\" style=\"padding-top:110px;padding-bottom:70px\">\n<div class=\"wp-block-columns is-layout-flex wp-container-core-columns-is-layout-00723822 wp-block-columns-is-layout-flex\">\n<div class=\"wp-block-column is-layout-flow wp-block-column-is-layout-flow\" style=\"padding-left:80px\">\n<h2 class=\"wp-block-heading has-text-align-left wp-embed-aspect-16-9 wp-has-aspect-ratio has-giallo-color has-text-color\" style=\"text-transform:uppercase\"><mark style=\"background-color:rgba(0, 0, 0, 0)\" class=\"has-inline-color has-bianco-color\"><strong>Vivez votre hiver <\/strong><\/mark><strong><mark style=\"background-color:rgba(0, 0, 0, 0)\" class=\"has-inline-color has-giallo-color\">de sport<\/mark><\/strong><mark style=\"background-color:rgba(0, 0, 0, 0)\" class=\"has-inline-color has-bianco-color\"><strong> <\/strong><\/mark> <\/h2>\n\n\n\n<p class=\"has-text-align-left wp-embed-aspect-16-9 wp-has-aspect-ratio\" style=\"font-size:20px\">D\u00e9couvrez toute la beaut\u00e9 de l&rsquo;hiver en Valsesia, et trouvez l\u2019activit\u00e9 qui vous tente le plus. Dans des paysages \u00e0 couper le souffle, o\u00f9 se nichent de charmants villages alpins, explorez toutes les possibilit\u00e9s offertes par nos magnifiques montagnes enneig\u00e9es.<\/p>\n\n\n\n<div class=\"wp-block-group is-layout-flow wp-block-group-is-layout-flow\" style=\"padding-top:20px\">    <div class=\"box\">\n        <a href=\"https:\/\/visitvalsesiavercelli.it\/fr\/sport-invernali\/freeride\/\" class=\"carosello-element\">\n            <div class=\"wp-block-image\">\n                <img loading=\"lazy\" decoding=\"async\" width=\"1000\" height=\"582\" src=\"https:\/\/visitvalsesiavercelli.it\/wp-content\/uploads\/2022\/07\/sport-invernali-1000x582.jpg\" class=\"attachment-galleria size-galleria\" alt=\"\" srcset=\"https:\/\/visitvalsesiavercelli.it\/wp-content\/uploads\/2022\/07\/sport-invernali-1000x582.jpg 1000w, https:\/\/visitvalsesiavercelli.it\/wp-content\/uploads\/2022\/07\/sport-invernali.jpg 1500w\" sizes=\"auto, (max-width: 1000px) 100vw, 1000px\" \/>            <\/div>\n            <div class=\"content\">\n                                <h4 class=\"bigger\">freeride et ski alpinisme<\/h4>\n            <\/div>\n            <div class=\"wp-block-buttons\">\n                <div class=\"wp-block-button is-style-outline\">\n                    <span class=\"wp-block-button__link\">\n                        Vivez                    <\/span>\n                <\/div>\n            <\/div>\n        <\/a>\n    <\/div>\n\n\n<div class=\"wp-block-buttons is-layout-flex wp-block-buttons-is-layout-flex\"><\/div>\n<\/div>\n\n\n\n<div class=\"wp-block-group is-layout-constrained wp-container-core-group-is-layout-b7e0db5e wp-block-group-is-layout-constrained\" style=\"padding-top:60px\"><\/div>\n<\/div>\n\n\n\n<div class=\"wp-block-column is-layout-flow wp-block-column-is-layout-flow\" style=\"padding-top:150px;flex-basis:320px\">    <div class=\"box\">\n        <a href=\"https:\/\/visitvalsesiavercelli.it\/fr\/sport-invernali\/ciaspolate\/\" class=\"carosello-element\">\n            <div class=\"wp-block-image\">\n                <img loading=\"lazy\" decoding=\"async\" width=\"1000\" height=\"667\" src=\"https:\/\/visitvalsesiavercelli.it\/wp-content\/uploads\/2022\/10\/ciaspole-1-1000x667.jpg\" class=\"attachment-galleria size-galleria\" alt=\"\" srcset=\"https:\/\/visitvalsesiavercelli.it\/wp-content\/uploads\/2022\/10\/ciaspole-1-1000x667.jpg 1000w, https:\/\/visitvalsesiavercelli.it\/wp-content\/uploads\/2022\/10\/ciaspole-1-1500x1000.jpg 1500w\" sizes=\"auto, (max-width: 1000px) 100vw, 1000px\" \/>            <\/div>\n            <div class=\"content\">\n                                <h4 class=\"bigger\">Raquettes<\/h4>\n            <\/div>\n            <div class=\"wp-block-buttons\">\n                <div class=\"wp-block-button is-style-outline\">\n                    <span class=\"wp-block-button__link\">\n                        Vivez                    <\/span>\n                <\/div>\n            <\/div>\n        <\/a>\n    <\/div>\n\n    <div class=\"box\">\n        <a href=\"https:\/\/visitvalsesiavercelli.it\/fr\/scopri\/winter-in-valsesia\/sport-invernali\/sci-di-fondo\/\" class=\"carosello-element\">\n            <div class=\"wp-block-image\">\n                <img loading=\"lazy\" decoding=\"async\" width=\"1000\" height=\"336\" src=\"https:\/\/visitvalsesiavercelli.it\/wp-content\/uploads\/2022\/10\/sci-di-fondo-panorama-1000x336.jpg\" class=\"attachment-galleria size-galleria\" alt=\"\" srcset=\"https:\/\/visitvalsesiavercelli.it\/wp-content\/uploads\/2022\/10\/sci-di-fondo-panorama-1000x336.jpg 1000w, https:\/\/visitvalsesiavercelli.it\/wp-content\/uploads\/2022\/10\/sci-di-fondo-panorama-1500x505.jpg 1500w\" sizes=\"auto, (max-width: 1000px) 100vw, 1000px\" \/>            <\/div>\n            <div class=\"content\">\n                                <h4 class=\"bigger\">Ski de fond<\/h4>\n            <\/div>\n            <div class=\"wp-block-buttons\">\n                <div class=\"wp-block-button is-style-outline\">\n                    <span class=\"wp-block-button__link\">\n                        Vivez                    <\/span>\n                <\/div>\n            <\/div>\n        <\/a>\n    <\/div><\/div>\n\n\n\n<div class=\"wp-block-column is-layout-flow wp-block-column-is-layout-flow\" style=\"flex-basis:320px\">    <div class=\"box\">\n        <a href=\"https:\/\/visitvalsesiavercelli.it\/fr\/sport-invernali\/sci-e-snowboard\/\" class=\"carosello-element\">\n            <div class=\"wp-block-image\">\n                <img loading=\"lazy\" decoding=\"async\" width=\"1000\" height=\"771\" src=\"https:\/\/visitvalsesiavercelli.it\/wp-content\/uploads\/2022\/09\/P85_6193-1-scaled-e1662628639791-1000x771.jpg\" class=\"attachment-galleria size-galleria\" alt=\"\" srcset=\"https:\/\/visitvalsesiavercelli.it\/wp-content\/uploads\/2022\/09\/P85_6193-1-scaled-e1662628639791-1000x771.jpg 1000w, https:\/\/visitvalsesiavercelli.it\/wp-content\/uploads\/2022\/09\/P85_6193-1-scaled-e1662628639791-1500x1156.jpg 1500w, https:\/\/visitvalsesiavercelli.it\/wp-content\/uploads\/2022\/09\/P85_6193-1-scaled-e1662628639791.jpg 2009w\" sizes=\"auto, (max-width: 1000px) 100vw, 1000px\" \/>            <\/div>\n            <div class=\"content\">\n                                <h4 class=\"bigger\">SKI ET SURF<\/h4>\n            <\/div>\n            <div class=\"wp-block-buttons\">\n                <div class=\"wp-block-button is-style-outline\">\n                    <span class=\"wp-block-button__link\">\n                        Vivez                    <\/span>\n                <\/div>\n            <\/div>\n        <\/a>\n    <\/div>\n\n    <div class=\"box\">\n        <a href=\"https:\/\/visitvalsesiavercelli.it\/fr\/sport-invernali\/cascate-di-ghiaccio\/\" class=\"carosello-element\">\n            <div class=\"wp-block-image\">\n                <img loading=\"lazy\" decoding=\"async\" width=\"1000\" height=\"563\" src=\"https:\/\/visitvalsesiavercelli.it\/wp-content\/uploads\/2022\/10\/ice-climbing-ge64db6f8e_1920-1000x563.jpg\" class=\"attachment-galleria size-galleria\" alt=\"\" srcset=\"https:\/\/visitvalsesiavercelli.it\/wp-content\/uploads\/2022\/10\/ice-climbing-ge64db6f8e_1920-1000x563.jpg 1000w, https:\/\/visitvalsesiavercelli.it\/wp-content\/uploads\/2022\/10\/ice-climbing-ge64db6f8e_1920-1500x844.jpg 1500w, https:\/\/visitvalsesiavercelli.it\/wp-content\/uploads\/2022\/10\/ice-climbing-ge64db6f8e_1920.jpg 1920w\" sizes=\"auto, (max-width: 1000px) 100vw, 1000px\" \/>            <\/div>\n            <div class=\"content\">\n                                <h4 class=\"bigger\">Cascades de glace<\/h4>\n            <\/div>\n            <div class=\"wp-block-buttons\">\n                <div class=\"wp-block-button is-style-outline\">\n                    <span class=\"wp-block-button__link\">\n                        Vivez                    <\/span>\n                <\/div>\n            <\/div>\n        <\/a>\n    <\/div><\/div>\n<\/div>\n<\/div>\n<\/div>\n\n\n\n<div class=\"wp-block-group alignfull organizza-container empty is-layout-flow wp-block-group-is-layout-flow\">\n<div class=\"wp-block-group intro-3 sci is-layout-flow wp-container-core-group-is-layout-b298a938 wp-block-group-is-layout-flow\" style=\"padding-top:110px;padding-bottom:70px\">\n<div class=\"wp-block-columns is-layout-flex wp-container-core-columns-is-layout-00723822 wp-block-columns-is-layout-flex\">\n<div class=\"wp-block-column is-over is-layout-flow wp-block-column-is-layout-flow\" style=\"padding-left:80px;flex-basis:290px\">\n<h2 class=\"wp-block-heading has-blu-color has-text-color\" style=\"line-height:0.90;text-transform:uppercase\">Planifiez votre journ\u00e9e sur <mark style=\"background-color:rgba(0, 0, 0, 0)\" class=\"has-inline-color has-giallo-color\">la neige<\/mark><\/h2>\n\n\n\n<p class=\"has-size-22-font-size\" style=\"font-style:normal;font-weight:600\">Location de \u00e9quipment, \u00e9coles de ski, guides de montagne et bien plus encore!<\/p>\n<\/div>\n\n\n\n<div class=\"wp-block-column is-layout-flow wp-block-column-is-layout-flow\" style=\"padding-left:60px\">    <section class=\"carosello-orizzontale cover-overflow\">\n                    <div class=\"swiper\">\n                <div class=\"swiper-wrapper\">\n                                            <div class=\"swiper-slide\">\n                            <a href=\"https:\/\/visitvalsesiavercelli.it\/fr\/dove-dormire\/\" class=\"carosello-element\">\n                                <div class=\"wp-block-image\">\n                                    <img loading=\"lazy\" decoding=\"async\" width=\"340\" height=\"210\" src=\"https:\/\/visitvalsesiavercelli.it\/wp-content\/uploads\/2022\/08\/dove-dormire-340x210.jpg\" class=\"attachment-regular-thumb size-regular-thumb wp-post-image\" alt=\"\" srcset=\"https:\/\/visitvalsesiavercelli.it\/wp-content\/uploads\/2022\/08\/dove-dormire-340x210.jpg 340w, https:\/\/visitvalsesiavercelli.it\/wp-content\/uploads\/2022\/08\/dove-dormire-680x420.jpg 680w\" sizes=\"auto, (max-width: 340px) 100vw, 340px\" \/>                                <\/div>\n                                <div class=\"content\">\n                                    <h4>O\u00f9 dormir<\/h4>\n                                <\/div>\n                                <div class=\"wp-block-buttons\">\n                                    <div class=\"wp-block-button is-style-outline\">\n                                        <span class=\"wp-block-button__link\">\n                                            Vivre                                        <\/span>\n                                    <\/div>\n                                <\/div>\n                            <\/a>\n                        <\/div>\n                                                <div class=\"swiper-slide\">\n                            <a href=\"https:\/\/visitvalsesiavercelli.it\/fr\/dove-mangiare\/\" class=\"carosello-element\">\n                                <div class=\"wp-block-image\">\n                                    <img loading=\"lazy\" decoding=\"async\" width=\"340\" height=\"210\" src=\"https:\/\/visitvalsesiavercelli.it\/wp-content\/uploads\/2022\/07\/hero-gusto-340x210.jpg\" class=\"attachment-regular-thumb size-regular-thumb wp-post-image\" alt=\"\" srcset=\"https:\/\/visitvalsesiavercelli.it\/wp-content\/uploads\/2022\/07\/hero-gusto-340x210.jpg 340w, https:\/\/visitvalsesiavercelli.it\/wp-content\/uploads\/2022\/07\/hero-gusto-680x420.jpg 680w\" sizes=\"auto, (max-width: 340px) 100vw, 340px\" \/>                                <\/div>\n                                <div class=\"content\">\n                                    <h4>O\u00f9 manger<\/h4>\n                                <\/div>\n                                <div class=\"wp-block-buttons\">\n                                    <div class=\"wp-block-button is-style-outline\">\n                                        <span class=\"wp-block-button__link\">\n                                            Vivre                                        <\/span>\n                                    <\/div>\n                                <\/div>\n                            <\/a>\n                        <\/div>\n                                                <div class=\"swiper-slide\">\n                            <a href=\"https:\/\/visitvalsesiavercelli.it\/fr\/noleggio-attrezzatura\/\" class=\"carosello-element\">\n                                <div class=\"wp-block-image\">\n                                    <img loading=\"lazy\" decoding=\"async\" width=\"340\" height=\"210\" src=\"https:\/\/visitvalsesiavercelli.it\/wp-content\/uploads\/2022\/10\/Noleggio-340x210.jpg\" class=\"attachment-regular-thumb size-regular-thumb wp-post-image\" alt=\"\" srcset=\"https:\/\/visitvalsesiavercelli.it\/wp-content\/uploads\/2022\/10\/Noleggio-340x210.jpg 340w, https:\/\/visitvalsesiavercelli.it\/wp-content\/uploads\/2022\/10\/Noleggio-680x420.jpg 680w\" sizes=\"auto, (max-width: 340px) 100vw, 340px\" \/>                                <\/div>\n                                <div class=\"content\">\n                                    <h4>Location d&rsquo;\u00e9quipment<\/h4>\n                                <\/div>\n                                <div class=\"wp-block-buttons\">\n                                    <div class=\"wp-block-button is-style-outline\">\n                                        <span class=\"wp-block-button__link\">\n                                            Vivre                                        <\/span>\n                                    <\/div>\n                                <\/div>\n                            <\/a>\n                        <\/div>\n                                                <div class=\"swiper-slide\">\n                            <a href=\"https:\/\/visitvalsesiavercelli.it\/fr\/ecoles-de-ski\/\" class=\"carosello-element\">\n                                <div class=\"wp-block-image\">\n                                    <img loading=\"lazy\" decoding=\"async\" width=\"340\" height=\"210\" src=\"https:\/\/visitvalsesiavercelli.it\/wp-content\/uploads\/2022\/07\/noleggio-e-scuole-sci--340x210.jpg\" class=\"attachment-regular-thumb size-regular-thumb wp-post-image\" alt=\"\" srcset=\"https:\/\/visitvalsesiavercelli.it\/wp-content\/uploads\/2022\/07\/noleggio-e-scuole-sci--340x210.jpg 340w, https:\/\/visitvalsesiavercelli.it\/wp-content\/uploads\/2022\/07\/noleggio-e-scuole-sci--680x420.jpg 680w\" sizes=\"auto, (max-width: 340px) 100vw, 340px\" \/>                                <\/div>\n                                <div class=\"content\">\n                                    <h4>\u00c9coles de ski<\/h4>\n                                <\/div>\n                                <div class=\"wp-block-buttons\">\n                                    <div class=\"wp-block-button is-style-outline\">\n                                        <span class=\"wp-block-button__link\">\n                                            Vivre                                        <\/span>\n                                    <\/div>\n                                <\/div>\n                            <\/a>\n                        <\/div>\n                                                <div class=\"swiper-slide\">\n                            <a href=\"https:\/\/visitvalsesiavercelli.it\/fr\/guides-de-montagne\/\" class=\"carosello-element\">\n                                <div class=\"wp-block-image\">\n                                    <img loading=\"lazy\" decoding=\"async\" width=\"340\" height=\"210\" src=\"https:\/\/visitvalsesiavercelli.it\/wp-content\/uploads\/2022\/10\/ACTI3208-340x210.png\" class=\"attachment-regular-thumb size-regular-thumb wp-post-image\" alt=\"\" srcset=\"https:\/\/visitvalsesiavercelli.it\/wp-content\/uploads\/2022\/10\/ACTI3208-340x210.png 340w, https:\/\/visitvalsesiavercelli.it\/wp-content\/uploads\/2022\/10\/ACTI3208-680x420.png 680w\" sizes=\"auto, (max-width: 340px) 100vw, 340px\" \/>                                <\/div>\n                                <div class=\"content\">\n                                    <h4>Guides de montagne<\/h4>\n                                <\/div>\n                                <div class=\"wp-block-buttons\">\n                                    <div class=\"wp-block-button is-style-outline\">\n                                        <span class=\"wp-block-button__link\">\n                                            Vivre                                        <\/span>\n                                    <\/div>\n                                <\/div>\n                            <\/a>\n                        <\/div>\n                                        <\/div>\n                <div class=\"swiper-buttons\">\n                    <div class=\"swiper-button-prev\"><\/div>\n                    <div class=\"swiper-button-next\"><\/div>\n                <\/div>\n            <\/div>\n            <\/section><\/div>\n<\/div>\n<\/div>\n<\/div>\n","protected":false},"excerpt":{"rendered":"<p>Home Scopri Winter in Valsesia neige, adr\u00e9naline, d\u00e9tente et plaisire En hiver, couverte d\u2019un manteau blanc de neige fra\u00eeche, la Valsesia devient un v\u00e9ritable paradis pour tous les amateurs de sports d&rsquo;hiver&nbsp;! Vivez votre hiver de sport D\u00e9couvrez toute la beaut\u00e9 de l&rsquo;hiver en Valsesia, et trouvez l\u2019activit\u00e9 qui vous tente le plus. Dans des&#8230;<\/p>\n","protected":false},"author":6,"featured_media":8890,"parent":0,"menu_order":0,"comment_status":"closed","ping_status":"closed","template":"","meta":{"_acf_changed":true,"footnotes":""},"class_list":["post-12660","page","type-page","status-publish","has-post-thumbnail","hentry"],"acf":[],"_links":{"self":[{"href":"https:\/\/visitvalsesiavercelli.it\/fr\/wp-json\/wp\/v2\/pages\/12660","targetHints":{"allow":["GET"]}}],"collection":[{"href":"https:\/\/visitvalsesiavercelli.it\/fr\/wp-json\/wp\/v2\/pages"}],"about":[{"href":"https:\/\/visitvalsesiavercelli.it\/fr\/wp-json\/wp\/v2\/types\/page"}],"author":[{"embeddable":true,"href":"https:\/\/visitvalsesiavercelli.it\/fr\/wp-json\/wp\/v2\/users\/6"}],"replies":[{"embeddable":true,"href":"https:\/\/visitvalsesiavercelli.it\/fr\/wp-json\/wp\/v2\/comments?post=12660"}],"version-history":[{"count":0,"href":"https:\/\/visitvalsesiavercelli.it\/fr\/wp-json\/wp\/v2\/pages\/12660\/revisions"}],"wp:featuredmedia":[{"embeddable":true,"href":"https:\/\/visitvalsesiavercelli.it\/fr\/wp-json\/wp\/v2\/media\/8890"}],"wp:attachment":[{"href":"https:\/\/visitvalsesiavercelli.it\/fr\/wp-json\/wp\/v2\/media?parent=12660"}],"curies":[{"name":"wp","href":"https:\/\/api.w.org\/{rel}","templated":true}]}}