{"id":12661,"date":"2022-08-04T18:48:27","date_gmt":"2022-08-04T16:48:27","guid":{"rendered":"https:\/\/visitvalsesiavercelli.it\/?page_id=12661"},"modified":"2023-03-20T16:36:44","modified_gmt":"2023-03-20T15:36:44","slug":"raquettes","status":"publish","type":"page","link":"https:\/\/visitvalsesiavercelli.it\/fr\/raquettes\/","title":{"rendered":"Raquettes"},"content":{"rendered":"\n<div class=\"wp-block-cover alignfull is-light has-custom-content-position is-position-center-left hero\" style=\"min-height:650px;aspect-ratio:unset;\"><span aria-hidden=\"true\" class=\"wp-block-cover__background has-background-dim\"><\/span><img loading=\"lazy\" decoding=\"async\" width=\"2560\" height=\"1707\" class=\"wp-block-cover__image-background wp-image-3885\" alt=\"\" src=\"https:\/\/visitvalsesiavercelli.it\/wp-content\/uploads\/2022\/10\/Ciaspole-scaled.jpg\" style=\"object-position:72% 90%\" data-object-fit=\"cover\" data-object-position=\"72% 90%\" srcset=\"https:\/\/visitvalsesiavercelli.it\/wp-content\/uploads\/2022\/10\/Ciaspole-scaled.jpg 2560w, https:\/\/visitvalsesiavercelli.it\/wp-content\/uploads\/2022\/10\/Ciaspole-1000x667.jpg 1000w, https:\/\/visitvalsesiavercelli.it\/wp-content\/uploads\/2022\/10\/Ciaspole-1500x1000.jpg 1500w\" sizes=\"auto, (max-width: 2560px) 100vw, 2560px\" \/><div class=\"wp-block-cover__inner-container is-layout-flow wp-block-cover-is-layout-flow\">\n<div class=\"wp-block-group is-layout-flow wp-block-group-is-layout-flow\">\n<figure class=\"wp-block-image size-large\"><img loading=\"lazy\" decoding=\"async\" width=\"180\" height=\"211\" src=\"https:\/\/visitvalsesiavercelli.it\/wp-content\/uploads\/2022\/06\/emozioni-sulla-neve.svg\" alt=\"\" class=\"wp-image-348\"\/><\/figure>\n\n\n\n<h1 class=\"has-bianco-color has-text-color wp-block-heading\" style=\"text-transform:uppercase\">Raquettes <\/h1>\n<\/div>\n<\/div><\/div>\n\n\n\n<div class=\"wp-block-group alignfull breadcrumbs breadcrumbs-blu is-layout-flow wp-block-group-is-layout-flow\">\n<div class=\"wp-block-group d-flex is-layout-flow wp-block-group-is-layout-flow\">\n<p><a href=\"https:\/\/visitvalsesiavercelli.it\/\" data-type=\"page\" data-id=\"2\">Home<\/a><\/p>\n\n\n\n<p>Scopri<\/p>\n\n\n\n<p>Winter in Valsesia<\/p>\n\n\n\n<p><a href=\"https:\/\/visitvalsesiavercelli.it\/scopri\/winter-in-valsesia\/sport-invernali\/\">Sport invernali<\/a><\/p>\n\n\n<h6 class=\"wp-block-post-title has-text-color has-orange-color\">Raquettes<\/h6><\/div>\n<\/div>\n\n\n\n<div class=\"wp-block-group alignfull is-layout-flow wp-block-group-is-layout-flow\">\n<div class=\"wp-block-group intro-esperienze sci is-layout-constrained wp-container-core-group-is-layout-02dd29b2 wp-block-group-is-layout-constrained\" style=\"padding-top:70px;padding-bottom:70px\">\n<h2 class=\"has-text-align-center has-blu-color has-text-color wp-block-heading\" style=\"text-transform:uppercase\">D\u00c9COUVREZ LA VALSESIA  <mark style=\"background-color:rgba(0, 0, 0, 0)\" class=\"has-inline-color has-giallo-color\">\u00c9VOLUANT SUR LA NEIGE<\/mark><\/h2>\n\n\n\n<p class=\"has-text-align-center has-text-color has-size-22-font-size\" style=\"color:#36442e;font-style:normal;font-weight:600\">Vivre la montagne raquettes aux pieds procure des \u00e9motions inoubliables. D\u00e9couvrez la magie des montagnes enneig\u00e9es et plongez dans une nature authentique, pas \u00e0 pas, en silence, sur vos raquettes.<\/p>\n\n\n\n<div class=\"wp-block-buttons is-content-justification-center is-layout-flex wp-container-core-buttons-is-layout-a89b3969 wp-block-buttons-is-layout-flex\">\n<div class=\"wp-block-button is-style-webcam\"><a class=\"wp-block-button__link wp-element-button\" href=\"https:\/\/visitvalsesiavercelli.it\/webcam\/\">Consulta le webcam<\/a><\/div>\n<\/div>\n<\/div>\n<\/div>\n\n\n\n<div class=\"wp-block-group alignfull mountains-outline has-bianco-color has-text-color has-background is-layout-flow wp-block-group-is-layout-flow\" style=\"background-color:#02316a\">\n<div class=\"wp-block-group intro-2 empty is-layout-flow wp-container-core-group-is-layout-8efc9646 wp-block-group-is-layout-flow\" style=\"padding-top:110px;padding-bottom:70px\">\n<div class=\"wp-block-columns gap-mobile is-layout-flex wp-container-core-columns-is-layout-bb63363c wp-block-columns-is-layout-flex\">\n<div class=\"wp-block-column is-layout-flow wp-block-column-is-layout-flow\">\n<div class=\"wp-block-group is-layout-flow wp-block-group-is-layout-flow\" style=\"font-size:20px\">\n<h3 class=\"has-giallo-color has-text-color wp-block-heading\" style=\"font-size:26px;text-transform:uppercase\">UNE ATMOSPH\u00c8RE MAGIQUE<\/h3>\n\n\n\n<p>C\u2019est une exp\u00e9rience unique d\u2019\u00e9voluer en raquettes et de red\u00e9couvrir les enchanteurs paysages enneig\u00e9s de la Valsesia&nbsp;!<\/p>\n\n\n\n<p>La neige fra\u00eeche et ouat\u00e9e, le silence des for\u00eats, les traces des animaux sauvages qui interrompent la perfection du doux manteau blanc&nbsp;: les raquettes sont une activit\u00e9 qui permet \u00e0 chacun de profiter pleinement de la beaut\u00e9 des majestueuses montagnes enneig\u00e9es.<\/p>\n\n\n\n<p>Cet hiver, choisissez de vivre une exp\u00e9rience magique, en pleine nature&nbsp;: chaussez des raquettes au pied du mont Rose. De nombreux itin\u00e9raires existent en altitude pour les plus aventureux, mais des trac\u00e9s faciles sont \u00e9galement adapt\u00e9s \u00e0 toute la famille&nbsp;: ce sera une exp\u00e9rience inoubliable de d\u00e9couvrir les vues \u00e0 couper le souffle de la Valsesia&nbsp;!<\/p>\n<\/div>\n<\/div>\n\n\n\n<div class=\"wp-block-column order-1-mobile is-layout-flow wp-block-column-is-layout-flow\">\n<figure class=\"wp-block-image size-full is-resized is-style-4-3\"><img loading=\"lazy\" decoding=\"async\" src=\"https:\/\/visitvalsesiavercelli.it\/wp-content\/uploads\/2022\/09\/valvogna_03-2-scaled.jpg\" alt=\"\" class=\"wp-image-2090\" width=\"540\" height=\"360\" srcset=\"https:\/\/visitvalsesiavercelli.it\/wp-content\/uploads\/2022\/09\/valvogna_03-2-scaled.jpg 2560w, https:\/\/visitvalsesiavercelli.it\/wp-content\/uploads\/2022\/09\/valvogna_03-2-1000x667.jpg 1000w, https:\/\/visitvalsesiavercelli.it\/wp-content\/uploads\/2022\/09\/valvogna_03-2-1500x1000.jpg 1500w\" sizes=\"auto, (max-width: 540px) 100vw, 540px\" \/><figcaption class=\"wp-element-caption\"><strong><mark style=\"background-color:rgba(0, 0, 0, 0)\" class=\"has-inline-color has-giallo-color\">D\u00e9couvrir la Valsesia en flottant sur la neige<\/mark><\/strong><\/figcaption><\/figure>\n<\/div>\n<\/div>\n\n\n\n<div class=\"wp-block-columns gap-mobile is-layout-flex wp-container-core-columns-is-layout-bb63363c wp-block-columns-is-layout-flex\">\n<div class=\"wp-block-column is-layout-flow wp-block-column-is-layout-flow\">\n<figure class=\"wp-block-image size-full is-resized is-style-4-3\"><img loading=\"lazy\" decoding=\"async\" src=\"https:\/\/visitvalsesiavercelli.it\/wp-content\/uploads\/2022\/10\/ACTI2848.png\" alt=\"\" class=\"wp-image-3894\" width=\"540\" height=\"360\" srcset=\"https:\/\/visitvalsesiavercelli.it\/wp-content\/uploads\/2022\/10\/ACTI2848.png 4896w, https:\/\/visitvalsesiavercelli.it\/wp-content\/uploads\/2022\/10\/ACTI2848-1000x667.png 1000w, https:\/\/visitvalsesiavercelli.it\/wp-content\/uploads\/2022\/10\/ACTI2848-1500x1000.png 1500w\" sizes=\"auto, (max-width: 540px) 100vw, 540px\" \/><figcaption class=\"wp-element-caption\"><strong><mark style=\"background-color:rgba(0, 0, 0, 0)\" class=\"has-inline-color has-giallo-color\">Une exp\u00e9rience sportive pour tous<\/mark><\/strong><\/figcaption><\/figure>\n<\/div>\n\n\n\n<div class=\"wp-block-column is-style-prima is-layout-flow wp-block-column-is-layout-flow\">\n<div class=\"wp-block-group is-style-default is-layout-flow wp-block-group-is-layout-flow\">\n<p class=\"has-giallo-color has-text-color\" style=\"font-size:26px;text-transform:uppercase\"><strong>EN PLEINE NATURE<\/strong><\/p>\n\n\n\n<p class=\"has-link-color wp-elements-99ff989051839aedced89526adf0dc0c\" style=\"font-size:20px\">Les raquettes permettent d&rsquo;admirer les sommets, les vall\u00e9es et les montagnes hivernales sous un jour nouveau, recouvertes du manteau blanc de la neige. Les propositions sont tr\u00e8s nombreuses, des itin\u00e9raires classiques au d\u00e9part d\u2019<a href=\"https:\/\/visitvalsesiavercelli.it\/fr\/vivi\/arte-e-cultura\/alagna-valsesia\/\"><strong>Alagna<\/strong><\/a> et de <a href=\"https:\/\/visitvalsesiavercelli.it\/fr\/vivi\/arte-e-cultura\/le-village-de-riva-valdobbia\/\"><strong>Riva Valdobbia<\/strong><\/a>, aux sentiers de raquettes de l\u2019<a href=\"https:\/\/visitvalsesiavercelli.it\/fr\/alpe-di-mera\/\"><strong>Alpe di Mera<\/strong><\/a>, jusqu\u2019aux vall\u00e9es lat\u00e9rales.<\/p>\n\n\n\n<p class=\"has-link-color wp-elements-fe1f8d5498d767a2db3f0814bcd6395c\" style=\"font-size:20px\">La particularit\u00e9 de cette activit\u00e9 est pr\u00e9cis\u00e9ment de pouvoir red\u00e9couvrir des vall\u00e9es moins fr\u00e9quent\u00e9es l\u2019hiver, en suivant des sentiers qui s\u2019ouvrent sur des panoramas uniques\u00a0: la <a href=\"https:\/\/visitvalsesiavercelli.it\/fr\/scopri\/itinerari\/a-la-decouverte-de-la-val-sermenza\/\"><strong>Val Sermenza<\/strong><\/a> et la <a href=\"https:\/\/visitvalsesiavercelli.it\/fr\/scopri\/itinerari\/a-la-decouverte-de-la-val-mastallone\/\"><strong>Val Mastallone<\/strong><\/a> sont des destinations parfaites pour faire des raquettes dans le calme de la nature.\u00a0<\/p>\n<\/div>\n<\/div>\n<\/div>\n\n\n\n<div class=\"wp-block-columns gap-mobile is-layout-flex wp-container-core-columns-is-layout-bb63363c wp-block-columns-is-layout-flex\">\n<div class=\"wp-block-column is-layout-flow wp-block-column-is-layout-flow\">\n<div class=\"wp-block-group is-layout-flow wp-block-group-is-layout-flow\">\n<h2 class=\"has-giallo-color has-text-color wp-block-heading\" style=\"font-size:26px;text-transform:uppercase\">LA VALSESIA raquettes aux pieds<\/h2>\n\n\n\n<p style=\"font-size:20px\">L&rsquo;Alta et la Bassa Valsesia comptent de nombreux itin\u00e9raires de raquettes. Voici quelques suggestions&nbsp;:<\/p>\n\n\n\n<ul class=\"wp-block-list\">\n<li>En Val Mastallone, en partant de Rimella (hameau de San Gottardo), vous pourrez rejoindre l&rsquo;Alpe Pianello et la Bocchetta di Campello.<br><\/li>\n\n\n\n<li>En Val Sermenza, l&rsquo;itin\u00e9raire facile qui traverse les magnifiques alpages du bassin de la Rima est un incontournable.<br><\/li>\n\n\n\n<li>De nombreuses pistes de raquettes traversent les for\u00eats et les pistes de ski de l&rsquo;Alpe di Mera. D\u00e9couvrez tous les <a href=\"https:\/\/www.google.com\/maps\/d\/u\/0\/viewer?mid=1hDpPT_ViJO8Cn-RUeFWhJdtKAn4&amp;ll=45.7458469581846%2C8.078632693115182&amp;z=14\"><strong><mark style=\"background-color:rgba(0, 0, 0, 0)\" class=\"has-inline-color has-giallo-color\">itin\u00e9raires de raquettes de l&rsquo;Alpe di Mera<\/mark><\/strong><\/a>.<\/li>\n<\/ul>\n<\/div>\n<\/div>\n\n\n\n<div class=\"wp-block-column is-layout-flow wp-block-column-is-layout-flow\">\n<figure class=\"wp-block-image size-full is-resized is-style-4-3\"><img loading=\"lazy\" decoding=\"async\" src=\"https:\/\/visitvalsesiavercelli.it\/wp-content\/uploads\/2022\/10\/DV3-scaled.jpg\" alt=\"\" class=\"wp-image-4003\" width=\"538\" height=\"361\"\/><figcaption class=\"wp-element-caption\"><strong><mark style=\"background-color:rgba(0, 0, 0, 0)\" class=\"has-inline-color has-giallo-color\">Randonn\u00e9e en raquettes en groupe<\/mark><\/strong><\/figcaption><\/figure>\n<\/div>\n<\/div>\n\n\n\n<div class=\"wp-block-columns gap-mobile is-layout-flex wp-container-core-columns-is-layout-bb63363c wp-block-columns-is-layout-flex\">\n<div class=\"wp-block-column order-1-mobile is-layout-flow wp-block-column-is-layout-flow\">\n<figure class=\"wp-block-image size-full is-resized is-style-4-3\"><img loading=\"lazy\" decoding=\"async\" src=\"https:\/\/visitvalsesiavercelli.it\/wp-content\/uploads\/2022\/10\/DSC_1019-scaled.jpg\" alt=\"\" class=\"wp-image-3917\" width=\"540\" height=\"357\" srcset=\"https:\/\/visitvalsesiavercelli.it\/wp-content\/uploads\/2022\/10\/DSC_1019-scaled.jpg 2560w, https:\/\/visitvalsesiavercelli.it\/wp-content\/uploads\/2022\/10\/DSC_1019-1000x662.jpg 1000w, https:\/\/visitvalsesiavercelli.it\/wp-content\/uploads\/2022\/10\/DSC_1019-1500x994.jpg 1500w\" sizes=\"auto, (max-width: 540px) 100vw, 540px\" \/><figcaption class=\"wp-element-caption\"><strong><mark style=\"background-color:rgba(0, 0, 0, 0)\" class=\"has-inline-color has-giallo-color\">L&rsquo;\u00e9merveillement au c\u0153ur des Alpes<\/mark><\/strong><\/figcaption><\/figure>\n<\/div>\n\n\n\n<div class=\"wp-block-column is-style-prima is-layout-flow wp-block-column-is-layout-flow\">\n<div class=\"wp-block-group is-layout-flow wp-block-group-is-layout-flow\">\n<p style=\"font-size:26px;text-transform:uppercase\"><strong><strong><mark style=\"background-color:rgba(0, 0, 0, 0)\" class=\"has-inline-color has-giallo-color\">EXPLOREZ ALAGNA EN RAQUETTES<\/mark><\/strong><\/strong><\/p>\n\n\n\n<ul class=\"wp-block-list\">\n<li>De nombreux sentiers d\u00e9di\u00e9s \u00e0 la pratique des raquettes existent \u00e0 <a href=\"https:\/\/visitvalsesiavercelli.it\/fr\/vivi\/arte-e-cultura\/alagna-valsesia\/\"><strong><mark style=\"background-color:rgba(0, 0, 0, 0)\" class=\"has-inline-color has-giallo-color\">Alagna<\/mark><\/strong><\/a> et dans ses environs. En premier lieu, l&rsquo;itin\u00e9raire qui, du centre ville, rejoint la splendide <strong>Val d&rsquo;Otro<\/strong>, avec ses nombreux villages walser, ou l&rsquo;itin\u00e9raire qui, du parking de Wold, rejoint le <strong>refuge Pastore<\/strong>, d\u2019o\u00f9 le panorama sur le mont Rose est vraiment unique.<br><\/li>\n\n\n\n<li>Dans la commune de S. Antonio, \u00e0 <a href=\"https:\/\/visitvalsesiavercelli.it\/fr\/vivi\/arte-e-cultura\/le-village-de-riva-valdobbia\/\"><strong><mark style=\"background-color:rgba(0, 0, 0, 0)\" class=\"has-inline-color has-giallo-color\">Riva Valdobbia<\/mark><\/strong><\/a>, un chemin s&rsquo;ouvre \u00e0 travers les caract\u00e9ristiques hameaux perch\u00e9s de la Val Vogna et m\u00e8ne au splendide alpage de l&rsquo;<strong>Alpe Larecchio<\/strong>.<\/li>\n<\/ul>\n<\/div>\n<\/div>\n<\/div>\n\n\n\n<p class=\"has-text-align-center has-link-color has-size-22-font-size wp-elements-f49fc925393a507dd1cb0cd993fa54e3\">Si vous \u00eates curieux d&rsquo;essayer ce sport<br>et recherchent le bon \u00e9quipement,<br>d\u00e9couvrez toutes les <a href=\"https:\/\/visitvalsesiavercelli.it\/fr\/noleggio-attrezzatura\/\"><strong>locations de mat\u00e9riel<\/strong><\/a> dans la r\u00e9gion !<\/p>\n<\/div>\n<\/div>\n\n\n\n<div class=\"wp-block-group alignfull organizza-container empty is-layout-flow wp-block-group-is-layout-flow\">\n<div class=\"wp-block-group intro-3 is-layout-flow wp-container-core-group-is-layout-b298a938 wp-block-group-is-layout-flow\" style=\"padding-top:110px;padding-bottom:70px\">\n<div class=\"wp-block-columns is-layout-flex wp-container-core-columns-is-layout-00723822 wp-block-columns-is-layout-flex\">\n<div class=\"wp-block-column is-over is-layout-flow wp-block-column-is-layout-flow\" style=\"padding-left:80px;flex-basis:290px\">\n<h2 class=\"has-blu-color has-text-color wp-block-heading\" style=\"line-height:0.90;text-transform:uppercase\">Organizza<br>LA TUA GIORNATA<br><mark style=\"background-color:rgba(0, 0, 0, 0)\" class=\"has-inline-color has-giallo-color\">SULLA NEVE<\/mark><\/h2>\n\n\n\n<p class=\"has-size-22-font-size\" style=\"font-style:normal;font-weight:600\">Noleggio attrezzatura, lezioni di sci, guide alpine e molto altro!<\/p>\n<\/div>\n\n\n\n<div class=\"wp-block-column is-layout-flow wp-block-column-is-layout-flow\" style=\"padding-left:60px\">    <section class=\"carosello-orizzontale cover-overflow\">\n                    <div class=\"swiper\">\n                <div class=\"swiper-wrapper\">\n                                            <div class=\"swiper-slide\">\n                            <a href=\"https:\/\/visitvalsesiavercelli.it\/scopri\/winter-in-valsesia\/scuole-sci\/\" class=\"carosello-element\">\n                                <div class=\"wp-block-image\">\n                                    <img loading=\"lazy\" decoding=\"async\" width=\"340\" height=\"210\" src=\"https:\/\/visitvalsesiavercelli.it\/wp-content\/uploads\/2022\/07\/noleggio-e-scuole-sci--340x210.jpg\" class=\"attachment-regular-thumb size-regular-thumb wp-post-image\" alt=\"\" srcset=\"https:\/\/visitvalsesiavercelli.it\/wp-content\/uploads\/2022\/07\/noleggio-e-scuole-sci--340x210.jpg 340w, https:\/\/visitvalsesiavercelli.it\/wp-content\/uploads\/2022\/07\/noleggio-e-scuole-sci--680x420.jpg 680w\" sizes=\"auto, (max-width: 340px) 100vw, 340px\" \/>                                <\/div>\n                                <div class=\"content\">\n                                    <h4>Scuole sci<\/h4>\n                                <\/div>\n                                <div class=\"wp-block-buttons\">\n                                    <div class=\"wp-block-button is-style-outline\">\n                                        <span class=\"wp-block-button__link\">\n                                            Vivre                                        <\/span>\n                                    <\/div>\n                                <\/div>\n                            <\/a>\n                        <\/div>\n                                                <div class=\"swiper-slide\">\n                            <a href=\"https:\/\/visitvalsesiavercelli.it\/noleggio-e-scuole-sci\/\" class=\"carosello-element\">\n                                <div class=\"wp-block-image\">\n                                    <img loading=\"lazy\" decoding=\"async\" width=\"340\" height=\"210\" src=\"https:\/\/visitvalsesiavercelli.it\/wp-content\/uploads\/2022\/10\/Noleggio-340x210.jpg\" class=\"attachment-regular-thumb size-regular-thumb wp-post-image\" alt=\"\" srcset=\"https:\/\/visitvalsesiavercelli.it\/wp-content\/uploads\/2022\/10\/Noleggio-340x210.jpg 340w, https:\/\/visitvalsesiavercelli.it\/wp-content\/uploads\/2022\/10\/Noleggio-680x420.jpg 680w\" sizes=\"auto, (max-width: 340px) 100vw, 340px\" \/>                                <\/div>\n                                <div class=\"content\">\n                                    <h4>Noleggio attrezzatura<\/h4>\n                                <\/div>\n                                <div class=\"wp-block-buttons\">\n                                    <div class=\"wp-block-button is-style-outline\">\n                                        <span class=\"wp-block-button__link\">\n                                            Vivre                                        <\/span>\n                                    <\/div>\n                                <\/div>\n                            <\/a>\n                        <\/div>\n                                                <div class=\"swiper-slide\">\n                            <a href=\"https:\/\/visitvalsesiavercelli.it\/scopri\/winter-in-valsesia\/guide-alpine\/\" class=\"carosello-element\">\n                                <div class=\"wp-block-image\">\n                                    <img loading=\"lazy\" decoding=\"async\" width=\"340\" height=\"210\" src=\"https:\/\/visitvalsesiavercelli.it\/wp-content\/uploads\/2022\/10\/ACTI3208-340x210.png\" class=\"attachment-regular-thumb size-regular-thumb wp-post-image\" alt=\"\" srcset=\"https:\/\/visitvalsesiavercelli.it\/wp-content\/uploads\/2022\/10\/ACTI3208-340x210.png 340w, https:\/\/visitvalsesiavercelli.it\/wp-content\/uploads\/2022\/10\/ACTI3208-680x420.png 680w\" sizes=\"auto, (max-width: 340px) 100vw, 340px\" \/>                                <\/div>\n                                <div class=\"content\">\n                                    <h4>Guide alpine<\/h4>\n                                <\/div>\n                                <div class=\"wp-block-buttons\">\n                                    <div class=\"wp-block-button is-style-outline\">\n                                        <span class=\"wp-block-button__link\">\n                                            Vivre                                        <\/span>\n                                    <\/div>\n                                <\/div>\n                            <\/a>\n                        <\/div>\n                                                <div class=\"swiper-slide\">\n                            <a href=\"https:\/\/visitvalsesiavercelli.it\/organizza\/ospitalita\/dove-dormire\/\" class=\"carosello-element\">\n                                <div class=\"wp-block-image\">\n                                    <img loading=\"lazy\" decoding=\"async\" width=\"340\" height=\"210\" src=\"https:\/\/visitvalsesiavercelli.it\/wp-content\/uploads\/2022\/08\/dove-dormire-340x210.jpg\" class=\"attachment-regular-thumb size-regular-thumb wp-post-image\" alt=\"\" srcset=\"https:\/\/visitvalsesiavercelli.it\/wp-content\/uploads\/2022\/08\/dove-dormire-340x210.jpg 340w, https:\/\/visitvalsesiavercelli.it\/wp-content\/uploads\/2022\/08\/dove-dormire-680x420.jpg 680w\" sizes=\"auto, (max-width: 340px) 100vw, 340px\" \/>                                <\/div>\n                                <div class=\"content\">\n                                    <h4>Dove dormire<\/h4>\n                                <\/div>\n                                <div class=\"wp-block-buttons\">\n                                    <div class=\"wp-block-button is-style-outline\">\n                                        <span class=\"wp-block-button__link\">\n                                            Vivre                                        <\/span>\n                                    <\/div>\n                                <\/div>\n                            <\/a>\n                        <\/div>\n                                                <div class=\"swiper-slide\">\n                            <a href=\"https:\/\/visitvalsesiavercelli.it\/organizza\/ospitalita\/dove-mangiare\/\" class=\"carosello-element\">\n                                <div class=\"wp-block-image\">\n                                    <img loading=\"lazy\" decoding=\"async\" width=\"340\" height=\"210\" src=\"https:\/\/visitvalsesiavercelli.it\/wp-content\/uploads\/2022\/07\/hero-gusto-340x210.jpg\" class=\"attachment-regular-thumb size-regular-thumb wp-post-image\" alt=\"\" srcset=\"https:\/\/visitvalsesiavercelli.it\/wp-content\/uploads\/2022\/07\/hero-gusto-340x210.jpg 340w, https:\/\/visitvalsesiavercelli.it\/wp-content\/uploads\/2022\/07\/hero-gusto-680x420.jpg 680w\" sizes=\"auto, (max-width: 340px) 100vw, 340px\" \/>                                <\/div>\n                                <div class=\"content\">\n                                    <h4>Dove mangiare<\/h4>\n                                <\/div>\n                                <div class=\"wp-block-buttons\">\n                                    <div class=\"wp-block-button is-style-outline\">\n                                        <span class=\"wp-block-button__link\">\n                                            Vivre                                        <\/span>\n                                    <\/div>\n                                <\/div>\n                            <\/a>\n                        <\/div>\n                                        <\/div>\n                <div class=\"swiper-buttons\">\n                    <div class=\"swiper-button-prev\"><\/div>\n                    <div class=\"swiper-button-next\"><\/div>\n                <\/div>\n            <\/div>\n            <\/section><\/div>\n<\/div>\n<\/div>\n<\/div>\n","protected":false},"excerpt":{"rendered":"<p>Home Scopri Winter in Valsesia Sport invernali D\u00c9COUVREZ LA VALSESIA \u00c9VOLUANT SUR LA NEIGE Vivre la montagne raquettes aux pieds procure des \u00e9motions inoubliables. D\u00e9couvrez la magie des montagnes enneig\u00e9es et plongez dans une nature authentique, pas \u00e0 pas, en silence, sur vos raquettes. UNE ATMOSPH\u00c8RE MAGIQUE C\u2019est une exp\u00e9rience unique d\u2019\u00e9voluer en raquettes et&#8230;<\/p>\n","protected":false},"author":6,"featured_media":0,"parent":12660,"menu_order":0,"comment_status":"closed","ping_status":"closed","template":"","meta":{"_acf_changed":false,"footnotes":""},"class_list":["post-12661","page","type-page","status-publish","hentry"],"acf":[],"_links":{"self":[{"href":"https:\/\/visitvalsesiavercelli.it\/fr\/wp-json\/wp\/v2\/pages\/12661","targetHints":{"allow":["GET"]}}],"collection":[{"href":"https:\/\/visitvalsesiavercelli.it\/fr\/wp-json\/wp\/v2\/pages"}],"about":[{"href":"https:\/\/visitvalsesiavercelli.it\/fr\/wp-json\/wp\/v2\/types\/page"}],"author":[{"embeddable":true,"href":"https:\/\/visitvalsesiavercelli.it\/fr\/wp-json\/wp\/v2\/users\/6"}],"replies":[{"embeddable":true,"href":"https:\/\/visitvalsesiavercelli.it\/fr\/wp-json\/wp\/v2\/comments?post=12661"}],"version-history":[{"count":0,"href":"https:\/\/visitvalsesiavercelli.it\/fr\/wp-json\/wp\/v2\/pages\/12661\/revisions"}],"up":[{"embeddable":true,"href":"https:\/\/visitvalsesiavercelli.it\/fr\/wp-json\/wp\/v2\/pages\/12660"}],"wp:attachment":[{"href":"https:\/\/visitvalsesiavercelli.it\/fr\/wp-json\/wp\/v2\/media?parent=12661"}],"curies":[{"name":"wp","href":"https:\/\/api.w.org\/{rel}","templated":true}]}}