{"id":12666,"date":"2022-06-23T10:46:43","date_gmt":"2022-06-23T08:46:43","guid":{"rendered":"https:\/\/visitvalsesiavercelli.it\/?page_id=12666"},"modified":"2023-04-08T15:15:48","modified_gmt":"2023-04-08T13:15:48","slug":"siti-unesco","status":"publish","type":"page","link":"https:\/\/visitvalsesiavercelli.it\/fr\/siti-unesco\/","title":{"rendered":"Sites UNESCO"},"content":{"rendered":"\n<div class=\"wp-block-cover alignfull has-custom-content-position is-position-center-left hero\" style=\"min-height:650px;aspect-ratio:unset;\"><span aria-hidden=\"true\" class=\"wp-block-cover__background has-background-dim\"><\/span><img loading=\"lazy\" decoding=\"async\" width=\"1920\" height=\"1282\" class=\"wp-block-cover__image-background wp-image-2591\" alt=\"\" src=\"https:\/\/visitvalsesiavercelli.it\/wp-content\/uploads\/2022\/09\/Sacro-Monte-Varallo-1.jpg\" style=\"object-position:52% 61%\" data-object-fit=\"cover\" data-object-position=\"52% 61%\" srcset=\"https:\/\/visitvalsesiavercelli.it\/wp-content\/uploads\/2022\/09\/Sacro-Monte-Varallo-1.jpg 1920w, https:\/\/visitvalsesiavercelli.it\/wp-content\/uploads\/2022\/09\/Sacro-Monte-Varallo-1-1000x668.jpg 1000w, https:\/\/visitvalsesiavercelli.it\/wp-content\/uploads\/2022\/09\/Sacro-Monte-Varallo-1-1500x1002.jpg 1500w\" sizes=\"auto, (max-width: 1920px) 100vw, 1920px\" \/><div class=\"wp-block-cover__inner-container is-layout-flow wp-block-cover-is-layout-flow\">\n<div class=\"wp-block-group is-layout-flow wp-block-group-is-layout-flow\">\n<h1 class=\"wp-block-heading has-bianco-color has-text-color\" style=\"text-transform:uppercase\">SITES UNESCO<\/h1>\n<\/div>\n<\/div><\/div>\n\n\n\n<div class=\"wp-block-group alignfull breadcrumbs is-layout-flow wp-block-group-is-layout-flow\">\n<div class=\"wp-block-group d-flex is-layout-flow wp-block-group-is-layout-flow\">\n<p><a href=\"https:\/\/visitvalsesiavercelli.it\/\" data-type=\"page\" data-id=\"2\">Home<\/a><\/p>\n\n\n\n<p>Scopri<\/p>\n\n\n\n<p>Punti d&rsquo;interesse<\/p>\n\n\n<h6 class=\"wp-block-post-title has-text-color has-orange-color\">Sites UNESCO<\/h6><\/div>\n<\/div>\n\n\n\n<div class=\"wp-block-group alignfull is-layout-flow wp-block-group-is-layout-flow\">\n<div class=\"wp-block-group intro-esperienze is-layout-constrained wp-container-core-group-is-layout-02dd29b2 wp-block-group-is-layout-constrained\" style=\"padding-top:70px;padding-bottom:70px\">\n<h2 class=\"wp-block-heading has-text-align-center has-text-color\" style=\"color:#2d3429;text-transform:uppercase\">COMMENCEZ PAR LES<br><mark style=\"background-color:rgba(0, 0, 0, 0)\" class=\"has-inline-color has-giallo-color\">SITES UNESCO<\/mark><\/h2>\n\n\n\n<p class=\"has-text-align-center has-text-color has-size-22-font-size\" style=\"color:#36442e;font-style:normal;font-weight:600\">Piochez dans nos suggestions pour pr\u00e9parer au mieux les \u00e9tapes de votre voyage, et laissez-vous surprendre par les merveilles d&rsquo;un territoire \u00e0 la beaut\u00e9 authentique.<\/p>\n<\/div>\n<\/div>\n\n\n    <div class=\"wp-block-group alignwide filter-container \">\n        <div class=\"filtri-head is-content-justification-space-between is-nowrap wp-block-group\">\n            <div>\n                \n\n<h3 class=\"wp-block-heading has-text-color has-size-29-font-size\" style=\"color:#2d3429;text-transform:uppercase\">O\u00d9 POUVONS-NOUS <br>VOUS EMMENER&nbsp;?<br><\/h3>\n\n\n            <\/div>\n            <form class=\"filtri-esperienze\" data-type=\"punti-di-interesse\" data-cat=\"70\">\n                                                            <div>\n                            <label class=\"area\" data-default=\"S\u00e9lectionner zone\">S\u00e9lectionner zone<\/label>\n                            <select name=\"area\">\n                                <option value=\"\" selected>Toutes les zones<\/option>\n                                <option value=\"7\">Alta Valsesia<\/option><option value=\"6\">Bassa Valsesia<\/option><option value=\"5\">Gattinara e Baraggia<\/option><option value=\"8\">Vercelli e Terre del Riso<\/option>                            <\/select>\n                        <\/div>\n                                                                                                                                                                                                                                                                                                                                                                                                                                                                                                                                                                        \n                <div>\n                    <input type=\"radio\" id=\"mosaico\" name=\"vista\" value=\"mosaico\" checked><label for=\"mosaico\"><\/label><input type=\"radio\" id=\"elenco\" name=\"vista\" value=\"elenco\" ><label for=\"elenco\"><\/label><input type=\"radio\" id=\"mappa\" name=\"vista\" value=\"mappa\" ><label for=\"mappa\"><\/label>                <\/div>\n                <div><button type=\"submit\" class=\"cerca-filtri\"><i class=\"icon-search\"><\/i><\/button><\/div>\n            <\/form>\n        <\/div>\n    <\/div>\n        <div class=\"pins\" data-pin=\"https:\/\/visitvalsesiavercelli.it\/wp-content\/themes\/atl\/dist\/images\/pin.png\" data-pin-active=\"https:\/\/visitvalsesiavercelli.it\/wp-content\/themes\/atl\/dist\/images\/pin.png\"><\/div>\n    <section class=\"lista-esperienze punti-di-interesse\">\n        <div>\n                                                    <div class=\"mosaico\">\n                                                            <a href=\"https:\/\/visitvalsesiavercelli.it\/fr\/scopri\/punti-di-interesse\/supervolcan-de-la-valsesia\/\" class=\"carosello-element\">\n                                                        \n                                <div class=\"wp-block-image\">\n                                    <img loading=\"lazy\" decoding=\"async\" width=\"340\" height=\"210\" src=\"https:\/\/visitvalsesiavercelli.it\/wp-content\/uploads\/2022\/08\/52-340x210.jpg\" class=\"attachment-regular-thumb size-regular-thumb wp-post-image\" alt=\"\" srcset=\"https:\/\/visitvalsesiavercelli.it\/wp-content\/uploads\/2022\/08\/52-340x210.jpg 340w, https:\/\/visitvalsesiavercelli.it\/wp-content\/uploads\/2022\/08\/52-680x420.jpg 680w\" sizes=\"auto, (max-width: 340px) 100vw, 340px\" \/>                                <\/div>\n                                <div class=\"content\">\n                                    <h4>SUPERVOLCAN DE LA VALSESIA<\/h4>\n                                <\/div>\n                                <div class=\"wp-block-buttons\">\n                                    <div class=\"wp-block-button is-style-outline\">\n                                        <span class=\"wp-block-button__link\">\n                                        Vivre                                        <\/span>\n                                    <\/div>\n                                <\/div>\n                            <\/a>\n                        <\/div>    \n                         \n                                        <div class=\"mosaico\">\n                                                            <a href=\"https:\/\/visitvalsesiavercelli.it\/fr\/scopri\/punti-di-interesse\/sacro-monte-di-varallo\/\" class=\"carosello-element\">\n                                                        \n                                <div class=\"wp-block-image\">\n                                    <img loading=\"lazy\" decoding=\"async\" width=\"340\" height=\"210\" src=\"https:\/\/visitvalsesiavercelli.it\/wp-content\/uploads\/2022\/08\/Sacro-Monte-Varallo-1-340x210.jpg\" class=\"attachment-regular-thumb size-regular-thumb wp-post-image\" alt=\"\" srcset=\"https:\/\/visitvalsesiavercelli.it\/wp-content\/uploads\/2022\/08\/Sacro-Monte-Varallo-1-340x210.jpg 340w, https:\/\/visitvalsesiavercelli.it\/wp-content\/uploads\/2022\/08\/Sacro-Monte-Varallo-1-680x420.jpg 680w\" sizes=\"auto, (max-width: 340px) 100vw, 340px\" \/>                                <\/div>\n                                <div class=\"content\">\n                                    <h4>Sacro Monte di Varallo<\/h4>\n                                <\/div>\n                                <div class=\"wp-block-buttons\">\n                                    <div class=\"wp-block-button is-style-outline\">\n                                        <span class=\"wp-block-button__link\">\n                                        Vivre                                        <\/span>\n                                    <\/div>\n                                <\/div>\n                            <\/a>\n                        <\/div>    \n                         \n                                    <\/div>\n    <\/section>\n                        <div class=\"prev-next-esperienze align\">\n            <div><a href=\"https:\/\/visitvalsesiavercelli.it\/scopri\/punti-di-interesse\/siti-naturalistici\/\" class=\"prev\"><i class=\"icon-arrow-long\"><\/i><i class=\"icon-siti-naturalistici\"><\/i><\/a><\/div><div><\/div>        <\/div>\n            \n    \n\n\n<div style=\"height:50px\" aria-hidden=\"true\" class=\"wp-block-spacer\"><\/div>\n","protected":false},"excerpt":{"rendered":"<p>Home Scopri Punti d&rsquo;interesse COMMENCEZ PAR LESSITES UNESCO Piochez dans nos suggestions pour pr\u00e9parer au mieux les \u00e9tapes de votre voyage, et laissez-vous surprendre par les merveilles d&rsquo;un territoire \u00e0 la beaut\u00e9 authentique.<\/p>\n","protected":false},"author":2,"featured_media":0,"parent":0,"menu_order":0,"comment_status":"closed","ping_status":"closed","template":"","meta":{"_acf_changed":false,"footnotes":""},"class_list":["post-12666","page","type-page","status-publish","hentry"],"acf":[],"_links":{"self":[{"href":"https:\/\/visitvalsesiavercelli.it\/fr\/wp-json\/wp\/v2\/pages\/12666","targetHints":{"allow":["GET"]}}],"collection":[{"href":"https:\/\/visitvalsesiavercelli.it\/fr\/wp-json\/wp\/v2\/pages"}],"about":[{"href":"https:\/\/visitvalsesiavercelli.it\/fr\/wp-json\/wp\/v2\/types\/page"}],"author":[{"embeddable":true,"href":"https:\/\/visitvalsesiavercelli.it\/fr\/wp-json\/wp\/v2\/users\/2"}],"replies":[{"embeddable":true,"href":"https:\/\/visitvalsesiavercelli.it\/fr\/wp-json\/wp\/v2\/comments?post=12666"}],"version-history":[{"count":0,"href":"https:\/\/visitvalsesiavercelli.it\/fr\/wp-json\/wp\/v2\/pages\/12666\/revisions"}],"wp:attachment":[{"href":"https:\/\/visitvalsesiavercelli.it\/fr\/wp-json\/wp\/v2\/media?parent=12666"}],"curies":[{"name":"wp","href":"https:\/\/api.w.org\/{rel}","templated":true}]}}