{"id":12668,"date":"2022-09-13T17:53:39","date_gmt":"2022-09-13T15:53:39","guid":{"rendered":"https:\/\/visitvalsesiavercelli.it\/?page_id=12668"},"modified":"2023-02-19T14:54:16","modified_gmt":"2023-02-19T13:54:16","slug":"ecoles-de-ski","status":"publish","type":"page","link":"https:\/\/visitvalsesiavercelli.it\/fr\/ecoles-de-ski\/","title":{"rendered":"\u00c9coles de ski"},"content":{"rendered":"\n<div class=\"wp-block-cover alignfull is-light has-custom-content-position is-position-center-left hero\" style=\"min-height:650px;aspect-ratio:unset;\"><span aria-hidden=\"true\" class=\"wp-block-cover__background has-background-dim\"><\/span><img loading=\"lazy\" decoding=\"async\" width=\"2560\" height=\"1709\" class=\"wp-block-cover__image-background wp-image-3771\" alt=\"\" src=\"https:\/\/visitvalsesiavercelli.it\/wp-content\/uploads\/2022\/10\/pol_1865-scaled.jpg\" style=\"object-position:85% 100%\" data-object-fit=\"cover\" data-object-position=\"85% 100%\" srcset=\"https:\/\/visitvalsesiavercelli.it\/wp-content\/uploads\/2022\/10\/pol_1865-scaled.jpg 2560w, https:\/\/visitvalsesiavercelli.it\/wp-content\/uploads\/2022\/10\/pol_1865-1000x667.jpg 1000w, https:\/\/visitvalsesiavercelli.it\/wp-content\/uploads\/2022\/10\/pol_1865-1500x1001.jpg 1500w\" sizes=\"auto, (max-width: 2560px) 100vw, 2560px\" \/><div class=\"wp-block-cover__inner-container is-layout-flow wp-block-cover-is-layout-flow\">\n<div class=\"wp-block-group is-layout-flow wp-block-group-is-layout-flow\">\n<figure class=\"wp-block-image size-large\"><img loading=\"lazy\" decoding=\"async\" width=\"180\" height=\"211\" src=\"https:\/\/visitvalsesiavercelli.it\/wp-content\/uploads\/2022\/06\/emozioni-sulla-neve.svg\" alt=\"\" class=\"wp-image-348\"\/><\/figure>\n\n\n\n<h1 class=\"has-bianco-color has-text-color wp-block-heading\" style=\"text-transform:uppercase\">\u00c9coles de ski<\/h1>\n<\/div>\n<\/div><\/div>\n\n\n\n<div class=\"wp-block-group alignfull breadcrumbs is-layout-flow wp-block-group-is-layout-flow\">\n<div class=\"wp-block-group d-flex is-layout-flow wp-block-group-is-layout-flow\">\n<p><a href=\"https:\/\/visitvalsesiavercelli.it\/\" data-type=\"page\" data-id=\"2\">Home<\/a><\/p>\n\n\n\n<p>Scopri<\/p>\n\n\n\n<p>Winter in Valsesia<\/p>\n\n\n<h6 class=\"wp-block-post-title has-text-color has-orange-color\">\u00c9coles de ski<\/h6><\/div>\n<\/div>\n\n\n\n<div class=\"wp-block-group alignfull is-layout-flow wp-block-group-is-layout-flow\">\n<div class=\"wp-block-group intro-esperienze sci is-layout-constrained wp-container-core-group-is-layout-02dd29b2 wp-block-group-is-layout-constrained\" style=\"padding-top:70px;padding-bottom:70px\">\n<h2 class=\"has-text-align-center has-blu-color has-text-color wp-block-heading\" style=\"text-transform:uppercase\"><br>trouvez votre <br><mark style=\"background-color:rgba(0, 0, 0, 0)\" class=\"has-inline-color has-giallo-color\">\u00e9cole de ski <\/mark><\/h2>\n\n\n\n<p class=\"has-text-align-center has-text-color has-size-22-font-size\" style=\"color:#36442e;font-style:normal;font-weight:600\">Pr\u00e9parez votre journ\u00e9e sur la neige en Valsesia&nbsp;: des professionnels de la neige sont \u00e0 votre disposition pour vous faire vivre des moments inoubliables en d\u00e9couvrant toutes les activit\u00e9s \u00e0 pratiquer sur les montagnes enneig\u00e9es. Faites confiance \u00e0 nos \u00e9coles de ski&nbsp;! <\/p>\n<\/div>\n\n\n\n<div class=\"wp-block-group intro-2 empty is-layout-flow wp-container-core-group-is-layout-1ce98168 wp-block-group-is-layout-flow\" style=\"padding-top:80px\">\n<div class=\"wp-block-columns gap-mobile is-layout-flex wp-container-core-columns-is-layout-28f84493 wp-block-columns-is-layout-flex\">\n<div class=\"wp-block-column is-vertically-aligned-center is-layout-flow wp-block-column-is-layout-flow\">\n<h3 class=\"has-text-align-left has-blu-color has-text-color wp-block-heading\" style=\"font-size:26px;text-transform:uppercase\">Scuola sci di fondo <\/h3>\n\n\n\n<h3 class=\"has-text-align-left has-blu-color has-text-color wp-block-heading\" style=\"font-size:26px;text-transform:uppercase\">\u201cLa Marmotta Rosa\u201d<\/h3>\n\n\n\n<p class=\"has-icon pin\">13021 Via per Piana Fuseria, 14 &#8211; Alagna Valsesia <\/p>\n\n\n\n<p class=\"has-icon tel\">+39 0163 922988 &#8211; +39 349 0060799<\/p>\n\n\n\n<p class=\"has-icon mail\"><a href=\"mailto:pistadifondo@gmail.com\">pistadifondo@gmail.com<\/a><\/p>\n<\/div>\n\n\n\n<div class=\"wp-block-column is-vertically-aligned-top is-layout-flow wp-block-column-is-layout-flow\">\n<h3 class=\"has-text-align-left has-blu-color has-text-color wp-block-heading\" style=\"font-size:26px;text-transform:uppercase\">Scuola Sci di Fondo <\/h3>\n\n\n\n<h3 class=\"has-text-align-left has-blu-color has-text-color wp-block-heading\" style=\"font-size:26px;text-transform:uppercase\">Sci Club Carcoforo<\/h3>\n\n\n\n<p class=\"has-icon pin\">13026 c\/o Sci Club Carcoforo &#8211; loc. Tetto Minocco<\/p>\n\n\n\n<p class=\"has-icon tel\">+39 347 8729211<\/p>\n\n\n\n<p class=\"has-icon mail\"><a href=\"mailto:sciclub@comunecarcoforo.it\">sciclub@comunecarcoforo.it <\/a><\/p>\n<\/div>\n\n\n\n<div class=\"wp-block-column is-vertically-aligned-top is-layout-flow wp-block-column-is-layout-flow\">\n<h3 class=\"has-text-align-left has-blu-color has-text-color wp-block-heading\" style=\"font-size:26px;text-transform:uppercase\">Scuola Sci e Snowboard Alagna<\/h3>\n\n\n\n<p class=\"has-icon pin\">13021 Loc. Wold e via dei Walser, 9 &#8211; Alagna Valsesia<\/p>\n\n\n\n<p class=\"has-icon tel\">+39 349 4684270<\/p>\n\n\n\n<p class=\"has-icon mail\"><a href=\"mailto:scuolascialagna@gmail.com\">scuolascialagna@gmail.com<\/a><\/p>\n\n\n\n<p class=\"has-icon www\"> <a href=\"http:\/\/www.skiteamvalsesia.com\/pista-di-fondo\"><\/a><a href=\"http:\/\/www.scuolascialagna.it\">www.scuolascialagna.it<\/a> <\/p>\n<\/div>\n<\/div>\n\n\n\n<div class=\"wp-block-columns gap-mobile is-layout-flex wp-container-core-columns-is-layout-28f84493 wp-block-columns-is-layout-flex\">\n<div class=\"wp-block-column is-layout-flow wp-block-column-is-layout-flow\">\n<h3 class=\"has-text-align-left has-blu-color has-text-color wp-block-heading\" style=\"font-size:26px;text-transform:uppercase\">Scuola Sci Mera Valsesia<\/h3>\n\n\n\n<p class=\"has-icon pin\">13028 Alpe di Mera &#8211; Scopello<\/p>\n\n\n\n<p class=\"has-icon tel\">+39 0163 78024 &#8211; +39 380 3046974<\/p>\n\n\n\n<p class=\"has-icon mail\"><a href=\"mailto:info@scuolascimeravalsesia.it\">info@scuolascimeravalsesia.it<\/a> <\/p>\n\n\n\n<p class=\"has-icon www\"><a href=\"http:\/\/www.scuolascimeravalsesia.it\">www.scuolascimeravalsesia.it<\/a><\/p>\n<\/div>\n\n\n\n<div class=\"wp-block-column is-layout-flow wp-block-column-is-layout-flow\">\n<h3 class=\"has-text-align-left has-blu-color has-text-color wp-block-heading\" style=\"font-size:26px;text-transform:uppercase\">Ski Academy &#8211; <br>Alagna Monterosa<\/h3>\n\n\n\n<p class=\"has-icon pin\">13021 Fraz. alla Chiesa &#8211; Alagna Valsesia<\/p>\n\n\n\n<p class=\"has-icon tel\">+39 346 7581096<\/p>\n\n\n\n<p class=\"has-icon mail\"><a href=\"mailto:info@scuolascimeravalsesia.it\"><\/a><a href=\"mailto:info@skiacademyalagnamonterosa.it\">info@skiacademyalagnamonterosa.it<\/a><\/p>\n\n\n\n<p class=\"has-icon www\"><a href=\"http:\/\/www.scuolascimeravalsesia.it\"><\/a><a href=\"http:\/\/www.skiacademyalagnamonterosa.it\/\">www.skiacademyalagnamonterosa.it<\/a><\/p>\n<\/div>\n\n\n\n<div class=\"wp-block-column is-layout-flow wp-block-column-is-layout-flow\">\n<h3 class=\"has-text-align-left has-blu-color has-text-color wp-block-heading\" style=\"font-size:26px;text-transform:uppercase\">Snow School Alpe di Mera<\/h3>\n\n\n\n<p class=\"has-icon pin\">13028 Via Alla Chiesa, 4 &#8211; Alpe di Mera, Scopello<\/p>\n\n\n\n<p class=\"has-icon tel\">+39 0163 78002 &#8211; +39 333 7723963<\/p>\n\n\n\n<p class=\"has-icon mail\"><a href=\"mailto:info@scuolascimeravalsesia.it\"><\/a><a href=\"mailto:info@skiacademyalagnamonterosa.it\"><\/a><a href=\"mailto:info@scuolascilalpedimera.it\">info@scuolascilalpedimera.it<\/a><\/p>\n\n\n\n<p class=\"has-icon www\"><a href=\"http:\/\/www.scuolascimeravalsesia.it\"><\/a><a href=\"http:\/\/www.scuolascialpedimera.it\">www.scuolascialpedimera.it<\/a><\/p>\n<\/div>\n<\/div>\n\n\n\n<div class=\"wp-block-columns gap-mobile is-layout-flex wp-container-core-columns-is-layout-26c3bff1 wp-block-columns-is-layout-flex\" style=\"padding-bottom:50px\">\n<div class=\"wp-block-column is-layout-flow wp-block-column-is-layout-flow\">\n<div class=\"wp-block-columns is-layout-flex wp-container-core-columns-is-layout-28f84493 wp-block-columns-is-layout-flex\">\n<div class=\"wp-block-column is-layout-flow wp-block-column-is-layout-flow\">\n<h3 class=\"has-text-align-left has-blu-color has-text-color wp-block-heading\" style=\"font-size:26px;text-transform:uppercase\">Valsesia Freelines Outdoor Institute<\/h3>\n\n\n\n<p class=\"has-icon pin\">13021 Via dei Walser, 23 &#8211; Alagna Valsesia<\/p>\n\n\n\n<p class=\"has-icon tel\">+39 329 9810819 &#8211; +39 342 6263424<\/p>\n\n\n\n<p class=\"has-icon mail\"><a href=\"mailto:info@scuolascimeravalsesia.it\"><\/a><a href=\"mailto:valsesiafreelines@gmail.com\">valsesiafreelines@gmail.com<\/a><\/p>\n\n\n\n<p class=\"has-icon www\"><a href=\"http:\/\/www.valsesiafreelines.com\">www.valsesiafreelines.com<\/a> <\/p>\n<\/div>\n\n\n\n<div class=\"wp-block-column is-layout-flow wp-block-column-is-layout-flow\">\n<h3 class=\"has-text-align-left has-blu-color has-text-color wp-block-heading\" style=\"font-size:26px;text-transform:uppercase\">scuola sci mera monterosa<\/h3>\n\n\n\n<p class=\"has-icon pin\">13028 Via Statale, 22 &#8211; Scopello<\/p>\n\n\n\n<p class=\"has-icon tel\">+39 353 4182611 <\/p>\n\n\n\n<p class=\"has-icon mail\"><a href=\"mailto:info@scuolascimeramonterosa.it\">info@scuolascimeramonterosa.it <\/a><\/p>\n\n\n\n<p class=\"has-icon www\"><a href=\"http:\/\/www.scuolascimeramonterosa.it\">www.scuolascimeramonterosa.it <\/a><\/p>\n<\/div>\n\n\n\n<div class=\"wp-block-column is-layout-flow wp-block-column-is-layout-flow\"><\/div>\n<\/div>\n<\/div>\n<\/div>\n<\/div>\n\n\n\n<div style=\"height:100px\" aria-hidden=\"true\" class=\"wp-block-spacer\"><\/div>\n<\/div>\n","protected":false},"excerpt":{"rendered":"<p>Home Scopri Winter in Valsesia trouvez votre \u00e9cole de ski Pr\u00e9parez votre journ\u00e9e sur la neige en Valsesia&nbsp;: des professionnels de la neige sont \u00e0 votre disposition pour vous faire vivre des moments inoubliables en d\u00e9couvrant toutes les activit\u00e9s \u00e0 pratiquer sur les montagnes enneig\u00e9es. Faites confiance \u00e0 nos \u00e9coles de ski&nbsp;! Scuola sci di&#8230;<\/p>\n","protected":false},"author":6,"featured_media":6940,"parent":0,"menu_order":0,"comment_status":"closed","ping_status":"closed","template":"","meta":{"_acf_changed":false,"footnotes":""},"class_list":["post-12668","page","type-page","status-publish","has-post-thumbnail","hentry"],"acf":[],"_links":{"self":[{"href":"https:\/\/visitvalsesiavercelli.it\/fr\/wp-json\/wp\/v2\/pages\/12668","targetHints":{"allow":["GET"]}}],"collection":[{"href":"https:\/\/visitvalsesiavercelli.it\/fr\/wp-json\/wp\/v2\/pages"}],"about":[{"href":"https:\/\/visitvalsesiavercelli.it\/fr\/wp-json\/wp\/v2\/types\/page"}],"author":[{"embeddable":true,"href":"https:\/\/visitvalsesiavercelli.it\/fr\/wp-json\/wp\/v2\/users\/6"}],"replies":[{"embeddable":true,"href":"https:\/\/visitvalsesiavercelli.it\/fr\/wp-json\/wp\/v2\/comments?post=12668"}],"version-history":[{"count":0,"href":"https:\/\/visitvalsesiavercelli.it\/fr\/wp-json\/wp\/v2\/pages\/12668\/revisions"}],"wp:featuredmedia":[{"embeddable":true,"href":"https:\/\/visitvalsesiavercelli.it\/fr\/wp-json\/wp\/v2\/media\/6940"}],"wp:attachment":[{"href":"https:\/\/visitvalsesiavercelli.it\/fr\/wp-json\/wp\/v2\/media?parent=12668"}],"curies":[{"name":"wp","href":"https:\/\/api.w.org\/{rel}","templated":true}]}}