{"id":12669,"date":"2022-06-23T10:45:50","date_gmt":"2022-06-23T08:45:50","guid":{"rendered":"https:\/\/visitvalsesiavercelli.it\/?page_id=12669"},"modified":"2023-02-19T14:55:05","modified_gmt":"2023-02-19T13:55:05","slug":"guides-de-montagne","status":"publish","type":"page","link":"https:\/\/visitvalsesiavercelli.it\/fr\/guides-de-montagne\/","title":{"rendered":"Guides de montagne"},"content":{"rendered":"\n<div class=\"wp-block-cover alignfull is-light has-custom-content-position is-position-center-left hero\" style=\"min-height:650px;aspect-ratio:unset;\"><span aria-hidden=\"true\" class=\"wp-block-cover__background has-background-dim\"><\/span><img loading=\"lazy\" decoding=\"async\" width=\"4896\" height=\"3264\" class=\"wp-block-cover__image-background wp-image-3773\" alt=\"\" src=\"https:\/\/visitvalsesiavercelli.it\/wp-content\/uploads\/2022\/10\/ACTI3208.png\" style=\"object-position:0% 55%\" data-object-fit=\"cover\" data-object-position=\"0% 55%\" srcset=\"https:\/\/visitvalsesiavercelli.it\/wp-content\/uploads\/2022\/10\/ACTI3208.png 4896w, https:\/\/visitvalsesiavercelli.it\/wp-content\/uploads\/2022\/10\/ACTI3208-1000x667.png 1000w, https:\/\/visitvalsesiavercelli.it\/wp-content\/uploads\/2022\/10\/ACTI3208-1500x1000.png 1500w\" sizes=\"auto, (max-width: 4896px) 100vw, 4896px\" \/><div class=\"wp-block-cover__inner-container is-layout-flow wp-block-cover-is-layout-flow\">\n<div class=\"wp-block-group is-layout-flow wp-block-group-is-layout-flow\">\n<figure class=\"wp-block-image size-large\"><img loading=\"lazy\" decoding=\"async\" width=\"180\" height=\"211\" src=\"https:\/\/visitvalsesiavercelli.it\/wp-content\/uploads\/2022\/06\/emozioni-sulla-neve.svg\" alt=\"\" class=\"wp-image-348\"\/><\/figure>\n\n\n\n<h1 class=\"has-bianco-color has-text-color wp-block-heading\" style=\"text-transform:uppercase\">Guides de montagne<\/h1>\n<\/div>\n<\/div><\/div>\n\n\n\n<div class=\"wp-block-group alignfull breadcrumbs is-layout-flow wp-block-group-is-layout-flow\">\n<div class=\"wp-block-group d-flex is-layout-flow wp-block-group-is-layout-flow\">\n<p><a href=\"https:\/\/visitvalsesiavercelli.it\/\" data-type=\"page\" data-id=\"2\">Home<\/a><\/p>\n\n\n\n<p>Scopri<\/p>\n\n\n\n<p>Winter in Valsesia<\/p>\n\n\n<h6 class=\"wp-block-post-title has-text-color has-orange-color\">Guides de montagne<\/h6><\/div>\n<\/div>\n\n\n\n<div class=\"wp-block-group alignfull is-layout-flow wp-block-group-is-layout-flow\">\n<div class=\"wp-block-group intro-esperienze sci is-layout-constrained wp-container-core-group-is-layout-02dd29b2 wp-block-group-is-layout-constrained\" style=\"padding-top:70px;padding-bottom:70px\">\n<h2 class=\"has-text-align-center has-blu-color has-text-color wp-block-heading\" style=\"text-transform:uppercase\">Contactez nos <br> <mark style=\"background-color:rgba(0, 0, 0, 0)\" class=\"has-inline-color has-giallo-color\">guides de montagne  <\/mark><\/h2>\n\n\n\n<p class=\"has-text-align-center has-text-color has-size-22-font-size\" style=\"color:#36442e;font-style:normal;font-weight:600\">Vivez des exp\u00e9riences uniques et inoubliables en compagnie de nos guides de montagne. Choisissez l&rsquo;activit\u00e9 qui vous tente le plus en Valsesia et vivez le sport en toute s\u00e9curit\u00e9 avec nos professionnels, toujours \u00e0 votre disposition!<\/p>\n<\/div>\n<\/div>\n\n\n\n<div class=\"wp-block-group alignfull mountains-bg mountains-bg-top has-nero-color has-grigio-chiaro-background-color has-text-color has-background is-layout-flow wp-block-group-is-layout-flow\">\n<div class=\"wp-block-group alignfull mountains-bg mountains-bg-top has-nero-color has-grigio-chiaro-background-color has-text-color has-background is-layout-flow wp-block-group-is-layout-flow\">\n<div class=\"wp-block-group intro-2 empty is-layout-flow wp-container-core-group-is-layout-a0e88a06 wp-block-group-is-layout-flow\" style=\"padding-top:40px;padding-bottom:50px\">\n<div class=\"wp-block-columns gap-mobile is-layout-flex wp-container-core-columns-is-layout-28f84493 wp-block-columns-is-layout-flex\">\n<div class=\"wp-block-column is-vertically-aligned-center is-layout-flow wp-block-column-is-layout-flow\">\n<h3 class=\"has-text-align-left has-blu-color has-text-color wp-block-heading\" style=\"font-size:26px;text-transform:uppercase\">Agenzia Servizi al Turismo Mountain Planet<\/h3>\n\n\n\n<p class=\"has-icon pin\">13011 Via XI Febbraio, 60 &#8211; Borgosesia<\/p>\n\n\n\n<p class=\"has-icon tel\">+39 346 3185282 &#8211; +39 349 0895467<\/p>\n\n\n\n<p class=\"has-icon mail\"><a href=\"info@mountainplanet.net\"><\/a><a href=\"mailto:info@mountainplanet.net\">info@mountainplanet.net<\/a> <\/p>\n\n\n\n<p class=\"has-icon www\"><a href=\"http:\/\/www.mountainplanet.net\">www.mountainplanet.net <\/a><\/p>\n<\/div>\n\n\n\n<div class=\"wp-block-column is-vertically-aligned-top is-layout-flow wp-block-column-is-layout-flow\">\n<h3 class=\"has-text-align-left has-blu-color has-text-color wp-block-heading\" style=\"font-size:26px;text-transform:uppercase\">Alagna.it &#8211; mountain guide<\/h3>\n\n\n\n<p class=\"has-icon pin\">13021 Via dei Walser, 6 &#8211; Alagna Valsesia<\/p>\n\n\n\n<p class=\"has-icon tel\">+39 0163 922993<\/p>\n\n\n\n<p class=\"has-icon mail\"><a href=\"info@alagna.it\">info@alagna.it<\/a><\/p>\n\n\n\n<p class=\"has-icon www\"><a href=\"http:\/\/www.alagna.it\">www.alagna.it<\/a> <\/p>\n<\/div>\n\n\n\n<div class=\"wp-block-column is-vertically-aligned-top is-layout-flow wp-block-column-is-layout-flow\">\n<h3 class=\"has-text-align-left has-blu-color has-text-color wp-block-heading\" style=\"font-size:26px;text-transform:uppercase\">Avventura&amp;Sicurezza<\/h3>\n\n\n\n<p class=\"has-icon pin\">13867 Via Roma, 18 &#8211; Pray<\/p>\n\n\n\n<p class=\"has-icon tel\">+39 347 2368607 <\/p>\n\n\n\n<p class=\"has-icon mail\"><a href=\"oscar@avventuraesicurezza.com\">oscar@avventuraesicurezza.com<\/a><\/p>\n\n\n\n<p class=\"has-icon www\"><a href=\"http:\/\/www.avventuraesicurezza.com\">www.avventuraesicurezza.com<\/a> <\/p>\n<\/div>\n<\/div>\n\n\n\n<div class=\"wp-block-columns are-vertically-aligned-top gap-mobile is-layout-flex wp-container-core-columns-is-layout-28f84493 wp-block-columns-is-layout-flex\">\n<div class=\"wp-block-column is-vertically-aligned-top is-layout-flow wp-block-column-is-layout-flow\" style=\"flex-basis:33.33333%\">\n<h3 class=\"has-text-align-left has-blu-color has-text-color wp-block-heading\" style=\"font-size:26px;text-transform:uppercase\">Lyskamm 4000<\/h3>\n\n\n\n<p class=\"has-icon pin\">13021 Via Nicolao Sottile, 22 <br>Loc. Riva Valdobbia &#8211; Alagna Valsesia<\/p>\n\n\n\n<p class=\"has-icon tel\">+39 346 8077337 &#8211; +39 347 2264381<\/p>\n\n\n\n<p class=\"has-icon mail\"><a href=\"lyskamm4000@yahoo.it\">lyskamm4000@yahoo.it<\/a><\/p>\n<\/div>\n\n\n\n<div class=\"wp-block-column is-vertically-aligned-top is-layout-flow wp-block-column-is-layout-flow\" style=\"flex-basis:33.33333%\">\n<h3 class=\"has-text-align-left has-blu-color has-text-color wp-block-heading\" style=\"font-size:26px;text-transform:uppercase\">Scuola di Alpinismo <br>Corpo Guide Alagna<\/h3>\n\n\n\n<p class=\"has-icon pin\">13021 Via dei Walser, 9 &#8211; Alagna Valsesia<\/p>\n\n\n\n<p class=\"has-icon tel\">+39 340 5835738<\/p>\n\n\n\n<p class=\"has-icon mail\"><a href=\"info.guidealagna@gmail.com\">info.guidealagna@gmail.com<\/a><\/p>\n\n\n\n<p class=\"has-icon www\"> <a href=\"http:\/\/www.guidealagna.com\">www.guidealagna.com<\/a> <\/p>\n<\/div>\n<\/div>\n<\/div>\n<\/div>\n<\/div>\n","protected":false},"excerpt":{"rendered":"<p>Home Scopri Winter in Valsesia Contactez nos guides de montagne Vivez des exp\u00e9riences uniques et inoubliables en compagnie de nos guides de montagne. Choisissez l&rsquo;activit\u00e9 qui vous tente le plus en Valsesia et vivez le sport en toute s\u00e9curit\u00e9 avec nos professionnels, toujours \u00e0 votre disposition! Agenzia Servizi al Turismo Mountain Planet 13011 Via XI&#8230;<\/p>\n","protected":false},"author":6,"featured_media":9116,"parent":0,"menu_order":0,"comment_status":"closed","ping_status":"closed","template":"","meta":{"_acf_changed":false,"footnotes":""},"class_list":["post-12669","page","type-page","status-publish","has-post-thumbnail","hentry"],"acf":[],"_links":{"self":[{"href":"https:\/\/visitvalsesiavercelli.it\/fr\/wp-json\/wp\/v2\/pages\/12669","targetHints":{"allow":["GET"]}}],"collection":[{"href":"https:\/\/visitvalsesiavercelli.it\/fr\/wp-json\/wp\/v2\/pages"}],"about":[{"href":"https:\/\/visitvalsesiavercelli.it\/fr\/wp-json\/wp\/v2\/types\/page"}],"author":[{"embeddable":true,"href":"https:\/\/visitvalsesiavercelli.it\/fr\/wp-json\/wp\/v2\/users\/6"}],"replies":[{"embeddable":true,"href":"https:\/\/visitvalsesiavercelli.it\/fr\/wp-json\/wp\/v2\/comments?post=12669"}],"version-history":[{"count":0,"href":"https:\/\/visitvalsesiavercelli.it\/fr\/wp-json\/wp\/v2\/pages\/12669\/revisions"}],"wp:featuredmedia":[{"embeddable":true,"href":"https:\/\/visitvalsesiavercelli.it\/fr\/wp-json\/wp\/v2\/media\/9116"}],"wp:attachment":[{"href":"https:\/\/visitvalsesiavercelli.it\/fr\/wp-json\/wp\/v2\/media?parent=12669"}],"curies":[{"name":"wp","href":"https:\/\/api.w.org\/{rel}","templated":true}]}}