{"id":12673,"date":"2022-08-05T17:06:23","date_gmt":"2022-08-05T15:06:23","guid":{"rendered":"https:\/\/visitvalsesiavercelli.it\/?page_id=12673"},"modified":"2023-03-20T16:48:17","modified_gmt":"2023-03-20T15:48:17","slug":"alpe-di-mera","status":"publish","type":"page","link":"https:\/\/visitvalsesiavercelli.it\/fr\/alpe-di-mera\/","title":{"rendered":"Alpe di Mera"},"content":{"rendered":"\n<div class=\"wp-block-cover alignfull is-light has-custom-content-position is-position-center-left hero\" style=\"min-height:650px;aspect-ratio:unset;\"><span aria-hidden=\"true\" class=\"wp-block-cover__background has-background-dim-30 has-background-dim\"><\/span><img loading=\"lazy\" decoding=\"async\" width=\"2560\" height=\"1920\" class=\"wp-block-cover__image-background wp-image-3994\" alt=\"\" src=\"https:\/\/visitvalsesiavercelli.it\/wp-content\/uploads\/2022\/10\/2-scaled.jpg\" data-object-fit=\"cover\" srcset=\"https:\/\/visitvalsesiavercelli.it\/wp-content\/uploads\/2022\/10\/2-scaled.jpg 2560w, https:\/\/visitvalsesiavercelli.it\/wp-content\/uploads\/2022\/10\/2-1000x750.jpg 1000w, https:\/\/visitvalsesiavercelli.it\/wp-content\/uploads\/2022\/10\/2-1500x1125.jpg 1500w\" sizes=\"auto, (max-width: 2560px) 100vw, 2560px\" \/><div class=\"wp-block-cover__inner-container is-layout-flow wp-block-cover-is-layout-flow\">\n<div class=\"wp-block-group is-layout-flow wp-block-group-is-layout-flow\"><h1 style=\"text-transform:uppercase;\" class=\"wp-block-post-title has-text-color has-bianco-color\">Alpe di Mera<\/h1><\/div>\n<\/div><\/div>\n\n\n\n<div class=\"wp-block-group alignfull breadcrumbs breadcrumbs-blu is-layout-flow wp-block-group-is-layout-flow\">\n<div class=\"wp-block-group d-flex is-layout-flow wp-block-group-is-layout-flow\">\n<p><a href=\"https:\/\/visitvalsesiavercelli.it\/\" data-type=\"page\" data-id=\"2\">Home<\/a><\/p>\n\n\n\n<p>Scopri<\/p>\n\n\n\n<p>Winter in Valsesia<\/p>\n\n\n\n<p><a href=\"https:\/\/visitvalsesiavercelli.it\/scopri\/winter-in-valsesia\/sport-invernali\/\">Comprensorio Monte Rosa Ski<\/a><\/p>\n\n\n<h6 class=\"wp-block-post-title has-text-color has-orange-color\">Alpe di Mera<\/h6><\/div>\n<\/div>\n\n\n\n<div class=\"wp-block-group alignfull mountains-bg is-layout-flow wp-block-group-is-layout-flow\">\n<div class=\"wp-block-group intro-esperienze sci is-layout-constrained wp-container-core-group-is-layout-02dd29b2 wp-block-group-is-layout-constrained\" style=\"padding-top:70px;padding-bottom:70px\">\n<h2 class=\"has-text-align-center has-text-color wp-block-heading\" style=\"color:#02316a;text-transform:uppercase\">skiez au pied du <mark style=\"background-color:rgba(0, 0, 0, 0)\" class=\"has-inline-color has-giallo-color\">mont rose<\/mark><\/h2>\n\n\n\n<p class=\"has-text-align-center has-text-color has-size-22-font-size\" style=\"color:#36442e;font-style:normal;font-weight:600\">L&rsquo;Alpe di Mera est un site incontournable du Domaine Monterosa Ski&nbsp;: ses pistes agr\u00e9ables, adapt\u00e9es \u00e0 tous, offrent des vues impressionnantes sur les montagnes alentour.<\/p>\n\n\n\n<div class=\"wp-block-buttons is-content-justification-center is-layout-flex wp-container-core-buttons-is-layout-a89b3969 wp-block-buttons-is-layout-flex\">\n<div class=\"wp-block-button\"><a class=\"wp-block-button__link wp-element-button\" href=\"https:\/\/www.visitmonterosa.com\/fr\">D\u00e9couvrez le domaine skiable Monterosa Ski<\/a><\/div>\n<\/div>\n\n\n\n<div class=\"wp-block-buttons is-content-justification-center is-layout-flex wp-container-core-buttons-is-layout-a89b3969 wp-block-buttons-is-layout-flex\">\n<div class=\"wp-block-button is-style-webcam\"><a class=\"wp-block-button__link wp-element-button\" href=\"https:\/\/visitvalsesiavercelli.it\/webcam\/\">Voir les webcams<\/a><\/div>\n<\/div>\n\n\n\n<div style=\"height:50px\" aria-hidden=\"true\" class=\"wp-block-spacer\"><\/div>\n\n\n\n<div class=\"wp-block-columns is-layout-flex wp-container-core-columns-is-layout-28f84493 wp-block-columns-is-layout-flex\">\n<div class=\"wp-block-column is-layout-flow wp-block-column-is-layout-flow\" style=\"flex-basis:100%\">\n<div class=\"wp-block-group is-layout-flow wp-block-group-is-layout-flow\">\n<div class=\"wp-block-columns is-layout-flex wp-container-core-columns-is-layout-28f84493 wp-block-columns-is-layout-flex\">\n<div class=\"wp-block-column is-layout-flow wp-block-column-is-layout-flow\" style=\"flex-basis:100%\">\n<figure class=\"wp-block-embed alignfull is-type-video is-provider-youtube wp-block-embed-youtube wp-embed-aspect-16-9 wp-has-aspect-ratio\"><div class=\"wp-block-embed__wrapper\">\n<iframe loading=\"lazy\" title=\"Mera, divertente senza tempo\" width=\"500\" height=\"281\" src=\"https:\/\/www.youtube.com\/embed\/k9xGM0Woj00?feature=oembed\" frameborder=\"0\" allow=\"accelerometer; autoplay; clipboard-write; encrypted-media; gyroscope; picture-in-picture; web-share\" referrerpolicy=\"strict-origin-when-cross-origin\" allowfullscreen><\/iframe>\n<\/div><\/figure>\n<\/div>\n<\/div>\n<\/div>\n<\/div>\n<\/div>\n<\/div>\n<\/div>\n\n\n\n<div class=\"wp-block-group alignfull mountains-outline has-bianco-color has-text-color has-background is-layout-flow wp-block-group-is-layout-flow\" style=\"background-color:#02316a\">\n<div class=\"wp-block-group intro-2 empty is-layout-flow wp-container-core-group-is-layout-8116e687 wp-block-group-is-layout-flow\" style=\"padding-top:70px;padding-bottom:70px\">\n<div class=\"wp-block-columns gap-mobile is-layout-flex wp-container-core-columns-is-layout-bb63363c wp-block-columns-is-layout-flex\">\n<div class=\"wp-block-column is-layout-flow wp-block-column-is-layout-flow\">\n<div class=\"wp-block-group is-layout-flow wp-block-group-is-layout-flow\">\n<h2 class=\"has-giallo-color has-text-color wp-block-heading\" style=\"font-size:26px;text-transform:uppercase\">D\u00c9COUVREZ LA MAGIE DE L&rsquo;ALPE DI MERA<\/h2>\n\n\n\n<p style=\"font-size:20px\">Les remont\u00e9es m\u00e9caniques pour l&rsquo;Alpe di Mera sont install\u00e9es en Alta Valsesia, \u00e0 hauteur de Scopello. Avec ses belles pistes de ski offrant un panorama unique sur toute la Valsesia, l&rsquo;Alpe di Mera est le lieu id\u00e9al pour admirer le massif du mont Rose dans toute sa majest\u00e9.<\/p>\n\n\n\n<p class=\"has-link-color wp-elements-8fa0013b03aa73abb26ee0fafe40347a\" style=\"font-size:20px\">Trac\u00e9es sur des versants peu pentus, les pistes de l\u2019Alpe di Mera en font une station agr\u00e9able pour tous, attirant familles et d\u00e9butants. Le domaine skiable est facilement accessible en t\u00e9l\u00e9si\u00e8ge depuis <a href=\"https:\/\/visitvalsesiavercelli.it\/fr\/vivi\/arte-e-cultura\/scopello\/\"><strong>Scopello<\/strong><\/a>. La solution est de laisser votre voiture au grand parking du Trogo, qui dessert les remont\u00e9es m\u00e9caniques vous menant directement \u00e0 Mera en ski.<br><br>La station de Mera est interdite aux voitures, caract\u00e9ristique unique qui rend chaque point de l&rsquo;Alpe accessible \u00ab\u00a0skis aux pieds\u00a0\u00bb.<\/p>\n<\/div>\n<\/div>\n\n\n\n<div class=\"wp-block-column order-1-mobile is-layout-flow wp-block-column-is-layout-flow\">\n<figure class=\"wp-block-image size-full is-resized is-style-4-3\"><img loading=\"lazy\" decoding=\"async\" src=\"https:\/\/visitvalsesiavercelli.it\/wp-content\/uploads\/2022\/10\/pol_1682-scaled.jpg\" alt=\"\" class=\"wp-image-4000\" width=\"539\" height=\"338\" srcset=\"https:\/\/visitvalsesiavercelli.it\/wp-content\/uploads\/2022\/10\/pol_1682-scaled.jpg 2560w, https:\/\/visitvalsesiavercelli.it\/wp-content\/uploads\/2022\/10\/pol_1682-1000x629.jpg 1000w, https:\/\/visitvalsesiavercelli.it\/wp-content\/uploads\/2022\/10\/pol_1682-1500x943.jpg 1500w\" sizes=\"auto, (max-width: 539px) 100vw, 539px\" \/><\/figure>\n\n\n\n<p class=\"has-text-align-center\"><br><strong><mark style=\"background-color:rgba(0, 0, 0, 0)\" class=\"has-inline-color has-giallo-color\">Un panorama unique sur le Mont Rose<\/mark><\/strong><\/p>\n<\/div>\n<\/div>\n\n\n\n<div class=\"wp-block-columns gap-mobile is-layout-flex wp-container-core-columns-is-layout-bb63363c wp-block-columns-is-layout-flex\">\n<div class=\"wp-block-column order-1-mobile is-layout-flow wp-block-column-is-layout-flow\">\n<figure class=\"wp-block-image size-full is-resized is-style-4-3\"><img loading=\"lazy\" decoding=\"async\" src=\"https:\/\/visitvalsesiavercelli.it\/wp-content\/uploads\/2022\/09\/pol_1887-scaled.jpg\" alt=\"\" class=\"wp-image-2514\" width=\"540\" height=\"360\" srcset=\"https:\/\/visitvalsesiavercelli.it\/wp-content\/uploads\/2022\/09\/pol_1887-scaled.jpg 2560w, https:\/\/visitvalsesiavercelli.it\/wp-content\/uploads\/2022\/09\/pol_1887-1000x667.jpg 1000w, https:\/\/visitvalsesiavercelli.it\/wp-content\/uploads\/2022\/09\/pol_1887-1500x1001.jpg 1500w\" sizes=\"auto, (max-width: 540px) 100vw, 540px\" \/><figcaption class=\"wp-element-caption\"><strong><mark style=\"background-color:rgba(0, 0, 0, 0)\" class=\"has-inline-color has-giallo-color\">Des vues \u00e0 couper le souffle et des descentes impressionnantes<\/mark><\/strong><\/figcaption><\/figure>\n<\/div>\n\n\n\n<div class=\"wp-block-column is-vertically-aligned-center is-style-prima is-layout-flow wp-block-column-is-layout-flow\">\n<div class=\"wp-block-group is-layout-flow wp-block-group-is-layout-flow\">\n<p class=\"has-giallo-color has-text-color\" style=\"font-size:26px;text-transform:uppercase\"><strong>UNE AVENTURE POUR TOUS<\/strong><\/p>\n\n\n\n<p style=\"font-size:20px\">Avec ses 30&nbsp;km de pistes dam\u00e9es, Mera est dot\u00e9e d\u2019un domaine skiable qui est un v\u00e9ritable paradis pour la comp\u00e9tition. Les descentes se font jusqu&rsquo;aux 1&nbsp;800&nbsp;m\u00e8tres environ de la Cima Camparient, sur des pistes adapt\u00e9es \u00e0 tous, des d\u00e9butants aux plus exigeants, et surtout aux familles.<\/p>\n\n\n\n<p style=\"font-size:20px\">Nous recommandons au d\u00e9butants la zone \u00ab\u00a0Campo\u00a0\u00bb, qui s&rsquo;\u00e9tend sur 400&nbsp;m\u00e8tres environ, et est accessible par t\u00e9l\u00e9ski. Certains tapis roulants permettent m\u00eame aux plus jeunes de s\u2019initier au ski, et les \u00e9coles de ski proposent toutes sortes de cours (snowboard, ski alpin et t\u00e9l\u00e9mark).<\/p>\n<\/div>\n<\/div>\n<\/div>\n\n\n\n<div class=\"wp-block-columns gap-mobile is-layout-flex wp-container-core-columns-is-layout-bb63363c wp-block-columns-is-layout-flex\">\n<div class=\"wp-block-column is-layout-flow wp-block-column-is-layout-flow\">\n<div class=\"wp-block-group is-layout-flow wp-block-group-is-layout-flow\">\n<p class=\"has-giallo-color has-text-color\" style=\"font-size:26px\"><strong>SKI ET PLUS<\/strong><\/p>\n\n\n\n<p style=\"font-size:20px\">Les descentes hors-piste dans la neige fra\u00eeche, agr\u00e9ables et s\u00fbres, et l\u2019orientation agr\u00e9able de la station font de l&rsquo;Alpe di Mera une destination incontournable du domaine de Monterosa Ski.<\/p>\n\n\n\n<p class=\"has-link-color wp-elements-16e5f038ef67e0c05baee94a3524818c\" style=\"font-size:20px\">Mais l&rsquo;Alpe di Mera, ce n&rsquo;est pas que le ski et l&rsquo;adr\u00e9naline\u00a0: les nombreux itin\u00e9raires de <a href=\"https:\/\/visitvalsesiavercelli.it\/fr\/raquettes\/\"><strong>raquettes<\/strong><\/a> offrent aux amateurs de rythmes plus lents une alternative int\u00e9ressante pour profiter de la nature et du paysage en toute tranquillit\u00e9. On peut aussi arriver \u00e0 Mera \u00e0 pied, par le t\u00e9l\u00e9si\u00e8ge qui monte directement de Scopello.<br><br>Admirez le merveilleux panorama du mont Rose. Profitez de la chaleur des rayons du soleil d&rsquo;hiver et savourez des plats traditionnels dans les nombreux et accueillants restaurants, ouverts hiver comme \u00e9t\u00e9.<\/p>\n<\/div>\n<\/div>\n\n\n\n<div class=\"wp-block-column order-1-mobile is-layout-flow wp-block-column-is-layout-flow\">\n<figure class=\"wp-block-image size-full is-resized is-style-4-3\"><img loading=\"lazy\" decoding=\"async\" src=\"https:\/\/visitvalsesiavercelli.it\/wp-content\/uploads\/2022\/09\/MERA-PANORAMA-1-scaled.jpg\" alt=\"\" class=\"wp-image-2516\" width=\"540\" height=\"405\" srcset=\"https:\/\/visitvalsesiavercelli.it\/wp-content\/uploads\/2022\/09\/MERA-PANORAMA-1-scaled.jpg 2560w, https:\/\/visitvalsesiavercelli.it\/wp-content\/uploads\/2022\/09\/MERA-PANORAMA-1-1000x750.jpg 1000w, https:\/\/visitvalsesiavercelli.it\/wp-content\/uploads\/2022\/09\/MERA-PANORAMA-1-1500x1125.jpg 1500w\" sizes=\"auto, (max-width: 540px) 100vw, 540px\" \/><figcaption class=\"wp-element-caption\"><strong><mark style=\"background-color:rgba(0, 0, 0, 0)\" class=\"has-inline-color has-giallo-color\">Un hiver plein d&rsquo;\u00e9motions et de sport<\/mark><\/strong><\/figcaption><\/figure>\n<\/div>\n<\/div>\n<\/div>\n<\/div>\n\n\n\n<div class=\"wp-block-group alignfull has-bianco-color has-blu-background-color has-text-color has-background is-layout-flow wp-block-group-is-layout-flow\" style=\"padding-top:60px;padding-bottom:80px\">\n<div class=\"wp-block-group is-layout-constrained wp-container-core-group-is-layout-e548ea6f wp-block-group-is-layout-constrained\">\n<div class=\"wp-block-columns gap-mobile is-layout-flex wp-container-core-columns-is-layout-01159bbe wp-block-columns-is-layout-flex\">\n<div class=\"wp-block-column is-layout-flow wp-block-column-is-layout-flow\">\n<h3 class=\"has-giallo-color has-text-color wp-block-heading\" style=\"font-size:26px;text-transform:uppercase\">comment s&rsquo;y rendre<\/h3>\n\n\n    <div class=\"mappa-esperienze\">\n        <a href=\"https:\/\/www.google.com\/maps\/place\/45.747082788834,8.0891731010498\" target=\"_blank\"><img decoding=\"async\" src=\"https:\/\/maps.googleapis.com\/maps\/api\/staticmap?size=368x250&#038;scale=2&#038;format=jpeg&#038;maptype=roadmap&#038;zoom=11&#038;markers=color:0xFFCF00%7Clabel:%7C45.747082788834,8.0891731010498&#038;key=AIzaSyDNeHPuhO4xomspVshL_D3U8YjG1HU_vRw\" \/><\/a>\n    <\/div>\n    <\/div>\n\n\n\n<div class=\"wp-block-column is-style-prima is-layout-flow wp-block-column-is-layout-flow\">\n<h3 class=\"has-giallo-color has-text-color wp-block-heading\" style=\"font-size:26px;text-transform:uppercase\">informations et contacts utiles<\/h3>\n\n\n    <div class=\"info-esperienze\">\n        \n\n<div class=\"wp-block-group info-esperienze-container has-link-color wp-elements-f7bfb555fe5e62c345a15bbb6e72956f is-vertical is-layout-flex wp-container-core-group-is-layout-fe9cc265 wp-block-group-is-layout-flex\">\n<h2 class=\"has-size-22-font-size wp-block-heading\" style=\"text-transform:uppercase\">monterosa ski<\/h2>\n\n\n\n<p class=\"has-icon pin\">Seggiovia Scopello &#8211; Mera, Scopello (VC)<\/p>\n\n\n\n<p class=\"has-icon tel\">+39 0163 922922<\/p>\n\n\n\n<p class=\"has-icon mail\"><a href=\"mailto:info@monterosa2000.it\">info@monterosa2000.it<\/a><\/p>\n\n\n\n<p class=\"has-icon www\"><a href=\"http:\/\/www.alpedimera.it\">www.alpedimera.it<\/a><\/p>\n\n\n\n<figure class=\"wp-block-image size-full is-resized\"><img loading=\"lazy\" decoding=\"async\" src=\"https:\/\/visitvalsesiavercelli.it\/wp-content\/uploads\/2022\/10\/logo-monterosa.png\" alt=\"\" class=\"wp-image-4201\" width=\"262\" height=\"85\" srcset=\"https:\/\/visitvalsesiavercelli.it\/wp-content\/uploads\/2022\/10\/logo-monterosa.png 1049w, https:\/\/visitvalsesiavercelli.it\/wp-content\/uploads\/2022\/10\/logo-monterosa-1000x325.png 1000w\" sizes=\"auto, (max-width: 262px) 100vw, 262px\" \/><\/figure>\n<\/div>\n\n\n    <\/div><\/div>\n<\/div>\n<\/div>\n<\/div>\n\n\n\n<div class=\"wp-block-group alignfull organizza-container empty is-layout-flow wp-block-group-is-layout-flow\"><\/div>\n\n\n\n<div class=\"wp-block-group intro-3 sci is-layout-flow wp-container-core-group-is-layout-b298a938 wp-block-group-is-layout-flow\" style=\"padding-top:110px;padding-bottom:70px\">\n<div class=\"wp-block-columns is-layout-flex wp-container-core-columns-is-layout-00723822 wp-block-columns-is-layout-flex\">\n<div class=\"wp-block-column is-over is-layout-flow wp-block-column-is-layout-flow\" style=\"padding-left:80px;flex-basis:290px\">\n<h2 class=\"wp-block-heading has-blu-color has-text-color\" style=\"line-height:0.90;text-transform:uppercase\">Planifiez votre journ\u00e9e sur <mark style=\"background-color:rgba(0, 0, 0, 0)\" class=\"has-inline-color has-giallo-color\">la neige<\/mark><\/h2>\n\n\n\n<p class=\"has-size-22-font-size\" style=\"font-style:normal;font-weight:600\">Location de \u00e9quipment, \u00e9coles de ski, guides de montagne et bien plus encore!<\/p>\n<\/div>\n\n\n\n<div class=\"wp-block-column is-layout-flow wp-block-column-is-layout-flow\" style=\"padding-left:60px\">    <section class=\"carosello-orizzontale cover-overflow\">\n                    <div class=\"swiper\">\n                <div class=\"swiper-wrapper\">\n                                            <div class=\"swiper-slide\">\n                            <a href=\"https:\/\/visitvalsesiavercelli.it\/fr\/dove-dormire\/\" class=\"carosello-element\">\n                                <div class=\"wp-block-image\">\n                                    <img loading=\"lazy\" decoding=\"async\" width=\"340\" height=\"210\" src=\"https:\/\/visitvalsesiavercelli.it\/wp-content\/uploads\/2022\/08\/dove-dormire-340x210.jpg\" class=\"attachment-regular-thumb size-regular-thumb wp-post-image\" alt=\"\" srcset=\"https:\/\/visitvalsesiavercelli.it\/wp-content\/uploads\/2022\/08\/dove-dormire-340x210.jpg 340w, https:\/\/visitvalsesiavercelli.it\/wp-content\/uploads\/2022\/08\/dove-dormire-680x420.jpg 680w\" sizes=\"auto, (max-width: 340px) 100vw, 340px\" \/>                                <\/div>\n                                <div class=\"content\">\n                                    <h4>O\u00f9 dormir<\/h4>\n                                <\/div>\n                                <div class=\"wp-block-buttons\">\n                                    <div class=\"wp-block-button is-style-outline\">\n                                        <span class=\"wp-block-button__link\">\n                                            Vivre                                        <\/span>\n                                    <\/div>\n                                <\/div>\n                            <\/a>\n                        <\/div>\n                                                <div class=\"swiper-slide\">\n                            <a href=\"https:\/\/visitvalsesiavercelli.it\/fr\/dove-mangiare\/\" class=\"carosello-element\">\n                                <div class=\"wp-block-image\">\n                                    <img loading=\"lazy\" decoding=\"async\" width=\"340\" height=\"210\" src=\"https:\/\/visitvalsesiavercelli.it\/wp-content\/uploads\/2022\/07\/hero-gusto-340x210.jpg\" class=\"attachment-regular-thumb size-regular-thumb wp-post-image\" alt=\"\" srcset=\"https:\/\/visitvalsesiavercelli.it\/wp-content\/uploads\/2022\/07\/hero-gusto-340x210.jpg 340w, https:\/\/visitvalsesiavercelli.it\/wp-content\/uploads\/2022\/07\/hero-gusto-680x420.jpg 680w\" sizes=\"auto, (max-width: 340px) 100vw, 340px\" \/>                                <\/div>\n                                <div class=\"content\">\n                                    <h4>O\u00f9 manger<\/h4>\n                                <\/div>\n                                <div class=\"wp-block-buttons\">\n                                    <div class=\"wp-block-button is-style-outline\">\n                                        <span class=\"wp-block-button__link\">\n                                            Vivre                                        <\/span>\n                                    <\/div>\n                                <\/div>\n                            <\/a>\n                        <\/div>\n                                                <div class=\"swiper-slide\">\n                            <a href=\"https:\/\/visitvalsesiavercelli.it\/fr\/noleggio-attrezzatura\/\" class=\"carosello-element\">\n                                <div class=\"wp-block-image\">\n                                    <img loading=\"lazy\" decoding=\"async\" width=\"340\" height=\"210\" src=\"https:\/\/visitvalsesiavercelli.it\/wp-content\/uploads\/2022\/10\/Noleggio-340x210.jpg\" class=\"attachment-regular-thumb size-regular-thumb wp-post-image\" alt=\"\" srcset=\"https:\/\/visitvalsesiavercelli.it\/wp-content\/uploads\/2022\/10\/Noleggio-340x210.jpg 340w, https:\/\/visitvalsesiavercelli.it\/wp-content\/uploads\/2022\/10\/Noleggio-680x420.jpg 680w\" sizes=\"auto, (max-width: 340px) 100vw, 340px\" \/>                                <\/div>\n                                <div class=\"content\">\n                                    <h4>Location d&rsquo;\u00e9quipment<\/h4>\n                                <\/div>\n                                <div class=\"wp-block-buttons\">\n                                    <div class=\"wp-block-button is-style-outline\">\n                                        <span class=\"wp-block-button__link\">\n                                            Vivre                                        <\/span>\n                                    <\/div>\n                                <\/div>\n                            <\/a>\n                        <\/div>\n                                                <div class=\"swiper-slide\">\n                            <a href=\"https:\/\/visitvalsesiavercelli.it\/fr\/ecoles-de-ski\/\" class=\"carosello-element\">\n                                <div class=\"wp-block-image\">\n                                    <img loading=\"lazy\" decoding=\"async\" width=\"340\" height=\"210\" src=\"https:\/\/visitvalsesiavercelli.it\/wp-content\/uploads\/2022\/07\/noleggio-e-scuole-sci--340x210.jpg\" class=\"attachment-regular-thumb size-regular-thumb wp-post-image\" alt=\"\" srcset=\"https:\/\/visitvalsesiavercelli.it\/wp-content\/uploads\/2022\/07\/noleggio-e-scuole-sci--340x210.jpg 340w, https:\/\/visitvalsesiavercelli.it\/wp-content\/uploads\/2022\/07\/noleggio-e-scuole-sci--680x420.jpg 680w\" sizes=\"auto, (max-width: 340px) 100vw, 340px\" \/>                                <\/div>\n                                <div class=\"content\">\n                                    <h4>\u00c9coles de ski<\/h4>\n                                <\/div>\n                                <div class=\"wp-block-buttons\">\n                                    <div class=\"wp-block-button is-style-outline\">\n                                        <span class=\"wp-block-button__link\">\n                                            Vivre                                        <\/span>\n                                    <\/div>\n                                <\/div>\n                            <\/a>\n                        <\/div>\n                                                <div class=\"swiper-slide\">\n                            <a href=\"https:\/\/visitvalsesiavercelli.it\/fr\/guides-de-montagne\/\" class=\"carosello-element\">\n                                <div class=\"wp-block-image\">\n                                    <img loading=\"lazy\" decoding=\"async\" width=\"340\" height=\"210\" src=\"https:\/\/visitvalsesiavercelli.it\/wp-content\/uploads\/2022\/10\/ACTI3208-340x210.png\" class=\"attachment-regular-thumb size-regular-thumb wp-post-image\" alt=\"\" srcset=\"https:\/\/visitvalsesiavercelli.it\/wp-content\/uploads\/2022\/10\/ACTI3208-340x210.png 340w, https:\/\/visitvalsesiavercelli.it\/wp-content\/uploads\/2022\/10\/ACTI3208-680x420.png 680w\" sizes=\"auto, (max-width: 340px) 100vw, 340px\" \/>                                <\/div>\n                                <div class=\"content\">\n                                    <h4>Guides de montagne<\/h4>\n                                <\/div>\n                                <div class=\"wp-block-buttons\">\n                                    <div class=\"wp-block-button is-style-outline\">\n                                        <span class=\"wp-block-button__link\">\n                                            Vivre                                        <\/span>\n                                    <\/div>\n                                <\/div>\n                            <\/a>\n                        <\/div>\n                                        <\/div>\n                <div class=\"swiper-buttons\">\n                    <div class=\"swiper-button-prev\"><\/div>\n                    <div class=\"swiper-button-next\"><\/div>\n                <\/div>\n            <\/div>\n            <\/section><\/div>\n<\/div>\n<\/div>\n\n\n\n<p><\/p>\n","protected":false},"excerpt":{"rendered":"<p>Home Scopri Winter in Valsesia Comprensorio Monte Rosa Ski skiez au pied du mont rose L&rsquo;Alpe di Mera est un site incontournable du Domaine Monterosa Ski&nbsp;: ses pistes agr\u00e9ables, adapt\u00e9es \u00e0 tous, offrent des vues impressionnantes sur les montagnes alentour. D\u00c9COUVREZ LA MAGIE DE L&rsquo;ALPE DI MERA Les remont\u00e9es m\u00e9caniques pour l&rsquo;Alpe di Mera sont&#8230;<\/p>\n","protected":false},"author":6,"featured_media":0,"parent":12670,"menu_order":0,"comment_status":"closed","ping_status":"closed","template":"","meta":{"_acf_changed":false,"footnotes":""},"class_list":["post-12673","page","type-page","status-publish","hentry"],"acf":[],"_links":{"self":[{"href":"https:\/\/visitvalsesiavercelli.it\/fr\/wp-json\/wp\/v2\/pages\/12673","targetHints":{"allow":["GET"]}}],"collection":[{"href":"https:\/\/visitvalsesiavercelli.it\/fr\/wp-json\/wp\/v2\/pages"}],"about":[{"href":"https:\/\/visitvalsesiavercelli.it\/fr\/wp-json\/wp\/v2\/types\/page"}],"author":[{"embeddable":true,"href":"https:\/\/visitvalsesiavercelli.it\/fr\/wp-json\/wp\/v2\/users\/6"}],"replies":[{"embeddable":true,"href":"https:\/\/visitvalsesiavercelli.it\/fr\/wp-json\/wp\/v2\/comments?post=12673"}],"version-history":[{"count":0,"href":"https:\/\/visitvalsesiavercelli.it\/fr\/wp-json\/wp\/v2\/pages\/12673\/revisions"}],"up":[{"embeddable":true,"href":"https:\/\/visitvalsesiavercelli.it\/fr\/wp-json\/wp\/v2\/pages\/12670"}],"wp:attachment":[{"href":"https:\/\/visitvalsesiavercelli.it\/fr\/wp-json\/wp\/v2\/media?parent=12673"}],"curies":[{"name":"wp","href":"https:\/\/api.w.org\/{rel}","templated":true}]}}