{"id":12676,"date":"2022-08-04T18:46:09","date_gmt":"2022-08-04T16:46:09","guid":{"rendered":"https:\/\/visitvalsesiavercelli.it\/?page_id=12676"},"modified":"2023-03-20T16:38:52","modified_gmt":"2023-03-20T15:38:52","slug":"freeride-et-ski-de-randonnee","status":"publish","type":"page","link":"https:\/\/visitvalsesiavercelli.it\/fr\/freeride-et-ski-de-randonnee\/","title":{"rendered":"Freeride et ski de randonn\u00e9e"},"content":{"rendered":"\n<div class=\"wp-block-cover alignfull is-light has-custom-content-position is-position-center-left hero\" style=\"min-height:650px;aspect-ratio:unset;\"><span aria-hidden=\"true\" class=\"wp-block-cover__background has-background-dim\"><\/span><img loading=\"lazy\" decoding=\"async\" width=\"1523\" height=\"1054\" class=\"wp-block-cover__image-background wp-image-3548\" alt=\"\" src=\"https:\/\/visitvalsesiavercelli.it\/wp-content\/uploads\/2022\/10\/ACTI7101-4.png\" style=\"object-position:59% 55%\" data-object-fit=\"cover\" data-object-position=\"59% 55%\" srcset=\"https:\/\/visitvalsesiavercelli.it\/wp-content\/uploads\/2022\/10\/ACTI7101-4.png 1523w, https:\/\/visitvalsesiavercelli.it\/wp-content\/uploads\/2022\/10\/ACTI7101-4-1000x692.png 1000w, https:\/\/visitvalsesiavercelli.it\/wp-content\/uploads\/2022\/10\/ACTI7101-4-1500x1038.png 1500w\" sizes=\"auto, (max-width: 1523px) 100vw, 1523px\" \/><div class=\"wp-block-cover__inner-container is-layout-flow wp-block-cover-is-layout-flow\">\n<div class=\"wp-block-group is-layout-flow wp-block-group-is-layout-flow\">\n<figure class=\"wp-block-image size-large\"><img loading=\"lazy\" decoding=\"async\" width=\"180\" height=\"211\" src=\"https:\/\/visitvalsesiavercelli.it\/wp-content\/uploads\/2022\/06\/emozioni-sulla-neve.svg\" alt=\"\" class=\"wp-image-348\"\/><\/figure>\n\n\n\n<h1 class=\"has-bianco-color has-text-color wp-block-heading\" style=\"text-transform:uppercase\">Freeride et ski de randonn\u00e9e<\/h1>\n<\/div>\n<\/div><\/div>\n\n\n\n<div class=\"wp-block-group alignfull breadcrumbs breadcrumbs-blu is-layout-flow wp-block-group-is-layout-flow\">\n<div class=\"wp-block-group d-flex is-layout-flow wp-block-group-is-layout-flow\">\n<p><a href=\"https:\/\/visitvalsesiavercelli.it\/\" data-type=\"page\" data-id=\"2\">Home<\/a><\/p>\n\n\n\n<p>Scopri<\/p>\n\n\n\n<p>Winter in Valsesia<\/p>\n\n\n\n<p><a href=\"https:\/\/visitvalsesiavercelli.it\/scopri\/winter-in-valsesia\/sport-invernali\/\">Sport invernali<\/a><\/p>\n\n\n<h6 class=\"wp-block-post-title has-text-color has-orange-color\">Freeride et ski de randonn\u00e9e<\/h6><\/div>\n<\/div>\n\n\n\n<div class=\"wp-block-group alignfull is-layout-flow wp-block-group-is-layout-flow\">\n<div class=\"wp-block-group intro-esperienze sci is-layout-constrained wp-container-core-group-is-layout-02dd29b2 wp-block-group-is-layout-constrained\" style=\"padding-top:70px;padding-bottom:70px\">\n<h2 class=\"has-text-align-center has-blu-color has-text-color wp-block-heading\" style=\"text-transform:uppercase\">Valsesia<br><mark style=\"background-color:rgba(0, 0, 0, 0)\" class=\"has-inline-color has-giallo-color\">LE PARADIS DU FREERIDE <\/mark><\/h2>\n\n\n\n<p class=\"has-text-align-center has-text-color has-size-22-font-size\" style=\"color:#36442e;font-style:normal;font-weight:600\">L&rsquo;Alta Valsesia, l\u2019hiver, est une terre de d\u00e9fis&nbsp;: elle procure des frissons exceptionnels que seules les vall\u00e9es immacul\u00e9es du mont Rose peuvent donner, dans des espaces illimit\u00e9s permettant de pratiquer certains des sports d&rsquo;hiver les plus excitants et les plus riches en adr\u00e9naline<strong>.<\/strong><\/p>\n\n\n\n<div class=\"wp-block-buttons is-content-justification-center is-layout-flex wp-container-core-buttons-is-layout-a89b3969 wp-block-buttons-is-layout-flex\">\n<div class=\"wp-block-button is-style-webcam\"><a class=\"wp-block-button__link wp-element-button\" href=\"https:\/\/visitvalsesiavercelli.it\/webcam\/\">Voir le webcams<\/a><\/div>\n<\/div>\n<\/div>\n<\/div>\n\n\n\n<div class=\"wp-block-group alignfull mountains-outline has-bianco-color has-text-color has-background is-layout-flow wp-block-group-is-layout-flow\" style=\"background-color:#02316a\">\n<div class=\"wp-block-group intro-2 empty is-layout-flow wp-container-core-group-is-layout-ad19cd39 wp-block-group-is-layout-flow\" style=\"padding-top:50px;padding-bottom:50px\">\n<div class=\"wp-block-columns gap-mobile is-layout-flex wp-container-core-columns-is-layout-bb63363c wp-block-columns-is-layout-flex\">\n<div class=\"wp-block-column is-vertically-aligned-center is-layout-flow wp-block-column-is-layout-flow\">\n<div class=\"wp-block-group is-layout-flow wp-block-group-is-layout-flow\">\n<h2 class=\"has-giallo-color has-text-color wp-block-heading\" style=\"font-size:26px;text-transform:uppercase\">LE PARADIS DU FREERIDE&nbsp;: ADR\u00c9NALINE ET PLAISIR <\/h2>\n\n\n\n<p class=\"has-link-color wp-elements-0d9d18a038e047bae287fe2cab322295\" style=\"font-size:20px\">La Valsesia est pr\u00e9c\u00e9d\u00e9e par sa r\u00e9putation\u00a0de paradis du freeride. Un sceau d&rsquo;excellence absolue dans le domaine touristique, qui attire chaque ann\u00e9e des milliers d&rsquo;amateurs de sports d&rsquo;hiver. Le hors-piste, discipline id\u00e9ale pour les bons skieurs audacieux, a trouv\u00e9 dans les montagnes d\u2019<a href=\"https:\/\/visitvalsesiavercelli.it\/fr\/vivi\/arte-e-cultura\/alagna-valsesia\/\"><strong>Alagna<\/strong><\/a> l&rsquo;un de ses meilleurs sites dans les Alpes italiennes. Des dizaines de kilom\u00e8tres de descente sur des pentes vertigineuses, avec un panorama exceptionnel sur lequel le mont Rose r\u00e8gne en ma\u00eetre, dans toute sa majest\u00e9. Le <a href=\"https:\/\/visitvalsesiavercelli.it\/fr\/domaine-monterosa-ski\/\"><strong>Domaine Monterosa Ski <\/strong><\/a>\u00a0offre aux freeriders des conditions id\u00e9ales, avec la remont\u00e9e qui m\u00e8ne du Passo dei Salati \u00e0 la Punta Indren, d&rsquo;o\u00f9 partent d&rsquo;innombrables parcours, de difficult\u00e9 interm\u00e9diaire \u00e0 marquer.<\/p>\n<\/div>\n<\/div>\n\n\n\n<div class=\"wp-block-column is-layout-flow wp-block-column-is-layout-flow\">\n<figure class=\"wp-block-image size-full is-resized is-style-4-3\"><img loading=\"lazy\" decoding=\"async\" src=\"https:\/\/visitvalsesiavercelli.it\/wp-content\/uploads\/2022\/10\/DSC_0887-1-scaled.jpg\" alt=\"\" class=\"wp-image-3550\" width=\"537\" height=\"358\" srcset=\"https:\/\/visitvalsesiavercelli.it\/wp-content\/uploads\/2022\/10\/DSC_0887-1-scaled.jpg 2560w, https:\/\/visitvalsesiavercelli.it\/wp-content\/uploads\/2022\/10\/DSC_0887-1-1000x667.jpg 1000w, https:\/\/visitvalsesiavercelli.it\/wp-content\/uploads\/2022\/10\/DSC_0887-1-1500x1000.jpg 1500w\" sizes=\"auto, (max-width: 537px) 100vw, 537px\" \/><figcaption class=\"wp-element-caption\"><strong><mark style=\"background-color:rgba(0, 0, 0, 0)\" class=\"has-inline-color has-giallo-color\">Alagna Freeride Paradise<\/mark><\/strong><\/figcaption><\/figure>\n<\/div>\n<\/div>\n\n\n\n<div class=\"wp-block-columns gap-mobile is-layout-flex wp-container-core-columns-is-layout-bb63363c wp-block-columns-is-layout-flex\">\n<div class=\"wp-block-column is-layout-flow wp-block-column-is-layout-flow\">\n<figure class=\"wp-block-image size-full is-resized is-style-4-3\"><img loading=\"lazy\" decoding=\"async\" src=\"https:\/\/visitvalsesiavercelli.it\/wp-content\/uploads\/2022\/10\/alagna_1501-4.jpg\" alt=\"\" class=\"wp-image-3925\" width=\"539\" height=\"358\" srcset=\"https:\/\/visitvalsesiavercelli.it\/wp-content\/uploads\/2022\/10\/alagna_1501-4.jpg 1200w, https:\/\/visitvalsesiavercelli.it\/wp-content\/uploads\/2022\/10\/alagna_1501-4-1000x665.jpg 1000w\" sizes=\"auto, (max-width: 539px) 100vw, 539px\" \/><figcaption class=\"wp-element-caption\"><strong><mark style=\"background-color:rgba(0, 0, 0, 0)\" class=\"has-inline-color has-giallo-color\">Le frisson du freeride<\/mark><\/strong><\/figcaption><\/figure>\n<\/div>\n\n\n\n<div class=\"wp-block-column is-vertically-aligned-center is-style-prima is-layout-flow wp-block-column-is-layout-flow\">\n<div class=\"wp-block-group is-layout-flow wp-block-group-is-layout-flow\">\n<h2 class=\"has-giallo-color has-text-color wp-block-heading\" style=\"font-size:26px;text-transform:uppercase\"><strong>SKI DE RANDONN\u00c9E&nbsp;:&nbsp; D\u2019INFINIES POSSIBILIT\u00c9S<\/strong><\/h2>\n\n\n\n<p style=\"font-size:20px\">Le plaisir ne s&rsquo;arr\u00eate pas aux zones hors-piste du domaine&nbsp;: il s&rsquo;\u00e9tend \u00e9galement aux nombreux versants que la Valsesia propose aux amateurs de ski de randonn\u00e9e. Entre des parcours longs et difficiles et des sorties plus courtes et plus simples, il y a d&rsquo;innombrables possibilit\u00e9s de sillonner la neige avec peaux de phoque et talons libres. Montez entre les pistes du domaine, descendez sur les pistes ou en dehors, en explorant les for\u00eats et les montagnes caract\u00e9ristiques de la vall\u00e9e. Lorsque la neige recouvre les montagnes, la Valsesia devient le terrain de jeu id\u00e9al de tous ceux qui aiment monter et descendre skis aux pieds et en toute libert\u00e9.<\/p>\n<\/div>\n<\/div>\n<\/div>\n\n\n\n<div class=\"wp-block-columns gap-mobile is-layout-flex wp-container-core-columns-is-layout-bb63363c wp-block-columns-is-layout-flex\">\n<div class=\"wp-block-column is-vertically-aligned-center is-layout-flow wp-block-column-is-layout-flow\">\n<div class=\"wp-block-group is-layout-flow wp-block-group-is-layout-flow\">\n<h3 class=\"has-giallo-color has-text-color wp-block-heading\" style=\"font-size:26px;text-transform:uppercase\">FAITES CONFIANCE \u00c0 NOS GUIDES DE MONTAGNE<\/h3>\n\n\n\n<p class=\"has-link-color wp-elements-00bbc72f43c8a00730e182c535d3f56b\" style=\"font-size:20px\">2\u00a0000\u00a0m\u00e8tres de d\u00e9nivel\u00e9 et d\u2019infinies variantes\u00a0: goulets pentus ou larges vall\u00e9es couvertes de poudreuse r\u00e9pondent aux attentes de tous les riders.<br><br>Les skieurs exp\u00e9riment\u00e9s peuvent passer des sommets les plus \u00e9lev\u00e9s aux pistes de moyenne altitude dans un cadre fascinant, o\u00f9 la nature est vierge. La confiance en soi est importante, mais n\u2019oubliez pas que la pr\u00e9sence de nos <a href=\"https:\/\/visitvalsesiavercelli.it\/fr\/guide-alpine-e-naturalistiche\/\"><strong>guides de montagne<\/strong><\/a>\u00a0l\u2019est encore plus\u00a0! Leur expertise technique fait de nos sp\u00e9cialistes de la montagne les accompagnateurs id\u00e9aux de tous ceux qui souhaitent pratiquer le ski hors-piste et le ski de randonn\u00e9e, quel que soit leur niveau.<\/p>\n<\/div>\n<\/div>\n\n\n\n<div class=\"wp-block-column is-layout-flow wp-block-column-is-layout-flow\">\n<figure class=\"wp-block-image size-full is-resized is-style-4-3\"><img loading=\"lazy\" decoding=\"async\" src=\"https:\/\/visitvalsesiavercelli.it\/wp-content\/uploads\/2022\/10\/Freeride-6-scaled.jpg\" alt=\"\" class=\"wp-image-3927\" width=\"539\" height=\"359\" srcset=\"https:\/\/visitvalsesiavercelli.it\/wp-content\/uploads\/2022\/10\/Freeride-6-scaled.jpg 2560w, https:\/\/visitvalsesiavercelli.it\/wp-content\/uploads\/2022\/10\/Freeride-6-1000x667.jpg 1000w, https:\/\/visitvalsesiavercelli.it\/wp-content\/uploads\/2022\/10\/Freeride-6-1500x1000.jpg 1500w\" sizes=\"auto, (max-width: 539px) 100vw, 539px\" \/><figcaption class=\"wp-element-caption\"><strong><mark style=\"background-color:rgba(0, 0, 0, 0)\" class=\"has-inline-color has-giallo-color\">Face \u00e0 face avec la montagne<\/mark><\/strong><\/figcaption><\/figure>\n<\/div>\n<\/div>\n\n\n\n<div class=\"wp-block-columns gap-mobile is-layout-flex wp-container-core-columns-is-layout-bb63363c wp-block-columns-is-layout-flex\">\n<div class=\"wp-block-column is-vertically-aligned-center is-layout-flow wp-block-column-is-layout-flow\">\n<figure class=\"wp-block-image size-full is-style-rounded\"><img loading=\"lazy\" decoding=\"async\" width=\"2560\" height=\"1707\" src=\"https:\/\/visitvalsesiavercelli.it\/wp-content\/uploads\/2022\/10\/DSC_0972-1-scaled.jpg\" alt=\"\" class=\"wp-image-3585\" srcset=\"https:\/\/visitvalsesiavercelli.it\/wp-content\/uploads\/2022\/10\/DSC_0972-1-scaled.jpg 2560w, https:\/\/visitvalsesiavercelli.it\/wp-content\/uploads\/2022\/10\/DSC_0972-1-1000x667.jpg 1000w, https:\/\/visitvalsesiavercelli.it\/wp-content\/uploads\/2022\/10\/DSC_0972-1-1500x1000.jpg 1500w\" sizes=\"auto, (max-width: 2560px) 100vw, 2560px\" \/><\/figure>\n\n\n\n<p class=\"has-text-align-center\"><br><strong><mark style=\"background-color:rgba(0, 0, 0, 0)\" class=\"has-inline-color has-giallo-color\">Une exp\u00e9rience authentique de la libert\u00e9<\/mark><\/strong><\/p>\n<\/div>\n\n\n\n<div class=\"wp-block-column is-style-prima is-layout-flow wp-block-column-is-layout-flow\">\n<div class=\"wp-block-group is-layout-flow wp-block-group-is-layout-flow\">\n<p class=\"has-giallo-color has-text-color\" style=\"font-size:26px;text-transform:uppercase\"><strong>LES ITIN\u00c9RAIRES LES PLUS ATTIRANTS<\/strong><\/p>\n\n\n\n<p style=\"font-size:20px\">Dans les vall\u00e9es lat\u00e9rales, plusieurs parcours sont adapt\u00e9s \u00e0 tous : la mont\u00e9e dans la Val Grande, entre les montagnes de la Val Sorba, vers le Monte Bo Valsesiano&nbsp;; le Colle di Rima ou le Colle del Termo, en Val Sermenza&nbsp;; l\u2019itin\u00e9raire vers le Monte Capio au d\u00e9part de Rimella, en Val Mastallone, ou l\u2019ascension au Pizzo Tracciora ou \u00e0 la Massa del Turlo, plus bas dans la vall\u00e9e, pr\u00e8s de Varallo.<\/p>\n\n\n\n<p class=\"has-link-color wp-elements-6eb827bace6bb3ae4603e849bfbe33b7\" style=\"font-size:20px\">Pour les plus exp\u00e9riment\u00e9s, le massif du mont Rose offre des mont\u00e9es et des descentes \u00e0 couper le souffle. La destination la plus prestigieuse est certainement la <a href=\"https:\/\/visitvalsesiavercelli.it\/fr\/scopri\/punti-di-interesse\/capanna-regina-margherita\/\"><strong>Capanna Margherita<\/strong><\/a> qui, sous son manteau blanc, est vraiment magnifique. Mais le Corno Nero, \u00e0 4\u00a0322\u00a0m\u00e8tres, la Pyramide Vincent, \u00e0 4\u00a0215\u00a0m\u00e8tres, et la Punta Giordani, \u00e0 4\u00a0046\u00a0m\u00e8tres, ne sont pas moins impressionnants.<\/p>\n\n\n\n<p style=\"font-size:20px\">\u00c0 ne pas manquer non plus, le Tour di Zermatt, un magnifique circuit qui traverse le c\u0153ur du mont Rose et permet d&rsquo;admirer tous ses sommets, ou la mont\u00e9e dans les alpages du hameau walser d&rsquo;Otro, vers le Colle di Zube.<\/p>\n<\/div>\n<\/div>\n<\/div>\n\n\n\n<p class=\"has-text-align-center has-link-color has-size-22-font-size wp-elements-f49fc925393a507dd1cb0cd993fa54e3\">Si vous \u00eates curieux d&rsquo;essayer ce sport<br>et recherchent le bon \u00e9quipement,<br>d\u00e9couvrez toutes les <a href=\"https:\/\/visitvalsesiavercelli.it\/fr\/noleggio-attrezzatura\/\"><strong>locations de mat\u00e9riel<\/strong><\/a> dans la r\u00e9gion !<\/p>\n<\/div>\n<\/div>\n\n\n\n<div class=\"wp-block-group intro-3 empty is-layout-flow wp-container-core-group-is-layout-b298a938 wp-block-group-is-layout-flow\" style=\"padding-top:110px;padding-bottom:70px\">\n<div class=\"wp-block-group intro-3 sci is-layout-flow wp-container-core-group-is-layout-b298a938 wp-block-group-is-layout-flow\" style=\"padding-top:110px;padding-bottom:70px\">\n<div class=\"wp-block-columns is-layout-flex wp-container-core-columns-is-layout-00723822 wp-block-columns-is-layout-flex\">\n<div class=\"wp-block-column is-over is-layout-flow wp-block-column-is-layout-flow\" style=\"padding-left:80px;flex-basis:290px\">\n<h2 class=\"has-blu-color has-text-color wp-block-heading\" style=\"line-height:0.90;text-transform:uppercase\">Organizza<br>LA TUA GIORNATA<br><mark style=\"background-color:rgba(0, 0, 0, 0)\" class=\"has-inline-color has-giallo-color\">SULLA NEVE<\/mark><\/h2>\n\n\n\n<p class=\"has-size-22-font-size\" style=\"font-style:normal;font-weight:600\">Noleggio attrezzatura, lezioni di sci, guide alpine e molto altro!<\/p>\n<\/div>\n\n\n\n<div class=\"wp-block-column is-layout-flow wp-block-column-is-layout-flow\" style=\"padding-left:60px\">    <section class=\"carosello-orizzontale cover-overflow\">\n                    <div class=\"swiper\">\n                <div class=\"swiper-wrapper\">\n                                            <div class=\"swiper-slide\">\n                            <a href=\"https:\/\/visitvalsesiavercelli.it\/scopri\/winter-in-valsesia\/scuole-sci\/\" class=\"carosello-element\">\n                                <div class=\"wp-block-image\">\n                                    <img loading=\"lazy\" decoding=\"async\" width=\"340\" height=\"210\" src=\"https:\/\/visitvalsesiavercelli.it\/wp-content\/uploads\/2022\/07\/noleggio-e-scuole-sci--340x210.jpg\" class=\"attachment-regular-thumb size-regular-thumb wp-post-image\" alt=\"\" srcset=\"https:\/\/visitvalsesiavercelli.it\/wp-content\/uploads\/2022\/07\/noleggio-e-scuole-sci--340x210.jpg 340w, https:\/\/visitvalsesiavercelli.it\/wp-content\/uploads\/2022\/07\/noleggio-e-scuole-sci--680x420.jpg 680w\" sizes=\"auto, (max-width: 340px) 100vw, 340px\" \/>                                <\/div>\n                                <div class=\"content\">\n                                    <h4>Scuole sci<\/h4>\n                                <\/div>\n                                <div class=\"wp-block-buttons\">\n                                    <div class=\"wp-block-button is-style-outline\">\n                                        <span class=\"wp-block-button__link\">\n                                            Vivre                                        <\/span>\n                                    <\/div>\n                                <\/div>\n                            <\/a>\n                        <\/div>\n                                                <div class=\"swiper-slide\">\n                            <a href=\"https:\/\/visitvalsesiavercelli.it\/noleggio-e-scuole-sci\/\" class=\"carosello-element\">\n                                <div class=\"wp-block-image\">\n                                    <img loading=\"lazy\" decoding=\"async\" width=\"340\" height=\"210\" src=\"https:\/\/visitvalsesiavercelli.it\/wp-content\/uploads\/2022\/10\/Noleggio-340x210.jpg\" class=\"attachment-regular-thumb size-regular-thumb wp-post-image\" alt=\"\" srcset=\"https:\/\/visitvalsesiavercelli.it\/wp-content\/uploads\/2022\/10\/Noleggio-340x210.jpg 340w, https:\/\/visitvalsesiavercelli.it\/wp-content\/uploads\/2022\/10\/Noleggio-680x420.jpg 680w\" sizes=\"auto, (max-width: 340px) 100vw, 340px\" \/>                                <\/div>\n                                <div class=\"content\">\n                                    <h4>Noleggio attrezzatura<\/h4>\n                                <\/div>\n                                <div class=\"wp-block-buttons\">\n                                    <div class=\"wp-block-button is-style-outline\">\n                                        <span class=\"wp-block-button__link\">\n                                            Vivre                                        <\/span>\n                                    <\/div>\n                                <\/div>\n                            <\/a>\n                        <\/div>\n                                                <div class=\"swiper-slide\">\n                            <a href=\"https:\/\/visitvalsesiavercelli.it\/scopri\/winter-in-valsesia\/guide-alpine\/\" class=\"carosello-element\">\n                                <div class=\"wp-block-image\">\n                                    <img loading=\"lazy\" decoding=\"async\" width=\"340\" height=\"210\" src=\"https:\/\/visitvalsesiavercelli.it\/wp-content\/uploads\/2022\/10\/ACTI3208-340x210.png\" class=\"attachment-regular-thumb size-regular-thumb wp-post-image\" alt=\"\" srcset=\"https:\/\/visitvalsesiavercelli.it\/wp-content\/uploads\/2022\/10\/ACTI3208-340x210.png 340w, https:\/\/visitvalsesiavercelli.it\/wp-content\/uploads\/2022\/10\/ACTI3208-680x420.png 680w\" sizes=\"auto, (max-width: 340px) 100vw, 340px\" \/>                                <\/div>\n                                <div class=\"content\">\n                                    <h4>Guide alpine<\/h4>\n                                <\/div>\n                                <div class=\"wp-block-buttons\">\n                                    <div class=\"wp-block-button is-style-outline\">\n                                        <span class=\"wp-block-button__link\">\n                                            Vivre                                        <\/span>\n                                    <\/div>\n                                <\/div>\n                            <\/a>\n                        <\/div>\n                                                <div class=\"swiper-slide\">\n                            <a href=\"https:\/\/visitvalsesiavercelli.it\/organizza\/ospitalita\/dove-dormire\/\" class=\"carosello-element\">\n                                <div class=\"wp-block-image\">\n                                    <img loading=\"lazy\" decoding=\"async\" width=\"340\" height=\"210\" src=\"https:\/\/visitvalsesiavercelli.it\/wp-content\/uploads\/2022\/08\/dove-dormire-340x210.jpg\" class=\"attachment-regular-thumb size-regular-thumb wp-post-image\" alt=\"\" srcset=\"https:\/\/visitvalsesiavercelli.it\/wp-content\/uploads\/2022\/08\/dove-dormire-340x210.jpg 340w, https:\/\/visitvalsesiavercelli.it\/wp-content\/uploads\/2022\/08\/dove-dormire-680x420.jpg 680w\" sizes=\"auto, (max-width: 340px) 100vw, 340px\" \/>                                <\/div>\n                                <div class=\"content\">\n                                    <h4>Dove dormire<\/h4>\n                                <\/div>\n                                <div class=\"wp-block-buttons\">\n                                    <div class=\"wp-block-button is-style-outline\">\n                                        <span class=\"wp-block-button__link\">\n                                            Vivre                                        <\/span>\n                                    <\/div>\n                                <\/div>\n                            <\/a>\n                        <\/div>\n                                                <div class=\"swiper-slide\">\n                            <a href=\"https:\/\/visitvalsesiavercelli.it\/organizza\/ospitalita\/dove-mangiare\/\" class=\"carosello-element\">\n                                <div class=\"wp-block-image\">\n                                    <img loading=\"lazy\" decoding=\"async\" width=\"340\" height=\"210\" src=\"https:\/\/visitvalsesiavercelli.it\/wp-content\/uploads\/2022\/07\/hero-gusto-340x210.jpg\" class=\"attachment-regular-thumb size-regular-thumb wp-post-image\" alt=\"\" srcset=\"https:\/\/visitvalsesiavercelli.it\/wp-content\/uploads\/2022\/07\/hero-gusto-340x210.jpg 340w, https:\/\/visitvalsesiavercelli.it\/wp-content\/uploads\/2022\/07\/hero-gusto-680x420.jpg 680w\" sizes=\"auto, (max-width: 340px) 100vw, 340px\" \/>                                <\/div>\n                                <div class=\"content\">\n                                    <h4>Dove mangiare<\/h4>\n                                <\/div>\n                                <div class=\"wp-block-buttons\">\n                                    <div class=\"wp-block-button is-style-outline\">\n                                        <span class=\"wp-block-button__link\">\n                                            Vivre                                        <\/span>\n                                    <\/div>\n                                <\/div>\n                            <\/a>\n                        <\/div>\n                                        <\/div>\n                <div class=\"swiper-buttons\">\n                    <div class=\"swiper-button-prev\"><\/div>\n                    <div class=\"swiper-button-next\"><\/div>\n                <\/div>\n            <\/div>\n            <\/section><\/div>\n<\/div>\n<\/div>\n<\/div>\n","protected":false},"excerpt":{"rendered":"<p>Home Scopri Winter in Valsesia Sport invernali ValsesiaLE PARADIS DU FREERIDE L&rsquo;Alta Valsesia, l\u2019hiver, est une terre de d\u00e9fis&nbsp;: elle procure des frissons exceptionnels que seules les vall\u00e9es immacul\u00e9es du mont Rose peuvent donner, dans des espaces illimit\u00e9s permettant de pratiquer certains des sports d&rsquo;hiver les plus excitants et les plus riches en adr\u00e9naline. LE&#8230;<\/p>\n","protected":false},"author":6,"featured_media":0,"parent":12660,"menu_order":0,"comment_status":"closed","ping_status":"closed","template":"","meta":{"_acf_changed":false,"footnotes":""},"class_list":["post-12676","page","type-page","status-publish","hentry"],"acf":[],"_links":{"self":[{"href":"https:\/\/visitvalsesiavercelli.it\/fr\/wp-json\/wp\/v2\/pages\/12676","targetHints":{"allow":["GET"]}}],"collection":[{"href":"https:\/\/visitvalsesiavercelli.it\/fr\/wp-json\/wp\/v2\/pages"}],"about":[{"href":"https:\/\/visitvalsesiavercelli.it\/fr\/wp-json\/wp\/v2\/types\/page"}],"author":[{"embeddable":true,"href":"https:\/\/visitvalsesiavercelli.it\/fr\/wp-json\/wp\/v2\/users\/6"}],"replies":[{"embeddable":true,"href":"https:\/\/visitvalsesiavercelli.it\/fr\/wp-json\/wp\/v2\/comments?post=12676"}],"version-history":[{"count":0,"href":"https:\/\/visitvalsesiavercelli.it\/fr\/wp-json\/wp\/v2\/pages\/12676\/revisions"}],"up":[{"embeddable":true,"href":"https:\/\/visitvalsesiavercelli.it\/fr\/wp-json\/wp\/v2\/pages\/12660"}],"wp:attachment":[{"href":"https:\/\/visitvalsesiavercelli.it\/fr\/wp-json\/wp\/v2\/media?parent=12676"}],"curies":[{"name":"wp","href":"https:\/\/api.w.org\/{rel}","templated":true}]}}