{"id":12677,"date":"2022-08-04T18:45:41","date_gmt":"2022-08-04T16:45:41","guid":{"rendered":"https:\/\/visitvalsesiavercelli.it\/?page_id=12677"},"modified":"2023-02-12T12:35:40","modified_gmt":"2023-02-12T11:35:40","slug":"ski-de-fond","status":"publish","type":"page","link":"https:\/\/visitvalsesiavercelli.it\/fr\/ski-de-fond\/","title":{"rendered":"Ski de fond"},"content":{"rendered":"\n<div class=\"wp-block-cover alignfull is-light has-custom-content-position is-position-center-left hero\" style=\"min-height:650px;aspect-ratio:unset;\"><span aria-hidden=\"true\" class=\"wp-block-cover__background has-background-dim\"><\/span><img decoding=\"async\" class=\"wp-block-cover__image-background wp-image-4144\" alt=\"\" src=\"https:\/\/visitvalsesiavercelli.it\/wp-content\/uploads\/2022\/10\/sci-di-fondo-scaled.jpg\" style=\"object-position:29% 100%\" data-object-fit=\"cover\" data-object-position=\"29% 100%\"\/><div class=\"wp-block-cover__inner-container is-layout-flow wp-block-cover-is-layout-flow\">\n<div class=\"wp-block-group is-layout-flow wp-block-group-is-layout-flow\">\n<figure class=\"wp-block-image size-large\"><img loading=\"lazy\" decoding=\"async\" width=\"180\" height=\"211\" src=\"https:\/\/visitvalsesiavercelli.it\/wp-content\/uploads\/2022\/06\/emozioni-sulla-neve.svg\" alt=\"\" class=\"wp-image-348\"\/><\/figure>\n\n\n\n<h1 class=\"has-bianco-color has-text-color wp-block-heading\" style=\"text-transform:uppercase\">Ski de fond <\/h1>\n<\/div>\n<\/div><\/div>\n\n\n\n<div class=\"wp-block-group alignfull breadcrumbs breadcrumbs-blu is-layout-flow wp-block-group-is-layout-flow\">\n<div class=\"wp-block-group d-flex is-layout-flow wp-block-group-is-layout-flow\">\n<p><a href=\"https:\/\/visitvalsesiavercelli.it\/\" data-type=\"page\" data-id=\"2\">Home<\/a><\/p>\n\n\n\n<p>Scopri<\/p>\n\n\n\n<p>Winter in Valsesia<\/p>\n\n\n\n<p><a href=\"https:\/\/visitvalsesiavercelli.it\/scopri\/winter-in-valsesia\/sport-invernali\/\">Sport invernali<\/a><\/p>\n\n\n<h6 class=\"wp-block-post-title has-text-color has-orange-color\">Ski de fond<\/h6><\/div>\n<\/div>\n\n\n\n<div class=\"wp-block-group alignfull is-layout-flow wp-block-group-is-layout-flow\">\n<div class=\"wp-block-group intro-esperienze sci is-layout-constrained wp-container-core-group-is-layout-02dd29b2 wp-block-group-is-layout-constrained\" style=\"padding-top:70px;padding-bottom:70px\">\n<h2 class=\"has-text-align-center has-blu-color has-text-color wp-block-heading\" style=\"text-transform:uppercase\">plaisir, <br><mark style=\"background-color:rgba(0, 0, 0, 0)\" class=\"has-inline-color has-giallo-color\">sport et simplicit\u00e9<\/mark><\/h2>\n\n\n\n<p class=\"has-text-align-center has-text-color has-size-22-font-size\" style=\"color:#36442e;font-style:normal;font-weight:600\">Le ski de fond est l&rsquo;une des attractions incontest\u00e9es de la saison hivernale en Valsesia. Une activit\u00e9 de plein air adapt\u00e9e \u00e0 tous pour profiter du contact avec la nature, en suivant, skis aux pieds, les douces courbes des pistes.<br>D\u00e9couvrez les pistes que vous pr\u00e9f\u00e9rez&nbsp;!<strong><br><\/strong><\/p>\n\n\n\n<div class=\"wp-block-buttons is-content-justification-center is-layout-flex wp-container-core-buttons-is-layout-a89b3969 wp-block-buttons-is-layout-flex\">\n<div class=\"wp-block-button is-style-webcam\"><a class=\"wp-block-button__link wp-element-button\" href=\"https:\/\/visitvalsesiavercelli.it\/webcam\/\">Voir le webcams<\/a><\/div>\n<\/div>\n<\/div>\n<\/div>\n\n\n\n<div class=\"wp-block-group alignfull has-bianco-color has-blu-background-color has-text-color has-background is-layout-flow wp-block-group-is-layout-flow\">\n<div class=\"wp-block-group is-layout-constrained wp-container-core-group-is-layout-e548ea6f wp-block-group-is-layout-constrained\">\n<div class=\"wp-block-group intro-2 empty is-layout-flow wp-container-core-group-is-layout-da4f6b9a wp-block-group-is-layout-flow\" style=\"padding-top:50px;padding-bottom:50px\">\n<div class=\"wp-block-columns gap-mobile is-layout-flex wp-container-core-columns-is-layout-bb63363c wp-block-columns-is-layout-flex\">\n<div class=\"wp-block-column is-layout-flow wp-block-column-is-layout-flow\">\n<div class=\"wp-block-group is-layout-flow wp-block-group-is-layout-flow\">\n<h2 class=\"has-giallo-color has-text-color has-size-22-font-size wp-block-heading\" style=\"text-transform:uppercase\"><strong>ALAGNA &#8211; localit\u00e9 RIVA VALDOBBIA<\/strong><\/h2>\n\n\n\n<p style=\"font-size:20px\">Les pistes du centre de ski de fond \u00ab\u00a0Marmotta Rosa\u00a0\u00bb longent la rive gauche de la rivi\u00e8re Sesia et offrent un splendide panorama sur le mont Rose. Le centre est pourvu de tout le confort et des \u00e9quipements n\u00e9cessaires pour passer des journ\u00e9es consacr\u00e9es \u00e0 ce sport, \u00e0 pratiquer seul ou en compagnie. <\/p>\n\n\n\n<p style=\"font-size:20px\">Le site vous surprendra avec ses boucles concentriques de difficult\u00e9s variables&nbsp;: une piste rouge de 10&nbsp;kilom\u00e8tres et une verte de 5&nbsp;kilom\u00e8tres, quelques tron\u00e7ons de noires plus difficiles et une piste d\u2019apprentissage. Le centre met les services suivants \u00e0 la disposition des clients&nbsp;: bar, restaurant, location de skis, douches, toilettes et vestiaires. Il est \u00e9galement possible de r\u00e9server des cours avec les moniteurs de l&rsquo;\u00e9cole de ski de fond.<\/p>\n\n\n\n<h3 class=\"has-giallo-color has-text-color wp-block-heading\" style=\"font-size:26px;text-transform:uppercase\"><br>informations et contacts utiles<\/h3>\n\n\n\n<div class=\"wp-block-group info-esperienze-container has-link-color wp-elements-220cfbb8b6aa0c0533a398baa3dffc9b is-vertical is-layout-flex wp-container-core-group-is-layout-fe9cc265 wp-block-group-is-layout-flex\">\n<h2 class=\"has-size-22-font-size wp-block-heading\" style=\"text-transform:uppercase\">Pista di Fondo alagna &amp; riva valdobbia<\/h2>\n\n\n\n<p class=\"has-icon pin\" style=\"font-size:20px\">Via per Piana Fuseria, 14, 13020 Riva Valdobbia (VC)<\/p>\n\n\n\n<p class=\"has-icon tel\" style=\"font-size:20px\">+39 349.0060799<\/p>\n\n\n\n<p class=\"has-icon mail\" style=\"font-size:20px\"><a href=\"mailto:skiteamvalsesia@gmail.com\">skiteamvalsesia@gmail.com<\/a><\/p>\n\n\n\n<p class=\"has-icon www\" style=\"font-size:20px\"><a href=\"https:\/\/www.skiteamvalsesia.com\/pista-di-fondo\">www.skiteamvalsesia.com\/pista-di-fondo<\/a><\/p>\n<\/div>\n\n\n    <div class=\"info-esperienze\">\n        \n    <\/div><\/div>\n<\/div>\n\n\n\n<div class=\"wp-block-column is-vertically-aligned-center order-1-mobile is-layout-flow wp-block-column-is-layout-flow\">\n<figure class=\"wp-block-image aligncenter size-full is-resized is-style-4-3\"><img loading=\"lazy\" decoding=\"async\" src=\"https:\/\/visitvalsesiavercelli.it\/wp-content\/uploads\/2022\/10\/BRIS_riva_27-1.jpg\" alt=\"\" class=\"wp-image-3568\" width=\"537\" height=\"358\" srcset=\"https:\/\/visitvalsesiavercelli.it\/wp-content\/uploads\/2022\/10\/BRIS_riva_27-1.jpg 2000w, https:\/\/visitvalsesiavercelli.it\/wp-content\/uploads\/2022\/10\/BRIS_riva_27-1-1000x667.jpg 1000w, https:\/\/visitvalsesiavercelli.it\/wp-content\/uploads\/2022\/10\/BRIS_riva_27-1-1500x1000.jpg 1500w\" sizes=\"auto, (max-width: 537px) 100vw, 537px\" \/><figcaption class=\"wp-element-caption\"><strong><mark style=\"background-color:rgba(0, 0, 0, 0)\" class=\"has-inline-color has-giallo-color\">Silence, neige et vues magnifiques<\/mark><\/strong><\/figcaption><\/figure>\n<\/div>\n<\/div>\n\n\n\n<div class=\"wp-block-columns gap-mobile is-layout-flex wp-container-core-columns-is-layout-bb63363c wp-block-columns-is-layout-flex\">\n<div class=\"wp-block-column is-vertically-aligned-center order-1-mobile is-layout-flow wp-block-column-is-layout-flow\">\n<figure class=\"wp-block-image size-full is-resized is-style-4-3\"><img loading=\"lazy\" decoding=\"async\" src=\"https:\/\/visitvalsesiavercelli.it\/wp-content\/uploads\/2022\/10\/POL_4393-3-scaled.jpg\" alt=\"\" class=\"wp-image-3572\" width=\"538\" height=\"358\" srcset=\"https:\/\/visitvalsesiavercelli.it\/wp-content\/uploads\/2022\/10\/POL_4393-3-scaled.jpg 2560w, https:\/\/visitvalsesiavercelli.it\/wp-content\/uploads\/2022\/10\/POL_4393-3-1000x667.jpg 1000w, https:\/\/visitvalsesiavercelli.it\/wp-content\/uploads\/2022\/10\/POL_4393-3-1500x1000.jpg 1500w\" sizes=\"auto, (max-width: 538px) 100vw, 538px\" \/><figcaption class=\"wp-element-caption\"><strong><mark style=\"background-color:rgba(0, 0, 0, 0)\" class=\"has-inline-color has-giallo-color\">Des villages de contes de f\u00e9es \u00e0 explorer \u00e0 skis<\/mark><\/strong><\/figcaption><\/figure>\n<\/div>\n\n\n\n<div class=\"wp-block-column is-style-prima is-layout-flow wp-block-column-is-layout-flow\">\n<div class=\"wp-block-group is-layout-flow wp-block-group-is-layout-flow\">\n<h3 class=\"has-giallo-color has-text-color wp-block-heading\" style=\"font-size:26px;text-transform:uppercase\">carcoforo<\/h3>\n\n\n\n<p style=\"font-size:20px\">Le centre de ski de fond de Carcoforo, homologu\u00e9 pour les comp\u00e9titions nationales, accueille aussi bien les skieurs d\u00e9butants que les athl\u00e8tes plus exp\u00e9riment\u00e9s, qui peuvent \u00e9voluer sur les 7&nbsp;km de pistes organis\u00e9s en 3&nbsp;boucles. Elles serpentent dans le paysage enchanteur de la Val d&rsquo;Egua, avec de suggestifs croisements dans la zone situ\u00e9e entre le village et les champs de neige ensoleill\u00e9s et sem\u00e9s de m\u00e9l\u00e8zes. Carcoforo, site unique pour red\u00e9couvrir le ski de fond&nbsp;!<\/p>\n\n\n\n<p style=\"font-size:20px\">Le centre de ski de fond Carcoforo propose \u00e0 ses clients un service de restauration, des vestiaires avec douches, la location de mat\u00e9riel et une \u00e9cole de ski.<\/p>\n\n\n\n<h3 class=\"has-giallo-color has-text-color wp-block-heading\" style=\"font-size:26px;text-transform:uppercase\">informations et contacts utiles<\/h3>\n\n\n\n<div class=\"wp-block-group info-esperienze-container has-link-color wp-elements-51457f54e588be0ec80f14b22565e772 is-vertical is-layout-flex wp-container-core-group-is-layout-fe9cc265 wp-block-group-is-layout-flex\">\n<h2 class=\"has-size-22-font-size wp-block-heading\" style=\"text-transform:uppercase\">Pista Sci di Fondo Carcoforo<\/h2>\n\n\n\n<p class=\"has-icon pin\" style=\"font-size:20px\">Localit\u00e0 Tetto Minocco, 12, 13026 Carcoforo (VC)<\/p>\n\n\n\n<p class=\"has-icon tel\" style=\"font-size:20px\">+39 347.8729211<\/p>\n\n\n\n<p class=\"has-icon mail\" style=\"font-size:20px\"><a href=\"mailto:sciclub@comunecarcoforo.it\">sciclub@comunecarcoforo.it<\/a> <\/p>\n<\/div>\n\n\n    <div class=\"info-esperienze\">\n        \n    <\/div><\/div>\n<\/div>\n<\/div>\n<\/div>\n<\/div>\n<\/div>\n\n\n\n<div class=\"wp-block-group alignfull organizza-container empty is-layout-flow wp-block-group-is-layout-flow\">\n<div class=\"wp-block-group intro-3 sci is-layout-flow wp-container-core-group-is-layout-b298a938 wp-block-group-is-layout-flow\" style=\"padding-top:110px;padding-bottom:70px\">\n<div class=\"wp-block-columns is-layout-flex wp-container-core-columns-is-layout-00723822 wp-block-columns-is-layout-flex\">\n<div class=\"wp-block-column is-over is-layout-flow wp-block-column-is-layout-flow\" style=\"padding-left:80px;flex-basis:290px\">\n<h2 class=\"has-blu-color has-text-color wp-block-heading\" style=\"line-height:0.90;text-transform:uppercase\">Organizza<br>LA TUA GIORNATA<br><mark style=\"background-color:rgba(0, 0, 0, 0)\" class=\"has-inline-color has-giallo-color\">SULLA NEVE<\/mark><\/h2>\n\n\n\n<p class=\"has-size-22-font-size\" style=\"font-style:normal;font-weight:600\">Noleggio attrezzatura, lezioni di sci, guide alpine e molto altro!<\/p>\n<\/div>\n\n\n\n<div class=\"wp-block-column is-layout-flow wp-block-column-is-layout-flow\" style=\"padding-left:60px\">    <section class=\"carosello-orizzontale cover-overflow\">\n                    <div class=\"swiper\">\n                <div class=\"swiper-wrapper\">\n                                            <div class=\"swiper-slide\">\n                            <a href=\"https:\/\/visitvalsesiavercelli.it\/scopri\/winter-in-valsesia\/scuole-sci\/\" class=\"carosello-element\">\n                                <div class=\"wp-block-image\">\n                                    <img loading=\"lazy\" decoding=\"async\" width=\"340\" height=\"210\" src=\"https:\/\/visitvalsesiavercelli.it\/wp-content\/uploads\/2022\/07\/noleggio-e-scuole-sci--340x210.jpg\" class=\"attachment-regular-thumb size-regular-thumb wp-post-image\" alt=\"\" srcset=\"https:\/\/visitvalsesiavercelli.it\/wp-content\/uploads\/2022\/07\/noleggio-e-scuole-sci--340x210.jpg 340w, https:\/\/visitvalsesiavercelli.it\/wp-content\/uploads\/2022\/07\/noleggio-e-scuole-sci--680x420.jpg 680w\" sizes=\"auto, (max-width: 340px) 100vw, 340px\" \/>                                <\/div>\n                                <div class=\"content\">\n                                    <h4>Scuole sci<\/h4>\n                                <\/div>\n                                <div class=\"wp-block-buttons\">\n                                    <div class=\"wp-block-button is-style-outline\">\n                                        <span class=\"wp-block-button__link\">\n                                            Vivre                                        <\/span>\n                                    <\/div>\n                                <\/div>\n                            <\/a>\n                        <\/div>\n                                                <div class=\"swiper-slide\">\n                            <a href=\"https:\/\/visitvalsesiavercelli.it\/noleggio-e-scuole-sci\/\" class=\"carosello-element\">\n                                <div class=\"wp-block-image\">\n                                    <img loading=\"lazy\" decoding=\"async\" width=\"340\" height=\"210\" src=\"https:\/\/visitvalsesiavercelli.it\/wp-content\/uploads\/2022\/10\/Noleggio-340x210.jpg\" class=\"attachment-regular-thumb size-regular-thumb wp-post-image\" alt=\"\" srcset=\"https:\/\/visitvalsesiavercelli.it\/wp-content\/uploads\/2022\/10\/Noleggio-340x210.jpg 340w, https:\/\/visitvalsesiavercelli.it\/wp-content\/uploads\/2022\/10\/Noleggio-680x420.jpg 680w\" sizes=\"auto, (max-width: 340px) 100vw, 340px\" \/>                                <\/div>\n                                <div class=\"content\">\n                                    <h4>Noleggio attrezzatura<\/h4>\n                                <\/div>\n                                <div class=\"wp-block-buttons\">\n                                    <div class=\"wp-block-button is-style-outline\">\n                                        <span class=\"wp-block-button__link\">\n                                            Vivre                                        <\/span>\n                                    <\/div>\n                                <\/div>\n                            <\/a>\n                        <\/div>\n                                                <div class=\"swiper-slide\">\n                            <a href=\"https:\/\/visitvalsesiavercelli.it\/scopri\/winter-in-valsesia\/guide-alpine\/\" class=\"carosello-element\">\n                                <div class=\"wp-block-image\">\n                                    <img loading=\"lazy\" decoding=\"async\" width=\"340\" height=\"210\" src=\"https:\/\/visitvalsesiavercelli.it\/wp-content\/uploads\/2022\/10\/ACTI3208-340x210.png\" class=\"attachment-regular-thumb size-regular-thumb wp-post-image\" alt=\"\" srcset=\"https:\/\/visitvalsesiavercelli.it\/wp-content\/uploads\/2022\/10\/ACTI3208-340x210.png 340w, https:\/\/visitvalsesiavercelli.it\/wp-content\/uploads\/2022\/10\/ACTI3208-680x420.png 680w\" sizes=\"auto, (max-width: 340px) 100vw, 340px\" \/>                                <\/div>\n                                <div class=\"content\">\n                                    <h4>Guide alpine<\/h4>\n                                <\/div>\n                                <div class=\"wp-block-buttons\">\n                                    <div class=\"wp-block-button is-style-outline\">\n                                        <span class=\"wp-block-button__link\">\n                                            Vivre                                        <\/span>\n                                    <\/div>\n                                <\/div>\n                            <\/a>\n                        <\/div>\n                                                <div class=\"swiper-slide\">\n                            <a href=\"https:\/\/visitvalsesiavercelli.it\/organizza\/ospitalita\/dove-dormire\/\" class=\"carosello-element\">\n                                <div class=\"wp-block-image\">\n                                    <img loading=\"lazy\" decoding=\"async\" width=\"340\" height=\"210\" src=\"https:\/\/visitvalsesiavercelli.it\/wp-content\/uploads\/2022\/08\/dove-dormire-340x210.jpg\" class=\"attachment-regular-thumb size-regular-thumb wp-post-image\" alt=\"\" srcset=\"https:\/\/visitvalsesiavercelli.it\/wp-content\/uploads\/2022\/08\/dove-dormire-340x210.jpg 340w, https:\/\/visitvalsesiavercelli.it\/wp-content\/uploads\/2022\/08\/dove-dormire-680x420.jpg 680w\" sizes=\"auto, (max-width: 340px) 100vw, 340px\" \/>                                <\/div>\n                                <div class=\"content\">\n                                    <h4>Dove dormire<\/h4>\n                                <\/div>\n                                <div class=\"wp-block-buttons\">\n                                    <div class=\"wp-block-button is-style-outline\">\n                                        <span class=\"wp-block-button__link\">\n                                            Vivre                                        <\/span>\n                                    <\/div>\n                                <\/div>\n                            <\/a>\n                        <\/div>\n                                                <div class=\"swiper-slide\">\n                            <a href=\"https:\/\/visitvalsesiavercelli.it\/organizza\/ospitalita\/dove-mangiare\/\" class=\"carosello-element\">\n                                <div class=\"wp-block-image\">\n                                    <img loading=\"lazy\" decoding=\"async\" width=\"340\" height=\"210\" src=\"https:\/\/visitvalsesiavercelli.it\/wp-content\/uploads\/2022\/07\/hero-gusto-340x210.jpg\" class=\"attachment-regular-thumb size-regular-thumb wp-post-image\" alt=\"\" srcset=\"https:\/\/visitvalsesiavercelli.it\/wp-content\/uploads\/2022\/07\/hero-gusto-340x210.jpg 340w, https:\/\/visitvalsesiavercelli.it\/wp-content\/uploads\/2022\/07\/hero-gusto-680x420.jpg 680w\" sizes=\"auto, (max-width: 340px) 100vw, 340px\" \/>                                <\/div>\n                                <div class=\"content\">\n                                    <h4>Dove mangiare<\/h4>\n                                <\/div>\n                                <div class=\"wp-block-buttons\">\n                                    <div class=\"wp-block-button is-style-outline\">\n                                        <span class=\"wp-block-button__link\">\n                                            Vivre                                        <\/span>\n                                    <\/div>\n                                <\/div>\n                            <\/a>\n                        <\/div>\n                                        <\/div>\n                <div class=\"swiper-buttons\">\n                    <div class=\"swiper-button-prev\"><\/div>\n                    <div class=\"swiper-button-next\"><\/div>\n                <\/div>\n            <\/div>\n            <\/section><\/div>\n<\/div>\n<\/div>\n<\/div>\n","protected":false},"excerpt":{"rendered":"<p>Home Scopri Winter in Valsesia Sport invernali plaisir, sport et simplicit\u00e9 Le ski de fond est l&rsquo;une des attractions incontest\u00e9es de la saison hivernale en Valsesia. Une activit\u00e9 de plein air adapt\u00e9e \u00e0 tous pour profiter du contact avec la nature, en suivant, skis aux pieds, les douces courbes des pistes.D\u00e9couvrez les pistes que vous&#8230;<\/p>\n","protected":false},"author":6,"featured_media":9440,"parent":12660,"menu_order":0,"comment_status":"closed","ping_status":"closed","template":"","meta":{"_acf_changed":false,"footnotes":""},"class_list":["post-12677","page","type-page","status-publish","has-post-thumbnail","hentry"],"acf":[],"_links":{"self":[{"href":"https:\/\/visitvalsesiavercelli.it\/fr\/wp-json\/wp\/v2\/pages\/12677","targetHints":{"allow":["GET"]}}],"collection":[{"href":"https:\/\/visitvalsesiavercelli.it\/fr\/wp-json\/wp\/v2\/pages"}],"about":[{"href":"https:\/\/visitvalsesiavercelli.it\/fr\/wp-json\/wp\/v2\/types\/page"}],"author":[{"embeddable":true,"href":"https:\/\/visitvalsesiavercelli.it\/fr\/wp-json\/wp\/v2\/users\/6"}],"replies":[{"embeddable":true,"href":"https:\/\/visitvalsesiavercelli.it\/fr\/wp-json\/wp\/v2\/comments?post=12677"}],"version-history":[{"count":0,"href":"https:\/\/visitvalsesiavercelli.it\/fr\/wp-json\/wp\/v2\/pages\/12677\/revisions"}],"up":[{"embeddable":true,"href":"https:\/\/visitvalsesiavercelli.it\/fr\/wp-json\/wp\/v2\/pages\/12660"}],"wp:featuredmedia":[{"embeddable":true,"href":"https:\/\/visitvalsesiavercelli.it\/fr\/wp-json\/wp\/v2\/media\/9440"}],"wp:attachment":[{"href":"https:\/\/visitvalsesiavercelli.it\/fr\/wp-json\/wp\/v2\/media?parent=12677"}],"curies":[{"name":"wp","href":"https:\/\/api.w.org\/{rel}","templated":true}]}}