{"id":12829,"date":"2022-06-23T10:49:31","date_gmt":"2022-06-23T08:49:31","guid":{"rendered":"https:\/\/visitvalsesiavercelli.it\/?page_id=12829"},"modified":"2023-02-19T15:51:19","modified_gmt":"2023-02-19T14:51:19","slug":"press-tour-e-iniziative-promozionali","status":"publish","type":"page","link":"https:\/\/visitvalsesiavercelli.it\/fr\/press-tour-e-iniziative-promozionali\/","title":{"rendered":"Visites de presse et initiatives promotionnelles"},"content":{"rendered":"\n<div class=\"wp-block-cover alignfull has-custom-content-position is-position-center-left hero\" style=\"min-height:650px;aspect-ratio:unset;\"><span aria-hidden=\"true\" class=\"wp-block-cover__background has-background-dim\"><\/span><img loading=\"lazy\" decoding=\"async\" width=\"2548\" height=\"1699\" class=\"wp-block-cover__image-background wp-image-5845\" alt=\"\" src=\"https:\/\/visitvalsesiavercelli.it\/wp-content\/uploads\/2022\/11\/PRESS.jpg\" style=\"object-position:54% 65%\" data-object-fit=\"cover\" data-object-position=\"54% 65%\" srcset=\"https:\/\/visitvalsesiavercelli.it\/wp-content\/uploads\/2022\/11\/PRESS.jpg 2548w, https:\/\/visitvalsesiavercelli.it\/wp-content\/uploads\/2022\/11\/PRESS-1000x667.jpg 1000w, https:\/\/visitvalsesiavercelli.it\/wp-content\/uploads\/2022\/11\/PRESS-1500x1000.jpg 1500w\" sizes=\"auto, (max-width: 2548px) 100vw, 2548px\" \/><div class=\"wp-block-cover__inner-container is-layout-flow wp-block-cover-is-layout-flow\">\n<div class=\"wp-block-group is-layout-flow wp-block-group-is-layout-flow\">\n<h1 class=\"has-bianco-color has-text-color wp-block-heading\" style=\"text-transform:uppercase\">VISITES DE PRESSE ET INITIATIVES PROMOTIONNELLES<\/h1>\n<\/div>\n<\/div><\/div>\n\n\n\n<div class=\"wp-block-group alignfull breadcrumbs is-layout-flow wp-block-group-is-layout-flow\">\n<div class=\"wp-block-group d-flex is-layout-flow wp-block-group-is-layout-flow\">\n<p><a href=\"https:\/\/atl.local\/\" data-type=\"page\" data-id=\"2\">Home<\/a><\/p>\n\n\n\n<p>Partecipa<\/p>\n\n\n\n<p>Progetti speciali<\/p>\n\n\n<h6 class=\"wp-block-post-title has-text-color has-orange-color\">Visites de presse et initiatives promotionnelles<\/h6><\/div>\n<\/div>\n\n\n\n<div class=\"wp-block-group alignfull is-layout-flow wp-block-group-is-layout-flow\">\n<div class=\"wp-block-group intro-esperienze is-layout-constrained wp-container-core-group-is-layout-02dd29b2 wp-block-group-is-layout-constrained\" style=\"padding-top:70px;padding-bottom:70px\">\n<p class=\"has-text-align-center has-text-color has-size-22-font-size\" style=\"color:#36442e;font-style:normal;font-weight:600\"><mark style=\"background-color:rgba(0, 0, 0, 0)\" class=\"has-inline-color has-nero-color\">Suivez les derniers projets impliquant des journalistes et des tour-op\u00e9rateurs invit\u00e9s en Valsesia et sur le territoire de Vercelli, et certaines des initiatives promotionnelles les plus appr\u00e9ci\u00e9es.<\/mark><\/p>\n<\/div>\n<\/div>\n\n\n    <section class=\"galleria-tondo\">\n                <div class=\"align\">\n                    <div class=\"swiper\">\n                        <div class=\"swiper-wrapper\">\n                                                            <div class=\"swiper-slide\">\n                                    <a href=\"https:\/\/visitvalsesiavercelli.it\/fr\/scopri\/progetti-speciali\/press-tour\/charte-graphique-du-tramway-milano\/\" class=\"galleria-tondo-single\">\n                                        <div class=\"galleria-tondo-single-top\">\n                                            <div class=\"wp-block-image is-style-border-big\">\n                                                <div class=\"outer\"><img loading=\"lazy\" decoding=\"async\" width=\"350\" height=\"354\" src=\"https:\/\/visitvalsesiavercelli.it\/wp-content\/uploads\/2022\/09\/press-tour-2-350x354.jpg\" class=\"attachment-regular-square size-regular-square wp-post-image\" alt=\"\" srcset=\"https:\/\/visitvalsesiavercelli.it\/wp-content\/uploads\/2022\/09\/press-tour-2-350x354.jpg 350w, https:\/\/visitvalsesiavercelli.it\/wp-content\/uploads\/2022\/09\/press-tour-2-600x607.jpg 600w\" sizes=\"auto, (max-width: 350px) 100vw, 350px\" \/><\/div>\n                                            <\/div>\n                                            <div class=\"text\">\n                                                <h2>charte graphique du tramway &#8211; milano<\/h2>\n                                                <div><span class=\"galleria-tondo-button\">D\u00e9couvrir<\/span><\/div>\n                                            <\/div>\n                                        <\/div>\n                                        <div class=\"galleria-tondo-single-nome\">\n                                            Charte graphique du tramway                                        <\/div>\n                                    <\/a>\n                                <\/div>\n                                                            <div class=\"swiper-slide\">\n                                    <a href=\"https:\/\/visitvalsesiavercelli.it\/fr\/scopri\/progetti-speciali\/press-tour\/diner-de-gala-par-cucine-nervi\/\" class=\"galleria-tondo-single\">\n                                        <div class=\"galleria-tondo-single-top\">\n                                            <div class=\"wp-block-image is-style-border-big\">\n                                                <div class=\"outer\"><img loading=\"lazy\" decoding=\"async\" width=\"350\" height=\"354\" src=\"https:\/\/visitvalsesiavercelli.it\/wp-content\/uploads\/2022\/09\/press-tour-2-350x354.jpg\" class=\"attachment-regular-square size-regular-square wp-post-image\" alt=\"\" srcset=\"https:\/\/visitvalsesiavercelli.it\/wp-content\/uploads\/2022\/09\/press-tour-2-350x354.jpg 350w, https:\/\/visitvalsesiavercelli.it\/wp-content\/uploads\/2022\/09\/press-tour-2-600x607.jpg 600w\" sizes=\"auto, (max-width: 350px) 100vw, 350px\" \/><\/div>\n                                            <\/div>\n                                            <div class=\"text\">\n                                                <h2>d\u00eener de gala par cucine nervi<\/h2>\n                                                <div><span class=\"galleria-tondo-button\">D\u00e9couvrir<\/span><\/div>\n                                            <\/div>\n                                        <\/div>\n                                        <div class=\"galleria-tondo-single-nome\">\n                                            D\u00eener de gala par Cucine Nervi                                        <\/div>\n                                    <\/a>\n                                <\/div>\n                                                            <div class=\"swiper-slide\">\n                                    <a href=\"https:\/\/visitvalsesiavercelli.it\/fr\/scopri\/progetti-speciali\/press-tour\/visite-de-presse-du-salone-del-gusto-turin\/\" class=\"galleria-tondo-single\">\n                                        <div class=\"galleria-tondo-single-top\">\n                                            <div class=\"wp-block-image is-style-border-big\">\n                                                <div class=\"outer\"><img loading=\"lazy\" decoding=\"async\" width=\"350\" height=\"354\" src=\"https:\/\/visitvalsesiavercelli.it\/wp-content\/uploads\/2022\/09\/press-tour-2-350x354.jpg\" class=\"attachment-regular-square size-regular-square wp-post-image\" alt=\"\" srcset=\"https:\/\/visitvalsesiavercelli.it\/wp-content\/uploads\/2022\/09\/press-tour-2-350x354.jpg 350w, https:\/\/visitvalsesiavercelli.it\/wp-content\/uploads\/2022\/09\/press-tour-2-600x607.jpg 600w\" sizes=\"auto, (max-width: 350px) 100vw, 350px\" \/><\/div>\n                                            <\/div>\n                                            <div class=\"text\">\n                                                <h2>VISITE DE PRESSE DU SALONE DEL GUSTO, TURIN<\/h2>\n                                                <div><span class=\"galleria-tondo-button\">D\u00e9couvrir<\/span><\/div>\n                                            <\/div>\n                                        <\/div>\n                                        <div class=\"galleria-tondo-single-nome\">\n                                            Visite de presse Salone del Gusto                                        <\/div>\n                                    <\/a>\n                                <\/div>\n                                                            <div class=\"swiper-slide\">\n                                    <a href=\"https:\/\/visitvalsesiavercelli.it\/fr\/scopri\/progetti-speciali\/press-tour\/installation-graphique-tramways-de-milan-et-turin\/\" class=\"galleria-tondo-single\">\n                                        <div class=\"galleria-tondo-single-top\">\n                                            <div class=\"wp-block-image is-style-border-big\">\n                                                <div class=\"outer\"><img loading=\"lazy\" decoding=\"async\" width=\"350\" height=\"354\" src=\"https:\/\/visitvalsesiavercelli.it\/wp-content\/uploads\/2022\/09\/promozione-350x354.jpg\" class=\"attachment-regular-square size-regular-square wp-post-image\" alt=\"\" srcset=\"https:\/\/visitvalsesiavercelli.it\/wp-content\/uploads\/2022\/09\/promozione-350x354.jpg 350w, https:\/\/visitvalsesiavercelli.it\/wp-content\/uploads\/2022\/09\/promozione-600x607.jpg 600w\" sizes=\"auto, (max-width: 350px) 100vw, 350px\" \/><\/div>\n                                            <\/div>\n                                            <div class=\"text\">\n                                                <h2>iNSTALLATION GRAPHIQUE, TRAMWAYS DE MILAN ET TURIN<\/h2>\n                                                <div><span class=\"galleria-tondo-button\">D\u00e9couvrir<\/span><\/div>\n                                            <\/div>\n                                        <\/div>\n                                        <div class=\"galleria-tondo-single-nome\">\n                                                                                    <\/div>\n                                    <\/a>\n                                <\/div>\n                                                            <div class=\"swiper-slide\">\n                                    <a href=\"https:\/\/visitvalsesiavercelli.it\/fr\/scopri\/progetti-speciali\/press-tour\/visites-de-presse-itinerari-e-luoghi\/\" class=\"galleria-tondo-single\">\n                                        <div class=\"galleria-tondo-single-top\">\n                                            <div class=\"wp-block-image is-style-border-big\">\n                                                <div class=\"outer\"><img loading=\"lazy\" decoding=\"async\" width=\"350\" height=\"354\" src=\"https:\/\/visitvalsesiavercelli.it\/wp-content\/uploads\/2022\/09\/press-tour-2-350x354.jpg\" class=\"attachment-regular-square size-regular-square wp-post-image\" alt=\"\" srcset=\"https:\/\/visitvalsesiavercelli.it\/wp-content\/uploads\/2022\/09\/press-tour-2-350x354.jpg 350w, https:\/\/visitvalsesiavercelli.it\/wp-content\/uploads\/2022\/09\/press-tour-2-600x607.jpg 600w\" sizes=\"auto, (max-width: 350px) 100vw, 350px\" \/><\/div>\n                                            <\/div>\n                                            <div class=\"text\">\n                                                <h2>VISITES DE PRESSE itinerari e luoghi<\/h2>\n                                                <div><span class=\"galleria-tondo-button\">D\u00e9couvrir<\/span><\/div>\n                                            <\/div>\n                                        <\/div>\n                                        <div class=\"galleria-tondo-single-nome\">\n                                            Visite de presse Itinerari e Luoghi                                        <\/div>\n                                    <\/a>\n                                <\/div>\n                                                            <div class=\"swiper-slide\">\n                                    <a href=\"https:\/\/visitvalsesiavercelli.it\/fr\/scopri\/progetti-speciali\/press-tour\/tournee-de-presse-pour-trekkin-magazin\/\" class=\"galleria-tondo-single\">\n                                        <div class=\"galleria-tondo-single-top\">\n                                            <div class=\"wp-block-image is-style-border-big\">\n                                                <div class=\"outer\"><img loading=\"lazy\" decoding=\"async\" width=\"350\" height=\"354\" src=\"https:\/\/visitvalsesiavercelli.it\/wp-content\/uploads\/2022\/09\/press-tour-2-350x354.jpg\" class=\"attachment-regular-square size-regular-square wp-post-image\" alt=\"\" srcset=\"https:\/\/visitvalsesiavercelli.it\/wp-content\/uploads\/2022\/09\/press-tour-2-350x354.jpg 350w, https:\/\/visitvalsesiavercelli.it\/wp-content\/uploads\/2022\/09\/press-tour-2-600x607.jpg 600w\" sizes=\"auto, (max-width: 350px) 100vw, 350px\" \/><\/div>\n                                            <\/div>\n                                            <div class=\"text\">\n                                                <h2>TOURN\u00c9E DE PRESSE POUR TREKKIN MAGAZIN<\/h2>\n                                                <div><span class=\"galleria-tondo-button\">D\u00e9couvrir<\/span><\/div>\n                                            <\/div>\n                                        <\/div>\n                                        <div class=\"galleria-tondo-single-nome\">\n                                            Tourn\u00e9e de presse Trakkin Magazin                                        <\/div>\n                                    <\/a>\n                                <\/div>\n                                                            <div class=\"swiper-slide\">\n                                    <a href=\"https:\/\/visitvalsesiavercelli.it\/fr\/scopri\/progetti-speciali\/press-tour\/lonely-planet-piemonte-live-tour\/\" class=\"galleria-tondo-single\">\n                                        <div class=\"galleria-tondo-single-top\">\n                                            <div class=\"wp-block-image is-style-border-big\">\n                                                <div class=\"outer\"><img loading=\"lazy\" decoding=\"async\" width=\"350\" height=\"354\" src=\"https:\/\/visitvalsesiavercelli.it\/wp-content\/uploads\/2022\/09\/press-tour-2-350x354.jpg\" class=\"attachment-regular-square size-regular-square wp-post-image\" alt=\"\" srcset=\"https:\/\/visitvalsesiavercelli.it\/wp-content\/uploads\/2022\/09\/press-tour-2-350x354.jpg 350w, https:\/\/visitvalsesiavercelli.it\/wp-content\/uploads\/2022\/09\/press-tour-2-600x607.jpg 600w\" sizes=\"auto, (max-width: 350px) 100vw, 350px\" \/><\/div>\n                                            <\/div>\n                                            <div class=\"text\">\n                                                <h2>lonely planet piemonte live tour<\/h2>\n                                                <div><span class=\"galleria-tondo-button\">D\u00e9couvrir<\/span><\/div>\n                                            <\/div>\n                                        <\/div>\n                                        <div class=\"galleria-tondo-single-nome\">\n                                            Lonely Planet Live Tour                                        <\/div>\n                                    <\/a>\n                                <\/div>\n                                                            <div class=\"swiper-slide\">\n                                    <a href=\"https:\/\/visitvalsesiavercelli.it\/fr\/scopri\/progetti-speciali\/press-tour\/visite-de-presse-scandinavie\/\" class=\"galleria-tondo-single\">\n                                        <div class=\"galleria-tondo-single-top\">\n                                            <div class=\"wp-block-image is-style-border-big\">\n                                                <div class=\"outer\"><img loading=\"lazy\" decoding=\"async\" width=\"350\" height=\"354\" src=\"https:\/\/visitvalsesiavercelli.it\/wp-content\/uploads\/2022\/09\/press-tour-2-350x354.jpg\" class=\"attachment-regular-square size-regular-square wp-post-image\" alt=\"\" srcset=\"https:\/\/visitvalsesiavercelli.it\/wp-content\/uploads\/2022\/09\/press-tour-2-350x354.jpg 350w, https:\/\/visitvalsesiavercelli.it\/wp-content\/uploads\/2022\/09\/press-tour-2-600x607.jpg 600w\" sizes=\"auto, (max-width: 350px) 100vw, 350px\" \/><\/div>\n                                            <\/div>\n                                            <div class=\"text\">\n                                                <h2>VISITE DE PRESSE SCANDINAVIE<\/h2>\n                                                <div><span class=\"galleria-tondo-button\">D\u00e9couvrir<\/span><\/div>\n                                            <\/div>\n                                        <\/div>\n                                        <div class=\"galleria-tondo-single-nome\">\n                                            Visite de presse Scandinavie                                        <\/div>\n                                    <\/a>\n                                <\/div>\n                                                            <div class=\"swiper-slide\">\n                                    <a href=\"https:\/\/visitvalsesiavercelli.it\/fr\/scopri\/progetti-speciali\/press-tour\/installation-graphique-vitrine-metro-duomo\/\" class=\"galleria-tondo-single\">\n                                        <div class=\"galleria-tondo-single-top\">\n                                            <div class=\"wp-block-image is-style-border-big\">\n                                                <div class=\"outer\"><img loading=\"lazy\" decoding=\"async\" width=\"350\" height=\"354\" src=\"https:\/\/visitvalsesiavercelli.it\/wp-content\/uploads\/2022\/09\/promozione-350x354.jpg\" class=\"attachment-regular-square size-regular-square wp-post-image\" alt=\"\" srcset=\"https:\/\/visitvalsesiavercelli.it\/wp-content\/uploads\/2022\/09\/promozione-350x354.jpg 350w, https:\/\/visitvalsesiavercelli.it\/wp-content\/uploads\/2022\/09\/promozione-600x607.jpg 600w\" sizes=\"auto, (max-width: 350px) 100vw, 350px\" \/><\/div>\n                                            <\/div>\n                                            <div class=\"text\">\n                                                <h2>iNSTALLATION GRAPHIQUE VITRINE M\u00c9TRO DUOMO<\/h2>\n                                                <div><span class=\"galleria-tondo-button\">D\u00e9couvrir<\/span><\/div>\n                                            <\/div>\n                                        <\/div>\n                                        <div class=\"galleria-tondo-single-nome\">\n                                            Vitrine Metro Duomo Milano                                        <\/div>\n                                    <\/a>\n                                <\/div>\n                                                    <\/div>\n                        <div class=\"swiper-buttons\">\n                            <div class=\"swiper-button-prev\"><\/div>\n                            <div class=\"swiper-button-next\"><\/div>\n                        <\/div>\n                    <\/div>\n            <\/div>\n            <\/section>","protected":false},"excerpt":{"rendered":"<p>Home Partecipa Progetti speciali Suivez les derniers projets impliquant des journalistes et des tour-op\u00e9rateurs invit\u00e9s en Valsesia et sur le territoire de Vercelli, et certaines des initiatives promotionnelles les plus appr\u00e9ci\u00e9es.<\/p>\n","protected":false},"author":2,"featured_media":0,"parent":0,"menu_order":0,"comment_status":"closed","ping_status":"closed","template":"","meta":{"_acf_changed":false,"footnotes":""},"class_list":["post-12829","page","type-page","status-publish","hentry"],"acf":[],"_links":{"self":[{"href":"https:\/\/visitvalsesiavercelli.it\/fr\/wp-json\/wp\/v2\/pages\/12829","targetHints":{"allow":["GET"]}}],"collection":[{"href":"https:\/\/visitvalsesiavercelli.it\/fr\/wp-json\/wp\/v2\/pages"}],"about":[{"href":"https:\/\/visitvalsesiavercelli.it\/fr\/wp-json\/wp\/v2\/types\/page"}],"author":[{"embeddable":true,"href":"https:\/\/visitvalsesiavercelli.it\/fr\/wp-json\/wp\/v2\/users\/2"}],"replies":[{"embeddable":true,"href":"https:\/\/visitvalsesiavercelli.it\/fr\/wp-json\/wp\/v2\/comments?post=12829"}],"version-history":[{"count":0,"href":"https:\/\/visitvalsesiavercelli.it\/fr\/wp-json\/wp\/v2\/pages\/12829\/revisions"}],"wp:attachment":[{"href":"https:\/\/visitvalsesiavercelli.it\/fr\/wp-json\/wp\/v2\/media?parent=12829"}],"curies":[{"name":"wp","href":"https:\/\/api.w.org\/{rel}","templated":true}]}}