{"id":12908,"date":"2022-06-23T10:57:59","date_gmt":"2022-06-23T08:57:59","guid":{"rendered":"https:\/\/visitvalsesiavercelli.it\/?page_id=12908"},"modified":"2026-04-02T16:07:08","modified_gmt":"2026-04-02T14:07:08","slug":"come-arrivare","status":"publish","type":"page","link":"https:\/\/visitvalsesiavercelli.it\/fr\/come-arrivare\/","title":{"rendered":"Comment venir"},"content":{"rendered":"\n<div class=\"wp-block-cover alignfull is-light has-custom-content-position is-position-center-left hero\" style=\"min-height:650px;aspect-ratio:unset;\"><img loading=\"lazy\" decoding=\"async\" width=\"2560\" height=\"1414\" class=\"wp-block-cover__image-background wp-image-6184\" alt=\"\" src=\"https:\/\/visitvalsesiavercelli.it\/wp-content\/uploads\/2022\/11\/bus-1-scaled-e1669644926604.jpg\" style=\"object-position:47% 68%\" data-object-fit=\"cover\" data-object-position=\"47% 68%\" srcset=\"https:\/\/visitvalsesiavercelli.it\/wp-content\/uploads\/2022\/11\/bus-1-scaled-e1669644926604.jpg 2560w, https:\/\/visitvalsesiavercelli.it\/wp-content\/uploads\/2022\/11\/bus-1-scaled-e1669644926604-1000x552.jpg 1000w, https:\/\/visitvalsesiavercelli.it\/wp-content\/uploads\/2022\/11\/bus-1-scaled-e1669644926604-1500x829.jpg 1500w\" sizes=\"auto, (max-width: 2560px) 100vw, 2560px\" \/><span aria-hidden=\"true\" class=\"wp-block-cover__background has-background-dim\"><\/span><div class=\"wp-block-cover__inner-container is-layout-flow wp-block-cover-is-layout-flow\">\n<div class=\"wp-block-group is-layout-flow wp-block-group-is-layout-flow\">\n<h1 class=\"wp-block-heading has-bianco-color has-text-color\" style=\"text-transform:uppercase\">Comment venir<\/h1>\n<\/div>\n<\/div><\/div>\n\n\n\n<div class=\"wp-block-group alignfull breadcrumbs is-layout-flow wp-block-group-is-layout-flow\">\n<div class=\"wp-block-group d-flex is-layout-flow wp-block-group-is-layout-flow\">\n<p><a href=\"https:\/\/visitvalsesiavercelli.it\/fr\/\" data-type=\"page\" data-id=\"2\">Home<\/a><\/p>\n\n\n\n<p>Organizza<\/p>\n\n\n\n<p>Informazioni<\/p>\n\n\n<h6 class=\"wp-block-post-title has-text-color has-orange-color\">Comment venir<\/h6><\/div>\n<\/div>\n\n\n\n<div class=\"wp-block-group alignfull is-layout-flow wp-block-group-is-layout-flow\">\n<div class=\"wp-block-group intro-esperienze is-layout-constrained wp-container-core-group-is-layout-02dd29b2 wp-block-group-is-layout-constrained\" style=\"padding-top:70px;padding-bottom:70px\">\n<h2 class=\"wp-block-heading has-text-align-center has-grigio-color has-text-color\" style=\"text-transform:uppercase\">comment se rendre <mark style=\"background-color:rgba(0, 0, 0, 0)\" class=\"has-inline-color has-giallo-color\">dans valsesia et vercellese<\/mark><\/h2>\n\n\n\n<p class=\"has-text-align-center has-text-color has-size-22-font-size\" style=\"color:#36442e;font-style:normal;font-weight:600\">D\u00e9couvrez comment vous rendre dans les lieux qui vous int\u00e9ressent. De la Valsesia \u00e0 la r\u00e9gion de Vercelli : trains, bus et navettes \u00e0 votre disposition.<\/p>\n<\/div>\n<\/div>\n\n\n\n<div class=\"wp-block-group alignfull has-nero-color has-verde-scuro-background-color has-text-color has-background is-layout-flow wp-container-core-group-is-layout-da8b2fc0 wp-block-group-is-layout-flow\">\n<div class=\"wp-block-group intro-2 empty is-layout-flow wp-container-core-group-is-layout-da4f6b9a wp-block-group-is-layout-flow\" style=\"padding-top:50px;padding-bottom:50px\">\n<div class=\"wp-block-columns gap-mobile is-layout-flex wp-container-core-columns-is-layout-4a048b8d wp-block-columns-is-layout-flex\">\n<div class=\"wp-block-column is-layout-flow wp-block-column-is-layout-flow\">\n<div class=\"wp-block-group is-layout-flow wp-block-group-is-layout-flow\">\n<h3 class=\"wp-block-heading has-verde-color has-text-color\" style=\"font-size:26px;text-transform:uppercase\"><mark style=\"background-color:rgba(0, 0, 0, 0)\" class=\"has-inline-color has-giallo-color\"><strong>Comment se rendre \u00e0 Vercelli<\/strong><\/mark><\/h3>\n\n\n\n<p class=\"has-giallo-color has-text-color\" style=\"font-size:20px\"><strong>PAR L&rsquo;AUTOROUTE<\/strong><\/p>\n\n\n\n<p class=\"has-bianco-color has-text-color has-link-color wp-elements-ba50c81b9a9f81c0a11ad938bf1128bf\" style=\"font-size:20px\">Depuis Milan : A4 Milan-Turin, rejoindre l&rsquo;A26 \u00e0 Biandrate, direction Alessandria jusqu&rsquo;\u00e0 la sortie Vercelli Est, puis suivre la route r\u00e9gionale 143.<\/p>\n\n\n\n<p class=\"has-bianco-color has-text-color has-link-color wp-elements-001b9664492008344d7a56075a46c49b\" style=\"font-size:20px\">Depuis Turin : A4 Turin-Milan, rejoindre l&rsquo;A26 \u00e0 Santhi\u00e0, direction Alessandria jusqu&rsquo;\u00e0 la sortie Vercelli Ovest, puis suivre la route r\u00e9gionale 435.<\/p>\n\n\n\n<p class=\"has-giallo-color has-text-color has-link-color wp-elements-f6bc53f63ddafd74b912c00f84cc04a4\" style=\"font-size:20px\"><strong>EN TRAIN<\/strong><\/p>\n\n\n\n<p class=\"has-bianco-color has-text-color has-link-color wp-elements-c9b9dbfa3f3061babbb4c3c200b65d55\" style=\"font-size:20px\">Vercelli se trouve sur la ligne ferroviaire Milan-Turin. Le trajet dure 45 minutes pour Turin, 55 minutes pour Milan, tandis que Novara n&rsquo;est qu&rsquo;\u00e0 15 minutes en train.<\/p>\n\n\n\n<p class=\"has-giallo-color has-text-color has-link-color wp-elements-5ce514ed9163700e2abac30897b13f27\" style=\"font-size:20px\"><strong>EN BUS<\/strong><\/p>\n\n\n\n<p class=\"has-bianco-color has-text-color has-link-color wp-elements-c0cb482ee2b7bef7818737d46e3f55dc\" style=\"font-size:20px\">Des lignes de bus quotidiennes relient Vercelli \u00e0 Biella (ligne 55 ATAP), \u00e0 Gattinara, Varallo et Alagna (ligne 50 ATAP), \u00e0 Novara et \u00e0 l&rsquo;a\u00e9roport de Malpensa (STN &#8211; Servizio Trasporti Novaresi) ainsi qu&rsquo;\u00e0 Casale Monferrato (Groupe STAT). Plusieurs lignes ATAP relient Vercelli aux villages des Terre del Riso.<\/p>\n\n\n\n<p class=\"has-giallo-color has-text-color has-link-color wp-elements-c1e3c9065c48d8887db02cd47f4a0083\" style=\"font-size:20px\"><strong>EN AVION<\/strong><\/p>\n\n\n\n<p class=\"has-bianco-color has-text-color has-link-color wp-elements-1bbe3c3a15a7e950fc1143571986763c\" style=\"font-size:20px\">L&rsquo;a\u00e9roport le plus proche de Vercelli est celui de Milan Malpensa (MXP), situ\u00e9 \u00e0 environ 40 km. D&rsquo;autres a\u00e9roports \u00e0 proximit\u00e9 sont Turin Caselle (TRN), situ\u00e9 \u00e0 environ 60 km, Milan Linate \u00e0 environ 70 km et Bergame Orio al Serio \u00e0 environ 105 km. Les a\u00e9roports sont desservis par des navettes fr\u00e9quentes qui relient les gares ferroviaires de Milan et de Turin, d&rsquo;o\u00f9 il est possible de rejoindre Vercelli facilement en train.<\/p>\n<\/div>\n<\/div>\n\n\n\n<div class=\"wp-block-column is-layout-flow wp-block-column-is-layout-flow\">\n<p><\/p>\n\n\n\n<p><\/p>\n\n\n\n<p><\/p>\n\n\n\n<figure class=\"wp-block-image size-full is-resized is-style-4-3\"><img loading=\"lazy\" decoding=\"async\" width=\"1920\" height=\"1282\" src=\"https:\/\/visitvalsesiavercelli.it\/wp-content\/uploads\/2022\/11\/DSC7455-1.jpg\" alt=\"\" class=\"wp-image-5789\" style=\"aspect-ratio:1.5054945054945055;width:548px;height:auto\" srcset=\"https:\/\/visitvalsesiavercelli.it\/wp-content\/uploads\/2022\/11\/DSC7455-1.jpg 1920w, https:\/\/visitvalsesiavercelli.it\/wp-content\/uploads\/2022\/11\/DSC7455-1-1000x668.jpg 1000w, https:\/\/visitvalsesiavercelli.it\/wp-content\/uploads\/2022\/11\/DSC7455-1-1500x1002.jpg 1500w\" sizes=\"auto, (max-width: 1920px) 100vw, 1920px\" \/><figcaption class=\"wp-element-caption\"><strong><mark style=\"background-color:rgba(0, 0, 0, 0)\" class=\"has-inline-color has-giallo-color\">Les fl\u00e8ches de l&rsquo;abbaye de Saint-Andr\u00e9, visibles depuis la gare de Vercelli<\/mark><\/strong><\/figcaption><\/figure>\n\n\n\n<p><\/p>\n\n\n\n<p><\/p>\n<\/div>\n<\/div>\n<\/div>\n<\/div>\n\n\n\n<div class=\"wp-block-group alignfull has-nero-color has-text-color is-layout-flow wp-container-core-group-is-layout-da8b2fc0 wp-block-group-is-layout-flow\">\n<div class=\"wp-block-group intro-2 empty is-layout-flow wp-container-core-group-is-layout-da4f6b9a wp-block-group-is-layout-flow\" style=\"padding-top:50px;padding-bottom:50px\">\n<div class=\"wp-block-columns are-vertically-aligned-center gap-mobile is-layout-flex wp-container-core-columns-is-layout-4a048b8d wp-block-columns-is-layout-flex\">\n<div class=\"wp-block-column is-vertically-aligned-center is-layout-flow wp-block-column-is-layout-flow\">\n<figure class=\"wp-block-image size-full is-resized is-style-4-3\"><img loading=\"lazy\" decoding=\"async\" width=\"2560\" height=\"1707\" src=\"https:\/\/visitvalsesiavercelli.it\/wp-content\/uploads\/2022\/11\/EW0A7190-scaled.jpg\" alt=\"\" class=\"wp-image-5673\" style=\"width:551px;height:367px\" srcset=\"https:\/\/visitvalsesiavercelli.it\/wp-content\/uploads\/2022\/11\/EW0A7190-scaled.jpg 2560w, https:\/\/visitvalsesiavercelli.it\/wp-content\/uploads\/2022\/11\/EW0A7190-1000x667.jpg 1000w, https:\/\/visitvalsesiavercelli.it\/wp-content\/uploads\/2022\/11\/EW0A7190-1500x1000.jpg 1500w\" sizes=\"auto, (max-width: 2560px) 100vw, 2560px\" \/><figcaption class=\"wp-element-caption\"><strong><mark style=\"background-color:rgba(0, 0, 0, 0)\" class=\"has-inline-color has-nero-color\">Ponte Antonini e Sacro Monte di Varallo<\/mark><\/strong><\/figcaption><\/figure>\n<\/div>\n\n\n\n<div class=\"wp-block-column is-vertically-aligned-center is-style-prima is-layout-flow wp-block-column-is-layout-flow\">\n<div class=\"wp-block-group is-layout-flow wp-block-group-is-layout-flow\">\n<h3 class=\"wp-block-heading has-verde-color has-text-color\" style=\"font-size:26px;text-transform:uppercase\"><mark style=\"background-color:rgba(0, 0, 0, 0)\" class=\"has-inline-color has-verde-scuro-color\"><strong>Come arrivare a Varallo<\/strong><\/mark><\/h3>\n\n\n\n<p style=\"font-size:20px\"><strong>IN AUTOSTRADA<\/strong><\/p>\n\n\n\n<p style=\"font-size:20px\"><strong>Da Milano<\/strong>: A4 Milano-Torino uscita Agognate o innesto A26 a Biandrate, direzione Gravellona Toce, per Romagnano-Ghemme.<\/p>\n\n\n\n<p style=\"font-size:20px\"><strong>Da Torino<\/strong>: Uscita Greggio o innesto A26 a Biandrate, direzione Gravellona Toce per Romagnano-Ghemme.<\/p>\n\n\n\n<p style=\"font-size:20px\"><strong>Da Vercelli:<\/strong> A26 Genova-Gravellona Toce, uscita Romagnano-Ghemme. Da Romagnano Sesia seguire la SP 299 per Varallo-Alagna Valsesia.<\/p>\n\n\n\n<p style=\"font-size:20px\"><strong>IN AUTOBUS<\/strong><\/p>\n\n\n\n<p style=\"font-size:20px\">Autolinee giornaliere collegano Varallo con Milano e Novara (<a href=\"https:\/\/www.baranzelli.it\/orari-scolastici\/\">Linee Baranzelli<\/a>), con Torino (<a href=\"https:\/\/www.gtt.to.it\/cms\/en\/percorari\/extraurbano?view=percorsi&amp;bacino=E&amp;linea=3201&amp;Regol=OR\">Linea 201 GTT<\/a>), con Alagna e Vercelli (<a href=\"https:\/\/www.atapspa.it\/linee\/linee-extraurbane\/\">Linea 50 ATAP<\/a>).<\/p>\n<\/div>\n<\/div>\n<\/div>\n<\/div>\n<\/div>\n\n\n\n<div class=\"wp-block-group alignfull has-nero-color has-verde-scuro-background-color has-text-color has-background is-layout-flow wp-container-core-group-is-layout-da8b2fc0 wp-block-group-is-layout-flow\">\n<div class=\"wp-block-group intro-2 empty is-layout-flow wp-container-core-group-is-layout-da4f6b9a wp-block-group-is-layout-flow\" style=\"padding-top:50px;padding-bottom:50px\">\n<div class=\"wp-block-columns gap-mobile is-layout-flex wp-container-core-columns-is-layout-4a048b8d wp-block-columns-is-layout-flex\">\n<div class=\"wp-block-column is-layout-flow wp-block-column-is-layout-flow\">\n<div class=\"wp-block-group is-layout-flow wp-block-group-is-layout-flow\">\n<h3 class=\"wp-block-heading has-verde-color has-text-color\" style=\"font-size:26px;text-transform:uppercase\"><mark style=\"background-color:rgba(0, 0, 0, 0)\" class=\"has-inline-color has-giallo-color\"><strong>Come arrivare ad Alagna<\/strong> <strong>valsesia<\/strong><\/mark><\/h3>\n\n\n\n<p class=\"has-bianco-color has-text-color\" style=\"font-size:20px\"><strong><mark style=\"background-color:rgba(0, 0, 0, 0)\" class=\"has-inline-color has-giallo-color\">IN AUTOSTRADA<\/mark><\/strong><\/p>\n\n\n\n<p class=\"has-bianco-color has-text-color\" style=\"font-size:20px\"><strong>Da Milano:<\/strong> A4 Milano-Torino uscita Agognate o innesto A26 a Biandrate, direzione Gravellona Toce, per Romagnano-Ghemme.<\/p>\n\n\n\n<p class=\"has-bianco-color has-text-color\" style=\"font-size:20px\"><strong>Da Torino:<\/strong> Uscita Greggio o innesto A26 a Biandrate, direzione Gravellona Toce per Romagnano-Ghemme.<\/p>\n\n\n\n<p class=\"has-bianco-color has-text-color\" style=\"font-size:20px\"><strong>Da Vercelli:<\/strong> A26 Genova-Gravellona Toce, uscita Romagnano-Ghemme. Da Romagnano Sesia seguire la SP 299 per Varallo-Alagna Valsesia<\/p>\n\n\n\n<p class=\"has-bianco-color has-text-color\" style=\"font-size:20px\"><strong><mark style=\"background-color:rgba(0, 0, 0, 0)\" class=\"has-inline-color has-giallo-color\">IN TRENO\/AUTOBUS<\/mark><\/strong><\/p>\n\n\n\n<p class=\"has-bianco-color has-text-color has-link-color wp-elements-bd5ac53216e8fe851c54238365ed2238\" style=\"font-size:20px\">La <a href=\"https:\/\/www.atapspa.it\/linee\/linee-extraurbane\/\">linea 50 ATAP<\/a> collega Alagna a Vercelli con corse giornaliere da luned\u00ec a sabato. A Vercelli frequenti coincidenze con i treni per Novara, Milano, Torino, Pavia, Casale Monferrato.<\/p>\n\n\n\n<p class=\"has-bianco-color has-text-color has-link-color wp-elements-8327087fba67685d40363246a4876cbb\" style=\"font-size:20px\">Le <a href=\"https:\/\/www.baranzelli.it\/orari-scolastici\/\">Linee Baranzelli<\/a> collegano Alagna a Milano e Novara con corse giornaliere.<\/p>\n<\/div>\n<\/div>\n\n\n\n<div class=\"wp-block-column is-layout-flow wp-block-column-is-layout-flow\">\n<p><\/p>\n\n\n\n<figure class=\"wp-block-image size-full is-resized is-style-4-3\"><img loading=\"lazy\" decoding=\"async\" width=\"2048\" height=\"1365\" src=\"https:\/\/visitvalsesiavercelli.it\/wp-content\/uploads\/2022\/11\/A9A00119.jpg\" alt=\"\" class=\"wp-image-5791\" style=\"width:547px;height:364px\" srcset=\"https:\/\/visitvalsesiavercelli.it\/wp-content\/uploads\/2022\/11\/A9A00119.jpg 2048w, https:\/\/visitvalsesiavercelli.it\/wp-content\/uploads\/2022\/11\/A9A00119-1000x667.jpg 1000w, https:\/\/visitvalsesiavercelli.it\/wp-content\/uploads\/2022\/11\/A9A00119-1500x1000.jpg 1500w\" sizes=\"auto, (max-width: 2048px) 100vw, 2048px\" \/><figcaption class=\"wp-element-caption\"><strong><mark style=\"background-color:rgba(0, 0, 0, 0)\" class=\"has-inline-color has-giallo-color\">Case Walser ad Alagna<\/mark><\/strong><\/figcaption><\/figure>\n<\/div>\n<\/div>\n<\/div>\n<\/div>\n\n\n\n<div class=\"wp-block-group alignfull has-nero-color has-text-color is-layout-flow wp-container-core-group-is-layout-da8b2fc0 wp-block-group-is-layout-flow\">\n<div class=\"wp-block-group intro-2 empty is-layout-flow wp-container-core-group-is-layout-da4f6b9a wp-block-group-is-layout-flow\" style=\"padding-top:50px;padding-bottom:50px\">\n<div class=\"wp-block-columns are-vertically-aligned-center gap-mobile is-layout-flex wp-container-core-columns-is-layout-4a048b8d wp-block-columns-is-layout-flex\">\n<div class=\"wp-block-column is-vertically-aligned-center is-layout-flow wp-block-column-is-layout-flow\">\n<figure class=\"wp-block-image size-full is-resized is-style-4-3\"><img loading=\"lazy\" decoding=\"async\" width=\"2048\" height=\"1365\" src=\"https:\/\/visitvalsesiavercelli.it\/wp-content\/uploads\/2022\/11\/trekking-1.jpg\" alt=\"\" class=\"wp-image-5835\" style=\"width:549px;height:365px\" srcset=\"https:\/\/visitvalsesiavercelli.it\/wp-content\/uploads\/2022\/11\/trekking-1.jpg 2048w, https:\/\/visitvalsesiavercelli.it\/wp-content\/uploads\/2022\/11\/trekking-1-1000x667.jpg 1000w, https:\/\/visitvalsesiavercelli.it\/wp-content\/uploads\/2022\/11\/trekking-1-1500x1000.jpg 1500w\" sizes=\"auto, (max-width: 2048px) 100vw, 2048px\" \/><figcaption class=\"wp-element-caption\"><strong><mark style=\"background-color:rgba(0, 0, 0, 0)\" class=\"has-inline-color has-nero-color\">Verso il Monte Rosa da Alagna<\/mark><\/strong><\/figcaption><\/figure>\n<\/div>\n\n\n\n<div class=\"wp-block-column is-vertically-aligned-center is-style-prima is-layout-flow wp-block-column-is-layout-flow\">\n<div class=\"wp-block-group is-layout-flow wp-block-group-is-layout-flow\">\n<p class=\"has-text-align-left\" style=\"font-size:26px\"><strong><mark style=\"background-color:rgba(0, 0, 0, 0)\" class=\"has-inline-color has-verde-scuro-color\">SERVIZIO NAVETTE in Valsesia <\/mark><\/strong><\/p>\n\n\n\n<p class=\"has-nero-color has-text-color\" style=\"font-size:20px\"><mark style=\"background-color:rgba(0, 0, 0, 0)\" class=\"has-inline-color has-nero-color\">Sul territorio valsesiano \u00e8 presente il servizio navetta <strong>\u00ab\u00a0<a href=\"https:\/\/www.unionemontanavalsesia.it\/it-it\/servizi\/usare-un-mezzo-di-trasporto-c\/trasporto-urbano-extraurbano-308-31-1-79b936077bfb3e1450ca183e2a885609\">FLEXIBUS<\/a>\u00ab\u00a0<\/strong>  che collega la <strong>citt\u00e0 di Varallo<\/strong> con diverse localit\u00e0 della <strong>Val Mastallone<\/strong> e della <strong>Val Sermenza<\/strong>: Balmuccia, Rossa, Boccioleto, Rimasco, Rima San Giuseppe, Carcoforo, Cravagliana, Fobello, Cervatto, Rimella. Il servizio \u00e8 <em>su prenotazione<\/em> e varia in base al periodo dell&rsquo;anno<\/mark> (orario estivo ed invernale).<\/p>\n\n\n\n<p class=\"has-nero-color has-text-color\" style=\"font-size:20px\"><mark style=\"background-color:rgba(0, 0, 0, 0)\" class=\"has-inline-color has-nero-color\">Durante la stagione estiva il comune di <strong>Alagna<\/strong> attiva alcuni servizi extra per il trasporto di turisti ed escursionisti:<\/mark><\/p>\n\n\n\n<ul class=\"wp-block-list\">\n<li><mark style=\"background-color:rgba(0, 0, 0, 0)\" class=\"has-inline-color has-nero-color\">La<strong> <a href=\"http:\/\/www.comune.alagnavalsesia.vc.it\/Home\/Menu?IDVoceMenu=161906\">Navetta Valle Vogna<\/a><\/strong> in localit\u00e0 <em>Riva Valdobbia<\/em> collega le frazioni <strong>Ca di Janzo <\/strong>e <strong>Sant&rsquo;Antonio<\/strong>, punto di partenza per alcune meravigliose escursioni in Val Vogna.<\/mark><\/li>\n\n\n\n<li><mark style=\"background-color:rgba(0, 0, 0, 0)\" class=\"has-inline-color has-nero-color\">La <strong><a href=\"http:\/\/www.comune.alagnavalsesia.vc.it\/Home\/Menu?IDVoceMenu=161906\">Navetta Acqua Bianca<\/a><\/strong> in partenza dal parcheggio della localit\u00e0<strong> Wold <\/strong>raggiunge le<strong> Cascate dell&rsquo;Acqua Bianca<\/strong>, punto di partenza per diversi itinerari di trekking, tra cui il sentiero per il Parco Naturale Alta Valsesia e il Rifugio Pastore.<\/mark><\/li>\n<\/ul>\n\n\n\n<p><\/p>\n\n\n\n<p style=\"font-size:20px\">Durante la stagione invernale il comune di Alagna Valsesia, di concerto con Monterosa 2000 S.p.A. e gli esercenti locali, organizza uno <strong><a href=\"https:\/\/visitvalsesiavercelli.it\/fr\/partecipa\/eventi-e-news\/le-ultime-news\/ski-bus-servizio-navette-sci-3\/\">ski-bus<\/a><\/strong> per agevolare il raggiungimento degli impianti sciistici. <strong><a href=\"https:\/\/visitvalsesiavercelli.it\/wp-content\/uploads\/2025\/12\/Orario_Linea_Rossa_2025.2026.pdf\">LINEA ROSSA: Mollia \u2013 Alagna Valsesia<\/a><\/strong>                                      <a href=\"https:\/\/visitvalsesiavercelli.it\/wp-content\/uploads\/2025\/12\/Orario_Linea_Blu_2025.2026.pdf\"><strong>LINEA BLU:<\/strong> <strong>Alagna Valsesia &#8211; Loc. Wold<\/strong><\/a><\/p>\n\n\n\n<p><\/p>\n<\/div>\n<\/div>\n<\/div>\n<\/div>\n<\/div>\n\n\n\n<div class=\"wp-block-group alignfull has-nero-color has-verde-scuro-background-color has-text-color has-background is-layout-flow wp-container-core-group-is-layout-da8b2fc0 wp-block-group-is-layout-flow\">\n<div class=\"wp-block-group intro-2 empty is-layout-flow wp-container-core-group-is-layout-ee1ff320 wp-block-group-is-layout-flow\" style=\"padding-top:50px\">\n<div class=\"wp-block-columns gap-mobile is-layout-flex wp-container-core-columns-is-layout-4a048b8d wp-block-columns-is-layout-flex\">\n<div class=\"wp-block-column has-bianco-color has-text-color is-layout-flow wp-block-column-is-layout-flow\">\n<h3 class=\"wp-block-heading has-text-align-left has-verde-color has-text-color\" style=\"font-size:26px;text-transform:uppercase\"><mark style=\"background-color:rgba(0, 0, 0, 0)\" class=\"has-inline-color has-giallo-color\"><strong>Recapiti<\/strong><\/mark><\/h3>\n\n\n\n<h4 class=\"wp-block-heading has-size-22-font-size\">Atap Spa<\/h4>\n\n\n\n<p class=\"has-icon tel has-link-color wp-elements-da31e2742dfcef99a7db015d1867bd3b\">+39 015 8488411 &#8211; +39 800 912716<\/p>\n\n\n\n<p class=\"has-icon www\"><a href=\"http:\/\/www.atapspa.it\/\"><mark style=\"background-color:rgba(0, 0, 0, 0)\" class=\"has-inline-color has-bianco-color\">www.atapspa.it<\/mark><\/a><\/p>\n\n\n\n<h4 class=\"wp-block-heading has-size-22-font-size\" style=\"margin-top:20px\">Baranzelli<\/h4>\n\n\n\n<p class=\"has-icon tel has-link-color wp-elements-3a65de63745a73277ef1dc3f9de2662d\">+39 0163 835222<\/p>\n\n\n\n<p class=\"has-icon www has-link-color wp-elements-d8c9af3a402a4c292bbd382df216b1e3\"><a href=\"http:\/\/www.baranzelli.it\/\">www.baranzelli.it<\/a><\/p>\n<\/div>\n\n\n\n<div class=\"wp-block-column order-1-mobile has-bianco-color has-text-color is-layout-flow wp-block-column-is-layout-flow\">\n<h4 class=\"wp-block-heading has-size-22-font-size\" style=\"margin-top:30px\">GTT<\/h4>\n\n\n\n<p class=\"has-icon tel has-link-color wp-elements-356f25a9006ab933fdddebb76b1b604e\">+39 011 0672000 \u2013 +39 800 019152<\/p>\n\n\n\n<p class=\"has-icon www has-link-color wp-elements-315920385933057b2bd5b1ca8fe26adf\"><a href=\"https:\/\/www.gtt.to.it\/cms\/\">gtt.to.it<\/a><\/p>\n\n\n\n<h4 class=\"wp-block-heading has-size-22-font-size\" style=\"margin-top:20px\">Ferrovie dello Stato<\/h4>\n\n\n\n<p class=\"has-icon tel has-link-color wp-elements-958a986844d1ff314d60961c68096116\">+39 892021<\/p>\n\n\n\n<p class=\"has-icon www has-link-color wp-elements-d070928e09adc341b9c498077d31d9c4\"><a href=\"http:\/\/www.trenitalia.com\/\">www.trenitalia.com<\/a><\/p>\n<\/div>\n\n\n\n<div class=\"wp-block-column has-bianco-color has-text-color is-layout-flow wp-block-column-is-layout-flow\">\n<h4 class=\"wp-block-heading has-size-22-font-size\" style=\"margin-top:30px\">Stat Turismo<\/h4>\n\n\n\n<p class=\"has-icon tel has-link-color wp-elements-6beb2799f6ca92acd2ebb5d347102b72\">+39 0142 781660<\/p>\n\n\n\n<p class=\"has-icon www has-link-color wp-elements-78ec9b4996d330520be40b635d5071c0\"><a href=\"http:\/\/www.statturismo.com\/\">www.statturismo.com<\/a><\/p>\n\n\n\n<h4 class=\"wp-block-heading has-size-22-font-size\" style=\"margin-top:20px\">Flexibus <\/h4>\n\n\n\n<p class=\"has-icon tel has-link-color wp-elements-af9e3eeac339e43fa128e18c04ddf7fd\">+39 0163 51555 &#8211; +39 0163 53800<\/p>\n\n\n\n<p class=\"has-icon www has-link-color wp-elements-8da37b5fc6c21639a4146a1804ca1229\"><a href=\"http:\/\/www.unionemontanavalsesia.it\">www.unionemontanavalsesia.it<\/a><\/p>\n<\/div>\n<\/div>\n<\/div>\n<\/div>\n","protected":false},"excerpt":{"rendered":"<p>Home Organizza Informazioni comment se rendre dans valsesia et vercellese D\u00e9couvrez comment vous rendre dans les lieux qui vous int\u00e9ressent. De la Valsesia \u00e0 la r\u00e9gion de Vercelli : trains, bus et navettes \u00e0 votre disposition. Comment se rendre \u00e0 Vercelli PAR L&rsquo;AUTOROUTE Depuis Milan : A4 Milan-Turin, rejoindre l&rsquo;A26 \u00e0 Biandrate, direction Alessandria jusqu&rsquo;\u00e0&#8230;<\/p>\n","protected":false},"author":2,"featured_media":6913,"parent":0,"menu_order":0,"comment_status":"closed","ping_status":"closed","template":"","meta":{"_acf_changed":false,"footnotes":""},"class_list":["post-12908","page","type-page","status-publish","has-post-thumbnail","hentry"],"acf":[],"_links":{"self":[{"href":"https:\/\/visitvalsesiavercelli.it\/fr\/wp-json\/wp\/v2\/pages\/12908","targetHints":{"allow":["GET"]}}],"collection":[{"href":"https:\/\/visitvalsesiavercelli.it\/fr\/wp-json\/wp\/v2\/pages"}],"about":[{"href":"https:\/\/visitvalsesiavercelli.it\/fr\/wp-json\/wp\/v2\/types\/page"}],"author":[{"embeddable":true,"href":"https:\/\/visitvalsesiavercelli.it\/fr\/wp-json\/wp\/v2\/users\/2"}],"replies":[{"embeddable":true,"href":"https:\/\/visitvalsesiavercelli.it\/fr\/wp-json\/wp\/v2\/comments?post=12908"}],"version-history":[{"count":0,"href":"https:\/\/visitvalsesiavercelli.it\/fr\/wp-json\/wp\/v2\/pages\/12908\/revisions"}],"wp:featuredmedia":[{"embeddable":true,"href":"https:\/\/visitvalsesiavercelli.it\/fr\/wp-json\/wp\/v2\/media\/6913"}],"wp:attachment":[{"href":"https:\/\/visitvalsesiavercelli.it\/fr\/wp-json\/wp\/v2\/media?parent=12908"}],"curies":[{"name":"wp","href":"https:\/\/api.w.org\/{rel}","templated":true}]}}