{"id":12982,"date":"2022-06-23T10:58:40","date_gmt":"2022-06-23T08:58:40","guid":{"rendered":"https:\/\/visitvalsesiavercelli.it\/?page_id=12982"},"modified":"2026-04-09T12:50:58","modified_gmt":"2026-04-09T10:50:58","slug":"uffici-turistici","status":"publish","type":"page","link":"https:\/\/visitvalsesiavercelli.it\/fr\/uffici-turistici\/","title":{"rendered":"Offices du Tourisme"},"content":{"rendered":"\n<div class=\"wp-block-cover alignfull has-custom-content-position is-position-center-left hero\" style=\"min-height:650px;aspect-ratio:unset;\"><img loading=\"lazy\" decoding=\"async\" width=\"1042\" height=\"695\" class=\"wp-block-cover__image-background wp-image-48483 size-full\" alt=\"\" src=\"https:\/\/visitvalsesiavercelli.it\/wp-content\/uploads\/2026\/04\/Immagine-2026-04-09-124519.png\" data-object-fit=\"cover\" srcset=\"https:\/\/visitvalsesiavercelli.it\/wp-content\/uploads\/2026\/04\/Immagine-2026-04-09-124519.png 1042w, https:\/\/visitvalsesiavercelli.it\/wp-content\/uploads\/2026\/04\/Immagine-2026-04-09-124519-1000x667.png 1000w\" sizes=\"auto, (max-width: 1042px) 100vw, 1042px\" \/><span aria-hidden=\"true\" class=\"wp-block-cover__background has-background-dim\" style=\"background-color:#6e6e80\"><\/span><div class=\"wp-block-cover__inner-container is-layout-flow wp-block-cover-is-layout-flow\">\n<div class=\"wp-block-group is-layout-flow wp-block-group-is-layout-flow\">\n<h1 class=\"wp-block-heading has-bianco-color has-text-color\" style=\"text-transform:uppercase\">offices du tourisme<\/h1>\n<\/div>\n<\/div><\/div>\n\n\n\n<div class=\"wp-block-group alignfull breadcrumbs is-layout-flow wp-block-group-is-layout-flow\">\n<div class=\"wp-block-group d-flex is-layout-flow wp-block-group-is-layout-flow\">\n<p><a href=\"https:\/\/visitvalsesiavercelli.it\/fr\/\" data-type=\"page\" data-id=\"2\">Home<\/a><\/p>\n\n\n\n<p>Organizza<\/p>\n\n\n\n<p>Contatti<\/p>\n\n\n<h6 class=\"wp-block-post-title has-text-color has-orange-color\">Offices du Tourisme<\/h6><\/div>\n<\/div>\n\n\n\n<div class=\"wp-block-group alignfull is-layout-flow wp-block-group-is-layout-flow\">\n<div class=\"wp-block-group intro-esperienze is-layout-constrained wp-container-core-group-is-layout-02dd29b2 wp-block-group-is-layout-constrained\" style=\"padding-top:70px;padding-bottom:70px\">\n<h2 class=\"wp-block-heading has-text-align-center has-grigio-color has-text-color\" style=\"text-transform:uppercase\">CONTACTEZ LES <mark style=\"background-color:rgba(0, 0, 0, 0)\" class=\"has-inline-color has-giallo-color\">OFFICES DU TOURISME<\/mark><\/h2>\n\n\n\n<p class=\"has-text-align-center has-text-color has-size-22-font-size\" style=\"color:#36442e;font-style:normal;font-weight:600\">L\u2019ATL propose aide et assistance aux touristes et donne des informations touristiques sur le territoire de la Valsesia et de Vercelli. Elle initie et met en \u0153uvre des initiatives visant \u00e0 valoriser l&rsquo;excellence et les ressources touristiques du territoire. Elle m\u00e8ne des campagnes de communication et de promotion et collecte des informations sur les \u00e9v\u00e9nements et les manifestations du territoire.<\/p>\n\n\n\n<div style=\"height:50px\" aria-hidden=\"true\" class=\"wp-block-spacer\"><\/div>\n\n\n\n<p class=\"has-text-align-center\" style=\"font-size:50px\"><strong> BUREAUX ATL<\/strong><\/p>\n<\/div>\n<\/div>\n\n\n\n<div class=\"wp-block-group alignfull has-nero-color has-text-color is-layout-flow wp-block-group-is-layout-flow\">\n<div class=\"wp-block-group intro-2 empty is-layout-flow wp-container-core-group-is-layout-a5b97059 wp-block-group-is-layout-flow\" style=\"padding-bottom:70px\">\n<div class=\"wp-block-columns gap-mobile is-layout-flex wp-container-core-columns-is-layout-bb63363c wp-block-columns-is-layout-flex\">\n<div class=\"wp-block-column is-layout-flow wp-block-column-is-layout-flow\">\n<figure class=\"wp-block-image size-full is-style-4-3\"><img loading=\"lazy\" decoding=\"async\" width=\"2048\" height=\"1536\" src=\"https:\/\/visitvalsesiavercelli.it\/wp-content\/uploads\/2026\/03\/foto-ufficio2.jpeg\" alt=\"\" class=\"wp-image-47490\" srcset=\"https:\/\/visitvalsesiavercelli.it\/wp-content\/uploads\/2026\/03\/foto-ufficio2.jpeg 2048w, https:\/\/visitvalsesiavercelli.it\/wp-content\/uploads\/2026\/03\/foto-ufficio2-1000x750.jpeg 1000w, https:\/\/visitvalsesiavercelli.it\/wp-content\/uploads\/2026\/03\/foto-ufficio2-1500x1125.jpeg 1500w\" sizes=\"auto, (max-width: 2048px) 100vw, 2048px\" \/><\/figure>\n<\/div>\n\n\n\n<div class=\"wp-block-column order-1-mobile is-style-prima is-layout-flow wp-block-column-is-layout-flow\">\n<div class=\"wp-block-group is-layout-flow wp-block-group-is-layout-flow\">\n<h3 class=\"wp-block-heading has-blu-color has-text-color\" style=\"font-size:26px;text-transform:uppercase\"><strong>ATL Vercelli<\/strong><\/h3>\n\n\n\n<p class=\"has-icon pin\">13100 Vercelli (VC) \u2013 Piazza Municipio, 3.<\/p>\n\n\n\n<p class=\"has-icon tel\">+39 0161 58002<\/p>\n\n\n\n<p class=\"has-icon mail\"><a href=\"mailto:infovercelli@atlvalsesiavercelli.it\"><\/a>infovercelli@terrealtopiemonte.it<\/p>\n\n\n\n<p class=\"has-icon pec\">atlterrealtopiemonte@legalmail.it<\/p>\n<\/div>\n<\/div>\n<\/div>\n\n\n\n<div class=\"wp-block-columns gap-mobile is-layout-flex wp-container-core-columns-is-layout-bb63363c wp-block-columns-is-layout-flex\">\n<div class=\"wp-block-column is-layout-flow wp-block-column-is-layout-flow\">\n<figure class=\"wp-block-image size-full is-resized is-style-4-3\"><img loading=\"lazy\" decoding=\"async\" width=\"2560\" height=\"1920\" src=\"https:\/\/visitvalsesiavercelli.it\/wp-content\/uploads\/2022\/10\/ufficio-atl-orizz-scaled.jpg\" alt=\"\" class=\"wp-image-4716\" style=\"width:540px;height:405px\" srcset=\"https:\/\/visitvalsesiavercelli.it\/wp-content\/uploads\/2022\/10\/ufficio-atl-orizz-scaled.jpg 2560w, https:\/\/visitvalsesiavercelli.it\/wp-content\/uploads\/2022\/10\/ufficio-atl-orizz-1000x750.jpg 1000w, https:\/\/visitvalsesiavercelli.it\/wp-content\/uploads\/2022\/10\/ufficio-atl-orizz-1500x1125.jpg 1500w\" sizes=\"auto, (max-width: 2560px) 100vw, 2560px\" \/><\/figure>\n<\/div>\n\n\n\n<div class=\"wp-block-column order-1-mobile is-style-prima is-layout-flow wp-block-column-is-layout-flow\">\n<div class=\"wp-block-group is-layout-flow wp-block-group-is-layout-flow\">\n<h3 class=\"wp-block-heading has-blu-color has-text-color\" style=\"font-size:26px;text-transform:uppercase\"><strong>ATL <\/strong>VARALLO<\/h3>\n\n\n\n<p class=\"has-icon pin\">13019 Varallo (VC) \u2013 C.so Roma n. 38 <\/p>\n\n\n\n<p class=\"has-icon tel\">+39 0163 564404<\/p>\n\n\n\n<p class=\"has-icon mail\">infovarallo@terrealtopiemonte.it<\/p>\n<\/div>\n<\/div>\n<\/div>\n\n\n\n<p class=\"has-text-align-center\" style=\"font-size:50px;text-transform:uppercase\"><strong> IAT &#8211; province de Vercelli<\/strong><\/p>\n\n\n\n<div class=\"wp-block-columns gap-mobile is-layout-flex wp-container-core-columns-is-layout-bb63363c wp-block-columns-is-layout-flex\">\n<div class=\"wp-block-column is-layout-flow wp-block-column-is-layout-flow\">\n<figure class=\"wp-block-image size-full is-resized is-style-4-3\"><img loading=\"lazy\" decoding=\"async\" width=\"2560\" height=\"1707\" src=\"https:\/\/visitvalsesiavercelli.it\/wp-content\/uploads\/2022\/10\/Alagna-ufficio-scaled.jpg\" alt=\"\" class=\"wp-image-4632\" style=\"width:540px;height:360px\" srcset=\"https:\/\/visitvalsesiavercelli.it\/wp-content\/uploads\/2022\/10\/Alagna-ufficio-scaled.jpg 2560w, https:\/\/visitvalsesiavercelli.it\/wp-content\/uploads\/2022\/10\/Alagna-ufficio-1000x667.jpg 1000w, https:\/\/visitvalsesiavercelli.it\/wp-content\/uploads\/2022\/10\/Alagna-ufficio-1500x1000.jpg 1500w\" sizes=\"auto, (max-width: 2560px) 100vw, 2560px\" \/><\/figure>\n<\/div>\n\n\n\n<div class=\"wp-block-column order-1-mobile is-style-prima is-layout-flow wp-block-column-is-layout-flow\">\n<div class=\"wp-block-group is-layout-flow wp-block-group-is-layout-flow\">\n<h3 class=\"wp-block-heading has-blu-color has-text-color\" style=\"font-size:26px;text-transform:uppercase\">Office du tourisme &#8211; Alagna<\/h3>\n\n\n\n<p class=\"has-icon pin\">13021 Alagna Valsesia (VC) \u2013 P.za Grober n. 1<\/p>\n\n\n\n<p class=\"has-icon tel\"><a href=\"tel:016158002\"><\/a><a href=\"tel:015351128\"><\/a><a href=\"tel:0163564404\"><\/a>+39 0163 922988<\/p>\n\n\n\n<p class=\"has-icon mail\">ask@alagna.it<\/p>\n<\/div>\n<\/div>\n<\/div>\n\n\n\n<div class=\"wp-block-columns gap-mobile is-layout-flex wp-container-core-columns-is-layout-bb63363c wp-block-columns-is-layout-flex\">\n<div class=\"wp-block-column is-layout-flow wp-block-column-is-layout-flow\">\n<figure class=\"wp-block-image size-full is-style-4-3\"><img loading=\"lazy\" decoding=\"async\" width=\"1024\" height=\"768\" src=\"https:\/\/visitvalsesiavercelli.it\/wp-content\/uploads\/2022\/12\/Foto-Comune-002.jpg\" alt=\"\" class=\"wp-image-6338\" srcset=\"https:\/\/visitvalsesiavercelli.it\/wp-content\/uploads\/2022\/12\/Foto-Comune-002.jpg 1024w, https:\/\/visitvalsesiavercelli.it\/wp-content\/uploads\/2022\/12\/Foto-Comune-002-1000x750.jpg 1000w\" sizes=\"auto, (max-width: 1024px) 100vw, 1024px\" \/><\/figure>\n<\/div>\n\n\n\n<div class=\"wp-block-column order-1-mobile is-style-prima is-layout-flow wp-block-column-is-layout-flow\">\n<div class=\"wp-block-group is-layout-flow wp-block-group-is-layout-flow\">\n<h3 class=\"wp-block-heading has-blu-color has-text-color\" style=\"font-size:26px;text-transform:uppercase\">Office du tourisme &#8211; scopello<\/h3>\n\n\n\n<p class=\"has-icon pin\">13028 Scopello (VC) \u2013 Via Mera n. 3<\/p>\n\n\n\n<p class=\"has-icon tel\"><a href=\"tel:016158002\"><\/a><a href=\"tel:015351128\"><\/a><a href=\"tel:0163564404\"><\/a><a href=\"tel:0163731011\"><\/a>+39 0163 731011 int. 2<\/p>\n\n\n\n<p class=\"has-icon mail\"><a href=\"mailto:infovercelli@atlvalsesiavercelli.it\"><\/a><a href=\"mailto:infovercelli@atlvalsesiavercelli.it\"><\/a><a href=\"mailto:info@atl.biella.it\"><\/a><a href=\"mailto:infovarallo@atlvalsesiavercelli.it\"><\/a><a href=\"mailto:info@turismoalagna.it\"><\/a>turismo@scopello.com<\/p>\n<\/div>\n<\/div>\n<\/div>\n<\/div>\n<\/div>\n","protected":false},"excerpt":{"rendered":"<p>Home Organizza Contatti CONTACTEZ LES OFFICES DU TOURISME L\u2019ATL propose aide et assistance aux touristes et donne des informations touristiques sur le territoire de la Valsesia et de Vercelli. Elle initie et met en \u0153uvre des initiatives visant \u00e0 valoriser l&rsquo;excellence et les ressources touristiques du territoire. Elle m\u00e8ne des campagnes de communication et de&#8230;<\/p>\n","protected":false},"author":2,"featured_media":47695,"parent":0,"menu_order":0,"comment_status":"closed","ping_status":"closed","template":"","meta":{"_acf_changed":false,"footnotes":""},"class_list":["post-12982","page","type-page","status-publish","has-post-thumbnail","hentry"],"acf":[],"_links":{"self":[{"href":"https:\/\/visitvalsesiavercelli.it\/fr\/wp-json\/wp\/v2\/pages\/12982","targetHints":{"allow":["GET"]}}],"collection":[{"href":"https:\/\/visitvalsesiavercelli.it\/fr\/wp-json\/wp\/v2\/pages"}],"about":[{"href":"https:\/\/visitvalsesiavercelli.it\/fr\/wp-json\/wp\/v2\/types\/page"}],"author":[{"embeddable":true,"href":"https:\/\/visitvalsesiavercelli.it\/fr\/wp-json\/wp\/v2\/users\/2"}],"replies":[{"embeddable":true,"href":"https:\/\/visitvalsesiavercelli.it\/fr\/wp-json\/wp\/v2\/comments?post=12982"}],"version-history":[{"count":0,"href":"https:\/\/visitvalsesiavercelli.it\/fr\/wp-json\/wp\/v2\/pages\/12982\/revisions"}],"wp:featuredmedia":[{"embeddable":true,"href":"https:\/\/visitvalsesiavercelli.it\/fr\/wp-json\/wp\/v2\/media\/47695"}],"wp:attachment":[{"href":"https:\/\/visitvalsesiavercelli.it\/fr\/wp-json\/wp\/v2\/media?parent=12982"}],"curies":[{"name":"wp","href":"https:\/\/api.w.org\/{rel}","templated":true}]}}