{"id":13154,"date":"2022-06-23T10:53:22","date_gmt":"2022-06-23T08:53:22","guid":{"rendered":"https:\/\/visitvalsesiavercelli.it\/?page_id=13154"},"modified":"2026-04-10T15:01:43","modified_gmt":"2026-04-10T13:01:43","slug":"sport-fluvial","status":"publish","type":"page","link":"https:\/\/visitvalsesiavercelli.it\/fr\/sport-fluvial\/","title":{"rendered":"Sport fluvial"},"content":{"rendered":"\n<div class=\"wp-block-cover alignfull is-light has-custom-content-position is-position-center-left hero\" style=\"min-height:650px;aspect-ratio:unset;\"><img loading=\"lazy\" decoding=\"async\" width=\"2048\" height=\"1365\" class=\"wp-block-cover__image-background wp-image-3539\" alt=\"\" src=\"https:\/\/visitvalsesiavercelli.it\/wp-content\/uploads\/2022\/10\/A9A07755.jpg\" style=\"object-position:49% 41%\" data-object-fit=\"cover\" data-object-position=\"49% 41%\" srcset=\"https:\/\/visitvalsesiavercelli.it\/wp-content\/uploads\/2022\/10\/A9A07755.jpg 2048w, https:\/\/visitvalsesiavercelli.it\/wp-content\/uploads\/2022\/10\/A9A07755-1000x667.jpg 1000w, https:\/\/visitvalsesiavercelli.it\/wp-content\/uploads\/2022\/10\/A9A07755-1500x1000.jpg 1500w\" sizes=\"auto, (max-width: 2048px) 100vw, 2048px\" \/><span aria-hidden=\"true\" class=\"wp-block-cover__background has-background-dim\"><\/span><div class=\"wp-block-cover__inner-container is-layout-flow wp-block-cover-is-layout-flow\">\n<div class=\"wp-block-group is-layout-flow wp-block-group-is-layout-flow\">\n<h1 class=\"wp-block-heading has-bianco-color has-text-color\" style=\"text-transform:uppercase\">Sport<br>fluvial<\/h1>\n<\/div>\n<\/div><\/div>\n\n\n\n<div class=\"wp-block-group alignfull breadcrumbs is-layout-flow wp-block-group-is-layout-flow\">\n<div class=\"wp-block-group d-flex is-layout-flow wp-block-group-is-layout-flow\">\n<p><a href=\"https:\/\/visitvalsesiavercelli.it\/fr\/\" data-type=\"page\" data-id=\"2\">Home<\/a><\/p>\n\n\n\n<p>Vivi<\/p>\n\n\n\n<p>Outdoor e Natura<\/p>\n\n\n<h6 class=\"wp-block-post-title has-text-color has-orange-color\">Sport fluvial<\/h6><\/div>\n<\/div>\n\n\n\n<div class=\"wp-block-group alignfull is-layout-flow wp-block-group-is-layout-flow\">\n<div class=\"wp-block-group intro-esperienze is-layout-constrained wp-container-core-group-is-layout-02dd29b2 wp-block-group-is-layout-constrained\" style=\"padding-top:70px;padding-bottom:70px\">\n<h2 class=\"wp-block-heading has-text-align-center has-text-color\" style=\"color:#2d3429;text-transform:uppercase\">\u00c9MOTIONS, ADR\u00c9NALINE ET <br><mark style=\"background-color:rgba(0, 0, 0, 0)\" class=\"has-inline-color has-giallo-color\">EAUX CRISTALLINES<\/mark><\/h2>\n\n\n\n<p class=\"has-text-align-center has-text-color has-size-22-font-size\" style=\"color:#36442e;font-style:normal;font-weight:600\">Vivez une exp\u00e9rience inoubliable avec nos \u00e9coles fluviales et affrontez en toute s\u00e9curit\u00e9 les rapides de la rivi\u00e8re Sesia<\/p>\n\n\n\n<p><\/p>\n\n\n\n<figure class=\"wp-block-embed is-type-video is-provider-youtube wp-block-embed-youtube wp-embed-aspect-16-9 wp-has-aspect-ratio\"><div class=\"wp-block-embed__wrapper\">\n<iframe loading=\"lazy\" title=\"Scopri gli sport fluviali in Valsesia\" width=\"500\" height=\"281\" src=\"https:\/\/www.youtube.com\/embed\/Ci1vCDyMvUQ?feature=oembed\" frameborder=\"0\" allow=\"accelerometer; autoplay; clipboard-write; encrypted-media; gyroscope; picture-in-picture; web-share\" referrerpolicy=\"strict-origin-when-cross-origin\" allowfullscreen><\/iframe>\n<\/div><\/figure>\n<\/div>\n<\/div>\n\n\n\n<div class=\"wp-block-group alignfull esperienze-container has-bianco-color has-text-color has-background is-layout-flow wp-block-group-is-layout-flow\" style=\"background-color:#2d3429\">\n<div class=\"wp-block-group intro-2 empty is-layout-flow wp-container-core-group-is-layout-b298a938 wp-block-group-is-layout-flow\" style=\"padding-top:110px;padding-bottom:70px\">\n<div class=\"wp-block-columns is-layout-flex wp-container-core-columns-is-layout-00723822 wp-block-columns-is-layout-flex\">\n<div class=\"wp-block-column is-layout-flow wp-block-column-is-layout-flow\" style=\"padding-left:80px\">\n<h2 class=\"wp-block-heading\" style=\"line-height:0.90;text-transform:uppercase\">VIVEZ VOTRE  <br><mark style=\"background-color:rgba(0, 0, 0, 0)\" class=\"has-inline-color has-giallo-color\">AVENTURE!<\/mark><\/h2>\n\n\n\n<div class=\"wp-block-group is-layout-flow wp-block-group-is-layout-flow\" style=\"padding-top:20px\">\n<p style=\"font-size:20px\">En Valsesia, les sports de rivi\u00e8re sont une opportunit\u00e9 pour tous, amateurs d&rsquo;aventure ou de d\u00e9tente en pleine nature. Offrez-vous un \u00e9t\u00e9 d&rsquo;\u00e9motions et d&rsquo;adr\u00e9naline sur la rivi\u00e8re Sesia&nbsp;!<\/p>\n\n\n\n<div class=\"wp-block-buttons is-layout-flex wp-block-buttons-is-layout-flex\">\n<div class=\"wp-block-button\"><a class=\"wp-block-button__link wp-element-button\" href=\"https:\/\/visitvalsesiavercelli.it\/fr\/scuole-fluviali\/\" target=\"_blank\" rel=\"noreferrer noopener\">Contactez nos \u00e9coles fluviales<\/a><\/div>\n<\/div>\n\n\n\n<div class=\"wp-block-group justify-content-end is-layout-flow wp-block-group-is-layout-flow\" style=\"padding-top:120px\">    <div class=\"box\">\n        <a href=\"https:\/\/visitvalsesiavercelli.it\/fr\/vivi\/outdoor-e-natura\/sport-fluviali\/rafting\/\" class=\"carosello-element\">\n            <div class=\"wp-block-image\">\n                <img loading=\"lazy\" decoding=\"async\" width=\"1000\" height=\"667\" src=\"https:\/\/visitvalsesiavercelli.it\/wp-content\/uploads\/2022\/11\/A9A07921-1-1000x667.jpg\" class=\"attachment-galleria size-galleria\" alt=\"\" srcset=\"https:\/\/visitvalsesiavercelli.it\/wp-content\/uploads\/2022\/11\/A9A07921-1-1000x667.jpg 1000w, https:\/\/visitvalsesiavercelli.it\/wp-content\/uploads\/2022\/11\/A9A07921-1-1500x1000.jpg 1500w, https:\/\/visitvalsesiavercelli.it\/wp-content\/uploads\/2022\/11\/A9A07921-1.jpg 2048w\" sizes=\"auto, (max-width: 1000px) 100vw, 1000px\" \/>            <\/div>\n            <div class=\"content\">\n                                <h4 class=\"bigger\">Rafting<\/h4>\n            <\/div>\n            <div class=\"wp-block-buttons\">\n                <div class=\"wp-block-button is-style-outline\">\n                    <span class=\"wp-block-button__link\">\n                        Vivez                    <\/span>\n                <\/div>\n            <\/div>\n        <\/a>\n    <\/div><\/div>\n<\/div>\n<\/div>\n\n\n\n<div class=\"wp-block-column is-layout-flow wp-block-column-is-layout-flow\" style=\"padding-top:140px;flex-basis:320px\">    <div class=\"box\">\n        <a href=\"https:\/\/visitvalsesiavercelli.it\/fr\/vivi\/outdoor-e-natura\/sport-fluviali\/canoa-e-kayak\/\" class=\"carosello-element\">\n            <div class=\"wp-block-image\">\n                <img loading=\"lazy\" decoding=\"async\" width=\"1000\" height=\"667\" src=\"https:\/\/visitvalsesiavercelli.it\/wp-content\/uploads\/2022\/08\/A9A07833-1000x667.jpg\" class=\"attachment-galleria size-galleria\" alt=\"\" srcset=\"https:\/\/visitvalsesiavercelli.it\/wp-content\/uploads\/2022\/08\/A9A07833-1000x667.jpg 1000w, https:\/\/visitvalsesiavercelli.it\/wp-content\/uploads\/2022\/08\/A9A07833-1500x1000.jpg 1500w, https:\/\/visitvalsesiavercelli.it\/wp-content\/uploads\/2022\/08\/A9A07833.jpg 2048w\" sizes=\"auto, (max-width: 1000px) 100vw, 1000px\" \/>            <\/div>\n            <div class=\"content\">\n                                <h4 class=\"bigger\">Cano\u00eb et kayak<\/h4>\n            <\/div>\n            <div class=\"wp-block-buttons\">\n                <div class=\"wp-block-button is-style-outline\">\n                    <span class=\"wp-block-button__link\">\n                        Vivez                    <\/span>\n                <\/div>\n            <\/div>\n        <\/a>\n    <\/div>\n\n    <div class=\"box\">\n        <a href=\"https:\/\/visitvalsesiavercelli.it\/fr\/vivi\/outdoor-e-natura\/sport-fluviali\/hydrospeed\/\" class=\"carosello-element\">\n            <div class=\"wp-block-image\">\n                <img loading=\"lazy\" decoding=\"async\" width=\"1000\" height=\"667\" src=\"https:\/\/visitvalsesiavercelli.it\/wp-content\/uploads\/2022\/11\/A9A07302-1000x667.jpg\" class=\"attachment-galleria size-galleria\" alt=\"\" srcset=\"https:\/\/visitvalsesiavercelli.it\/wp-content\/uploads\/2022\/11\/A9A07302-1000x667.jpg 1000w, https:\/\/visitvalsesiavercelli.it\/wp-content\/uploads\/2022\/11\/A9A07302-1500x1000.jpg 1500w, https:\/\/visitvalsesiavercelli.it\/wp-content\/uploads\/2022\/11\/A9A07302.jpg 2048w\" sizes=\"auto, (max-width: 1000px) 100vw, 1000px\" \/>            <\/div>\n            <div class=\"content\">\n                                <h4 class=\"bigger\">Hydrospeed<\/h4>\n            <\/div>\n            <div class=\"wp-block-buttons\">\n                <div class=\"wp-block-button is-style-outline\">\n                    <span class=\"wp-block-button__link\">\n                        Vivez                    <\/span>\n                <\/div>\n            <\/div>\n        <\/a>\n    <\/div><\/div>\n\n\n\n<div class=\"wp-block-column is-layout-flow wp-block-column-is-layout-flow\" style=\"flex-basis:320px\">    <div class=\"box\">\n        <a href=\"https:\/\/visitvalsesiavercelli.it\/fr\/vivi\/outdoor-e-natura\/sport-fluviali\/canyoning\/\" class=\"carosello-element\">\n            <div class=\"wp-block-image\">\n                <img loading=\"lazy\" decoding=\"async\" width=\"1000\" height=\"667\" src=\"https:\/\/visitvalsesiavercelli.it\/wp-content\/uploads\/2022\/08\/Valsesia-fiume-1000x667.jpg\" class=\"attachment-galleria size-galleria\" alt=\"\" srcset=\"https:\/\/visitvalsesiavercelli.it\/wp-content\/uploads\/2022\/08\/Valsesia-fiume-1000x667.jpg 1000w, https:\/\/visitvalsesiavercelli.it\/wp-content\/uploads\/2022\/08\/Valsesia-fiume-1500x1000.jpg 1500w\" sizes=\"auto, (max-width: 1000px) 100vw, 1000px\" \/>            <\/div>\n            <div class=\"content\">\n                                <h4 class=\"bigger\">Canyoning<\/h4>\n            <\/div>\n            <div class=\"wp-block-buttons\">\n                <div class=\"wp-block-button is-style-outline\">\n                    <span class=\"wp-block-button__link\">\n                        Vivez                    <\/span>\n                <\/div>\n            <\/div>\n        <\/a>\n    <\/div>\n\n    <div class=\"box\">\n        <a href=\"https:\/\/visitvalsesiavercelli.it\/fr\/vivi\/outdoor-e-natura\/sport-fluviali\/pesca\/\" class=\"carosello-element\">\n            <div class=\"wp-block-image\">\n                <img loading=\"lazy\" decoding=\"async\" width=\"1000\" height=\"1141\" src=\"https:\/\/visitvalsesiavercelli.it\/wp-content\/uploads\/2022\/08\/EW0A7526-scaled-e1667380712380-1000x1141.jpg\" class=\"attachment-galleria size-galleria\" alt=\"\" srcset=\"https:\/\/visitvalsesiavercelli.it\/wp-content\/uploads\/2022\/08\/EW0A7526-scaled-e1667380712380-1000x1141.jpg 1000w, https:\/\/visitvalsesiavercelli.it\/wp-content\/uploads\/2022\/08\/EW0A7526-scaled-e1667380712380.jpg 1497w\" sizes=\"auto, (max-width: 1000px) 100vw, 1000px\" \/>            <\/div>\n            <div class=\"content\">\n                                <h4 class=\"bigger\">P\u00eache<\/h4>\n            <\/div>\n            <div class=\"wp-block-buttons\">\n                <div class=\"wp-block-button is-style-outline\">\n                    <span class=\"wp-block-button__link\">\n                        Vivez                    <\/span>\n                <\/div>\n            <\/div>\n        <\/a>\n    <\/div><\/div>\n<\/div>\n<\/div>\n<\/div>\n\n\n\n<div class=\"wp-block-group intro-3 is-layout-flow wp-container-core-group-is-layout-b298a938 wp-block-group-is-layout-flow\" style=\"padding-top:110px;padding-bottom:70px\">\n<div class=\"wp-block-columns is-layout-flex wp-container-core-columns-is-layout-00723822 wp-block-columns-is-layout-flex\">\n<div class=\"wp-block-column is-over is-layout-flow wp-block-column-is-layout-flow\" style=\"padding-left:80px;flex-basis:290px\">\n<h2 class=\"wp-block-heading\" style=\"line-height:0.90;text-transform:uppercase\">Organizza<br>il tuo<br><mark style=\"background-color:rgba(0, 0, 0, 0)\" class=\"has-inline-color has-giallo-color\">Soggiorno<\/mark><\/h2>\n\n\n\n<p class=\"has-size-22-font-size\" style=\"font-style:normal;font-weight:600\">Mangiare, dormire, spostarsi: pianifica al meglio il tuo viaggio in Valsesia e nel Vercellese!<\/p>\n<\/div>\n\n\n\n<div class=\"wp-block-column is-layout-flow wp-block-column-is-layout-flow\" style=\"padding-left:60px\">    <section class=\"carosello-orizzontale cover-overflow\">\n                        <div class=\"swiper\">\n                    <div class=\"swiper-wrapper\">\n                                                                        <div class=\"swiper-slide\">\n                                <a href=\"https:\/\/visitvalsesiavercelli.it\/organizza\/ospitalita\/dove-mangiare\/\" class=\"carosello-element\">\n                                    <div class=\"wp-block-image\">\n                                        <img loading=\"lazy\" decoding=\"async\" width=\"340\" height=\"210\" src=\"https:\/\/visitvalsesiavercelli.it\/wp-content\/uploads\/2022\/06\/mangiare-340x210.jpg\" class=\"attachment-regular-thumb size-regular-thumb\" alt=\"\" srcset=\"https:\/\/visitvalsesiavercelli.it\/wp-content\/uploads\/2022\/06\/mangiare-340x210.jpg 340w, https:\/\/visitvalsesiavercelli.it\/wp-content\/uploads\/2022\/06\/mangiare-680x420.jpg 680w\" sizes=\"auto, (max-width: 340px) 100vw, 340px\" \/>                                    <\/div>\n                                    <div class=\"content\">\n                                        <h4>Dove<br \/>\r\nmangiare<\/h4>\n                                    <\/div>\n                                                                        <div class=\"wp-block-buttons\">\n                                        <div class=\"wp-block-button is-style-outline\">\n                                            <span class=\"wp-block-button__link\">\n                                                Organizza                                            <\/span>\n                                        <\/div>\n                                    <\/div>\n                                                                    <\/a>\n                            <\/div>\n                                                    <div class=\"swiper-slide\">\n                                <a href=\"https:\/\/visitvalsesiavercelli.it\/organizza\/ospitalita\/dove-dormire\/\" class=\"carosello-element\">\n                                    <div class=\"wp-block-image\">\n                                        <img loading=\"lazy\" decoding=\"async\" width=\"340\" height=\"210\" src=\"https:\/\/visitvalsesiavercelli.it\/wp-content\/uploads\/2022\/06\/dormire-340x210.jpg\" class=\"attachment-regular-thumb size-regular-thumb\" alt=\"\" srcset=\"https:\/\/visitvalsesiavercelli.it\/wp-content\/uploads\/2022\/06\/dormire-340x210.jpg 340w, https:\/\/visitvalsesiavercelli.it\/wp-content\/uploads\/2022\/06\/dormire-680x420.jpg 680w\" sizes=\"auto, (max-width: 340px) 100vw, 340px\" \/>                                    <\/div>\n                                    <div class=\"content\">\n                                        <h4>Dove<br \/>\r\ndormire<\/h4>\n                                    <\/div>\n                                                                        <div class=\"wp-block-buttons\">\n                                        <div class=\"wp-block-button is-style-outline\">\n                                            <span class=\"wp-block-button__link\">\n                                                Organizza                                            <\/span>\n                                        <\/div>\n                                    <\/div>\n                                                                    <\/a>\n                            <\/div>\n                                                    <div class=\"swiper-slide\">\n                                <a href=\"https:\/\/visitvalsesiavercelli.it\/organizza\/informazioni\/come-arrivare\/\" class=\"carosello-element\">\n                                    <div class=\"wp-block-image\">\n                                        <img loading=\"lazy\" decoding=\"async\" width=\"340\" height=\"210\" src=\"https:\/\/visitvalsesiavercelli.it\/wp-content\/uploads\/2022\/06\/arrivare-340x210.jpg\" class=\"attachment-regular-thumb size-regular-thumb\" alt=\"\" srcset=\"https:\/\/visitvalsesiavercelli.it\/wp-content\/uploads\/2022\/06\/arrivare-340x210.jpg 340w, https:\/\/visitvalsesiavercelli.it\/wp-content\/uploads\/2022\/06\/arrivare-680x420.jpg 680w\" sizes=\"auto, (max-width: 340px) 100vw, 340px\" \/>                                    <\/div>\n                                    <div class=\"content\">\n                                        <h4>Come<br \/>\r\narrivare<\/h4>\n                                    <\/div>\n                                                                        <div class=\"wp-block-buttons\">\n                                        <div class=\"wp-block-button is-style-outline\">\n                                            <span class=\"wp-block-button__link\">\n                                                Organizza                                            <\/span>\n                                        <\/div>\n                                    <\/div>\n                                                                    <\/a>\n                            <\/div>\n                                                    <div class=\"swiper-slide\">\n                                <a href=\"https:\/\/visitvalsesiavercelli.it\/organizza\/contatti\/contatti-uffici-locali\/\" class=\"carosello-element\">\n                                    <div class=\"wp-block-image\">\n                                        <img loading=\"lazy\" decoding=\"async\" width=\"340\" height=\"210\" src=\"https:\/\/visitvalsesiavercelli.it\/wp-content\/uploads\/2022\/10\/Guide-turistiche-340x210.jpg\" class=\"attachment-regular-thumb size-regular-thumb\" alt=\"\" srcset=\"https:\/\/visitvalsesiavercelli.it\/wp-content\/uploads\/2022\/10\/Guide-turistiche-340x210.jpg 340w, https:\/\/visitvalsesiavercelli.it\/wp-content\/uploads\/2022\/10\/Guide-turistiche-680x420.jpg 680w\" sizes=\"auto, (max-width: 340px) 100vw, 340px\" \/>                                    <\/div>\n                                    <div class=\"content\">\n                                        <h4>Uffici Turistici<\/h4>\n                                    <\/div>\n                                                                        <div class=\"wp-block-buttons\">\n                                        <div class=\"wp-block-button is-style-outline\">\n                                            <span class=\"wp-block-button__link\">\n                                                Organizza                                            <\/span>\n                                        <\/div>\n                                    <\/div>\n                                                                    <\/a>\n                            <\/div>\n                                                    <div class=\"swiper-slide\">\n                                <a href=\"https:\/\/visitvalsesiavercelli.it\/organizza\/servizi-turistici\/scuole-noleggi-attrezzature\/scuole-fluviali\/\" class=\"carosello-element\">\n                                    <div class=\"wp-block-image\">\n                                        <img loading=\"lazy\" decoding=\"async\" width=\"340\" height=\"210\" src=\"https:\/\/visitvalsesiavercelli.it\/wp-content\/uploads\/2022\/11\/A9A07613-340x210.jpg\" class=\"attachment-regular-thumb size-regular-thumb\" alt=\"\" srcset=\"https:\/\/visitvalsesiavercelli.it\/wp-content\/uploads\/2022\/11\/A9A07613-340x210.jpg 340w, https:\/\/visitvalsesiavercelli.it\/wp-content\/uploads\/2022\/11\/A9A07613-680x420.jpg 680w\" sizes=\"auto, (max-width: 340px) 100vw, 340px\" \/>                                    <\/div>\n                                    <div class=\"content\">\n                                        <h4>Scuole fluviali<\/h4>\n                                    <\/div>\n                                                                        <div class=\"wp-block-buttons\">\n                                        <div class=\"wp-block-button is-style-outline\">\n                                            <span class=\"wp-block-button__link\">\n                                                Organizza                                            <\/span>\n                                        <\/div>\n                                    <\/div>\n                                                                    <\/a>\n                            <\/div>\n                                                    <div class=\"swiper-slide\">\n                                <a href=\"https:\/\/visitvalsesiavercelli.it\/organizza\/servizi-turistici\/guide-turistiche-e-accompagnatori\/\" class=\"carosello-element\">\n                                    <div class=\"wp-block-image\">\n                                        <img loading=\"lazy\" decoding=\"async\" width=\"340\" height=\"210\" src=\"https:\/\/visitvalsesiavercelli.it\/wp-content\/uploads\/2022\/11\/guida-340x210.jpg\" class=\"attachment-regular-thumb size-regular-thumb\" alt=\"\" srcset=\"https:\/\/visitvalsesiavercelli.it\/wp-content\/uploads\/2022\/11\/guida-340x210.jpg 340w, https:\/\/visitvalsesiavercelli.it\/wp-content\/uploads\/2022\/11\/guida-680x420.jpg 680w\" sizes=\"auto, (max-width: 340px) 100vw, 340px\" \/>                                    <\/div>\n                                    <div class=\"content\">\n                                        <h4>Guide e accompagnatori<\/h4>\n                                    <\/div>\n                                                                        <div class=\"wp-block-buttons\">\n                                        <div class=\"wp-block-button is-style-outline\">\n                                            <span class=\"wp-block-button__link\">\n                                                Organizza                                            <\/span>\n                                        <\/div>\n                                    <\/div>\n                                                                    <\/a>\n                            <\/div>\n                                                    <div class=\"swiper-slide\">\n                                <a href=\"https:\/\/visitvalsesiavercelli.it\/organizza\/servizi-turistici\/guide-alpine-e-naturalistiche\/\" class=\"carosello-element\">\n                                    <div class=\"wp-block-image\">\n                                        <img loading=\"lazy\" decoding=\"async\" width=\"340\" height=\"210\" src=\"https:\/\/visitvalsesiavercelli.it\/wp-content\/uploads\/2022\/07\/guide-alpine-340x210.jpg\" class=\"attachment-regular-thumb size-regular-thumb\" alt=\"\" srcset=\"https:\/\/visitvalsesiavercelli.it\/wp-content\/uploads\/2022\/07\/guide-alpine-340x210.jpg 340w, https:\/\/visitvalsesiavercelli.it\/wp-content\/uploads\/2022\/07\/guide-alpine-680x420.jpg 680w\" sizes=\"auto, (max-width: 340px) 100vw, 340px\" \/>                                    <\/div>\n                                    <div class=\"content\">\n                                        <h4>Guide alpine<\/h4>\n                                    <\/div>\n                                                                        <div class=\"wp-block-buttons\">\n                                        <div class=\"wp-block-button is-style-outline\">\n                                            <span class=\"wp-block-button__link\">\n                                                Organizza                                            <\/span>\n                                        <\/div>\n                                    <\/div>\n                                                                    <\/a>\n                            <\/div>\n                                                                <\/div>\n                    <div class=\"swiper-buttons\">\n                        <div class=\"swiper-button-prev\"><\/div>\n                        <div class=\"swiper-button-next\"><\/div>\n                    <\/div>\n                <\/div>\n            <\/section><\/div>\n<\/div>\n<\/div>\n","protected":false},"excerpt":{"rendered":"<p>Home Vivi Outdoor e Natura \u00c9MOTIONS, ADR\u00c9NALINE ET EAUX CRISTALLINES Vivez une exp\u00e9rience inoubliable avec nos \u00e9coles fluviales et affrontez en toute s\u00e9curit\u00e9 les rapides de la rivi\u00e8re Sesia VIVEZ VOTRE AVENTURE! En Valsesia, les sports de rivi\u00e8re sont une opportunit\u00e9 pour tous, amateurs d&rsquo;aventure ou de d\u00e9tente en pleine nature. Offrez-vous un \u00e9t\u00e9 d&rsquo;\u00e9motions&#8230;<\/p>\n","protected":false},"author":6,"featured_media":0,"parent":0,"menu_order":0,"comment_status":"closed","ping_status":"closed","template":"","meta":{"_acf_changed":true,"footnotes":""},"class_list":["post-13154","page","type-page","status-publish","hentry"],"acf":[],"_links":{"self":[{"href":"https:\/\/visitvalsesiavercelli.it\/fr\/wp-json\/wp\/v2\/pages\/13154","targetHints":{"allow":["GET"]}}],"collection":[{"href":"https:\/\/visitvalsesiavercelli.it\/fr\/wp-json\/wp\/v2\/pages"}],"about":[{"href":"https:\/\/visitvalsesiavercelli.it\/fr\/wp-json\/wp\/v2\/types\/page"}],"author":[{"embeddable":true,"href":"https:\/\/visitvalsesiavercelli.it\/fr\/wp-json\/wp\/v2\/users\/6"}],"replies":[{"embeddable":true,"href":"https:\/\/visitvalsesiavercelli.it\/fr\/wp-json\/wp\/v2\/comments?post=13154"}],"version-history":[{"count":0,"href":"https:\/\/visitvalsesiavercelli.it\/fr\/wp-json\/wp\/v2\/pages\/13154\/revisions"}],"wp:attachment":[{"href":"https:\/\/visitvalsesiavercelli.it\/fr\/wp-json\/wp\/v2\/media?parent=13154"}],"curies":[{"name":"wp","href":"https:\/\/api.w.org\/{rel}","templated":true}]}}