{"id":13157,"date":"2022-08-09T08:52:29","date_gmt":"2022-08-09T06:52:29","guid":{"rendered":"https:\/\/visitvalsesiavercelli.it\/?page_id=13157"},"modified":"2023-03-29T14:28:26","modified_gmt":"2023-03-29T12:28:26","slug":"rafting","status":"publish","type":"page","link":"https:\/\/visitvalsesiavercelli.it\/fr\/rafting\/","title":{"rendered":"Rafting"},"content":{"rendered":"\n<div class=\"wp-block-cover alignfull is-light has-custom-content-position is-position-center-left hero\" style=\"min-height:650px;aspect-ratio:unset;\"><span aria-hidden=\"true\" class=\"wp-block-cover__background has-background-dim\"><\/span><img loading=\"lazy\" decoding=\"async\" width=\"2048\" height=\"1365\" class=\"wp-block-cover__image-background wp-image-5296\" alt=\"\" src=\"https:\/\/visitvalsesiavercelli.it\/wp-content\/uploads\/2022\/11\/A9A07921.jpg\" style=\"object-position:47% 59%\" data-object-fit=\"cover\" data-object-position=\"47% 59%\" srcset=\"https:\/\/visitvalsesiavercelli.it\/wp-content\/uploads\/2022\/11\/A9A07921.jpg 2048w, https:\/\/visitvalsesiavercelli.it\/wp-content\/uploads\/2022\/11\/A9A07921-1000x667.jpg 1000w, https:\/\/visitvalsesiavercelli.it\/wp-content\/uploads\/2022\/11\/A9A07921-1500x1000.jpg 1500w\" sizes=\"auto, (max-width: 2048px) 100vw, 2048px\" \/><div class=\"wp-block-cover__inner-container is-layout-flow wp-block-cover-is-layout-flow\">\n<div class=\"wp-block-group is-layout-flow wp-block-group-is-layout-flow\"><h1 style=\"text-transform:uppercase;\" class=\"wp-block-post-title has-text-color has-bianco-color\">Rafting<\/h1>\n\n    <div class=\"etichetta\">\n        <div>\n            Sport fluvial        <\/div>\n    <\/div><\/div>\n<\/div><\/div>\n\n\n\n<div class=\"wp-block-group alignfull breadcrumbs is-layout-flow wp-block-group-is-layout-flow\">\n<div class=\"wp-block-group d-flex is-layout-flow wp-block-group-is-layout-flow\">\n<p><a href=\"https:\/\/visitvalsesiavercelli.it\/\" data-type=\"page\" data-id=\"2\">Home<\/a><\/p>\n\n\n\n<p>Vivi<\/p>\n\n\n\n<p>Outdoor e Natura<\/p>\n\n\n\n<p><a href=\"https:\/\/visitvalsesiavercelli.it\/vivi\/outdoor-e-natura\/sport-estivi\/\">Sport fluviali<\/a><\/p>\n\n\n<h6 class=\"wp-block-post-title has-text-color has-orange-color\">Rafting<\/h6><\/div>\n<\/div>\n\n\n\n<div class=\"wp-block-group alignfull is-layout-flow wp-block-group-is-layout-flow\">\n<div class=\"wp-block-group intro-territori is-layout-constrained wp-container-core-group-is-layout-0151c581 wp-block-group-is-layout-constrained\" style=\"padding-top:70px;padding-bottom:70px;padding-left:70px\">\n<h2 class=\"has-text-align-center has-text-color wp-block-heading\" style=\"color:#2d3429;text-transform:uppercase\">UN SPORT POUR TOUS,<br><mark style=\"background-color:rgba(0, 0, 0, 0)\" class=\"has-inline-color has-giallo-color\">POUR LE PLAISIR ET L\u2019ADR\u00c9NALINE<\/mark><\/h2>\n\n\n\n<p class=\"has-text-align-center has-text-color has-size-22-font-size\" style=\"color:#36442e;font-style:normal;font-weight:600\">Montez sur un canot pneumatique et laissez-vous emporter par le courant et les rapides de la rivi\u00e8re Sesia, et vivez des \u00e9motions uniques et inoubliables <\/p>\n\n\n\n<div class=\"wp-block-buttons is-content-justification-center is-layout-flex wp-container-core-buttons-is-layout-a89b3969 wp-block-buttons-is-layout-flex\">\n<div class=\"wp-block-button\"><a class=\"wp-block-button__link wp-element-button\" href=\"https:\/\/visitvalsesiavercelli.it\/fr\/scuole-fluviali\/\" target=\"_blank\" rel=\"noreferrer noopener\">Contacter les \u00e9coles fluviales<\/a><\/div>\n<\/div>\n<\/div>\n<\/div>\n\n\n\n<div class=\"wp-block-group alignfull has-bianco-color has-text-color has-background is-layout-flow wp-block-group-is-layout-flow\" style=\"background-color:#3d4d34;padding-top:50px;padding-bottom:70px\">\n<div class=\"wp-block-group is-layout-constrained wp-container-core-group-is-layout-12e207f8 wp-block-group-is-layout-constrained\">\n<div class=\"wp-block-columns are-vertically-aligned-center gap-mobile is-layout-flex wp-container-core-columns-is-layout-4a048b8d wp-block-columns-is-layout-flex\">\n<div class=\"wp-block-column is-vertically-aligned-center is-layout-flow wp-block-column-is-layout-flow\">\n<h3 class=\"has-giallo-color has-text-color wp-block-heading\" style=\"font-size:26px;text-transform:uppercase\">Le rafting en Valsesia<\/h3>\n\n\n\n<p style=\"font-size:20px\">Le rafting est un <strong><mark style=\"background-color:rgba(0, 0, 0, 0)\" class=\"has-inline-color has-giallo-color\">sport de groupe passionnant<\/mark><\/strong>, et ouvert \u00e0 tous. \u00c0 bord d&rsquo;un grand canot gonflable pouvant accueillir jusqu&rsquo;\u00e0 7&nbsp;personnes et un guide, vous vous lancerez dans une descente de la rivi\u00e8re, en surmontant les obstacles naturels pr\u00e9sents sur votre circuit, comme les rochers, les rapides et les courants. <\/p>\n\n\n\n<p style=\"font-size:20px\">Pour participer, il suffit de savoir nager et d&rsquo;\u00eatre pr\u00eat \u00e0 partager des sensations uniques et excitantes avec un groupe. La navigation se fait sur des eaux agit\u00e9es, coup\u00e9es de rapides et de gorges, que l&rsquo;on d\u00e9passe en pagayant et en suivant les indications du guide. <\/p>\n\n\n\n<p style=\"font-size:20px\">La conformation orographique du Sesia permet de pratiquer cette discipline d&rsquo;avril \u00e0 septembre environ.<\/p>\n<\/div>\n\n\n\n<div class=\"wp-block-column is-vertically-aligned-center is-layout-flow wp-block-column-is-layout-flow\">\n<figure class=\"wp-block-image size-full is-resized is-style-4-3\"><img loading=\"lazy\" decoding=\"async\" src=\"https:\/\/visitvalsesiavercelli.it\/wp-content\/uploads\/2022\/11\/A9A07578.jpg\" alt=\"\" class=\"wp-image-4922\" width=\"527\" height=\"350\" srcset=\"https:\/\/visitvalsesiavercelli.it\/wp-content\/uploads\/2022\/11\/A9A07578.jpg 2048w, https:\/\/visitvalsesiavercelli.it\/wp-content\/uploads\/2022\/11\/A9A07578-1500x1000.jpg 1500w\" sizes=\"auto, (max-width: 527px) 100vw, 527px\" \/><figcaption class=\"wp-element-caption\"><mark style=\"background-color:rgba(0, 0, 0, 0)\" class=\"has-inline-color has-giallo-color\"><strong>Pagayer le long des rapides de la rivi\u00e8re Sesia<\/strong><\/mark><\/figcaption><\/figure>\n<\/div>\n<\/div>\n\n\n\n<div class=\"wp-block-columns are-vertically-aligned-center gap-mobile is-layout-flex wp-container-core-columns-is-layout-4a048b8d wp-block-columns-is-layout-flex\">\n<div class=\"wp-block-column is-vertically-aligned-center is-layout-flow wp-block-column-is-layout-flow\">\n<figure class=\"wp-block-image size-full is-resized is-style-4-3\"><img loading=\"lazy\" decoding=\"async\" src=\"https:\/\/visitvalsesiavercelli.it\/wp-content\/uploads\/2022\/11\/A9A07442.jpg\" alt=\"\" class=\"wp-image-5300\" width=\"525\" height=\"349\" srcset=\"https:\/\/visitvalsesiavercelli.it\/wp-content\/uploads\/2022\/11\/A9A07442.jpg 2048w, https:\/\/visitvalsesiavercelli.it\/wp-content\/uploads\/2022\/11\/A9A07442-1000x667.jpg 1000w, https:\/\/visitvalsesiavercelli.it\/wp-content\/uploads\/2022\/11\/A9A07442-1500x1000.jpg 1500w\" sizes=\"auto, (max-width: 525px) 100vw, 525px\" \/><figcaption class=\"wp-element-caption\"><mark style=\"background-color:rgba(0, 0, 0, 0)\" class=\"has-inline-color has-giallo-color\"><strong>Vers le d\u00e9but de l&rsquo;itin\u00e9raire<\/strong><\/mark><\/figcaption><\/figure>\n<\/div>\n\n\n\n<div class=\"wp-block-column is-vertically-aligned-center is-style-prima is-layout-flow wp-block-column-is-layout-flow\">\n<div class=\"wp-block-group is-layout-constrained wp-container-core-group-is-layout-57345300 wp-block-group-is-layout-constrained\">\n<p style=\"font-size:26px;text-transform:uppercase\"><strong><mark style=\"background-color:rgba(0, 0, 0, 0)\" class=\"has-inline-color has-giallo-color\"><strong>UN SPORT POUR TOUS<\/strong><\/mark><\/strong><\/p>\n\n\n\n<p style=\"font-size:20px\">Choisissez l&rsquo;exp\u00e9rience de rafting qui vous convient le mieux parmi les nombreuses possibilit\u00e9s offertes par la rivi\u00e8re Sesia&nbsp;:<\/p>\n\n\n\n<ul class=\"wp-block-list\">\n<li><strong><mark style=\"background-color:rgba(0, 0, 0, 0)\" class=\"has-inline-color has-giallo-color\">Rafting Classico<\/mark><\/strong> est un parcours de 10&nbsp;km, tr\u00e8s impressionnant et excitant, adapt\u00e9 \u00e0 tous, qui commence \u00e0 Balmuccia et s\u2019ach\u00e8ve \u00e0 Varallo.<\/li>\n\n\n\n<li><strong><mark style=\"background-color:rgba(0, 0, 0, 0)\" class=\"has-inline-color has-giallo-color\">Gole del Sesia<\/mark><\/strong> ce parcours constitue une descente intense et spectaculaire, un m\u00e9lange de rafting, de canyoning et de randonn\u00e9e fluviale, qui offre une exp\u00e9rience aquatique compl\u00e8te. Le tron\u00e7on de 3&nbsp;km part de Muro et arrive \u00e0 Balmuccia.<\/li>\n\n\n\n<li>Les <strong><mark style=\"background-color:rgba(0, 0, 0, 0)\" class=\"has-inline-color has-giallo-color\">parcours les plus difficiles<\/mark><\/strong>, comme le tron\u00e7on entre Piode et Scopa, ou la Rapida di Balmuccia, ne peuvent \u00eatre effectu\u00e9s qu&rsquo;avec un d\u00e9bit de rivi\u00e8re appropri\u00e9, et ne conviennent qu\u2019\u00e0 ceux qui ont d\u00e9j\u00e0 une exp\u00e9rience de rafting.<\/li>\n<\/ul>\n<\/div>\n<\/div>\n<\/div>\n\n\n\n<div class=\"wp-block-buttons is-content-justification-center is-layout-flex wp-container-core-buttons-is-layout-a89b3969 wp-block-buttons-is-layout-flex\">\n<div class=\"wp-block-button is-style-fill\"><a class=\"wp-block-button__link wp-element-button\" href=\"https:\/\/visitvalsesiavercelli.it\/wp-content\/uploads\/2022\/11\/cartina_fluviale_compressed-1.pdf\" target=\"_blank\" rel=\"noreferrer noopener\">T\u00e9l\u00e9chargez la carte des sports de rivi\u00e8re<\/a><\/div>\n<\/div>\n<\/div>\n<\/div>\n\n\n    <section class=\"galleria-orizzontale\">\n        <div class=\"alignwide\">\n                            <div class=\"swiper\">\n                    <div class=\"swiper-wrapper\">\n                                                    <div class=\"swiper-slide\">\n                                <div class=\"wp-block-image\">\n                                    <img loading=\"lazy\" decoding=\"async\" width=\"1000\" height=\"667\" src=\"https:\/\/visitvalsesiavercelli.it\/wp-content\/uploads\/2022\/11\/A9A07755-1-1000x667.jpg\" class=\"attachment-galleria size-galleria\" alt=\"\" srcset=\"https:\/\/visitvalsesiavercelli.it\/wp-content\/uploads\/2022\/11\/A9A07755-1-1000x667.jpg 1000w, https:\/\/visitvalsesiavercelli.it\/wp-content\/uploads\/2022\/11\/A9A07755-1-1500x1000.jpg 1500w, https:\/\/visitvalsesiavercelli.it\/wp-content\/uploads\/2022\/11\/A9A07755-1.jpg 2048w\" sizes=\"auto, (max-width: 1000px) 100vw, 1000px\" \/>                                <\/div>\n                                                            <\/div>\n                                                    <div class=\"swiper-slide\">\n                                <div class=\"wp-block-image\">\n                                    <img loading=\"lazy\" decoding=\"async\" width=\"1000\" height=\"667\" src=\"https:\/\/visitvalsesiavercelli.it\/wp-content\/uploads\/2022\/11\/POL_6440-1000x667.jpg\" class=\"attachment-galleria size-galleria\" alt=\"\" srcset=\"https:\/\/visitvalsesiavercelli.it\/wp-content\/uploads\/2022\/11\/POL_6440-1000x667.jpg 1000w, https:\/\/visitvalsesiavercelli.it\/wp-content\/uploads\/2022\/11\/POL_6440-1500x1000.jpg 1500w\" sizes=\"auto, (max-width: 1000px) 100vw, 1000px\" \/>                                <\/div>\n                                                            <\/div>\n                                                    <div class=\"swiper-slide\">\n                                <div class=\"wp-block-image\">\n                                    <img loading=\"lazy\" decoding=\"async\" width=\"1000\" height=\"667\" src=\"https:\/\/visitvalsesiavercelli.it\/wp-content\/uploads\/2022\/11\/A9A07921-1000x667.jpg\" class=\"attachment-galleria size-galleria\" alt=\"\" srcset=\"https:\/\/visitvalsesiavercelli.it\/wp-content\/uploads\/2022\/11\/A9A07921-1000x667.jpg 1000w, https:\/\/visitvalsesiavercelli.it\/wp-content\/uploads\/2022\/11\/A9A07921-1500x1000.jpg 1500w, https:\/\/visitvalsesiavercelli.it\/wp-content\/uploads\/2022\/11\/A9A07921.jpg 2048w\" sizes=\"auto, (max-width: 1000px) 100vw, 1000px\" \/>                                <\/div>\n                                                            <\/div>\n                                                    <div class=\"swiper-slide\">\n                                <div class=\"wp-block-image\">\n                                    <img loading=\"lazy\" decoding=\"async\" width=\"1000\" height=\"667\" src=\"https:\/\/visitvalsesiavercelli.it\/wp-content\/uploads\/2022\/11\/A9A07613-1000x667.jpg\" class=\"attachment-galleria size-galleria\" alt=\"\" srcset=\"https:\/\/visitvalsesiavercelli.it\/wp-content\/uploads\/2022\/11\/A9A07613-1000x667.jpg 1000w, https:\/\/visitvalsesiavercelli.it\/wp-content\/uploads\/2022\/11\/A9A07613-1500x1000.jpg 1500w, https:\/\/visitvalsesiavercelli.it\/wp-content\/uploads\/2022\/11\/A9A07613.jpg 2048w\" sizes=\"auto, (max-width: 1000px) 100vw, 1000px\" \/>                                <\/div>\n                                                            <\/div>\n                                                    <div class=\"swiper-slide\">\n                                <div class=\"wp-block-image\">\n                                    <img loading=\"lazy\" decoding=\"async\" width=\"1000\" height=\"667\" src=\"https:\/\/visitvalsesiavercelli.it\/wp-content\/uploads\/2022\/11\/A9A07442-1000x667.jpg\" class=\"attachment-galleria size-galleria\" alt=\"\" srcset=\"https:\/\/visitvalsesiavercelli.it\/wp-content\/uploads\/2022\/11\/A9A07442-1000x667.jpg 1000w, https:\/\/visitvalsesiavercelli.it\/wp-content\/uploads\/2022\/11\/A9A07442-1500x1000.jpg 1500w, https:\/\/visitvalsesiavercelli.it\/wp-content\/uploads\/2022\/11\/A9A07442.jpg 2048w\" sizes=\"auto, (max-width: 1000px) 100vw, 1000px\" \/>                                <\/div>\n                                                            <\/div>\n                                            <\/div>\n                    <div class=\"swiper-buttons\">\n                        <div class=\"swiper-button-prev\"><\/div>\n                        <div class=\"swiper-button-next\"><\/div>\n                    <\/div>\n                <\/div>\n                    <\/div>\n    <\/section>\n\n\n<div class=\"wp-block-group intro-3 is-layout-flow wp-container-core-group-is-layout-b298a938 wp-block-group-is-layout-flow\" style=\"padding-top:110px;padding-bottom:70px\">\n<div class=\"wp-block-columns is-layout-flex wp-container-core-columns-is-layout-00723822 wp-block-columns-is-layout-flex\">\n<div class=\"wp-block-column is-over is-layout-flow wp-block-column-is-layout-flow\" style=\"padding-left:80px;flex-basis:290px\">\n<h2 class=\"wp-block-heading\" style=\"line-height:0.90;text-transform:uppercase\">Planifiez votre  <mark style=\"background-color:rgba(0, 0, 0, 0)\" class=\"has-inline-color has-giallo-color\">s\u00e9jour<\/mark><\/h2>\n\n\n\n<p class=\"has-size-22-font-size\" style=\"font-style:normal;font-weight:600\">O\u00f9 manger, o\u00f9 dormir, comment se d\u00e9placer\u00a0: organisez votre voyage en Valsesia et dans le Vercellese!<\/p>\n<\/div>\n\n\n\n<div class=\"wp-block-column is-layout-flow wp-block-column-is-layout-flow\" style=\"padding-left:60px\">    <section class=\"carosello-orizzontale cover-overflow\">\n                        <div class=\"swiper\">\n                    <div class=\"swiper-wrapper\">\n                                                                        <div class=\"swiper-slide\">\n                                <a href=\"https:\/\/visitvalsesiavercelli.it\/fr\/dove-mangiare\/\" class=\"carosello-element\">\n                                    <div class=\"wp-block-image\">\n                                        <img loading=\"lazy\" decoding=\"async\" width=\"340\" height=\"210\" src=\"https:\/\/visitvalsesiavercelli.it\/wp-content\/uploads\/2022\/06\/mangiare-340x210.jpg\" class=\"attachment-regular-thumb size-regular-thumb\" alt=\"\" srcset=\"https:\/\/visitvalsesiavercelli.it\/wp-content\/uploads\/2022\/06\/mangiare-340x210.jpg 340w, https:\/\/visitvalsesiavercelli.it\/wp-content\/uploads\/2022\/06\/mangiare-680x420.jpg 680w\" sizes=\"auto, (max-width: 340px) 100vw, 340px\" \/>                                    <\/div>\n                                    <div class=\"content\">\n                                        <h4>O\u00f9 manger<\/h4>\n                                    <\/div>\n                                                                        <div class=\"wp-block-buttons\">\n                                        <div class=\"wp-block-button is-style-outline\">\n                                            <span class=\"wp-block-button__link\">\n                                                Pr\u00e8parez                                            <\/span>\n                                        <\/div>\n                                    <\/div>\n                                                                    <\/a>\n                            <\/div>\n                                                    <div class=\"swiper-slide\">\n                                <a href=\"https:\/\/visitvalsesiavercelli.it\/fr\/dove-dormire\/\" class=\"carosello-element\">\n                                    <div class=\"wp-block-image\">\n                                        <img loading=\"lazy\" decoding=\"async\" width=\"340\" height=\"210\" src=\"https:\/\/visitvalsesiavercelli.it\/wp-content\/uploads\/2022\/06\/dormire-340x210.jpg\" class=\"attachment-regular-thumb size-regular-thumb\" alt=\"\" srcset=\"https:\/\/visitvalsesiavercelli.it\/wp-content\/uploads\/2022\/06\/dormire-340x210.jpg 340w, https:\/\/visitvalsesiavercelli.it\/wp-content\/uploads\/2022\/06\/dormire-680x420.jpg 680w\" sizes=\"auto, (max-width: 340px) 100vw, 340px\" \/>                                    <\/div>\n                                    <div class=\"content\">\n                                        <h4>O\u00f9 dormir<\/h4>\n                                    <\/div>\n                                                                        <div class=\"wp-block-buttons\">\n                                        <div class=\"wp-block-button is-style-outline\">\n                                            <span class=\"wp-block-button__link\">\n                                                Pr\u00e8parez                                            <\/span>\n                                        <\/div>\n                                    <\/div>\n                                                                    <\/a>\n                            <\/div>\n                                                    <div class=\"swiper-slide\">\n                                <a href=\"https:\/\/visitvalsesiavercelli.it\/fr\/come-arrivare\/\" class=\"carosello-element\">\n                                    <div class=\"wp-block-image\">\n                                        <img loading=\"lazy\" decoding=\"async\" width=\"340\" height=\"210\" src=\"https:\/\/visitvalsesiavercelli.it\/wp-content\/uploads\/2022\/06\/arrivare-340x210.jpg\" class=\"attachment-regular-thumb size-regular-thumb\" alt=\"\" srcset=\"https:\/\/visitvalsesiavercelli.it\/wp-content\/uploads\/2022\/06\/arrivare-340x210.jpg 340w, https:\/\/visitvalsesiavercelli.it\/wp-content\/uploads\/2022\/06\/arrivare-680x420.jpg 680w\" sizes=\"auto, (max-width: 340px) 100vw, 340px\" \/>                                    <\/div>\n                                    <div class=\"content\">\n                                        <h4>Comment venir<\/h4>\n                                    <\/div>\n                                                                        <div class=\"wp-block-buttons\">\n                                        <div class=\"wp-block-button is-style-outline\">\n                                            <span class=\"wp-block-button__link\">\n                                                Pr\u00e8parez                                            <\/span>\n                                        <\/div>\n                                    <\/div>\n                                                                    <\/a>\n                            <\/div>\n                                                    <div class=\"swiper-slide\">\n                                <a href=\"https:\/\/visitvalsesiavercelli.it\/fr\/uffici-turistici\/\" class=\"carosello-element\">\n                                    <div class=\"wp-block-image\">\n                                        <img loading=\"lazy\" decoding=\"async\" width=\"340\" height=\"210\" src=\"https:\/\/visitvalsesiavercelli.it\/wp-content\/uploads\/2022\/10\/Guide-turistiche-340x210.jpg\" class=\"attachment-regular-thumb size-regular-thumb\" alt=\"\" srcset=\"https:\/\/visitvalsesiavercelli.it\/wp-content\/uploads\/2022\/10\/Guide-turistiche-340x210.jpg 340w, https:\/\/visitvalsesiavercelli.it\/wp-content\/uploads\/2022\/10\/Guide-turistiche-680x420.jpg 680w\" sizes=\"auto, (max-width: 340px) 100vw, 340px\" \/>                                    <\/div>\n                                    <div class=\"content\">\n                                        <h4>Offices du tourisme<\/h4>\n                                    <\/div>\n                                                                        <div class=\"wp-block-buttons\">\n                                        <div class=\"wp-block-button is-style-outline\">\n                                            <span class=\"wp-block-button__link\">\n                                                Pr\u00e8parez                                            <\/span>\n                                        <\/div>\n                                    <\/div>\n                                                                    <\/a>\n                            <\/div>\n                                                    <div class=\"swiper-slide\">\n                                <a href=\"https:\/\/visitvalsesiavercelli.it\/fr\/guide-turistiche-e-accompagnatori\/\" class=\"carosello-element\">\n                                    <div class=\"wp-block-image\">\n                                        <img loading=\"lazy\" decoding=\"async\" width=\"340\" height=\"210\" src=\"https:\/\/visitvalsesiavercelli.it\/wp-content\/uploads\/2022\/11\/guida-340x210.jpg\" class=\"attachment-regular-thumb size-regular-thumb\" alt=\"\" srcset=\"https:\/\/visitvalsesiavercelli.it\/wp-content\/uploads\/2022\/11\/guida-340x210.jpg 340w, https:\/\/visitvalsesiavercelli.it\/wp-content\/uploads\/2022\/11\/guida-680x420.jpg 680w\" sizes=\"auto, (max-width: 340px) 100vw, 340px\" \/>                                    <\/div>\n                                    <div class=\"content\">\n                                        <h4>Guides touristiques<\/h4>\n                                    <\/div>\n                                                                        <div class=\"wp-block-buttons\">\n                                        <div class=\"wp-block-button is-style-outline\">\n                                            <span class=\"wp-block-button__link\">\n                                                Pr\u00e8parez                                            <\/span>\n                                        <\/div>\n                                    <\/div>\n                                                                    <\/a>\n                            <\/div>\n                                                    <div class=\"swiper-slide\">\n                                <a href=\"https:\/\/visitvalsesiavercelli.it\/fr\/guide-alpine-e-naturalistiche\/\" class=\"carosello-element\">\n                                    <div class=\"wp-block-image\">\n                                        <img loading=\"lazy\" decoding=\"async\" width=\"340\" height=\"210\" src=\"https:\/\/visitvalsesiavercelli.it\/wp-content\/uploads\/2022\/07\/guide-alpine-340x210.jpg\" class=\"attachment-regular-thumb size-regular-thumb\" alt=\"\" srcset=\"https:\/\/visitvalsesiavercelli.it\/wp-content\/uploads\/2022\/07\/guide-alpine-340x210.jpg 340w, https:\/\/visitvalsesiavercelli.it\/wp-content\/uploads\/2022\/07\/guide-alpine-680x420.jpg 680w\" sizes=\"auto, (max-width: 340px) 100vw, 340px\" \/>                                    <\/div>\n                                    <div class=\"content\">\n                                        <h4>Guides de montagne<\/h4>\n                                    <\/div>\n                                                                        <div class=\"wp-block-buttons\">\n                                        <div class=\"wp-block-button is-style-outline\">\n                                            <span class=\"wp-block-button__link\">\n                                                Pr\u00e8parez                                            <\/span>\n                                        <\/div>\n                                    <\/div>\n                                                                    <\/a>\n                            <\/div>\n                                                                <\/div>\n                    <div class=\"swiper-buttons\">\n                        <div class=\"swiper-button-prev\"><\/div>\n                        <div class=\"swiper-button-next\"><\/div>\n                    <\/div>\n                <\/div>\n            <\/section><\/div>\n<\/div>\n<\/div>\n","protected":false},"excerpt":{"rendered":"<p>Home Vivi Outdoor e Natura Sport fluviali UN SPORT POUR TOUS,POUR LE PLAISIR ET L\u2019ADR\u00c9NALINE Montez sur un canot pneumatique et laissez-vous emporter par le courant et les rapides de la rivi\u00e8re Sesia, et vivez des \u00e9motions uniques et inoubliables Le rafting en Valsesia Le rafting est un sport de groupe passionnant, et ouvert \u00e0&#8230;<\/p>\n","protected":false},"author":6,"featured_media":10440,"parent":13154,"menu_order":0,"comment_status":"closed","ping_status":"closed","template":"","meta":{"_acf_changed":false,"footnotes":""},"class_list":["post-13157","page","type-page","status-publish","has-post-thumbnail","hentry"],"acf":[],"_links":{"self":[{"href":"https:\/\/visitvalsesiavercelli.it\/fr\/wp-json\/wp\/v2\/pages\/13157","targetHints":{"allow":["GET"]}}],"collection":[{"href":"https:\/\/visitvalsesiavercelli.it\/fr\/wp-json\/wp\/v2\/pages"}],"about":[{"href":"https:\/\/visitvalsesiavercelli.it\/fr\/wp-json\/wp\/v2\/types\/page"}],"author":[{"embeddable":true,"href":"https:\/\/visitvalsesiavercelli.it\/fr\/wp-json\/wp\/v2\/users\/6"}],"replies":[{"embeddable":true,"href":"https:\/\/visitvalsesiavercelli.it\/fr\/wp-json\/wp\/v2\/comments?post=13157"}],"version-history":[{"count":0,"href":"https:\/\/visitvalsesiavercelli.it\/fr\/wp-json\/wp\/v2\/pages\/13157\/revisions"}],"up":[{"embeddable":true,"href":"https:\/\/visitvalsesiavercelli.it\/fr\/wp-json\/wp\/v2\/pages\/13154"}],"wp:featuredmedia":[{"embeddable":true,"href":"https:\/\/visitvalsesiavercelli.it\/fr\/wp-json\/wp\/v2\/media\/10440"}],"wp:attachment":[{"href":"https:\/\/visitvalsesiavercelli.it\/fr\/wp-json\/wp\/v2\/media?parent=13157"}],"curies":[{"name":"wp","href":"https:\/\/api.w.org\/{rel}","templated":true}]}}