{"id":13163,"date":"2022-06-23T10:58:19","date_gmt":"2022-06-23T08:58:19","guid":{"rendered":"https:\/\/visitvalsesiavercelli.it\/?page_id=13163"},"modified":"2026-04-12T15:03:16","modified_gmt":"2026-04-12T13:03:16","slug":"materiel-informatif","status":"publish","type":"page","link":"https:\/\/visitvalsesiavercelli.it\/fr\/materiel-informatif\/","title":{"rendered":"Mat\u00e9riel informatif"},"content":{"rendered":"\n<div class=\"wp-block-cover alignfull is-light has-custom-content-position is-position-center-left hero\" style=\"min-height:650px;aspect-ratio:unset;\"><img loading=\"lazy\" decoding=\"async\" width=\"1344\" height=\"897\" class=\"wp-block-cover__image-background wp-image-684\" alt=\"\" src=\"https:\/\/visitvalsesiavercelli.it\/wp-content\/uploads\/2022\/08\/sacro_monte_.jpeg\" data-object-fit=\"cover\" srcset=\"https:\/\/visitvalsesiavercelli.it\/wp-content\/uploads\/2022\/08\/sacro_monte_.jpeg 1344w, https:\/\/visitvalsesiavercelli.it\/wp-content\/uploads\/2022\/08\/sacro_monte_-1000x667.jpeg 1000w\" sizes=\"auto, (max-width: 1344px) 100vw, 1344px\" \/><span aria-hidden=\"true\" class=\"wp-block-cover__background has-background-dim\"><\/span><div class=\"wp-block-cover__inner-container is-layout-flow wp-block-cover-is-layout-flow\">\n<div class=\"wp-block-group is-layout-flow wp-block-group-is-layout-flow\">\n<h1 class=\"wp-block-heading has-bianco-color has-text-color\" id=\"h-materiel-informatif\" style=\"text-transform:uppercase\">mat\u00e9riel informatif<\/h1>\n<\/div>\n<\/div><\/div>\n\n\n\n<div class=\"wp-block-group alignfull breadcrumbs is-layout-flow wp-block-group-is-layout-flow\">\n<div class=\"wp-block-group d-flex is-layout-flow wp-block-group-is-layout-flow\">\n<p><a href=\"https:\/\/visitvalsesiavercelli.it\/fr\/\" data-type=\"page\" data-id=\"2\">Home<\/a><\/p>\n\n\n\n<p>Organizza<\/p>\n\n\n\n<p>Informazioni<\/p>\n\n\n<h6 class=\"wp-block-post-title has-text-color has-orange-color\">Mat\u00e9riel informatif<\/h6><\/div>\n<\/div>\n\n\n\n<div class=\"wp-block-group alignfull has-nero-color has-text-color is-layout-flow wp-container-core-group-is-layout-b04464d9 wp-block-group-is-layout-flow\" style=\"padding-top:50px\">\n<div class=\"wp-block-group intro-2 empty is-layout-flow wp-container-core-group-is-layout-ee1ff320 wp-block-group-is-layout-flow\" style=\"padding-top:50px\">\n<h2 class=\"wp-block-heading has-verde-color has-text-color\" id=\"h-brochures\" style=\"text-transform:uppercase\">Brochures<\/h2>\n\n\n\n<div class=\"wp-block-columns is-layout-flex wp-container-core-columns-is-layout-00723822 wp-block-columns-is-layout-flex\">\n<div class=\"wp-block-column has-size-17-font-size is-layout-flow wp-container-core-column-is-layout-343acf9e wp-block-column-is-layout-flow\">\n<div class=\"wp-block-file\"><a id=\"wp-block-file--media-85ea1882-7f92-43d0-9f19-c5e4a56a820a\" href=\"https:\/\/visitvalsesiavercelli.it\/wp-content\/uploads\/2022\/08\/Alagna_Riva_Valdobbia_destinazione_obbligatoria.pdf\" target=\"_blank\" rel=\"noreferrer noopener\">Alagna Riva Valdobbia destinazione obbligatoria<\/a><a href=\"https:\/\/visitvalsesiavercelli.it\/wp-content\/uploads\/2022\/08\/Alagna_Riva_Valdobbia_destinazione_obbligatoria.pdf\" class=\"wp-block-file__button wp-element-button\" download aria-describedby=\"wp-block-file--media-85ea1882-7f92-43d0-9f19-c5e4a56a820a\">Download<\/a><\/div>\n\n\n\n<div class=\"wp-block-file\"><a id=\"wp-block-file--media-fd1b7ce5-5208-4166-8443-7f9b2410b386\" href=\"https:\/\/visitvalsesiavercelli.it\/wp-content\/uploads\/2024\/06\/scopriVCfr-24.pdf\" target=\"_blank\" rel=\"noreferrer noopener\">D\u00e9couvrir Vercelli<\/a><a href=\"https:\/\/visitvalsesiavercelli.it\/wp-content\/uploads\/2024\/06\/scopriVCfr-24.pdf\" class=\"wp-block-file__button wp-element-button\" download aria-describedby=\"wp-block-file--media-fd1b7ce5-5208-4166-8443-7f9b2410b386\">Download<\/a><\/div>\n\n\n\n<div class=\"wp-block-file\"><a id=\"wp-block-file--media-12e9c46b-50a4-48fe-a8b3-edfa10467f43\" href=\"https:\/\/visitvalsesiavercelli.it\/wp-content\/uploads\/2022\/08\/Viaggio_nei_vini_Alto_Piemonte_FRONTE.pdf\" target=\"_blank\" rel=\"noreferrer noopener\">Viaggio nei vini Alto Piemonte FRONTE<\/a><a href=\"https:\/\/visitvalsesiavercelli.it\/wp-content\/uploads\/2022\/08\/Viaggio_nei_vini_Alto_Piemonte_FRONTE.pdf\" class=\"wp-block-file__button wp-element-button\" download aria-describedby=\"wp-block-file--media-12e9c46b-50a4-48fe-a8b3-edfa10467f43\">Download<\/a><\/div>\n\n\n\n<div class=\"wp-block-file\"><a id=\"wp-block-file--media-12e9c46b-50a4-48fe-a8b3-edfa10467f43\" href=\"https:\/\/visitvalsesiavercelli.it\/wp-content\/uploads\/2022\/08\/Viaggio_nei_vini_Alto_Piemonte_RETRO.pdf\" target=\"_blank\" rel=\"noreferrer noopener\">Viaggio nei vini Alto Piemonte RETRO<\/a><a href=\"https:\/\/visitvalsesiavercelli.it\/wp-content\/uploads\/2022\/08\/Viaggio_nei_vini_Alto_Piemonte_RETRO.pdf\" class=\"wp-block-file__button wp-element-button\" download aria-describedby=\"wp-block-file--media-12e9c46b-50a4-48fe-a8b3-edfa10467f43\">Download<\/a><\/div>\n\n\n\n<div class=\"wp-block-file\"><a id=\"wp-block-file--media-7c658075-9bbf-4aed-8c91-60e08637e61d\" href=\"https:\/\/visitvalsesiavercelli.it\/wp-content\/uploads\/2026\/02\/Bozza-Musei-Ultima-12_02.pdf\" target=\"_blank\" rel=\"noreferrer noopener\">Tous les mus\u00e9es 2025<\/a><a href=\"https:\/\/visitvalsesiavercelli.it\/wp-content\/uploads\/2026\/02\/Bozza-Musei-Ultima-12_02.pdf\" class=\"wp-block-file__button wp-element-button\" download aria-describedby=\"wp-block-file--media-7c658075-9bbf-4aed-8c91-60e08637e61d\">Download<\/a><\/div>\n<\/div>\n\n\n\n<div class=\"wp-block-column has-size-17-font-size is-layout-flow wp-container-core-column-is-layout-343acf9e wp-block-column-is-layout-flow\">\n<div class=\"wp-block-file\"><a id=\"wp-block-file--media-12e9c46b-50a4-48fe-a8b3-edfa10467f43\" href=\"https:\/\/visitvalsesiavercelli.it\/wp-content\/uploads\/2022\/08\/Carta_della_provincia_di_Vercelli_2018.pdf\" target=\"_blank\" rel=\"noreferrer noopener\">Carta della provincia di Vercelli 2018<\/a><a href=\"https:\/\/visitvalsesiavercelli.it\/wp-content\/uploads\/2022\/08\/Carta_della_provincia_di_Vercelli_2018.pdf\" class=\"wp-block-file__button wp-element-button\" download aria-describedby=\"wp-block-file--media-12e9c46b-50a4-48fe-a8b3-edfa10467f43\">Download<\/a><\/div>\n\n\n\n<div class=\"wp-block-file\"><a id=\"wp-block-file--media-2d2795aa-8927-4db0-9c9a-c313dd5ff152\" href=\"https:\/\/visitvalsesiavercelli.it\/wp-content\/uploads\/2026\/04\/varallo-FR-2025_compressed.pdf\" target=\"_blank\" rel=\"noreferrer noopener\">Une journ\u00e9e \u00e0 Varallo<\/a><a href=\"https:\/\/visitvalsesiavercelli.it\/wp-content\/uploads\/2026\/04\/varallo-FR-2025_compressed.pdf\" class=\"wp-block-file__button wp-element-button\" download aria-describedby=\"wp-block-file--media-2d2795aa-8927-4db0-9c9a-c313dd5ff152\">Download<\/a><\/div>\n\n\n\n<div class=\"wp-block-group alignwide is-layout-constrained wp-block-group-is-layout-constrained\">\n<div class=\"wp-block-group alignwide is-layout-constrained wp-block-group-is-layout-constrained\">\n<div class=\"wp-block-file alignwide\"><a id=\"wp-block-file--media-e847e1c2-55f4-4ff4-8cfa-4739086dc39c\" href=\"https:\/\/visitvalsesiavercelli.it\/wp-content\/uploads\/2025\/01\/Carta-Valsesia-2024_PRINT_FRONTE.pdf\" target=\"_blank\" rel=\"noreferrer noopener\">Carta Valsesia 2024_FRONTE<\/a><a href=\"https:\/\/visitvalsesiavercelli.it\/wp-content\/uploads\/2025\/01\/Carta-Valsesia-2024_PRINT_FRONTE.pdf\" class=\"wp-block-file__button wp-element-button\" download aria-describedby=\"wp-block-file--media-e847e1c2-55f4-4ff4-8cfa-4739086dc39c\">Download<\/a><\/div>\n<\/div>\n<\/div>\n\n\n\n<div class=\"wp-block-file\"><a id=\"wp-block-file--media-09b9d755-e4a5-4f04-8380-94dd877fe006\" href=\"https:\/\/visitvalsesiavercelli.it\/wp-content\/uploads\/2025\/01\/Carta-Valsesia-2024_PRINT_RETRO.pdf\" target=\"_blank\" rel=\"noreferrer noopener\">Carta Valsesia 2024_RETRO<\/a><a href=\"https:\/\/visitvalsesiavercelli.it\/wp-content\/uploads\/2025\/01\/Carta-Valsesia-2024_PRINT_RETRO.pdf\" class=\"wp-block-file__button wp-element-button\" download aria-describedby=\"wp-block-file--media-09b9d755-e4a5-4f04-8380-94dd877fe006\">Download<\/a><\/div>\n\n\n\n<div class=\"wp-block-file\"><a id=\"wp-block-file--media-43928809-7b41-49c6-adc8-09b437c4e6fe\" href=\"https:\/\/visitvalsesiavercelli.it\/wp-content\/uploads\/2026\/01\/pieghevole40x60-2025-2.pdf\" target=\"_blank\" rel=\"noreferrer noopener\">Sur les routes du Riz<\/a><a href=\"https:\/\/visitvalsesiavercelli.it\/wp-content\/uploads\/2026\/01\/pieghevole40x60-2025-2.pdf\" class=\"wp-block-file__button wp-element-button\" download aria-describedby=\"wp-block-file--media-43928809-7b41-49c6-adc8-09b437c4e6fe\">Download<\/a><\/div>\n\n\n\n<div class=\"wp-block-file\"><a id=\"wp-block-file--media-e23d5072-6c4d-442b-862d-2871cb14580b\" href=\"https:\/\/visitvalsesiavercelli.it\/wp-content\/uploads\/2025\/07\/Food-and-Wine-ENG.pdf\" target=\"_blank\" rel=\"noreferrer noopener\">Gastronomie et Vins ENG<\/a><a href=\"https:\/\/visitvalsesiavercelli.it\/wp-content\/uploads\/2025\/07\/Food-and-Wine-ENG.pdf\" class=\"wp-block-file__button wp-element-button\" download aria-describedby=\"wp-block-file--media-e23d5072-6c4d-442b-862d-2871cb14580b\">Download<\/a><\/div>\n<\/div>\n<\/div>\n<\/div>\n\n\n\n<div class=\"wp-block-group intro-2 empty is-layout-flow wp-container-core-group-is-layout-ee1ff320 wp-block-group-is-layout-flow\" style=\"padding-top:50px\">\n<h2 class=\"wp-block-heading has-verde-color has-text-color\" id=\"h-itineraires-brochures\" style=\"text-transform:uppercase\">itin\u00e9raires brochures<\/h2>\n\n\n\n<div class=\"wp-block-columns is-layout-flex wp-container-core-columns-is-layout-00723822 wp-block-columns-is-layout-flex\">\n<div class=\"wp-block-column has-size-17-font-size is-layout-flow wp-container-core-column-is-layout-343acf9e wp-block-column-is-layout-flow\">\n<div class=\"wp-block-file\"><a id=\"wp-block-file--media-85ea1882-7f92-43d0-9f19-c5e4a56a820a\" href=\"https:\/\/visitvalsesiavercelli.it\/wp-content\/uploads\/2022\/10\/Alla-scoperta-delle-grange.pdf\" target=\"_blank\" rel=\"noreferrer noopener\">Alla scoperta delle Grange<\/a><a href=\"https:\/\/visitvalsesiavercelli.it\/wp-content\/uploads\/2022\/10\/Alla-scoperta-delle-grange.pdf\" class=\"wp-block-file__button wp-element-button\" download aria-describedby=\"wp-block-file--media-85ea1882-7f92-43d0-9f19-c5e4a56a820a\">Download<\/a><\/div>\n\n\n\n<div class=\"wp-block-file\"><a id=\"wp-block-file--media-85ea1882-7f92-43d0-9f19-c5e4a56a820a\" href=\"https:\/\/visitvalsesiavercelli.it\/wp-content\/uploads\/2022\/10\/Alla-scoperta-del-Canale-Cavour.pdf\" target=\"_blank\" rel=\"noreferrer noopener\">Alla scoperta del Canale Cavour<\/a><a href=\"https:\/\/visitvalsesiavercelli.it\/wp-content\/uploads\/2022\/10\/Alla-scoperta-del-Canale-Cavour.pdf\" class=\"wp-block-file__button wp-element-button\" download aria-describedby=\"wp-block-file--media-85ea1882-7f92-43d0-9f19-c5e4a56a820a\">Download<\/a><\/div>\n\n\n\n<div class=\"wp-block-file\"><a id=\"wp-block-file--media-12e9c46b-50a4-48fe-a8b3-edfa10467f43\" href=\"https:\/\/visitvalsesiavercelli.it\/wp-content\/uploads\/2022\/11\/Gattinara.pdf\" target=\"_blank\" rel=\"noreferrer noopener\">Alla scoperta delle colline di Gattinara<\/a><a href=\"https:\/\/visitvalsesiavercelli.it\/wp-content\/uploads\/2022\/11\/Gattinara.pdf\" class=\"wp-block-file__button wp-element-button\" download aria-describedby=\"wp-block-file--media-12e9c46b-50a4-48fe-a8b3-edfa10467f43\">Download<\/a><\/div>\n\n\n\n<div class=\"wp-block-file\"><a id=\"wp-block-file--media-12e9c46b-50a4-48fe-a8b3-edfa10467f43\" href=\"https:\/\/visitvalsesiavercelli.it\/wp-content\/uploads\/2022\/10\/Alla-scoperta-della-Val-Mastallone.pdf\" target=\"_blank\" rel=\"noreferrer noopener\">Alla scoperta della Val Mastallone<\/a><a href=\"https:\/\/visitvalsesiavercelli.it\/wp-content\/uploads\/2022\/10\/Alla-scoperta-della-Val-Mastallone.pdf\" class=\"wp-block-file__button wp-element-button\" download aria-describedby=\"wp-block-file--media-12e9c46b-50a4-48fe-a8b3-edfa10467f43\">Download<\/a><\/div>\n\n\n\n<div class=\"wp-block-file\"><a id=\"wp-block-file--media-12e9c46b-50a4-48fe-a8b3-edfa10467f43\" href=\"https:\/\/visitvalsesiavercelli.it\/wp-content\/uploads\/2022\/10\/Alla-scoperta-della-Valgrande_2.pdf\" target=\"_blank\" rel=\"noreferrer noopener\">Alla scoperta della Val Grande 2<\/a><a href=\"https:\/\/visitvalsesiavercelli.it\/wp-content\/uploads\/2022\/10\/Alla-scoperta-della-Valgrande_2.pdf\" class=\"wp-block-file__button wp-element-button\" download aria-describedby=\"wp-block-file--media-12e9c46b-50a4-48fe-a8b3-edfa10467f43\">Download<\/a><\/div>\n<\/div>\n\n\n\n<div class=\"wp-block-column has-size-17-font-size is-layout-flow wp-container-core-column-is-layout-343acf9e wp-block-column-is-layout-flow\">\n<div class=\"wp-block-file\"><a id=\"wp-block-file--media-12e9c46b-50a4-48fe-a8b3-edfa10467f43\" href=\"https:\/\/visitvalsesiavercelli.it\/wp-content\/uploads\/2022\/10\/Alla-scoperta-del-fiume-Po.pdf\" target=\"_blank\" rel=\"noreferrer noopener\">Alla scoperta del fiume Po<\/a><a href=\"https:\/\/visitvalsesiavercelli.it\/wp-content\/uploads\/2022\/10\/Alla-scoperta-del-fiume-Po.pdf\" class=\"wp-block-file__button wp-element-button\" download aria-describedby=\"wp-block-file--media-12e9c46b-50a4-48fe-a8b3-edfa10467f43\">Download<\/a><\/div>\n\n\n\n<div class=\"wp-block-file\"><a id=\"wp-block-file--media-12e9c46b-50a4-48fe-a8b3-edfa10467f43\" href=\"https:\/\/visitvalsesiavercelli.it\/wp-content\/uploads\/2022\/10\/Alla-scoperta-della-Baraggia.pdf\" target=\"_blank\" rel=\"noreferrer noopener\">Alla scoperta della Baraggia<\/a><a href=\"https:\/\/visitvalsesiavercelli.it\/wp-content\/uploads\/2022\/10\/Alla-scoperta-della-Baraggia.pdf\" class=\"wp-block-file__button wp-element-button\" download aria-describedby=\"wp-block-file--media-12e9c46b-50a4-48fe-a8b3-edfa10467f43\">Download<\/a><\/div>\n\n\n\n<div class=\"wp-block-file\"><a id=\"wp-block-file--media-12e9c46b-50a4-48fe-a8b3-edfa10467f43\" href=\"https:\/\/visitvalsesiavercelli.it\/wp-content\/uploads\/2022\/10\/Alla-scoperta-della-Bassa_valsesia.pdf\" target=\"_blank\" rel=\"noreferrer noopener\">Alla scoperta della Bassa_valsesia<\/a><a href=\"https:\/\/visitvalsesiavercelli.it\/wp-content\/uploads\/2022\/10\/Alla-scoperta-della-Bassa_valsesia.pdf\" class=\"wp-block-file__button wp-element-button\" download aria-describedby=\"wp-block-file--media-12e9c46b-50a4-48fe-a8b3-edfa10467f43\">Download<\/a><\/div>\n\n\n\n<div class=\"wp-block-file\"><a id=\"wp-block-file--media-12e9c46b-50a4-48fe-a8b3-edfa10467f43\" href=\"https:\/\/visitvalsesiavercelli.it\/wp-content\/uploads\/2022\/10\/Alla-scoperta-della-Val-Sermenza.pdf\" target=\"_blank\" rel=\"noreferrer noopener\">Alla scoperta della Val Sermenza<\/a><a href=\"https:\/\/visitvalsesiavercelli.it\/wp-content\/uploads\/2022\/10\/Alla-scoperta-della-Val-Sermenza.pdf\" class=\"wp-block-file__button wp-element-button\" download aria-describedby=\"wp-block-file--media-12e9c46b-50a4-48fe-a8b3-edfa10467f43\">Download<\/a><\/div>\n\n\n\n<div class=\"wp-block-file\"><a id=\"wp-block-file--media-12e9c46b-50a4-48fe-a8b3-edfa10467f43\" href=\"https:\/\/visitvalsesiavercelli.it\/wp-content\/uploads\/2022\/10\/Alla-scoperta-della-Valgrande_1.pdf\" target=\"_blank\" rel=\"noreferrer noopener\">Alla scoperta della Val Grande_1<\/a><a href=\"https:\/\/visitvalsesiavercelli.it\/wp-content\/uploads\/2022\/10\/Alla-scoperta-della-Valgrande_1.pdf\" class=\"wp-block-file__button wp-element-button\" download aria-describedby=\"wp-block-file--media-12e9c46b-50a4-48fe-a8b3-edfa10467f43\">Download<\/a><\/div>\n<\/div>\n<\/div>\n<\/div>\n\n\n\n<div class=\"wp-block-group intro-2 empty is-layout-flow wp-container-core-group-is-layout-ee1ff320 wp-block-group-is-layout-flow\" style=\"padding-top:50px\">\n<h2 class=\"wp-block-heading has-verde-color has-text-color\" id=\"h-calendrier-des-evenements\" style=\"text-transform:uppercase\">Calendrier des \u00e9v\u00e9nements<\/h2>\n\n\n\n<div class=\"wp-block-columns is-layout-flex wp-container-core-columns-is-layout-00723822 wp-block-columns-is-layout-flex\">\n<div class=\"wp-block-column has-size-17-font-size is-layout-flow wp-container-core-column-is-layout-343acf9e wp-block-column-is-layout-flow\">\n<div class=\"wp-block-file\"><a id=\"wp-block-file--media-2cfa50d6-dde2-4cc3-9824-5c80d8beb745\" href=\"https:\/\/visitvalsesiavercelli.it\/wp-content\/uploads\/2024\/05\/mercatini-2024-2.pdf\">Mercatini (March\u00e9s)<\/a><a href=\"https:\/\/visitvalsesiavercelli.it\/wp-content\/uploads\/2024\/05\/mercatini-2024-2.pdf\" class=\"wp-block-file__button wp-element-button\" download aria-describedby=\"wp-block-file--media-2cfa50d6-dde2-4cc3-9824-5c80d8beb745\">Download<\/a><\/div>\n<\/div>\n\n\n\n<div class=\"wp-block-column has-size-17-font-size is-layout-flow wp-container-core-column-is-layout-343acf9e wp-block-column-is-layout-flow\"><\/div>\n<\/div>\n<\/div>\n\n\n\n<div class=\"wp-block-group intro-2 empty is-layout-flow wp-container-core-group-is-layout-ee1ff320 wp-block-group-is-layout-flow\" style=\"padding-top:50px\">\n<h2 class=\"wp-block-heading has-verde-color has-text-color\" id=\"h-infos\" style=\"text-transform:uppercase\">Infos <\/h2>\n\n\n\n<div class=\"wp-block-columns is-layout-flex wp-container-core-columns-is-layout-00723822 wp-block-columns-is-layout-flex\">\n<div class=\"wp-block-column has-size-17-font-size is-layout-flow wp-container-core-column-is-layout-343acf9e wp-block-column-is-layout-flow\">\n<div class=\"wp-block-file\"><a id=\"wp-block-file--media-423669ab-e889-4758-a456-76b31e5138d0\" href=\"https:\/\/visitvalsesiavercelli.it\/wp-content\/uploads\/2026\/04\/cartaVaralloInfo2018-2.pdf\">Carte Varallo<\/a><a href=\"https:\/\/visitvalsesiavercelli.it\/wp-content\/uploads\/2026\/04\/cartaVaralloInfo2018-2.pdf\" class=\"wp-block-file__button wp-element-button\" download aria-describedby=\"wp-block-file--media-423669ab-e889-4758-a456-76b31e5138d0\">Download<\/a><\/div>\n<\/div>\n\n\n\n<div class=\"wp-block-column has-size-17-font-size is-layout-flow wp-container-core-column-is-layout-343acf9e wp-block-column-is-layout-flow\">\n<div class=\"wp-block-file\"><a id=\"wp-block-file--media-ff877888-1af5-4f97-94bb-f95c9c9589f3\" href=\"https:\/\/visitvalsesiavercelli.it\/wp-content\/uploads\/2025\/01\/Mappa_Vercelli-2.pdf\">Carte Vercelli<\/a><a href=\"https:\/\/visitvalsesiavercelli.it\/wp-content\/uploads\/2025\/01\/Mappa_Vercelli-2.pdf\" class=\"wp-block-file__button wp-element-button\" download aria-describedby=\"wp-block-file--media-ff877888-1af5-4f97-94bb-f95c9c9589f3\">Download<\/a><\/div>\n<\/div>\n<\/div>\n<\/div>\n<\/div>\n\n\n\n<div style=\"height:50px\" aria-hidden=\"true\" class=\"wp-block-spacer\"><\/div>\n","protected":false},"excerpt":{"rendered":"<p>Home Organizza Informazioni Brochures itin\u00e9raires brochures Calendrier des \u00e9v\u00e9nements Infos<\/p>\n","protected":false},"author":2,"featured_media":0,"parent":0,"menu_order":0,"comment_status":"closed","ping_status":"closed","template":"","meta":{"_acf_changed":false,"footnotes":""},"class_list":["post-13163","page","type-page","status-publish","hentry"],"acf":[],"_links":{"self":[{"href":"https:\/\/visitvalsesiavercelli.it\/fr\/wp-json\/wp\/v2\/pages\/13163","targetHints":{"allow":["GET"]}}],"collection":[{"href":"https:\/\/visitvalsesiavercelli.it\/fr\/wp-json\/wp\/v2\/pages"}],"about":[{"href":"https:\/\/visitvalsesiavercelli.it\/fr\/wp-json\/wp\/v2\/types\/page"}],"author":[{"embeddable":true,"href":"https:\/\/visitvalsesiavercelli.it\/fr\/wp-json\/wp\/v2\/users\/2"}],"replies":[{"embeddable":true,"href":"https:\/\/visitvalsesiavercelli.it\/fr\/wp-json\/wp\/v2\/comments?post=13163"}],"version-history":[{"count":0,"href":"https:\/\/visitvalsesiavercelli.it\/fr\/wp-json\/wp\/v2\/pages\/13163\/revisions"}],"wp:attachment":[{"href":"https:\/\/visitvalsesiavercelli.it\/fr\/wp-json\/wp\/v2\/media?parent=13163"}],"curies":[{"name":"wp","href":"https:\/\/api.w.org\/{rel}","templated":true}]}}