{"id":13164,"date":"2022-06-23T10:58:29","date_gmt":"2022-06-23T08:58:29","guid":{"rendered":"https:\/\/visitvalsesiavercelli.it\/?page_id=13164"},"modified":"2026-03-29T12:30:40","modified_gmt":"2026-03-29T10:30:40","slug":"informations-abbonamento-musei","status":"publish","type":"page","link":"https:\/\/visitvalsesiavercelli.it\/fr\/informations-abbonamento-musei\/","title":{"rendered":"Informations &#8211; Abbonamento Musei"},"content":{"rendered":"\n<div class=\"wp-block-cover alignfull is-light has-custom-content-position is-position-center-left hero\" style=\"min-height:650px;aspect-ratio:unset;\"><img loading=\"lazy\" decoding=\"async\" width=\"1920\" height=\"660\" class=\"wp-block-cover__image-background wp-image-3432\" alt=\"\" src=\"https:\/\/visitvalsesiavercelli.it\/wp-content\/uploads\/2022\/10\/Abbonamento-musei.webp\" style=\"object-position:68% 74%\" data-object-fit=\"cover\" data-object-position=\"68% 74%\" srcset=\"https:\/\/visitvalsesiavercelli.it\/wp-content\/uploads\/2022\/10\/Abbonamento-musei.webp 1920w, https:\/\/visitvalsesiavercelli.it\/wp-content\/uploads\/2022\/10\/Abbonamento-musei-1000x344.webp 1000w, https:\/\/visitvalsesiavercelli.it\/wp-content\/uploads\/2022\/10\/Abbonamento-musei-1500x516.webp 1500w\" sizes=\"auto, (max-width: 1920px) 100vw, 1920px\" \/><span aria-hidden=\"true\" class=\"wp-block-cover__background has-background-dim\"><\/span><div class=\"wp-block-cover__inner-container is-layout-flow wp-block-cover-is-layout-flow\">\n<div class=\"wp-block-group is-layout-flow wp-block-group-is-layout-flow\"><h1 style=\"text-transform:uppercase;\" class=\"wp-block-post-title has-text-color has-bianco-color\">Informations &#8211; Abbonamento Musei<\/h1><\/div>\n<\/div><\/div>\n\n\n\n<div class=\"wp-block-group alignfull breadcrumbs is-layout-flow wp-block-group-is-layout-flow\">\n<div class=\"wp-block-group d-flex is-layout-flow wp-block-group-is-layout-flow\">\n<p><a href=\"https:\/\/visitvalsesiavercelli.it\/\" data-type=\"page\" data-id=\"2\">Home<\/a><\/p>\n\n\n\n<p>Organizza<\/p>\n\n\n\n<p>Informazioni<\/p>\n\n\n<h6 class=\"wp-block-post-title has-text-color has-orange-color\">Informations &#8211; Abbonamento Musei<\/h6><\/div>\n<\/div>\n\n\n\n<div class=\"wp-block-group alignfull is-layout-flow wp-block-group-is-layout-flow\">\n<div class=\"wp-block-group intro-esperienze is-layout-constrained wp-container-core-group-is-layout-02dd29b2 wp-block-group-is-layout-constrained\" style=\"padding-top:70px;padding-bottom:70px\">\n<h2 class=\"wp-block-heading has-text-align-center has-grigio-color has-text-color\" style=\"text-transform:uppercase\"> INFORMATIONS &#8211; <mark style=\"background-color:rgba(0, 0, 0, 0)\" class=\"has-inline-color has-giallo-color\">ABBONAMENTO MUSEI<\/mark><\/h2>\n\n\n\n<p class=\"has-text-align-center has-text-color has-size-22-font-size\" style=\"color:#36442e;font-style:normal;font-weight:600\">D\u00e9couvrez la carte qui vous permet d&rsquo;acc\u00e9der gratuitement et quand vous le souhaitez aux mus\u00e9es et expositions adh\u00e9rents.<\/p>\n\n\n\n<div class=\"wp-block-buttons is-content-justification-center is-layout-flex wp-container-core-buttons-is-layout-a89b3969 wp-block-buttons-is-layout-flex\">\n<div class=\"wp-block-button\"><a class=\"wp-block-button__link wp-element-button\" href=\"https:\/\/www.abbonamentomusei.it\/\" target=\"_blank\" rel=\"noreferrer noopener\">D\u00e9couvrez Abbonamento Musei&nbsp;!<\/a><\/div>\n<\/div>\n<\/div>\n<\/div>\n\n\n\n<div class=\"wp-block-group alignfull has-nero-color has-text-color is-layout-flow wp-block-group-is-layout-flow\">\n<div class=\"wp-block-group intro-2 empty is-layout-flow wp-container-core-group-is-layout-01eda12f wp-block-group-is-layout-flow\">\n<div class=\"wp-block-group is-layout-flow wp-block-group-is-layout-flow\">\n<p style=\"font-size:20px\"><strong>Abbonamento Musei<\/strong> est une carte qui vous permet d&rsquo;<strong>acc\u00e9der gratuitement, quand vous le souhaitez, aux mus\u00e9es, expositions, r\u00e9sidences royales, villas et jardins du r\u00e9seau<\/strong>. Ce dernier regroupe les offres culturelles <strong>du Pi\u00e9mont, de la Lombardie et du Val d&rsquo;Aoste<\/strong>. L&rsquo;abonnement est valable 365&nbsp;jours \u00e0 partir de la date d&rsquo;achat.<\/p>\n\n\n\n<p style=\"font-size:20px\">Abbonamento Musei vous donne ainsi l&rsquo;occasion de visiter le vaste patrimoine culturel et mus\u00e9al du territoire. Mais gr\u00e2ce \u00e0 de nombreuses conventions, c&rsquo;est aussi le meilleur moyen de d\u00e9couvrir l&rsquo;offre culturelle des trois R\u00e9gions, avec des r\u00e9ductions sur les saisons de th\u00e9\u00e2tre, les concerts, les festivals, les \u00e9v\u00e9nements et les parcs \u00e0 th\u00e8me.<\/p>\n\n\n\n<p style=\"font-size:20px\">Et ce n&rsquo;est pas tout&nbsp;! Abbonamento Musei vous permet \u00e9galement d&rsquo;entrer \u00e0 des tarifs r\u00e9duits dans certains des plus importants mus\u00e9es d&rsquo;Italie et du canton du Tessin. Nous vous attendons dans nos structures de Vercelli et Varallo, o\u00f9 vous pourrez choisir entre plusieurs options :<\/p>\n\n\n\n<p style=\"font-size:20px\"><strong>Abbonamento Musei Piemonte Valle d&rsquo;Aosta<\/strong>, qui permet d&rsquo;acc\u00e9der au r\u00e9seau des mus\u00e9es de Turin, du Pi\u00e9mont et du Val d&rsquo;Aoste ;<br><strong>Abbonamento Musei Formula Extra <\/strong>qui donne acc\u00e8s au r\u00e9seau du Pi\u00e9mont, de la Lombardie et du Val d&rsquo;Aoste.<\/p>\n\n\n\n<p style=\"font-size:20px\"><strong>Points de vente ATL dans la province de Vercelli :<\/strong><\/p>\n\n\n\n<p style=\"font-size:20px\">Vercelli &#8211; Piazza Municipio, 3 T\u00e9l. <a href=\"tel:016158002\">0161 58002<\/a><\/p>\n\n\n\n<p style=\"font-size:20px\">Varallo &#8211; C.so Roma n. 38 T\u00e9l. <a href=\"tel:0163564404\">0163 564404<\/a><\/p>\n<\/div>\n<\/div>\n<\/div>\n\n\n\n<div style=\"height:100px\" aria-hidden=\"true\" class=\"wp-block-spacer\"><\/div>\n","protected":false},"excerpt":{"rendered":"<p>Home Organizza Informazioni INFORMATIONS &#8211; ABBONAMENTO MUSEI D\u00e9couvrez la carte qui vous permet d&rsquo;acc\u00e9der gratuitement et quand vous le souhaitez aux mus\u00e9es et expositions adh\u00e9rents. Abbonamento Musei est une carte qui vous permet d&rsquo;acc\u00e9der gratuitement, quand vous le souhaitez, aux mus\u00e9es, expositions, r\u00e9sidences royales, villas et jardins du r\u00e9seau. Ce dernier regroupe les offres culturelles&#8230;<\/p>\n","protected":false},"author":2,"featured_media":8811,"parent":0,"menu_order":0,"comment_status":"closed","ping_status":"closed","template":"","meta":{"_acf_changed":false,"footnotes":""},"class_list":["post-13164","page","type-page","status-publish","has-post-thumbnail","hentry"],"acf":[],"_links":{"self":[{"href":"https:\/\/visitvalsesiavercelli.it\/fr\/wp-json\/wp\/v2\/pages\/13164","targetHints":{"allow":["GET"]}}],"collection":[{"href":"https:\/\/visitvalsesiavercelli.it\/fr\/wp-json\/wp\/v2\/pages"}],"about":[{"href":"https:\/\/visitvalsesiavercelli.it\/fr\/wp-json\/wp\/v2\/types\/page"}],"author":[{"embeddable":true,"href":"https:\/\/visitvalsesiavercelli.it\/fr\/wp-json\/wp\/v2\/users\/2"}],"replies":[{"embeddable":true,"href":"https:\/\/visitvalsesiavercelli.it\/fr\/wp-json\/wp\/v2\/comments?post=13164"}],"version-history":[{"count":0,"href":"https:\/\/visitvalsesiavercelli.it\/fr\/wp-json\/wp\/v2\/pages\/13164\/revisions"}],"wp:featuredmedia":[{"embeddable":true,"href":"https:\/\/visitvalsesiavercelli.it\/fr\/wp-json\/wp\/v2\/media\/8811"}],"wp:attachment":[{"href":"https:\/\/visitvalsesiavercelli.it\/fr\/wp-json\/wp\/v2\/media?parent=13164"}],"curies":[{"name":"wp","href":"https:\/\/api.w.org\/{rel}","templated":true}]}}