{"id":13165,"date":"2022-12-17T16:27:39","date_gmt":"2022-12-17T15:27:39","guid":{"rendered":"https:\/\/visitvalsesiavercelli.it\/?page_id=13165"},"modified":"2023-03-29T16:46:03","modified_gmt":"2023-03-29T14:46:03","slug":"consortiurm-touristiques","status":"publish","type":"page","link":"https:\/\/visitvalsesiavercelli.it\/fr\/consortiurm-touristiques\/","title":{"rendered":"Consortiums Touristiques"},"content":{"rendered":"\n<div class=\"wp-block-cover alignfull has-custom-content-position is-position-center-left hero\" style=\"min-height:650px;aspect-ratio:unset;\"><span aria-hidden=\"true\" class=\"wp-block-cover__background has-background-dim\"><\/span><img loading=\"lazy\" decoding=\"async\" width=\"1920\" height=\"1080\" class=\"wp-block-cover__image-background wp-image-6786\" alt=\"\" src=\"https:\/\/visitvalsesiavercelli.it\/wp-content\/uploads\/2022\/12\/piemonte.jpg\" style=\"object-position:33% 0%\" data-object-fit=\"cover\" data-object-position=\"33% 0%\" srcset=\"https:\/\/visitvalsesiavercelli.it\/wp-content\/uploads\/2022\/12\/piemonte.jpg 1920w, https:\/\/visitvalsesiavercelli.it\/wp-content\/uploads\/2022\/12\/piemonte-1000x563.jpg 1000w, https:\/\/visitvalsesiavercelli.it\/wp-content\/uploads\/2022\/12\/piemonte-1500x844.jpg 1500w\" sizes=\"auto, (max-width: 1920px) 100vw, 1920px\" \/><div class=\"wp-block-cover__inner-container is-layout-flow wp-block-cover-is-layout-flow\">\n<div class=\"wp-block-group is-layout-flow wp-block-group-is-layout-flow\">\n<h1 class=\"has-bianco-color has-text-color wp-block-heading\" style=\"text-transform:uppercase\">consortiums touristiques<\/h1>\n<\/div>\n<\/div><\/div>\n\n\n\n<div class=\"wp-block-group alignfull breadcrumbs is-layout-flow wp-block-group-is-layout-flow\">\n<div class=\"wp-block-group d-flex is-layout-flow wp-block-group-is-layout-flow\">\n<p><a href=\"https:\/\/visitvalsesiavercelli.it\/\" data-type=\"page\" data-id=\"2\">Home<\/a><\/p>\n\n\n\n<p>Organizza<\/p>\n\n\n\n<p>Contatti<\/p>\n\n\n<h6 class=\"wp-block-post-title has-text-color has-orange-color\">Consortiums Touristiques<\/h6><\/div>\n<\/div>\n\n\n\n<div class=\"wp-block-group alignfull is-layout-flow wp-block-group-is-layout-flow\">\n<div class=\"wp-block-group intro-esperienze is-layout-constrained wp-container-core-group-is-layout-02dd29b2 wp-block-group-is-layout-constrained\" style=\"padding-top:70px;padding-bottom:70px\">\n<h2 class=\"has-text-align-center has-grigio-color has-text-color wp-block-heading\" style=\"text-transform:uppercase\">Consortiums <mark style=\"background-color:rgba(0, 0, 0, 0)\" class=\"has-inline-color has-giallo-color\">touristiques<\/mark><\/h2>\n\n\n\n<p class=\"has-text-align-center has-text-color has-size-22-font-size\" style=\"color:#36442e;font-style:normal;font-weight:600\">Les associations touristiques fonctionnent par le biais de programmes et de projets ax\u00e9s sur la gestion, le d\u00e9veloppement et la qualification du produit et de l&rsquo;offre touristiques, dans le but de commercialiser les activit\u00e9s des membres de son consortium, y compris la r\u00e9servation de services touristiques.<\/p>\n<\/div>\n<\/div>\n\n\n\n<div class=\"wp-block-group alignfull has-nero-color has-text-color is-layout-flow wp-block-group-is-layout-flow\">\n<div class=\"wp-block-group intro-2 empty is-layout-flow wp-container-core-group-is-layout-a5b97059 wp-block-group-is-layout-flow\" style=\"padding-bottom:70px\">\n<div class=\"wp-block-columns gap-mobile is-layout-flex wp-container-core-columns-is-layout-bb63363c wp-block-columns-is-layout-flex\">\n<div class=\"wp-block-column is-layout-flow wp-block-column-is-layout-flow\">\n<h3 class=\"has-blu-color has-text-color wp-block-heading\" style=\"font-size:26px;text-transform:uppercase\"><strong>consorzio monterosa valsesia<\/strong><\/h3>\n\n\n\n<p class=\"has-icon pin\">13021 Alagna Valsesia (VC) &#8211; Via Fratelli Viotti n.3 <\/p>\n\n\n\n<p class=\"has-icon tel\"><a href=\"tel:0163922993\">0163 922993<\/a><\/p>\n\n\n\n<p class=\"has-icon mail\"><a href=\"valsesia@visitmonterosa.com\">valsesia@visitmonterosa.com<\/a><\/p>\n<\/div>\n\n\n\n<div class=\"wp-block-column order-1-mobile is-style-prima is-layout-flow wp-block-column-is-layout-flow\">\n<div class=\"wp-block-group is-layout-flow wp-block-group-is-layout-flow\">\n<h3 class=\"has-blu-color has-text-color wp-block-heading\" style=\"font-size:26px;text-transform:uppercase\"><strong>alto piemonte turismo<\/strong><\/h3>\n\n\n\n<p class=\"has-icon pin\">28041 Ghemme (NO) &#8211; Via Romagnano 69\/B<\/p>\n\n\n\n<p class=\"has-icon tel\"><a href=\"tel:3667219457\">366 7219457<\/a><\/p>\n\n\n\n<p class=\"has-icon www\"><a href=\"https:\/\/www.visitaltopiemonte.com\/\">www.visitaltopiemonte.com<\/a><\/p>\n\n\n\n<p class=\"has-icon mail\"><a href=\"mailto:info@visitaltopiemonte.com\"><\/a><a href=\"mailto:info@visitaltopiemonte.com\"><\/a><a href=\"mailto:infovercelli@atlvalsesiavercelli.it\"><\/a>info@visitaltopiemonte.com<\/p>\n\n\n\n<p class=\"has-icon pec\"><a href=\"visitaltopiemonte@pec.it\">visitaltopiemonte@pec.it<\/a><\/p>\n<\/div>\n<\/div>\n<\/div>\n<\/div>\n<\/div>\n","protected":false},"excerpt":{"rendered":"<p>Home Organizza Contatti Consortiums touristiques Les associations touristiques fonctionnent par le biais de programmes et de projets ax\u00e9s sur la gestion, le d\u00e9veloppement et la qualification du produit et de l&rsquo;offre touristiques, dans le but de commercialiser les activit\u00e9s des membres de son consortium, y compris la r\u00e9servation de services touristiques. consorzio monterosa valsesia 13021&#8230;<\/p>\n","protected":false},"author":2,"featured_media":11750,"parent":0,"menu_order":0,"comment_status":"closed","ping_status":"closed","template":"","meta":{"_acf_changed":false,"footnotes":""},"class_list":["post-13165","page","type-page","status-publish","has-post-thumbnail","hentry"],"acf":[],"_links":{"self":[{"href":"https:\/\/visitvalsesiavercelli.it\/fr\/wp-json\/wp\/v2\/pages\/13165","targetHints":{"allow":["GET"]}}],"collection":[{"href":"https:\/\/visitvalsesiavercelli.it\/fr\/wp-json\/wp\/v2\/pages"}],"about":[{"href":"https:\/\/visitvalsesiavercelli.it\/fr\/wp-json\/wp\/v2\/types\/page"}],"author":[{"embeddable":true,"href":"https:\/\/visitvalsesiavercelli.it\/fr\/wp-json\/wp\/v2\/users\/2"}],"replies":[{"embeddable":true,"href":"https:\/\/visitvalsesiavercelli.it\/fr\/wp-json\/wp\/v2\/comments?post=13165"}],"version-history":[{"count":0,"href":"https:\/\/visitvalsesiavercelli.it\/fr\/wp-json\/wp\/v2\/pages\/13165\/revisions"}],"wp:featuredmedia":[{"embeddable":true,"href":"https:\/\/visitvalsesiavercelli.it\/fr\/wp-json\/wp\/v2\/media\/11750"}],"wp:attachment":[{"href":"https:\/\/visitvalsesiavercelli.it\/fr\/wp-json\/wp\/v2\/media?parent=13165"}],"curies":[{"name":"wp","href":"https:\/\/api.w.org\/{rel}","templated":true}]}}