{"id":13174,"date":"2022-08-08T23:12:08","date_gmt":"2022-08-08T21:12:08","guid":{"rendered":"https:\/\/visitvalsesiavercelli.it\/?page_id=13174"},"modified":"2023-03-29T14:51:33","modified_gmt":"2023-03-29T12:51:33","slug":"parapente","status":"publish","type":"page","link":"https:\/\/visitvalsesiavercelli.it\/fr\/parapente\/","title":{"rendered":"parapente"},"content":{"rendered":"\n<div class=\"wp-block-cover alignfull is-light has-custom-content-position is-position-center-left hero\" style=\"min-height:650px;aspect-ratio:unset;\"><span aria-hidden=\"true\" class=\"wp-block-cover__background has-background-dim-20 has-background-dim\"><\/span><img loading=\"lazy\" decoding=\"async\" width=\"2560\" height=\"1920\" class=\"wp-block-cover__image-background wp-image-5646\" alt=\"\" src=\"https:\/\/visitvalsesiavercelli.it\/wp-content\/uploads\/2022\/11\/20200815_123603-scaled.jpg\" style=\"object-position:37% 75%\" data-object-fit=\"cover\" data-object-position=\"37% 75%\" srcset=\"https:\/\/visitvalsesiavercelli.it\/wp-content\/uploads\/2022\/11\/20200815_123603-scaled.jpg 2560w, https:\/\/visitvalsesiavercelli.it\/wp-content\/uploads\/2022\/11\/20200815_123603-1000x750.jpg 1000w, https:\/\/visitvalsesiavercelli.it\/wp-content\/uploads\/2022\/11\/20200815_123603-1500x1125.jpg 1500w\" sizes=\"auto, (max-width: 2560px) 100vw, 2560px\" \/><div class=\"wp-block-cover__inner-container is-layout-flow wp-block-cover-is-layout-flow\">\n<div class=\"wp-block-group is-layout-flow wp-block-group-is-layout-flow\"><h1 style=\"text-transform:uppercase;\" class=\"wp-block-post-title has-text-color has-bianco-color\">parapente<\/h1>\n\n    <div class=\"etichetta\">\n        <div>\n            Sports d&rsquo;\u00e9t\u00e9        <\/div>\n    <\/div><\/div>\n<\/div><\/div>\n\n\n\n<div class=\"wp-block-group alignfull breadcrumbs is-layout-flow wp-block-group-is-layout-flow\">\n<div class=\"wp-block-group d-flex is-layout-flow wp-block-group-is-layout-flow\">\n<p><a href=\"https:\/\/visitvalsesiavercelli.it\/\" data-type=\"page\" data-id=\"2\">Home<\/a><\/p>\n\n\n\n<p>Vivi<\/p>\n\n\n\n<p>Outdoor e Natura<\/p>\n\n\n\n<p><a href=\"https:\/\/visitvalsesiavercelli.it\/vivi\/outdoor-e-natura\/sport-estivi\/\">Sport estivi<\/a><\/p>\n\n\n<h6 class=\"wp-block-post-title has-text-color has-orange-color\">parapente<\/h6><\/div>\n<\/div>\n\n\n\n<div class=\"wp-block-group alignfull is-layout-flow wp-block-group-is-layout-flow\">\n<div class=\"wp-block-group intro-territori is-layout-constrained wp-container-core-group-is-layout-0151c581 wp-block-group-is-layout-constrained\" style=\"padding-top:70px;padding-bottom:70px;padding-left:70px\">\n<h2 class=\"has-text-align-center has-text-color wp-block-heading\" style=\"color:#2d3429;text-transform:uppercase\">VOLER POUR D\u00c9COUVRIR <mark style=\"background-color:rgba(0, 0, 0, 0)\" class=\"has-inline-color has-giallo-color\">D\u2019INCROYABLES PAYSAGES<\/mark><\/h2>\n\n\n\n<p class=\"has-text-align-center has-text-color has-size-22-font-size\" style=\"color:#36442e;font-style:normal;font-weight:600\">Faites l&rsquo;exp\u00e9rience de la mont\u00e9e d&rsquo;adr\u00e9naline que seul un vol en parapente peut offrir. D\u00e9fiez les courants d&rsquo;air, choisissez votre direction et d\u00e9couvrez la Valsesia sous un angle unique!<strong><br><\/strong><\/p>\n<\/div>\n<\/div>\n\n\n\n<div class=\"wp-block-group alignfull has-bianco-color has-text-color has-background is-layout-flow wp-container-core-group-is-layout-0f7d3807 wp-block-group-is-layout-flow\" style=\"background-color:#3d4d34;padding-top:70px;padding-bottom:70px\">\n<div class=\"wp-block-group is-layout-constrained wp-container-core-group-is-layout-57345300 wp-block-group-is-layout-constrained\">\n<div class=\"wp-block-columns are-vertically-aligned-center gap-mobile is-layout-flex wp-container-core-columns-is-layout-4a048b8d wp-block-columns-is-layout-flex\">\n<div class=\"wp-block-column is-vertically-aligned-center is-layout-flow wp-block-column-is-layout-flow\">\n<h3 class=\"has-giallo-color has-text-color wp-block-heading\" style=\"font-size:26px;text-transform:uppercase\">SILENCE, ADR\u00c9NALINE ET STUP\u00c9FACTION<\/h3>\n\n\n\n<p style=\"font-size:20px\">Vivez l&rsquo;\u00e9motion unique de d\u00e9couvrir du ciel les paysages de la Valsesia. Le <strong><mark style=\"background-color:rgba(0, 0, 0, 0)\" class=\"has-inline-color has-giallo-color\">parapente<\/mark><\/strong> est l&rsquo;une des activit\u00e9s de plein air qui attirent le plus les amateurs d&rsquo;\u00e9motions fortes&nbsp;: seul ou \u00e0 deux, une aile color\u00e9e, un peu de vent et, en un instant, vous vous \u00e9levez dans les airs, en plein ciel. <\/p>\n\n\n\n<p style=\"font-size:20px\">Si vous avez envie de d\u00e9couvrir la Valsesia, ses montagnes majestueuses et ses vues \u00e0 couper le souffle sous un angle in\u00e9dit, le parapente est le sport id\u00e9al. Le <strong><mark style=\"background-color:rgba(0, 0, 0, 0)\" class=\"has-inline-color has-giallo-color\">sentiment de libert\u00e9<\/mark><\/strong> qui accompagne cette <strong><mark style=\"background-color:rgba(0, 0, 0, 0)\" class=\"has-inline-color has-giallo-color\">inoubliable exp\u00e9rience de plein air<\/mark><\/strong> est l&rsquo;un des plus sensationnels que l\u2019on puisse \u00e9prouver. <\/p>\n\n\n\n<p style=\"font-size:20px\">Le parapente provoque toujours une \u00e9motion incroyable. Pr\u00eat pour cette nouvelle aventure ? La Valsesia vous attend !<br><\/p>\n<\/div>\n\n\n\n<div class=\"wp-block-column is-vertically-aligned-center is-layout-flow wp-block-column-is-layout-flow\">\n<figure class=\"wp-block-image size-full is-resized is-style-4-3\"><img loading=\"lazy\" decoding=\"async\" src=\"https:\/\/visitvalsesiavercelli.it\/wp-content\/uploads\/2022\/11\/parapendio2-2.png\" alt=\"\" class=\"wp-image-5051\" width=\"528\" height=\"309\" srcset=\"https:\/\/visitvalsesiavercelli.it\/wp-content\/uploads\/2022\/11\/parapendio2-2.png 1087w, https:\/\/visitvalsesiavercelli.it\/wp-content\/uploads\/2022\/11\/parapendio2-2-1000x586.png 1000w\" sizes=\"auto, (max-width: 528px) 100vw, 528px\" \/><figcaption class=\"wp-element-caption\"><strong><mark style=\"background-color:rgba(0, 0, 0, 0)\" class=\"has-inline-color has-giallo-color\">Survoler les sommets de Valsesia<\/mark><\/strong><\/figcaption><\/figure>\n<\/div>\n<\/div>\n<\/div>\n\n\n\n<div class=\"wp-block-group is-layout-constrained wp-container-core-group-is-layout-57345300 wp-block-group-is-layout-constrained\">\n<div class=\"wp-block-columns are-vertically-aligned-center gap-mobile is-layout-flex wp-container-core-columns-is-layout-4a048b8d wp-block-columns-is-layout-flex\">\n<div class=\"wp-block-column is-vertically-aligned-center is-layout-flow wp-block-column-is-layout-flow\">\n<figure class=\"wp-block-image size-full is-style-4-3\"><img loading=\"lazy\" decoding=\"async\" width=\"1024\" height=\"768\" src=\"https:\/\/visitvalsesiavercelli.it\/wp-content\/uploads\/2022\/11\/parapendiovalsesia09_4031495.jpg\" alt=\"\" class=\"wp-image-5037\" srcset=\"https:\/\/visitvalsesiavercelli.it\/wp-content\/uploads\/2022\/11\/parapendiovalsesia09_4031495.jpg 1024w, https:\/\/visitvalsesiavercelli.it\/wp-content\/uploads\/2022\/11\/parapendiovalsesia09_4031495-1000x750.jpg 1000w\" sizes=\"auto, (max-width: 1024px) 100vw, 1024px\" \/><figcaption class=\"wp-element-caption\"><strong><mark style=\"background-color:rgba(0, 0, 0, 0)\" class=\"has-inline-color has-giallo-color\">Ammirare il Monte Rosa da una prospettiva unica<\/mark><\/strong><\/figcaption><\/figure>\n<\/div>\n\n\n\n<div class=\"wp-block-column is-vertically-aligned-center is-style-prima is-layout-flow wp-block-column-is-layout-flow\">\n<div class=\"wp-block-group is-layout-constrained wp-container-core-group-is-layout-57345300 wp-block-group-is-layout-constrained\">\n<h3 class=\"has-giallo-color has-text-color wp-block-heading\" style=\"font-size:26px;text-transform:uppercase\">VOLER EN VALSESIA<\/h3>\n\n\n\n<p style=\"font-size:20px\">Des 1&nbsp;200&nbsp;m\u00e8tres du <strong><mark style=\"background-color:rgba(0, 0, 0, 0)\" class=\"has-inline-color has-giallo-color\">Monte Tovo<\/mark><\/strong> aux 4&nbsp;559&nbsp;m\u00e8tres de la <strong><mark style=\"background-color:rgba(0, 0, 0, 0)\" class=\"has-inline-color has-giallo-color\">pointe Gnifetti<\/mark><\/strong>, sur le mont Rose, les nombreuses propositions de la Valsesia satisferont tous les amateurs. Il peut s&rsquo;agir de vols courts, de vols panoramiques au-dessus de glaciers, de cr\u00eates et de p\u00e2turages, ou de vols d&rsquo;hiver avec skis ou surf aux pieds. Voici quelques propositions int\u00e9ressantes:<\/p>\n\n\n\n<ol class=\"wp-block-list\" type=\"1\">\n<li><strong><mark style=\"background-color:rgba(0, 0, 0, 0)\" class=\"has-inline-color has-giallo-color\">Bocchetta delle Pisse<\/mark><\/strong>&nbsp;: au d\u00e9part d\u2019Alagna, t\u00e9l\u00e9cabine pour Pianalunga puis t\u00e9l\u00e9si\u00e8ge \u00e0 deux places pour Bocchetta delle Pisse. Les conditions de vol sont favorables avec un faible vent du nord&nbsp;; le site d&rsquo;atterrissage est la zone \u00ab\u00a0des mines\u00a0\u00bb, juste \u00e0 c\u00f4t\u00e9 d&rsquo;Alagna.<\/li>\n\n\n\n<li><strong><mark style=\"background-color:rgba(0, 0, 0, 0)\" class=\"has-inline-color has-giallo-color\">Cima Camparient<\/mark><\/strong>, \u00e0 Scopello (<strong>Alpe di Mera<\/strong>). Les conditions de vol sont favorables avec un faible vent du nord&nbsp;; l&rsquo;atterrissage se fait \u00e0 Chioso.<\/li>\n\n\n\n<li><strong><mark style=\"background-color:rgba(0, 0, 0, 0)\" class=\"has-inline-color has-giallo-color\">Monte Tovo<\/mark><\/strong>, \u00e0 Quarona, dans le hameau de Doccio. Les conditions de vol sont favorables avec des vents des quadrants est \u00e0 sud, vol possible avec un l\u00e9ger vent du nord. L&rsquo;atterrissage se fait \u00e0 Doccio, dans la zone de Gabbio.<br><br><\/li>\n<\/ol>\n<\/div>\n<\/div>\n<\/div>\n<\/div>\n\n\n\n<div class=\"wp-block-group is-layout-constrained wp-container-core-group-is-layout-e548ea6f wp-block-group-is-layout-constrained\">\n<div class=\"wp-block-columns gap-mobile is-layout-flex wp-container-core-columns-is-layout-01159bbe wp-block-columns-is-layout-flex\">\n<div class=\"wp-block-column is-layout-flow wp-block-column-is-layout-flow\">\n<h3 class=\"has-giallo-color has-text-color wp-block-heading\" style=\"font-size:26px;text-transform:uppercase\">Infos et contacts utiles<\/h3>\n\n\n    <div class=\"info-esperienze\">\n        \n\n<div class=\"wp-block-group info-esperienze-container has-link-color wp-elements-e81d66346c1a49ddb4a4a8b8c2063da8 is-vertical is-layout-flex wp-container-core-group-is-layout-fe9cc265 wp-block-group-is-layout-flex\">\n<h2 class=\"has-text-align-left has-size-22-font-size wp-block-heading\" style=\"text-transform:uppercase\"><strong>Instructeur de parapente en tandem<\/strong>: <mark style=\"background-color:rgba(0, 0, 0, 0)\" class=\"has-inline-color has-bianco-color\"><strong>Enzio Michele<\/strong><\/mark><\/h2>\n\n\n\n<div class=\"wp-block-columns is-layout-flex wp-container-core-columns-is-layout-28f84493 wp-block-columns-is-layout-flex\">\n<div class=\"wp-block-column is-layout-flow wp-block-column-is-layout-flow\">\n<div class=\"wp-block-columns is-layout-flex wp-container-core-columns-is-layout-28f84493 wp-block-columns-is-layout-flex\">\n<div class=\"wp-block-column is-layout-flow wp-block-column-is-layout-flow\">\n<div class=\"wp-block-columns is-layout-flex wp-container-core-columns-is-layout-28f84493 wp-block-columns-is-layout-flex\">\n<div class=\"wp-block-column is-layout-flow wp-block-column-is-layout-flow\">\n<p class=\"has-text-align-left has-icon pin\" style=\"font-size:20px\">Fraz. Bonda, 24 &#8211; 13021 Alagna Valsesia (VC)<\/p>\n\n\n\n<p class=\"has-icon tel\" style=\"font-size:20px\"><a href=\"tel:347 8003228\">347 8003228<\/a><\/p>\n\n\n\n<p class=\"has-icon mail\" style=\"font-size:20px\"><a href=\"mailto:azzor@libero.it\">azzor@libero.it<\/a>    <\/p>\n<\/div>\n<\/div>\n<\/div>\n<\/div>\n<\/div>\n<\/div>\n<\/div>\n\n\n    <\/div><\/div>\n\n\n\n<div class=\"wp-block-column is-layout-flow wp-block-column-is-layout-flow\">\n<h3 class=\"has-giallo-color has-text-color wp-block-heading\" style=\"font-size:26px;text-transform:uppercase\">Infos et contacts utiles<\/h3>\n\n\n    <div class=\"info-esperienze\">\n        \n\n<div class=\"wp-block-group info-esperienze-container has-link-color wp-elements-1c43cd6d8e70b4bba5ce327fedf277c3 is-vertical is-layout-flex wp-container-core-group-is-layout-fe9cc265 wp-block-group-is-layout-flex\">\n<h2 class=\"has-size-22-font-size wp-block-heading\" style=\"text-transform:uppercase\">club de parapente valsesia<\/h2>\n\n\n\n<div class=\"wp-block-columns is-layout-flex wp-container-core-columns-is-layout-28f84493 wp-block-columns-is-layout-flex\">\n<div class=\"wp-block-column is-layout-flow wp-block-column-is-layout-flow\">\n<div class=\"wp-block-columns is-layout-flex wp-container-core-columns-is-layout-28f84493 wp-block-columns-is-layout-flex\">\n<div class=\"wp-block-column is-layout-flow wp-block-column-is-layout-flow\">\n<div class=\"wp-block-columns is-layout-flex wp-container-core-columns-is-layout-28f84493 wp-block-columns-is-layout-flex\">\n<div class=\"wp-block-column is-layout-flow wp-block-column-is-layout-flow\">\n<p class=\"has-text-align-left has-icon pin\" style=\"font-size:20px\">Piazza Libert\u00e0- 13017 Quarona (VC)<\/p>\n\n\n\n<p class=\"has-icon tel\" style=\"font-size:20px\"><a href=\"tel: 347 8003228\">347 8003228<\/a> \/ <a href=\"tel:348 6016288\">348 6016288<\/a><\/p>\n<\/div>\n<\/div>\n<\/div>\n<\/div>\n<\/div>\n<\/div>\n<\/div>\n\n\n    <\/div><\/div>\n<\/div>\n<\/div>\n\n\n\n<p class=\"has-text-align-center has-size-22-font-size\">Si vous \u00eates curieux d&rsquo;essayer ce sport<br>et que vous cherchez un guide<br>d\u00e9couvrez la liste des <a href=\"https:\/\/visitvalsesiavercelli.it\/organizza\/servizi-turistici\/guide-alpine-e-naturalistiche\/\" target=\"_blank\" rel=\"noreferrer noopener\"><mark style=\"background-color:rgba(0, 0, 0, 0)\" class=\"has-inline-color has-giallo-color\"><strong>guides de montagne<\/strong><\/mark><\/a> de la r\u00e9gion !<\/p>\n<\/div>\n\n\n\n<div class=\"wp-block-group intro-3 is-layout-flow wp-container-core-group-is-layout-b298a938 wp-block-group-is-layout-flow\" style=\"padding-top:110px;padding-bottom:70px\">\n<div class=\"wp-block-columns is-layout-flex wp-container-core-columns-is-layout-00723822 wp-block-columns-is-layout-flex\">\n<div class=\"wp-block-column is-over is-layout-flow wp-block-column-is-layout-flow\" style=\"padding-left:80px;flex-basis:290px\">\n<h2 class=\"wp-block-heading\" style=\"line-height:0.90;text-transform:uppercase\">Planifiez votre  <mark style=\"background-color:rgba(0, 0, 0, 0)\" class=\"has-inline-color has-giallo-color\">s\u00e9jour<\/mark><\/h2>\n\n\n\n<p class=\"has-size-22-font-size\" style=\"font-style:normal;font-weight:600\">O\u00f9 manger, o\u00f9 dormir, comment se d\u00e9placer\u00a0: organisez votre voyage en Valsesia et dans le Vercellese!<\/p>\n<\/div>\n\n\n\n<div class=\"wp-block-column is-layout-flow wp-block-column-is-layout-flow\" style=\"padding-left:60px\">    <section class=\"carosello-orizzontale cover-overflow\">\n                        <div class=\"swiper\">\n                    <div class=\"swiper-wrapper\">\n                                                                        <div class=\"swiper-slide\">\n                                <a href=\"https:\/\/visitvalsesiavercelli.it\/fr\/dove-mangiare\/\" class=\"carosello-element\">\n                                    <div class=\"wp-block-image\">\n                                        <img loading=\"lazy\" decoding=\"async\" width=\"340\" height=\"210\" src=\"https:\/\/visitvalsesiavercelli.it\/wp-content\/uploads\/2022\/06\/mangiare-340x210.jpg\" class=\"attachment-regular-thumb size-regular-thumb\" alt=\"\" srcset=\"https:\/\/visitvalsesiavercelli.it\/wp-content\/uploads\/2022\/06\/mangiare-340x210.jpg 340w, https:\/\/visitvalsesiavercelli.it\/wp-content\/uploads\/2022\/06\/mangiare-680x420.jpg 680w\" sizes=\"auto, (max-width: 340px) 100vw, 340px\" \/>                                    <\/div>\n                                    <div class=\"content\">\n                                        <h4>O\u00f9 manger<\/h4>\n                                    <\/div>\n                                                                        <div class=\"wp-block-buttons\">\n                                        <div class=\"wp-block-button is-style-outline\">\n                                            <span class=\"wp-block-button__link\">\n                                                Pr\u00e8parez                                            <\/span>\n                                        <\/div>\n                                    <\/div>\n                                                                    <\/a>\n                            <\/div>\n                                                    <div class=\"swiper-slide\">\n                                <a href=\"https:\/\/visitvalsesiavercelli.it\/fr\/dove-dormire\/\" class=\"carosello-element\">\n                                    <div class=\"wp-block-image\">\n                                        <img loading=\"lazy\" decoding=\"async\" width=\"340\" height=\"210\" src=\"https:\/\/visitvalsesiavercelli.it\/wp-content\/uploads\/2022\/06\/dormire-340x210.jpg\" class=\"attachment-regular-thumb size-regular-thumb\" alt=\"\" srcset=\"https:\/\/visitvalsesiavercelli.it\/wp-content\/uploads\/2022\/06\/dormire-340x210.jpg 340w, https:\/\/visitvalsesiavercelli.it\/wp-content\/uploads\/2022\/06\/dormire-680x420.jpg 680w\" sizes=\"auto, (max-width: 340px) 100vw, 340px\" \/>                                    <\/div>\n                                    <div class=\"content\">\n                                        <h4>O\u00f9 dormir<\/h4>\n                                    <\/div>\n                                                                        <div class=\"wp-block-buttons\">\n                                        <div class=\"wp-block-button is-style-outline\">\n                                            <span class=\"wp-block-button__link\">\n                                                Pr\u00e8parez                                            <\/span>\n                                        <\/div>\n                                    <\/div>\n                                                                    <\/a>\n                            <\/div>\n                                                    <div class=\"swiper-slide\">\n                                <a href=\"https:\/\/visitvalsesiavercelli.it\/fr\/come-arrivare\/\" class=\"carosello-element\">\n                                    <div class=\"wp-block-image\">\n                                        <img loading=\"lazy\" decoding=\"async\" width=\"340\" height=\"210\" src=\"https:\/\/visitvalsesiavercelli.it\/wp-content\/uploads\/2022\/06\/arrivare-340x210.jpg\" class=\"attachment-regular-thumb size-regular-thumb\" alt=\"\" srcset=\"https:\/\/visitvalsesiavercelli.it\/wp-content\/uploads\/2022\/06\/arrivare-340x210.jpg 340w, https:\/\/visitvalsesiavercelli.it\/wp-content\/uploads\/2022\/06\/arrivare-680x420.jpg 680w\" sizes=\"auto, (max-width: 340px) 100vw, 340px\" \/>                                    <\/div>\n                                    <div class=\"content\">\n                                        <h4>Comment venir<\/h4>\n                                    <\/div>\n                                                                        <div class=\"wp-block-buttons\">\n                                        <div class=\"wp-block-button is-style-outline\">\n                                            <span class=\"wp-block-button__link\">\n                                                Pr\u00e8parez                                            <\/span>\n                                        <\/div>\n                                    <\/div>\n                                                                    <\/a>\n                            <\/div>\n                                                    <div class=\"swiper-slide\">\n                                <a href=\"https:\/\/visitvalsesiavercelli.it\/fr\/uffici-turistici\/\" class=\"carosello-element\">\n                                    <div class=\"wp-block-image\">\n                                        <img loading=\"lazy\" decoding=\"async\" width=\"340\" height=\"210\" src=\"https:\/\/visitvalsesiavercelli.it\/wp-content\/uploads\/2022\/10\/Guide-turistiche-340x210.jpg\" class=\"attachment-regular-thumb size-regular-thumb\" alt=\"\" srcset=\"https:\/\/visitvalsesiavercelli.it\/wp-content\/uploads\/2022\/10\/Guide-turistiche-340x210.jpg 340w, https:\/\/visitvalsesiavercelli.it\/wp-content\/uploads\/2022\/10\/Guide-turistiche-680x420.jpg 680w\" sizes=\"auto, (max-width: 340px) 100vw, 340px\" \/>                                    <\/div>\n                                    <div class=\"content\">\n                                        <h4>Offices du tourisme<\/h4>\n                                    <\/div>\n                                                                        <div class=\"wp-block-buttons\">\n                                        <div class=\"wp-block-button is-style-outline\">\n                                            <span class=\"wp-block-button__link\">\n                                                Pr\u00e8parez                                            <\/span>\n                                        <\/div>\n                                    <\/div>\n                                                                    <\/a>\n                            <\/div>\n                                                    <div class=\"swiper-slide\">\n                                <a href=\"https:\/\/visitvalsesiavercelli.it\/fr\/guide-turistiche-e-accompagnatori\/\" class=\"carosello-element\">\n                                    <div class=\"wp-block-image\">\n                                        <img loading=\"lazy\" decoding=\"async\" width=\"340\" height=\"210\" src=\"https:\/\/visitvalsesiavercelli.it\/wp-content\/uploads\/2022\/11\/guida-340x210.jpg\" class=\"attachment-regular-thumb size-regular-thumb\" alt=\"\" srcset=\"https:\/\/visitvalsesiavercelli.it\/wp-content\/uploads\/2022\/11\/guida-340x210.jpg 340w, https:\/\/visitvalsesiavercelli.it\/wp-content\/uploads\/2022\/11\/guida-680x420.jpg 680w\" sizes=\"auto, (max-width: 340px) 100vw, 340px\" \/>                                    <\/div>\n                                    <div class=\"content\">\n                                        <h4>Guides touristiques<\/h4>\n                                    <\/div>\n                                                                        <div class=\"wp-block-buttons\">\n                                        <div class=\"wp-block-button is-style-outline\">\n                                            <span class=\"wp-block-button__link\">\n                                                Pr\u00e8parez                                            <\/span>\n                                        <\/div>\n                                    <\/div>\n                                                                    <\/a>\n                            <\/div>\n                                                    <div class=\"swiper-slide\">\n                                <a href=\"https:\/\/visitvalsesiavercelli.it\/fr\/guide-alpine-e-naturalistiche\/\" class=\"carosello-element\">\n                                    <div class=\"wp-block-image\">\n                                        <img loading=\"lazy\" decoding=\"async\" width=\"340\" height=\"210\" src=\"https:\/\/visitvalsesiavercelli.it\/wp-content\/uploads\/2022\/07\/guide-alpine-340x210.jpg\" class=\"attachment-regular-thumb size-regular-thumb\" alt=\"\" srcset=\"https:\/\/visitvalsesiavercelli.it\/wp-content\/uploads\/2022\/07\/guide-alpine-340x210.jpg 340w, https:\/\/visitvalsesiavercelli.it\/wp-content\/uploads\/2022\/07\/guide-alpine-680x420.jpg 680w\" sizes=\"auto, (max-width: 340px) 100vw, 340px\" \/>                                    <\/div>\n                                    <div class=\"content\">\n                                        <h4>Guides de montagne<\/h4>\n                                    <\/div>\n                                                                        <div class=\"wp-block-buttons\">\n                                        <div class=\"wp-block-button is-style-outline\">\n                                            <span class=\"wp-block-button__link\">\n                                                Pr\u00e8parez                                            <\/span>\n                                        <\/div>\n                                    <\/div>\n                                                                    <\/a>\n                            <\/div>\n                                                                <\/div>\n                    <div class=\"swiper-buttons\">\n                        <div class=\"swiper-button-prev\"><\/div>\n                        <div class=\"swiper-button-next\"><\/div>\n                    <\/div>\n                <\/div>\n            <\/section><\/div>\n<\/div>\n<\/div>\n","protected":false},"excerpt":{"rendered":"<p>Home Vivi Outdoor e Natura Sport estivi VOLER POUR D\u00c9COUVRIR D\u2019INCROYABLES PAYSAGES Faites l&rsquo;exp\u00e9rience de la mont\u00e9e d&rsquo;adr\u00e9naline que seul un vol en parapente peut offrir. D\u00e9fiez les courants d&rsquo;air, choisissez votre direction et d\u00e9couvrez la Valsesia sous un angle unique! SILENCE, ADR\u00c9NALINE ET STUP\u00c9FACTION Vivez l&rsquo;\u00e9motion unique de d\u00e9couvrir du ciel les paysages de&#8230;<\/p>\n","protected":false},"author":6,"featured_media":0,"parent":13172,"menu_order":0,"comment_status":"closed","ping_status":"closed","template":"","meta":{"_acf_changed":false,"footnotes":""},"class_list":["post-13174","page","type-page","status-publish","hentry"],"acf":[],"_links":{"self":[{"href":"https:\/\/visitvalsesiavercelli.it\/fr\/wp-json\/wp\/v2\/pages\/13174","targetHints":{"allow":["GET"]}}],"collection":[{"href":"https:\/\/visitvalsesiavercelli.it\/fr\/wp-json\/wp\/v2\/pages"}],"about":[{"href":"https:\/\/visitvalsesiavercelli.it\/fr\/wp-json\/wp\/v2\/types\/page"}],"author":[{"embeddable":true,"href":"https:\/\/visitvalsesiavercelli.it\/fr\/wp-json\/wp\/v2\/users\/6"}],"replies":[{"embeddable":true,"href":"https:\/\/visitvalsesiavercelli.it\/fr\/wp-json\/wp\/v2\/comments?post=13174"}],"version-history":[{"count":0,"href":"https:\/\/visitvalsesiavercelli.it\/fr\/wp-json\/wp\/v2\/pages\/13174\/revisions"}],"up":[{"embeddable":true,"href":"https:\/\/visitvalsesiavercelli.it\/fr\/wp-json\/wp\/v2\/pages\/13172"}],"wp:attachment":[{"href":"https:\/\/visitvalsesiavercelli.it\/fr\/wp-json\/wp\/v2\/media?parent=13174"}],"curies":[{"name":"wp","href":"https:\/\/api.w.org\/{rel}","templated":true}]}}