{"id":13198,"date":"2022-06-23T10:54:16","date_gmt":"2022-06-23T08:54:16","guid":{"rendered":"https:\/\/visitvalsesiavercelli.it\/?page_id=13198"},"modified":"2023-04-19T12:17:35","modified_gmt":"2023-04-19T10:17:35","slug":"parcs-naturels","status":"publish","type":"page","link":"https:\/\/visitvalsesiavercelli.it\/fr\/parcs-naturels\/","title":{"rendered":"Parcs Naturels"},"content":{"rendered":"\n<div class=\"wp-block-cover alignfull is-light has-custom-content-position is-position-center-left hero\" style=\"min-height:650px;aspect-ratio:unset;\"><span aria-hidden=\"true\" class=\"wp-block-cover__background has-background-dim\"><\/span><img loading=\"lazy\" decoding=\"async\" width=\"2560\" height=\"1700\" class=\"wp-block-cover__image-background wp-image-3705\" alt=\"\" src=\"https:\/\/visitvalsesiavercelli.it\/wp-content\/uploads\/2022\/10\/Alagna-Alpe-Campo-1-scaled.jpg\" style=\"object-position:53% 32%\" data-object-fit=\"cover\" data-object-position=\"53% 32%\" srcset=\"https:\/\/visitvalsesiavercelli.it\/wp-content\/uploads\/2022\/10\/Alagna-Alpe-Campo-1-scaled.jpg 2560w, https:\/\/visitvalsesiavercelli.it\/wp-content\/uploads\/2022\/10\/Alagna-Alpe-Campo-1-1000x664.jpg 1000w, https:\/\/visitvalsesiavercelli.it\/wp-content\/uploads\/2022\/10\/Alagna-Alpe-Campo-1-1500x996.jpg 1500w\" sizes=\"auto, (max-width: 2560px) 100vw, 2560px\" \/><div class=\"wp-block-cover__inner-container is-layout-flow wp-block-cover-is-layout-flow\">\n<div class=\"wp-block-group is-layout-flow wp-block-group-is-layout-flow\">\n<h1 class=\"wp-block-heading has-bianco-color has-text-color\" style=\"text-transform:uppercase\">PARCS NATURELS<\/h1>\n<\/div>\n<\/div><\/div>\n\n\n\n<div class=\"wp-block-group alignfull breadcrumbs is-layout-flow wp-block-group-is-layout-flow\">\n<div class=\"wp-block-group d-flex is-layout-flow wp-block-group-is-layout-flow\">\n<p><a href=\"https:\/\/visitvalsesiavercelli.it\/\" data-type=\"page\" data-id=\"2\">Home<\/a><\/p>\n\n\n\n<p>Vivi<\/p>\n\n\n\n<p>Outdoor e Natura<\/p>\n\n\n<h6 class=\"wp-block-post-title has-text-color has-orange-color\">Parcs Naturels<\/h6><\/div>\n<\/div>\n\n\n\n<div class=\"wp-block-group alignfull is-layout-flow wp-block-group-is-layout-flow\">\n<div class=\"wp-block-group intro-esperienze is-layout-constrained wp-container-core-group-is-layout-02dd29b2 wp-block-group-is-layout-constrained\" style=\"padding-top:70px;padding-bottom:70px\">\n<h2 class=\"wp-block-heading has-text-align-center has-text-color\" style=\"color:#2d3429;text-transform:uppercase\"><mark style=\"background-color:rgba(0, 0, 0, 0)\" class=\"has-inline-color has-grigio-color\"><mark style=\"background-color:rgba(0, 0, 0, 0)\" class=\"has-inline-color has-grigio-color\"><strong>DES<\/strong> <strong>EXP\u00c9RIENCES AUTHENTIQUES AU CONTACT DE <\/strong><\/mark><mark style=\"background-color:rgba(0, 0, 0, 0)\" class=\"has-inline-color has-giallo-color\">la nature<\/mark><\/mark><\/h2>\n\n\n\n<p class=\"has-text-align-center has-text-color has-size-22-font-size\" style=\"color:#36442e;font-style:normal;font-weight:600\">D\u00e9couvrez les Parcs et les R\u00e9serves naturels de la Valsesia et du territoire de Vercelli. D\u00e9couvrez la biodiversit\u00e9, la flore et la faune de ces R\u00e9serves naturelles.<\/p>\n<\/div>\n<\/div>\n\n\n\n<div class=\"wp-block-group alignfull mappa-container has-bianco-color has-verde-scuro-background-color has-text-color has-background is-layout-constrained wp-container-core-group-is-layout-e548ea6f wp-block-group-is-layout-constrained\">\n<div class=\"wp-block-columns is-layout-flex wp-container-core-columns-is-layout-28f84493 wp-block-columns-is-layout-flex\">\n<div class=\"wp-block-column is-layout-flow wp-block-column-is-layout-flow\" style=\"padding-top:45px;padding-left:80px;flex-basis:530px\">\n<h2 class=\"wp-block-heading\" style=\"line-height:0.90;text-transform:uppercase\"><strong>CARTE DES<\/strong><br><mark style=\"background-color:rgba(0, 0, 0, 0)\" class=\"has-inline-color has-giallo-color\">PARCS NATURELS<\/mark><\/h2>\n\n\n\n<div class=\"wp-block-group mappa-names is-layout-flow wp-block-group-is-layout-flow\" style=\"padding-top:55px;padding-left:70px\">\n<div class=\"wp-block-columns are-vertically-aligned-center is-layout-flex wp-container-core-columns-is-layout-cb2b9300 wp-block-columns-is-layout-flex\" style=\"padding-top:5px;padding-bottom:5px\">\n<div class=\"wp-block-column is-vertically-aligned-center is-layout-flow wp-block-column-is-layout-flow\" style=\"flex-basis:60px\">\n<p class=\"has-giallo-color has-text-color\" style=\"font-size:44px\"><strong>01<\/strong><\/p>\n<\/div>\n\n\n\n<div class=\"wp-block-column is-vertically-aligned-center is-layout-flow wp-block-column-is-layout-flow\">\n<p class=\"has-link-color has-size-29-font-size wp-elements-1f6a95d636ffa3a4b56ed449d6cfb91a\"><strong><a href=\"https:\/\/visitvalsesiavercelli.it\/vivi\/outdoor-e-natura\/parchi-naturali\/alta-e-bassa-valsesia\/\">Alta et Bassa Valsesia<\/a><\/strong><\/p>\n<\/div>\n<\/div>\n\n\n\n<div class=\"wp-block-columns are-vertically-aligned-center is-layout-flex wp-container-core-columns-is-layout-cb2b9300 wp-block-columns-is-layout-flex\" style=\"padding-top:5px;padding-bottom:5px\">\n<div class=\"wp-block-column is-vertically-aligned-center is-layout-flow wp-block-column-is-layout-flow\" style=\"flex-basis:60px\">\n<p class=\"has-giallo-color has-text-color\" style=\"font-size:44px\"><strong>02<\/strong><\/p>\n<\/div>\n\n\n\n<div class=\"wp-block-column is-vertically-aligned-center is-layout-flow wp-block-column-is-layout-flow\">\n<p class=\"has-link-color has-size-29-font-size wp-elements-1a46cd01d9e94c4ec1f9cb1d8cf1f4af\"><strong><a href=\"https:\/\/visitvalsesiavercelli.it\/vivi\/outdoor-e-natura\/parchi-naturali\/gattinara-e-baraggia\/\">Gattinara et Baraggia<\/a><\/strong><\/p>\n<\/div>\n<\/div>\n\n\n\n<div class=\"wp-block-columns are-vertically-aligned-center is-layout-flex wp-container-core-columns-is-layout-cb2b9300 wp-block-columns-is-layout-flex\" style=\"padding-top:5px;padding-bottom:5px\">\n<div class=\"wp-block-column is-vertically-aligned-center is-layout-flow wp-block-column-is-layout-flow\" style=\"flex-basis:60px\">\n<p class=\"has-giallo-color has-text-color\" style=\"font-size:44px\"><strong>03<\/strong><\/p>\n<\/div>\n\n\n\n<div class=\"wp-block-column is-vertically-aligned-center is-layout-flow wp-block-column-is-layout-flow\">\n<p class=\"has-link-color has-size-29-font-size wp-elements-7db7108c0048a7ad6fb62deb14450bd5\"><strong><a href=\"https:\/\/visitvalsesiavercelli.it\/vivi\/outdoor-e-natura\/parchi-naturali\/terre-del-riso-vercellese\/\">Vercelli et les Terres \u00e0 riz<\/a><\/strong><\/p>\n<\/div>\n<\/div>\n<\/div>\n<\/div>\n\n\n\n<div class=\"wp-block-column is-layout-flow wp-block-column-is-layout-flow\">    <section class=\"mappa\">\n        <div class=\"mappa-principale mappa-principale-container\">\n            <!-- <a href=\"\" class=\"punto-varallo\"><\/a>\n            <i class=\"icon-puntatore varallo\"><\/i> -->\n            <div class=\"mappa-principale mappa01\"><\/div>\n            <div class=\"mappa-principale mappa02\"><\/div>\n            <div class=\"mappa-principale mappa03\"><\/div>\n            <!-- <a href=\"\" class=\"punto-vercelli\"><\/a>\n            <i class=\"icon-puntatore vercelli\"><\/i> -->\n        <\/div>\n        <a href=\"https:\/\/visitvalsesiavercelli.it\/vivi\/outdoor-e-natura\/parchi-naturali\/alta-e-bassa-valsesia\/\" class=\"punto punto01\" data-mappa=\"mappa01\"><\/a>\n        <a href=\"https:\/\/visitvalsesiavercelli.it\/vivi\/outdoor-e-natura\/parchi-naturali\/gattinara-e-baraggia\/\" class=\"punto punto02\" data-mappa=\"mappa02\"><\/a>\n        <a href=\"https:\/\/visitvalsesiavercelli.it\/vivi\/outdoor-e-natura\/parchi-naturali\/terre-del-riso-vercellese\/\" class=\"punto punto03\" data-mappa=\"mappa03\"><\/a>\n    <\/section><\/div>\n<\/div>\n<\/div>\n","protected":false},"excerpt":{"rendered":"<p>Home Vivi Outdoor e Natura DES EXP\u00c9RIENCES AUTHENTIQUES AU CONTACT DE la nature D\u00e9couvrez les Parcs et les R\u00e9serves naturels de la Valsesia et du territoire de Vercelli. D\u00e9couvrez la biodiversit\u00e9, la flore et la faune de ces R\u00e9serves naturelles. CARTE DESPARCS NATURELS 01 Alta et Bassa Valsesia 02 Gattinara et Baraggia 03 Vercelli et&#8230;<\/p>\n","protected":false},"author":6,"featured_media":0,"parent":0,"menu_order":0,"comment_status":"closed","ping_status":"closed","template":"","meta":{"_acf_changed":false,"footnotes":""},"class_list":["post-13198","page","type-page","status-publish","hentry"],"acf":[],"_links":{"self":[{"href":"https:\/\/visitvalsesiavercelli.it\/fr\/wp-json\/wp\/v2\/pages\/13198","targetHints":{"allow":["GET"]}}],"collection":[{"href":"https:\/\/visitvalsesiavercelli.it\/fr\/wp-json\/wp\/v2\/pages"}],"about":[{"href":"https:\/\/visitvalsesiavercelli.it\/fr\/wp-json\/wp\/v2\/types\/page"}],"author":[{"embeddable":true,"href":"https:\/\/visitvalsesiavercelli.it\/fr\/wp-json\/wp\/v2\/users\/6"}],"replies":[{"embeddable":true,"href":"https:\/\/visitvalsesiavercelli.it\/fr\/wp-json\/wp\/v2\/comments?post=13198"}],"version-history":[{"count":0,"href":"https:\/\/visitvalsesiavercelli.it\/fr\/wp-json\/wp\/v2\/pages\/13198\/revisions"}],"wp:attachment":[{"href":"https:\/\/visitvalsesiavercelli.it\/fr\/wp-json\/wp\/v2\/media?parent=13198"}],"curies":[{"name":"wp","href":"https:\/\/api.w.org\/{rel}","templated":true}]}}