{"id":13429,"date":"2022-11-08T09:37:31","date_gmt":"2022-11-08T08:37:31","guid":{"rendered":"https:\/\/visitvalsesiavercelli.it\/?page_id=13429"},"modified":"2023-03-24T15:39:53","modified_gmt":"2023-03-24T14:39:53","slug":"nelle-terre-del-vino","status":"publish","type":"page","link":"https:\/\/visitvalsesiavercelli.it\/fr\/nelle-terre-del-vino\/","title":{"rendered":"Les terres viticoles"},"content":{"rendered":"\n<div class=\"wp-block-cover alignfull has-custom-content-position is-position-center-left hero\" style=\"min-height:650px;aspect-ratio:unset;\"><span aria-hidden=\"true\" class=\"wp-block-cover__background has-background-dim\"><\/span><img loading=\"lazy\" decoding=\"async\" width=\"2560\" height=\"1707\" class=\"wp-block-cover__image-background wp-image-1541\" alt=\"\" src=\"https:\/\/visitvalsesiavercelli.it\/wp-content\/uploads\/2022\/08\/VIGNE-GATTINARA-scaled.jpg\" style=\"object-position:53% 17%\" data-object-fit=\"cover\" data-object-position=\"53% 17%\" srcset=\"https:\/\/visitvalsesiavercelli.it\/wp-content\/uploads\/2022\/08\/VIGNE-GATTINARA-scaled.jpg 2560w, https:\/\/visitvalsesiavercelli.it\/wp-content\/uploads\/2022\/08\/VIGNE-GATTINARA-1000x667.jpg 1000w, https:\/\/visitvalsesiavercelli.it\/wp-content\/uploads\/2022\/08\/VIGNE-GATTINARA-1500x1000.jpg 1500w\" sizes=\"auto, (max-width: 2560px) 100vw, 2560px\" \/><div class=\"wp-block-cover__inner-container is-layout-flow wp-block-cover-is-layout-flow\">\n<div class=\"wp-block-group is-layout-flow wp-block-group-is-layout-flow\"><h1 style=\"text-transform:uppercase;\" class=\"wp-block-post-title\">Les terres viticoles<\/h1><\/div>\n<\/div><\/div>\n\n\n\n<div class=\"wp-block-group alignfull breadcrumbs is-layout-flow wp-block-group-is-layout-flow\">\n<div class=\"wp-block-group d-flex is-layout-flow wp-block-group-is-layout-flow\">\n<p><a href=\"https:\/\/visitvalsesiavercelli.it\/\" data-type=\"page\" data-id=\"2\">Home<\/a><\/p>\n\n\n\n<p>Scopri<\/p>\n\n\n\n<p>Itinerari<\/p>\n\n\n<h6 class=\"wp-block-post-title has-text-color has-orange-color\">Les terres viticoles<\/h6><\/div>\n<\/div>\n\n\n\n<div class=\"wp-block-group alignfull is-layout-flow wp-block-group-is-layout-flow\">\n<div class=\"wp-block-group intro-esperienze is-layout-constrained wp-container-core-group-is-layout-02dd29b2 wp-block-group-is-layout-constrained\" style=\"padding-top:70px;padding-bottom:70px\">\n<h2 class=\"has-text-align-center has-text-color wp-block-heading\" style=\"color:#2d3429;text-transform:uppercase\">d\u00e9couvrez gattinara et les <br><mark style=\"background-color:rgba(0, 0, 0, 0)\" class=\"has-inline-color has-giallo-color\">terres viticoles<\/mark><\/h2>\n\n\n\n<p class=\"has-text-align-center has-text-color has-size-22-font-size\" style=\"color:#36442e;font-style:normal;font-weight:600\">Curieux d&rsquo;explorer les collines de Gattinara ? En voiture, en moto, \u00e0 pied ou en v\u00e9lo, l&rsquo;important est de se mettre en route ! Vous \u00eates pr\u00eats ?<\/p>\n<\/div>\n<\/div>\n\n\n    <div class=\"wp-block-group alignwide filter-container \">\n        <div class=\"filtri-head is-content-justification-space-between is-nowrap wp-block-group\">\n            <div>\n                \n\n<h3 class=\"has-text-color has-size-29-font-size wp-block-heading\" style=\"color:#2d3429;text-transform:uppercase\">Trouver le meilleur itin\u00e9raire<\/h3>\n\n\n            <\/div>\n            <form class=\"filtri-esperienze\" data-type=\"itinerari\" data-cat=\"384\">\n                                                            <div>\n                            <label class=\"area\" data-default=\"S\u00e9lectionner zone\">S\u00e9lectionner zone<\/label>\n                            <select name=\"area\">\n                                <option value=\"\" selected>Toutes les zones<\/option>\n                                <option value=\"7\">Alta Valsesia<\/option><option value=\"6\">Bassa Valsesia<\/option><option value=\"5\">Gattinara e Baraggia<\/option><option value=\"8\">Vercelli e Terre del Riso<\/option>                            <\/select>\n                        <\/div>\n                                                                                                                                                                                                                                                                                                                                                                                                                                                                                                                                                                        \n                <div>\n                    <input type=\"radio\" id=\"mosaico\" name=\"vista\" value=\"mosaico\" checked><label for=\"mosaico\"><\/label><input type=\"radio\" id=\"elenco\" name=\"vista\" value=\"elenco\" ><label for=\"elenco\"><\/label><input type=\"radio\" id=\"mappa\" name=\"vista\" value=\"mappa\" ><label for=\"mappa\"><\/label>                <\/div>\n                <div><button type=\"submit\" class=\"cerca-filtri\"><i class=\"icon-search\"><\/i><\/button><\/div>\n            <\/form>\n        <\/div>\n    <\/div>\n        <div class=\"pins\" data-pin=\"https:\/\/visitvalsesiavercelli.it\/wp-content\/themes\/atl\/dist\/images\/pin.png\" data-pin-active=\"https:\/\/visitvalsesiavercelli.it\/wp-content\/themes\/atl\/dist\/images\/pin.png\"><\/div>\n    <section class=\"lista-esperienze itinerari\">\n        <div>\n                                                    <div class=\"mosaico\">\n                                                            <a href=\"https:\/\/visitvalsesiavercelli.it\/fr\/scopri\/itinerari\/a-la-decouverte-des-collines-de-gattinara\/\" class=\"carosello-element\">\n                                                        \n                                <div class=\"wp-block-image\">\n                                    <img loading=\"lazy\" decoding=\"async\" width=\"340\" height=\"210\" src=\"https:\/\/visitvalsesiavercelli.it\/wp-content\/uploads\/2022\/08\/Vigneti-Gattinara-340x210.jpg\" class=\"attachment-regular-thumb size-regular-thumb wp-post-image\" alt=\"\" srcset=\"https:\/\/visitvalsesiavercelli.it\/wp-content\/uploads\/2022\/08\/Vigneti-Gattinara-340x210.jpg 340w, https:\/\/visitvalsesiavercelli.it\/wp-content\/uploads\/2022\/08\/Vigneti-Gattinara-680x420.jpg 680w\" sizes=\"auto, (max-width: 340px) 100vw, 340px\" \/>                                <\/div>\n                                <div class=\"content\">\n                                    <h4>\u00e0 la decouverte des collines de Gattinara<\/h4>\n                                <\/div>\n                                <div class=\"wp-block-buttons\">\n                                    <div class=\"wp-block-button is-style-outline\">\n                                        <span class=\"wp-block-button__link\">\n                                        Vivre                                        <\/span>\n                                    <\/div>\n                                <\/div>\n                            <\/a>\n                        <\/div>    \n                         \n                                    <\/div>\n    <\/section>\n                        <div class=\"prev-next-esperienze align\">\n            <div><a href=\"https:\/\/visitvalsesiavercelli.it\/fr\/scopri\/itinerari\/a-la-decouverte-des-collines-de-gattinara\/\" class=\"prev\"><i class=\"icon-arrow-long\"><\/i><i class=\"icon-in-valsesia-fr\"><\/i><\/a><\/div><div><a href=\"https:\/\/visitvalsesiavercelli.it\/fr\/scopri\/itinerari\/a-la-decouverte-des-collines-de-gattinara\/\" class=\"next\"><i class=\"icon-in-valsesia-fr\"><\/i><i class=\"icon-arrow-long\"><\/i><\/a><\/div>        <\/div>\n            \n    \n\n\n<div style=\"height:50px\" aria-hidden=\"true\" class=\"wp-block-spacer\"><\/div>\n","protected":false},"excerpt":{"rendered":"<p>Home Scopri Itinerari d\u00e9couvrez gattinara et les terres viticoles Curieux d&rsquo;explorer les collines de Gattinara ? En voiture, en moto, \u00e0 pied ou en v\u00e9lo, l&rsquo;important est de se mettre en route ! Vous \u00eates pr\u00eats ?<\/p>\n","protected":false},"author":2,"featured_media":0,"parent":0,"menu_order":0,"comment_status":"closed","ping_status":"closed","template":"","meta":{"_acf_changed":false,"footnotes":""},"class_list":["post-13429","page","type-page","status-publish","hentry"],"acf":[],"_links":{"self":[{"href":"https:\/\/visitvalsesiavercelli.it\/fr\/wp-json\/wp\/v2\/pages\/13429","targetHints":{"allow":["GET"]}}],"collection":[{"href":"https:\/\/visitvalsesiavercelli.it\/fr\/wp-json\/wp\/v2\/pages"}],"about":[{"href":"https:\/\/visitvalsesiavercelli.it\/fr\/wp-json\/wp\/v2\/types\/page"}],"author":[{"embeddable":true,"href":"https:\/\/visitvalsesiavercelli.it\/fr\/wp-json\/wp\/v2\/users\/2"}],"replies":[{"embeddable":true,"href":"https:\/\/visitvalsesiavercelli.it\/fr\/wp-json\/wp\/v2\/comments?post=13429"}],"version-history":[{"count":0,"href":"https:\/\/visitvalsesiavercelli.it\/fr\/wp-json\/wp\/v2\/pages\/13429\/revisions"}],"wp:attachment":[{"href":"https:\/\/visitvalsesiavercelli.it\/fr\/wp-json\/wp\/v2\/media?parent=13429"}],"curies":[{"name":"wp","href":"https:\/\/api.w.org\/{rel}","templated":true}]}}